{"id":66,"date":"2022-03-08T12:09:39","date_gmt":"2022-03-08T15:09:39","guid":{"rendered":"https:\/\/sites.uel.br\/pcu\/?page_id=66"},"modified":"2023-10-10T11:40:46","modified_gmt":"2023-10-10T14:40:46","slug":"atendimento-2","status":"publish","type":"page","link":"https:\/\/sites.uel.br\/pcu\/atendimento-2\/","title":{"rendered":"Atendimento \u00e0 comunidade"},"content":{"rendered":"\n<p><strong>A Prefeitura do Campus Universit\u00e1rio:<\/strong><\/p>\n\n\n\n<p>1)&nbsp;Considerando as restri\u00e7\u00f5es impostas com vistas ao enfrentamento da pandemia<\/p>\n\n\n\n<p>&nbsp; &nbsp; do Coronav\u00edrus,&nbsp;de 23 de mar\u00e7o de 2020;<\/p>\n\n\n\n<p>2) Considerando o novo Ato Executivo, n\u00ba 01\/2021 de 05\/01\/2021;<\/p>\n\n\n\n<p><strong>Informa:<\/strong><\/p>\n\n\n\n<p>a)\u00a0A Secretaria atender\u00e1 presencialmente de segunda a sexta das 8h00 \u00e0s 18h00.<\/p>\n\n\n\n<p>Os canais de contato:<\/p>\n\n\n\n<p><strong>Prefeito da PCU:<\/strong> <em>Luiz Cl\u00e1udio Buzeti&nbsp;<\/em><\/p>\n\n\n\n<p><strong>Ramal<\/strong>: 3371-4360<\/p>\n\n\n\n<p><strong>e-mail:\u00a0<\/strong><a href=\"mailto:sepcu@uel.br\">sepcu@uel.br<\/a><\/p>\n\n\n\n<p><strong>Secret\u00e1rio:<\/strong>&nbsp;Rog\u00e9rio Adriano Cardoso<\/p>\n\n\n\n<p><strong>Ramais<\/strong>: 3371-4360, 3371-4540, 3371-4410 e 3371-4730<\/p>\n\n\n\n<hr class=\"wp-block-separator has-text-color has-css-opacity has-background is-style-default\" style=\"background-color:#007530;color:#007530\" \/>\n\n\n\n<p>b)&nbsp;Diretoria de Servi\u00e7os Gerais:<\/p>\n\n\n\n<p><strong>Diretor de Servi\u00e7os Gerais\/DSG: Daniel Souza Oliveira Correa<\/strong><\/p>\n\n\n\n<p><a href=\"mailto:dcorrea@uel.br\" target=\"_blank\" rel=\"noreferrer noopener\">dcorrea@uel.br<\/a><\/p>\n\n\n\n<p>A Diretoria de Servi\u00e7os Gerais permanecer\u00e1 com as atividades de Seguran\u00e7a e<\/p>\n\n\n\n<p>Jardinagem.<\/p>\n\n\n\n<p>As Divis\u00f5es&nbsp; de&nbsp; Zeladoria e Transporte voltar\u00e3o ao atendimento&nbsp; em&nbsp; escala de<\/p>\n\n\n\n<p>revezamento,&nbsp;&nbsp;condi\u00e7\u00e3o que acontecia antes de entrar em vigor o Ato Executivo<\/p>\n\n\n\n<p>46\/2020.<\/p>\n\n\n\n<p><strong>Ramais<\/strong>: 3371-4623 <\/p>\n\n\n\n<p><strong>Secretaria<\/strong>: 3371-4500<\/p>\n\n\n\n<p><strong>e-mail:&nbsp;<\/strong><a href=\"mailto:pcuds@uel.br\">pcuds<\/a>@uel.br<\/p>\n\n\n\n<hr class=\"wp-block-separator has-text-color has-css-opacity has-background is-style-default\" style=\"background-color:#007530;color:#007530\" \/>\n\n\n\n<p><strong>Seguran\u00e7a <\/strong>\u2013 08004004474&nbsp;<\/p>\n\n\n\n<p><strong>email <\/strong>&#8211; <a rel=\"noreferrer noopener\" href=\"mailto:seg@uel.br\" target=\"_blank\">seg<\/a>@uel.br<\/p>\n\n\n\n<hr class=\"wp-block-separator has-text-color has-css-opacity has-background is-style-default\" style=\"background-color:#007530;color:#007530\" \/>\n\n\n\n<p>c)&nbsp;Diretoria de Obras e Manuten\u00e7\u00e3o:<\/p>\n\n\n\n<p><strong>Diretor de Obras e Manuten\u00e7\u00e3o : <\/strong>Rafael Cezar Fujita<\/p>\n\n\n\n<p><strong>Sercret\u00e1rio: <\/strong>Ely Stroppa<\/p>\n\n\n\n<p>De segunda a sexta das 8h00 \u00e0s 18h00 &#8211; Ramal: 3371-4590<\/p>\n\n\n\n<p>Demais hor\u00e1rios: Whatsapp (43) 99126-8630 (Rafael Fujita)<\/p>\n\n\n\n<p>por e mail:&nbsp;<a href=\"http:\/\/rcfujita@uel.br\/pcudom@uel.br\" target=\"_blank\" rel=\"noreferrer noopener\">rcfujita@uel.br\/pcudom@uel.br<\/a><\/p>\n\n\n\n<p>Divis\u00e3o de Manuten\u00e7\u00e3o:<\/p>\n\n\n\n<p>Chefe Divis\u00e3o de manuten\u00e7\u00e3o: Robson 99969-0379<\/p>\n\n\n\n<p>e-mail:&nbsp;<a href=\"mailto:robsonnascimento@uel.br\" target=\"_blank\" rel=\"noreferrer noopener\">robsonnascimento@uel.br<\/a><\/p>\n\n\n\n<hr class=\"wp-block-separator has-text-color has-css-opacity has-background is-style-default\" style=\"background-color:#007530;color:#007530\" \/>\n\n\n\n<p><strong>Setores:<\/strong><\/p>\n\n\n\n<p>Edifica\u00e7\u00f5es: Elizeu 98499-8480 \/ Edinei 98448-2810<\/p>\n\n\n\n<p>Carpintaria: Fernando 98858-0181<\/p>\n\n\n\n<p>Hidr\u00e1ulica: Mauro 99106-2768&nbsp;&nbsp;<\/p>\n\n\n\n<p>Pintura: Dirceu 99992-7920<\/p>\n\n\n\n<p>Divis\u00e3o de Controle de Energia El\u00e9trica:<\/p>\n\n\n\n<p>Chefe Divis\u00e3o: Eng. Marcelo 99975-2869<\/p>\n\n\n\n<p>e-mail:&nbsp;<a href=\"mailto:engmarcelo@uel.br\" target=\"_blank\" rel=\"noreferrer noopener\">engmarcelo@uel.br<\/a><\/p>\n\n\n\n<p>Setor de Eletricidade: Amarildo:99989-6291\/Claudenir: 99997-9097<\/p>\n\n\n\n<p>Divis\u00e3o de Produ\u00e7\u00e3o e Apoio:<\/p>\n\n\n\n<p>Chefe Divis\u00e3o: Carlos: 98487-7511\/ Roberto:99812-6897<\/p>\n\n\n\n<p>e-mail:&nbsp;<a href=\"http:\/\/carlaouel@uel.br\/\" target=\"_blank\" rel=\"noreferrer noopener\">carlaouel@uel.br\/<\/a><\/p>\n\n\n\n<p>Setores:<\/p>\n\n\n\n<p>Comunica\u00e7\u00e3o Visual<\/p>\n\n\n\n<p>Pr\u00e9-Moldados<\/p>\n\n\n\n<hr class=\"wp-block-separator has-text-color has-css-opacity has-background is-style-default\" style=\"background-color:#007530;color:#007530\" \/>\n\n\n\n<p><strong>Servi\u00e7os que permanecer\u00e3o em execu\u00e7\u00e3o:<\/strong><\/p>\n\n\n\n<p>Reforma da Cl\u00ednica 1 da COU\/Centro,&nbsp; para abrigar o&nbsp; departamento de artes&nbsp; da<\/p>\n\n\n\n<p>Casa de Cultura;<\/p>\n\n\n\n<p>Servi\u00e7os&nbsp; necess\u00e1rios para a liga\u00e7\u00e3o&nbsp; do&nbsp; Gerador&nbsp; do&nbsp; Biodigestor&nbsp; &nbsp;&#8211;&nbsp; &nbsp;Projeto de<\/p>\n\n\n\n<p>Efici\u00eancia Energ\u00e9tica;<\/p>\n\n\n\n<p>Demais urg\u00eancias e emerg\u00eancias ou demandas necess\u00e1rias.<\/p>\n\n\n\n<hr class=\"wp-block-separator has-text-color has-css-opacity has-background is-style-default\" style=\"background-color:#007530;color:#007530\" \/>\n\n\n\n<p>d)&nbsp;Diretoria de M\u00f3veis e Equipamentos:&nbsp;<\/p>\n\n\n\n<p><strong>Diretora de M\u00f3veis e Equipamentos: Marli Aparecida da Silva<\/strong><\/p>\n\n\n\n<p><strong>Secret\u00e1ria:<\/strong> <\/p>\n\n\n\n<p>email: pcude@uel.br<\/p>\n\n\n\n<p>Ramal: 3371-4440<\/p>\n","protected":false},"excerpt":{"rendered":"<p>A Prefeitura do Campus Universit\u00e1rio: 1)&nbsp;Considerando as restri\u00e7\u00f5es impostas com vistas ao enfrentamento da pandemia &nbsp; &nbsp; do Coronav\u00edrus,&nbsp;de 23 de mar\u00e7o de 2020; 2) Considerando o novo Ato Executivo, n\u00ba 01\/2021 de 05\/01\/2021; Informa: a)\u00a0A Secretaria atender\u00e1 presencialmente de segunda a sexta das 8h00 \u00e0s 18h00. Os canais de contato: Prefeito da PCU: Luiz [&hellip;]<\/p>\n","protected":false},"author":4,"featured_media":0,"parent":0,"menu_order":0,"comment_status":"closed","ping_status":"closed","template":"","meta":{"footnotes":""},"class_list":["post-66","page","type-page","status-publish","hentry"],"acf":[],"_links":{"self":[{"href":"https:\/\/sites.uel.br\/pcu\/wp-json\/wp\/v2\/pages\/66","targetHints":{"allow":["GET"]}}],"collection":[{"href":"https:\/\/sites.uel.br\/pcu\/wp-json\/wp\/v2\/pages"}],"about":[{"href":"https:\/\/sites.uel.br\/pcu\/wp-json\/wp\/v2\/types\/page"}],"author":[{"embeddable":true,"href":"https:\/\/sites.uel.br\/pcu\/wp-json\/wp\/v2\/users\/4"}],"replies":[{"embeddable":true,"href":"https:\/\/sites.uel.br\/pcu\/wp-json\/wp\/v2\/comments?post=66"}],"version-history":[{"count":10,"href":"https:\/\/sites.uel.br\/pcu\/wp-json\/wp\/v2\/pages\/66\/revisions"}],"predecessor-version":[{"id":390,"href":"https:\/\/sites.uel.br\/pcu\/wp-json\/wp\/v2\/pages\/66\/revisions\/390"}],"wp:attachment":[{"href":"https:\/\/sites.uel.br\/pcu\/wp-json\/wp\/v2\/media?parent=66"}],"curies":[{"name":"wp","href":"https:\/\/api.w.org\/{rel}","templated":true}]}}