{"id":24,"date":"2022-03-08T11:57:17","date_gmt":"2022-03-08T14:57:17","guid":{"rendered":"https:\/\/sites.uel.br\/pcu\/?page_id=24"},"modified":"2022-07-08T10:50:54","modified_gmt":"2022-07-08T13:50:54","slug":"dsg","status":"publish","type":"page","link":"https:\/\/sites.uel.br\/pcu\/dsg\/","title":{"rendered":"Diretoria de Servi\u00e7os Gerais &#8211; DSG"},"content":{"rendered":"\n<p>O Diretor de Servi\u00e7os Gerais da PCU\/UEL \u00e9 o&nbsp;<em>MS.<\/em>&nbsp;<em>Daniel Souza de Oliveira Correa.<\/em> Mestre em Promo\u00e7\u00e3o da Sa\u00fade pelo UNICESUMAR,&nbsp;Especialista em Gest\u00e3o P\u00fablica,&nbsp;Graduado em Administra\u00e7\u00e3o pela Faculdade Estadual de Ci\u00eancias Econ\u00f4micas de Apucarana (2003). Tem experi\u00eancia na \u00e1rea de Sa\u00fade Coletiva, com \u00eanfase em Sa\u00fade e Seguran\u00e7a do Trabalho. Atua\u00e7\u00e3o desde 2006 junto ao SESMT &#8211; Servi\u00e7o de Especializado em Engenharia de Seguran\u00e7a e Medicina do Trabalho da Universidade Estadual de Londrina. Em julho de 2018, designado para fun\u00e7\u00e3o de Diretor de Servi\u00e7os da Prefeitura do Campus da Universidade Estadual de Londrina.&nbsp;<\/p>\n\n\n\n<hr class=\"wp-block-separator has-text-color has-css-opacity has-background is-style-wide\" style=\"background-color:#007530;color:#007530\"\/>\n\n\n\n<p><strong>CONTATO:<\/strong><\/p>\n\n\n\n<p><strong>Diretor:<\/strong> MS. Daniel Souza de Oliveira Correa<\/p>\n\n\n\n<p><strong>Secret\u00e1rios:<\/strong> Avelar Pereira de Souza J\u00fanior e Josiane Lelis Rodrigues<\/p>\n\n\n\n<p><strong>Ramal: <\/strong>4500 <\/p>\n\n\n\n<p><strong>e-mail:<\/strong>\u00a0pcuds@uel.br<\/p>\n\n\n\n<hr class=\"wp-block-separator has-text-color has-css-opacity has-background is-style-wide\" style=\"background-color:#007530;color:#007530\"\/>\n\n\n\n<p><strong>Atribui\u00e7\u00f5es:<\/strong><\/p>\n\n\n\n<p>\u00c0&nbsp;Diretoria de Servi\u00e7os Gerais, respons\u00e1vel pelo planejamento t\u00e9cnico e administra\u00e7\u00e3o dos servi\u00e7os de transporte, seguran\u00e7a, zeladoria e outros servi\u00e7os auxiliares de apoio \u00e0s atividades da Prefeitura do&nbsp;<em>Campus<\/em>&nbsp;Universit\u00e1rio, compete:<\/p>\n\n\n\n<p>I.cuidar da limpeza e conserva\u00e7\u00e3o do&nbsp;<em>campus<\/em>&nbsp;nas \u00e1reas externas dos edif\u00edcios, nas vias, logradouros e jardins;<\/p>\n\n\n\n<p>II.cuidar da limpeza interna e externa dos edif\u00edcios da Reitoria;<\/p>\n\n\n\n<p>III.executar o ajardinamento e tratar da manuten\u00e7\u00e3o das \u00e1reas verdes da Universidade;<\/p>\n\n\n\n<p>IV.efetuar a coleta e disposi\u00e7\u00e3o do lixo;<\/p>\n\n\n\n<p>V.organizar os servi\u00e7os de transporte interno e externo;<\/p>\n\n\n\n<p>VI.programar e executar sistema de manuten\u00e7\u00e3o e abastecimento de ve\u00edculos e m\u00e1quinas;<\/p>\n\n\n\n<p>VII.zelar pela seguran\u00e7a do patrim\u00f4nio da Universidade;<\/p>\n\n\n\n<p>VIII.incumbir-se das medidas de vigil\u00e2ncia e prote\u00e7\u00e3o geral;<\/p>\n\n\n\n<p>IX.fiscalizar e orientar o tr\u00e1fego interno;<\/p>\n\n\n\n<p>X.assessorar o prefeito do&nbsp;<em>campus<\/em>&nbsp;universit\u00e1rio nos assuntos de sua compet\u00eancia;<\/p>\n\n\n\n<p>XI.participar do Conselho Deliberativo da Prefeitura do&nbsp;<em>Campus<\/em>.<\/p>\n","protected":false},"excerpt":{"rendered":"<p>O Diretor de Servi\u00e7os Gerais da PCU\/UEL \u00e9 o&nbsp;MS.&nbsp;Daniel Souza de Oliveira Correa. Mestre em Promo\u00e7\u00e3o da Sa\u00fade pelo UNICESUMAR,&nbsp;Especialista em Gest\u00e3o P\u00fablica,&nbsp;Graduado em Administra\u00e7\u00e3o pela Faculdade Estadual de Ci\u00eancias Econ\u00f4micas de Apucarana (2003). Tem experi\u00eancia na \u00e1rea de Sa\u00fade Coletiva, com \u00eanfase em Sa\u00fade e Seguran\u00e7a do Trabalho. Atua\u00e7\u00e3o desde 2006 junto ao SESMT [&hellip;]<\/p>\n","protected":false},"author":4,"featured_media":0,"parent":0,"menu_order":0,"comment_status":"closed","ping_status":"closed","template":"","meta":{"footnotes":""},"class_list":["post-24","page","type-page","status-publish","hentry"],"acf":[],"_links":{"self":[{"href":"https:\/\/sites.uel.br\/pcu\/wp-json\/wp\/v2\/pages\/24","targetHints":{"allow":["GET"]}}],"collection":[{"href":"https:\/\/sites.uel.br\/pcu\/wp-json\/wp\/v2\/pages"}],"about":[{"href":"https:\/\/sites.uel.br\/pcu\/wp-json\/wp\/v2\/types\/page"}],"author":[{"embeddable":true,"href":"https:\/\/sites.uel.br\/pcu\/wp-json\/wp\/v2\/users\/4"}],"replies":[{"embeddable":true,"href":"https:\/\/sites.uel.br\/pcu\/wp-json\/wp\/v2\/comments?post=24"}],"version-history":[{"count":8,"href":"https:\/\/sites.uel.br\/pcu\/wp-json\/wp\/v2\/pages\/24\/revisions"}],"predecessor-version":[{"id":329,"href":"https:\/\/sites.uel.br\/pcu\/wp-json\/wp\/v2\/pages\/24\/revisions\/329"}],"wp:attachment":[{"href":"https:\/\/sites.uel.br\/pcu\/wp-json\/wp\/v2\/media?parent=24"}],"curies":[{"name":"wp","href":"https:\/\/api.w.org\/{rel}","templated":true}]}}