{"id":23,"date":"2022-03-08T11:57:17","date_gmt":"2022-03-08T14:57:17","guid":{"rendered":"https:\/\/sites.uel.br\/pcu\/?page_id=23"},"modified":"2022-07-08T10:44:34","modified_gmt":"2022-07-08T13:44:34","slug":"dom-2","status":"publish","type":"page","link":"https:\/\/sites.uel.br\/pcu\/dom-2\/","title":{"rendered":"Diretoria de Obras e Manuten\u00e7\u00e3o &#8211; DOM"},"content":{"rendered":"\n<p>O Diretor de Obras de Manuten\u00e7\u00e3o da PCU\/UEL \u00e9 o Engenheiro Civil Rafael Cezar Fujita.<\/p>\n\n\n\n<p>Engenheiro Civil formado pela Universidade Estadual de Londrina, em 2005. \u00c9 detentor de duas especializa\u00e7\u00f5es, a saber: 1) Especialista em Gest\u00e3o P\u00fablica; e 2) Especialista em Gest\u00e3o de Obras P\u00fablicas. Servidor de Carreira do quadro T\u00e9cnico da Institui\u00e7\u00e3o desde 2010. Do ano de 2014 at\u00e9 a presente data \u00e9 o Diretor de Obras e Manuten\u00e7\u00e3o\/PCU\/UEL.<\/p>\n\n\n\n<hr class=\"wp-block-separator has-text-color has-css-opacity has-background is-style-wide\" style=\"background-color:#007530;color:#007530\"\/>\n\n\n\n<p><strong>CONTATO<\/strong>:<\/p>\n\n\n\n<p><strong>Diretor<\/strong>: Engenheiro Civil Rafael Cezar Fujita<\/p>\n\n\n\n<p><strong>Secret\u00e1rio:<\/strong> Ely Stroppa<\/p>\n\n\n\n<p><strong>Ramal<\/strong>: 4590<\/p>\n\n\n\n<p><strong>email:<\/strong> pcudom@uel.br<\/p>\n\n\n\n<hr class=\"wp-block-separator has-text-color has-css-opacity has-background is-style-wide\" style=\"background-color:#007530;color:#007530\"\/>\n\n\n\n<p><strong>Atribui\u00e7\u00f5es:<\/strong><\/p>\n\n\n\n<p>\u00c0 Diretoria de Obras e Manuten\u00e7\u00e3o, respons\u00e1vel pelo planejamento t\u00e9cnico e administra\u00e7\u00e3o do patrim\u00f4nio imobili\u00e1rio da Universidade, compete:<\/p>\n\n\n\n<p>I.planejar, elaborar e coordenar os projetos de arquitetura, engenharia, urbaniza\u00e7\u00e3o e infra-estrutura na \u00e1rea f\u00edsica da Universidade, com base no plano diretor;<\/p>\n\n\n\n<p>II.planejar e elaborar os projetos de reformas, amplia\u00e7\u00e3o e melhoramento de im\u00f3veis;<\/p>\n\n\n\n<p>III.executar servi\u00e7os de levantamento e an\u00e1lise sistem\u00e1tica das condi\u00e7\u00f5es de obsolesc\u00eancia dos edif\u00edcios, instala\u00e7\u00f5es hidr\u00e1ulicas, el\u00e9tricas e outras;<\/p>\n\n\n\n<p>IV.elaborar programas de manuten\u00e7\u00e3o preventiva e corretiva do patrim\u00f4nio imobili\u00e1rio da Universidade, definindo crit\u00e9rios t\u00e9cnicos de manuten\u00e7\u00e3o e elaborando os manuais de normas, procedimentos e rotinas necess\u00e1rios;<\/p>\n\n\n\n<p>V.elaborar a estrat\u00e9gia de implanta\u00e7\u00e3o de programas de manuten\u00e7\u00e3o e reparos no patrim\u00f4nio imobili\u00e1rio da Universidade, visando a otimiza\u00e7\u00e3o de desempenho e recursos;<\/p>\n\n\n\n<p>VI.manter controle e arquivos de todos os trabalhos efetuados;<\/p>\n\n\n\n<p>VII.organizar e manter atualizadas as bases de pre\u00e7os unit\u00e1rios, visando a elabora\u00e7\u00e3o de or\u00e7amentos de obras a serem licitadas ou constru\u00eddas;<\/p>\n\n\n\n<p>VIII.elaborar or\u00e7amentos referentes a projetos de obras, reformas e servi\u00e7os de sua compet\u00eancia;<\/p>\n\n\n\n<p>IX.fiscalizar e controlar as obras contratadas com terceiros;<\/p>\n\n\n\n<p>X.elaborar estudos, pareceres e per\u00edcias t\u00e9cnicas de sua compet\u00eancia;<\/p>\n\n\n\n<p>XI.realizar acompanhamento, supervis\u00e3o e avalia\u00e7\u00e3o t\u00e9cnica de obras;<\/p>\n\n\n\n<p>XII.implantar e manter atualizado um sistema de controle centralizado do patrim\u00f4nio imobili\u00e1rio da Universidade;<\/p>\n\n\n\n<p>XIII.inventariar anualmente o patrim\u00f4nio imobili\u00e1rio da Universidade;<\/p>\n\n\n\n<p>XIV.elaborar desenhos t\u00e9cnicos de arquitetura, urbanismo e engenharia;<\/p>\n\n\n\n<p>XV.executar obras, reformas e servi\u00e7os, quando autorizados;<\/p>\n\n\n\n<p>XVI.executar servi\u00e7os de manuten\u00e7\u00e3o de pr\u00e9dios, de instala\u00e7\u00f5es, redes e outros elementos de infra-estrutura;<\/p>\n\n\n\n<p>XVII.efetuar o registro e controle f\u00edsico e de aplica\u00e7\u00e3o de materiais de constru\u00e7\u00e3o e manuten\u00e7\u00e3o n\u00e3o albergados no almoxarifado geral;<\/p>\n\n\n\n<p>XVIII.assessorar o prefeito do campus universit\u00e1rio nos assuntos de sua compet\u00eancia;<\/p>\n\n\n\n<p>XIX.participar do Conselho Deliberativo da Prefeitura do Campus Universit\u00e1rio.<\/p>\n\n\n\n<hr class=\"wp-block-separator has-text-color has-css-opacity has-background is-style-wide\" style=\"background-color:#007530;color:#007530\"\/>\n\n\n\n<p><strong>OBRAS EM ANDAMENTO<\/strong><\/p>\n","protected":false},"excerpt":{"rendered":"<p>O Diretor de Obras de Manuten\u00e7\u00e3o da PCU\/UEL \u00e9 o Engenheiro Civil Rafael Cezar Fujita. Engenheiro Civil formado pela Universidade Estadual de Londrina, em 2005. \u00c9 detentor de duas especializa\u00e7\u00f5es, a saber: 1) Especialista em Gest\u00e3o P\u00fablica; e 2) Especialista em Gest\u00e3o de Obras P\u00fablicas. Servidor de Carreira do quadro T\u00e9cnico da Institui\u00e7\u00e3o desde 2010. [&hellip;]<\/p>\n","protected":false},"author":4,"featured_media":0,"parent":0,"menu_order":0,"comment_status":"closed","ping_status":"closed","template":"","meta":{"footnotes":""},"class_list":["post-23","page","type-page","status-publish","hentry"],"acf":[],"_links":{"self":[{"href":"https:\/\/sites.uel.br\/pcu\/wp-json\/wp\/v2\/pages\/23","targetHints":{"allow":["GET"]}}],"collection":[{"href":"https:\/\/sites.uel.br\/pcu\/wp-json\/wp\/v2\/pages"}],"about":[{"href":"https:\/\/sites.uel.br\/pcu\/wp-json\/wp\/v2\/types\/page"}],"author":[{"embeddable":true,"href":"https:\/\/sites.uel.br\/pcu\/wp-json\/wp\/v2\/users\/4"}],"replies":[{"embeddable":true,"href":"https:\/\/sites.uel.br\/pcu\/wp-json\/wp\/v2\/comments?post=23"}],"version-history":[{"count":8,"href":"https:\/\/sites.uel.br\/pcu\/wp-json\/wp\/v2\/pages\/23\/revisions"}],"predecessor-version":[{"id":326,"href":"https:\/\/sites.uel.br\/pcu\/wp-json\/wp\/v2\/pages\/23\/revisions\/326"}],"wp:attachment":[{"href":"https:\/\/sites.uel.br\/pcu\/wp-json\/wp\/v2\/media?parent=23"}],"curies":[{"name":"wp","href":"https:\/\/api.w.org\/{rel}","templated":true}]}}