{"id":22,"date":"2022-03-08T11:57:17","date_gmt":"2022-03-08T14:57:17","guid":{"rendered":"https:\/\/sites.uel.br\/pcu\/?page_id=22"},"modified":"2022-03-08T12:09:04","modified_gmt":"2022-03-08T15:09:04","slug":"galeria-de-fotos","status":"publish","type":"page","link":"https:\/\/sites.uel.br\/pcu\/galeria-de-fotos\/","title":{"rendered":"Galeria de Fotos"},"content":{"rendered":"\n<p>A PCU, que n\u00e3o parou de trabalhar nesta pandemia, retornando \u00e0 atividades de lazer e confraterniza\u00e7\u00e3o, com os cuidados recomendados de seguran\u00e7a sanit\u00e1ria. Os participantes t\u00eam que estar devidamente vacinados, h\u00e1 mais de 30 dias com a 2\u00aa dose e, s\u00f3 ficam sem a m\u00e1scara os que est\u00e3o no jogo.&nbsp;<\/p>\n\n\n\n<figure class=\"wp-block-image\"><img decoding=\"async\" src=\"http:\/\/www.uel.br\/pcu\/portal\/pages\/arquivos\/Fotos%20da%20PCU\/pessoal%20futebol.jpeg\" alt=\"\" \/><\/figure>\n\n\n\n<figure class=\"wp-block-image\"><img decoding=\"async\" src=\"http:\/\/www.uel.br\/pcu\/portal\/pages\/arquivos\/Fotos%20da%20PCU\/pessoal%20futebol1.jpeg\" alt=\"\" \/><\/figure>\n\n\n\n<figure class=\"wp-block-image\"><img decoding=\"async\" src=\"http:\/\/www.uel.br\/pcu\/portal\/pages\/arquivos\/Fotos%20da%20PCU\/pessoal%20futebol2.jpeg\" alt=\"\" \/><\/figure>\n\n\n\n<p>Confraterniza\u00e7\u00e3o na hora do almo\u00e7o<\/p>\n\n\n\n<figure class=\"wp-block-image\"><img decoding=\"async\" src=\"http:\/\/www.uel.br\/pcu\/portal\/pages\/arquivos\/Fotos%20da%20PCU\/pessoal%20futebol3.jpeg\" alt=\"\" \/><\/figure>\n","protected":false},"excerpt":{"rendered":"<p>A PCU, que n\u00e3o parou de trabalhar nesta pandemia, retornando \u00e0 atividades de lazer e confraterniza\u00e7\u00e3o, com os cuidados recomendados de seguran\u00e7a sanit\u00e1ria. Os participantes t\u00eam que estar devidamente vacinados, h\u00e1 mais de 30 dias com a 2\u00aa dose e, s\u00f3 ficam sem a m\u00e1scara os que est\u00e3o no jogo.&nbsp; Confraterniza\u00e7\u00e3o na hora do almo\u00e7o<\/p>\n","protected":false},"author":4,"featured_media":0,"parent":0,"menu_order":0,"comment_status":"closed","ping_status":"closed","template":"","meta":{"footnotes":""},"class_list":["post-22","page","type-page","status-publish","hentry"],"acf":[],"_links":{"self":[{"href":"https:\/\/sites.uel.br\/pcu\/wp-json\/wp\/v2\/pages\/22","targetHints":{"allow":["GET"]}}],"collection":[{"href":"https:\/\/sites.uel.br\/pcu\/wp-json\/wp\/v2\/pages"}],"about":[{"href":"https:\/\/sites.uel.br\/pcu\/wp-json\/wp\/v2\/types\/page"}],"author":[{"embeddable":true,"href":"https:\/\/sites.uel.br\/pcu\/wp-json\/wp\/v2\/users\/4"}],"replies":[{"embeddable":true,"href":"https:\/\/sites.uel.br\/pcu\/wp-json\/wp\/v2\/comments?post=22"}],"version-history":[{"count":2,"href":"https:\/\/sites.uel.br\/pcu\/wp-json\/wp\/v2\/pages\/22\/revisions"}],"predecessor-version":[{"id":65,"href":"https:\/\/sites.uel.br\/pcu\/wp-json\/wp\/v2\/pages\/22\/revisions\/65"}],"wp:attachment":[{"href":"https:\/\/sites.uel.br\/pcu\/wp-json\/wp\/v2\/media?parent=22"}],"curies":[{"name":"wp","href":"https:\/\/api.w.org\/{rel}","templated":true}]}}