{"id":21,"date":"2022-03-08T11:57:17","date_gmt":"2022-03-08T14:57:17","guid":{"rendered":"https:\/\/sites.uel.br\/pcu\/?page_id=21"},"modified":"2022-03-08T16:55:51","modified_gmt":"2022-03-08T19:55:51","slug":"aedes-no-campus","status":"publish","type":"page","link":"https:\/\/sites.uel.br\/pcu\/aedes-no-campus\/","title":{"rendered":"Controle do Aedes no Campus"},"content":{"rendered":"\n<p><a href=\"https:\/\/sites.uel.br\/pcu\/wp-content\/uploads\/2022\/03\/Check-list-GT-Aedes-dez-2016.pdf\">Check-list GT&nbsp;<em>Aedes<\/em>&nbsp;<\/a>&#8211; dez-2016&nbsp;&#8211; Campanha 10 minutos de combate ao&nbsp;<em>Aedes<\/em>&nbsp;na UEL<\/p>\n\n\n\n<p><a href=\"https:\/\/sites.uel.br\/pcu\/wp-content\/uploads\/2022\/03\/Mapa-UEL-aedes-aegypt-2021-09-SETEMBRO.png\">Relat\u00f3rio de infesta\u00e7\u00e3o &#8211; setembro-2021<\/a><\/p>\n\n\n\n<p><a href=\"https:\/\/sites.uel.br\/pcu\/wp-content\/uploads\/2022\/03\/Mapa-UEL-aedes-aegypt-2021-10-Outubro.png\">Relat\u00f3rio de infesta\u00e7\u00e3o &#8211; outubro-2021<\/a><\/p>\n\n\n\n<p><a href=\"https:\/\/sites.uel.br\/pcu\/wp-content\/uploads\/2022\/03\/Mapa-UEL-aedes-aegypt-2021-11-Novembro.png\">Relat\u00f3rio de infesta\u00e7\u00e3o &#8211; novembro-2021<\/a><\/p>\n\n\n\n<p><a href=\"https:\/\/sites.uel.br\/pcu\/wp-content\/uploads\/2022\/03\/Mapa-UEL-aedes-aegypt-2021-12-Dezembro.png\">Relat\u00f3rio de infesta\u00e7\u00e3o &#8211; dezembro-2021<\/a><\/p>\n\n\n\n<p><a href=\"https:\/\/sites.uel.br\/pcu\/wp-content\/uploads\/2022\/03\/Mapa-UEL-aedes-aegipt-2022-01-JANEIRO.png\">Relat\u00f3rio de infesta\u00e7\u00e3o &#8211; janeiro-2022<\/a><\/p>\n","protected":false},"excerpt":{"rendered":"<p>Check-list GT&nbsp;Aedes&nbsp;&#8211; dez-2016&nbsp;&#8211; Campanha 10 minutos de combate ao&nbsp;Aedes&nbsp;na UEL Relat\u00f3rio de infesta\u00e7\u00e3o &#8211; setembro-2021 Relat\u00f3rio de infesta\u00e7\u00e3o &#8211; outubro-2021 Relat\u00f3rio de infesta\u00e7\u00e3o &#8211; novembro-2021 Relat\u00f3rio de infesta\u00e7\u00e3o &#8211; dezembro-2021 Relat\u00f3rio de infesta\u00e7\u00e3o &#8211; janeiro-2022<\/p>\n","protected":false},"author":4,"featured_media":0,"parent":0,"menu_order":0,"comment_status":"closed","ping_status":"closed","template":"","meta":{"footnotes":""},"class_list":["post-21","page","type-page","status-publish","hentry"],"acf":[],"_links":{"self":[{"href":"https:\/\/sites.uel.br\/pcu\/wp-json\/wp\/v2\/pages\/21","targetHints":{"allow":["GET"]}}],"collection":[{"href":"https:\/\/sites.uel.br\/pcu\/wp-json\/wp\/v2\/pages"}],"about":[{"href":"https:\/\/sites.uel.br\/pcu\/wp-json\/wp\/v2\/types\/page"}],"author":[{"embeddable":true,"href":"https:\/\/sites.uel.br\/pcu\/wp-json\/wp\/v2\/users\/4"}],"replies":[{"embeddable":true,"href":"https:\/\/sites.uel.br\/pcu\/wp-json\/wp\/v2\/comments?post=21"}],"version-history":[{"count":5,"href":"https:\/\/sites.uel.br\/pcu\/wp-json\/wp\/v2\/pages\/21\/revisions"}],"predecessor-version":[{"id":245,"href":"https:\/\/sites.uel.br\/pcu\/wp-json\/wp\/v2\/pages\/21\/revisions\/245"}],"wp:attachment":[{"href":"https:\/\/sites.uel.br\/pcu\/wp-json\/wp\/v2\/media?parent=21"}],"curies":[{"name":"wp","href":"https:\/\/api.w.org\/{rel}","templated":true}]}}