{"id":17,"date":"2022-03-08T11:57:17","date_gmt":"2022-03-08T14:57:17","guid":{"rendered":"https:\/\/sites.uel.br\/pcu\/?page_id=17"},"modified":"2022-03-08T16:44:35","modified_gmt":"2022-03-08T19:44:35","slug":"atos-normativos","status":"publish","type":"page","link":"https:\/\/sites.uel.br\/pcu\/atos-normativos\/","title":{"rendered":"Atos Normativos"},"content":{"rendered":"\n<p class=\"has-text-align-center\"><strong><a href=\"https:\/\/sites.uel.br\/pcu\/resolucoes\/\">Resolu\u00e7\u00f5es<\/a><\/strong><\/p>\n\n\n\n<p class=\"has-text-align-center\"><strong><a href=\"https:\/\/sites.uel.br\/pcu\/atos-executivos\/\">Atos Executivos<\/a><\/strong><\/p>\n\n\n\n<p class=\"has-text-align-center\"><strong><a href=\"https:\/\/sites.uel.br\/pcu\/instrucoes-de-servicos\/\">Instru\u00e7\u00f5es de Servi\u00e7o<\/a><\/strong><\/p>\n\n\n\n<p class=\"has-text-align-center\"><strong><a href=\"https:\/\/sites.uel.br\/pcu\/oficios-circulares\/\">Of\u00edcios Circulares<\/a><\/strong><\/p>\n\n\n\n<p class=\"has-text-align-center\"><strong><a href=\"https:\/\/sites.uel.br\/pcu\/ordem-de-servico\/\">Ordens de Servi\u00e7o<\/a><\/strong><\/p>\n\n\n\n<p class=\"has-text-align-center\"><strong><a href=\"https:\/\/sites.uel.br\/pcu\/portarias\/\">Portarias<\/a><\/strong><\/p>\n\n\n\n<p class=\"has-text-align-center\"><strong><a href=\"https:\/\/sites.uel.br\/pcu\/orientacao-aai\/\">Orienta\u00e7\u00e3o AAI<\/a><\/strong><\/p>\n\n\n\n<p class=\"has-text-align-center\"><strong><a href=\"https:\/\/sites.uel.br\/pcu\/termo-de-colaboracao\/\">Termos de Colabora\u00e7\u00e3o<\/a><\/strong><\/p>\n","protected":false},"excerpt":{"rendered":"<p>Resolu\u00e7\u00f5es Atos Executivos Instru\u00e7\u00f5es de Servi\u00e7o Of\u00edcios Circulares Ordens de Servi\u00e7o Portarias Orienta\u00e7\u00e3o AAI Termos de Colabora\u00e7\u00e3o<\/p>\n","protected":false},"author":4,"featured_media":0,"parent":0,"menu_order":0,"comment_status":"closed","ping_status":"closed","template":"","meta":{"footnotes":""},"class_list":["post-17","page","type-page","status-publish","hentry"],"acf":[],"_links":{"self":[{"href":"https:\/\/sites.uel.br\/pcu\/wp-json\/wp\/v2\/pages\/17","targetHints":{"allow":["GET"]}}],"collection":[{"href":"https:\/\/sites.uel.br\/pcu\/wp-json\/wp\/v2\/pages"}],"about":[{"href":"https:\/\/sites.uel.br\/pcu\/wp-json\/wp\/v2\/types\/page"}],"author":[{"embeddable":true,"href":"https:\/\/sites.uel.br\/pcu\/wp-json\/wp\/v2\/users\/4"}],"replies":[{"embeddable":true,"href":"https:\/\/sites.uel.br\/pcu\/wp-json\/wp\/v2\/comments?post=17"}],"version-history":[{"count":9,"href":"https:\/\/sites.uel.br\/pcu\/wp-json\/wp\/v2\/pages\/17\/revisions"}],"predecessor-version":[{"id":332,"href":"https:\/\/sites.uel.br\/pcu\/wp-json\/wp\/v2\/pages\/17\/revisions\/332"}],"wp:attachment":[{"href":"https:\/\/sites.uel.br\/pcu\/wp-json\/wp\/v2\/media?parent=17"}],"curies":[{"name":"wp","href":"https:\/\/api.w.org\/{rel}","templated":true}]}}