{"id":150,"date":"2022-03-08T16:04:48","date_gmt":"2022-03-08T19:04:48","guid":{"rendered":"https:\/\/sites.uel.br\/pcu\/?page_id=150"},"modified":"2022-03-08T16:47:14","modified_gmt":"2022-03-08T19:47:14","slug":"termo-de-colaboracao","status":"publish","type":"page","link":"https:\/\/sites.uel.br\/pcu\/termo-de-colaboracao\/","title":{"rendered":"Termo de Colabora\u00e7\u00e3o"},"content":{"rendered":"\n<p><a href=\"https:\/\/sites.uel.br\/pcu\/wp-content\/uploads\/2022\/03\/Termo-de-Colaboracao-01-2017.pdf\">01\/2017<\/a>\u00a0&#8211; Estabelece colabora\u00e7\u00e3o com o CTU para avalia\u00e7\u00e3o funcional do estado de conserva\u00e7\u00e3o da superf\u00edcie do pavimento asf\u00e1ltico das vias do Campus Universit\u00e1rio<\/p>\n","protected":false},"excerpt":{"rendered":"<p>01\/2017\u00a0&#8211; Estabelece colabora\u00e7\u00e3o com o CTU para avalia\u00e7\u00e3o funcional do estado de conserva\u00e7\u00e3o da superf\u00edcie do pavimento asf\u00e1ltico das vias do Campus Universit\u00e1rio<\/p>\n","protected":false},"author":4,"featured_media":0,"parent":0,"menu_order":0,"comment_status":"closed","ping_status":"closed","template":"","meta":{"footnotes":""},"class_list":["post-150","page","type-page","status-publish","hentry"],"acf":[],"_links":{"self":[{"href":"https:\/\/sites.uel.br\/pcu\/wp-json\/wp\/v2\/pages\/150","targetHints":{"allow":["GET"]}}],"collection":[{"href":"https:\/\/sites.uel.br\/pcu\/wp-json\/wp\/v2\/pages"}],"about":[{"href":"https:\/\/sites.uel.br\/pcu\/wp-json\/wp\/v2\/types\/page"}],"author":[{"embeddable":true,"href":"https:\/\/sites.uel.br\/pcu\/wp-json\/wp\/v2\/users\/4"}],"replies":[{"embeddable":true,"href":"https:\/\/sites.uel.br\/pcu\/wp-json\/wp\/v2\/comments?post=150"}],"version-history":[{"count":2,"href":"https:\/\/sites.uel.br\/pcu\/wp-json\/wp\/v2\/pages\/150\/revisions"}],"predecessor-version":[{"id":233,"href":"https:\/\/sites.uel.br\/pcu\/wp-json\/wp\/v2\/pages\/150\/revisions\/233"}],"wp:attachment":[{"href":"https:\/\/sites.uel.br\/pcu\/wp-json\/wp\/v2\/media?parent=150"}],"curies":[{"name":"wp","href":"https:\/\/api.w.org\/{rel}","templated":true}]}}