{"id":15,"date":"2022-03-08T11:57:17","date_gmt":"2022-03-08T14:57:17","guid":{"rendered":"https:\/\/sites.uel.br\/pcu\/?page_id=15"},"modified":"2022-03-08T12:28:40","modified_gmt":"2022-03-08T15:28:40","slug":"diretorias","status":"publish","type":"page","link":"https:\/\/sites.uel.br\/pcu\/diretorias\/","title":{"rendered":"Diretorias"},"content":{"rendered":"\n<p><\/p>\n\n\n\n<p><strong><a href=\"https:\/\/sites.uel.br\/pcu\/diretoria-de-obras-e-manutencao-dom\/\">DIRETORIA DE OBRAS E MANUTEN\u00c7\u00c3O &#8211; DOM<\/a><\/strong><\/p>\n\n\n\n<p><strong><a href=\"https:\/\/sites.uel.br\/pcu\/diretoria-de-moveis-e-equipamentos-dme\/\">DIRETORIA DE M\u00d3VEIS E EQUIPAMENTOS &#8211; DME<\/a><\/strong><\/p>\n\n\n\n<p><strong><a href=\"https:\/\/sites.uel.br\/pcu\/diretoria-de-servicos-gerais-dsg\/\">DIRETORIA DE SERVI\u00c7OS GERAIS &#8211; DSG<\/a><\/strong><\/p>\n","protected":false},"excerpt":{"rendered":"<p>DIRETORIA DE OBRAS E MANUTEN\u00c7\u00c3O &#8211; DOM DIRETORIA DE M\u00d3VEIS E EQUIPAMENTOS &#8211; DME DIRETORIA DE SERVI\u00c7OS GERAIS &#8211; DSG<\/p>\n","protected":false},"author":4,"featured_media":0,"parent":0,"menu_order":0,"comment_status":"closed","ping_status":"closed","template":"","meta":{"footnotes":""},"class_list":["post-15","page","type-page","status-publish","hentry"],"acf":[],"_links":{"self":[{"href":"https:\/\/sites.uel.br\/pcu\/wp-json\/wp\/v2\/pages\/15","targetHints":{"allow":["GET"]}}],"collection":[{"href":"https:\/\/sites.uel.br\/pcu\/wp-json\/wp\/v2\/pages"}],"about":[{"href":"https:\/\/sites.uel.br\/pcu\/wp-json\/wp\/v2\/types\/page"}],"author":[{"embeddable":true,"href":"https:\/\/sites.uel.br\/pcu\/wp-json\/wp\/v2\/users\/4"}],"replies":[{"embeddable":true,"href":"https:\/\/sites.uel.br\/pcu\/wp-json\/wp\/v2\/comments?post=15"}],"version-history":[{"count":3,"href":"https:\/\/sites.uel.br\/pcu\/wp-json\/wp\/v2\/pages\/15\/revisions"}],"predecessor-version":[{"id":80,"href":"https:\/\/sites.uel.br\/pcu\/wp-json\/wp\/v2\/pages\/15\/revisions\/80"}],"wp:attachment":[{"href":"https:\/\/sites.uel.br\/pcu\/wp-json\/wp\/v2\/media?parent=15"}],"curies":[{"name":"wp","href":"https:\/\/api.w.org\/{rel}","templated":true}]}}