{"id":144,"date":"2022-03-08T16:03:01","date_gmt":"2022-03-08T19:03:01","guid":{"rendered":"https:\/\/sites.uel.br\/pcu\/?page_id=144"},"modified":"2025-10-17T09:56:22","modified_gmt":"2025-10-17T12:56:22","slug":"ordem-de-servico","status":"publish","type":"page","link":"https:\/\/sites.uel.br\/pcu\/ordem-de-servico\/","title":{"rendered":"Ordem de servi\u00e7o"},"content":{"rendered":"\n<p><a href=\"https:\/\/sites.uel.br\/pcu\/wp-content\/uploads\/2022\/03\/Ordem-de-Servico-002-1993-Conserto-Equipamento-sem-cadastro.pdf\">002\/1993<\/a>&nbsp;&#8211; Conserto Equipamento sem cadastro<\/p>\n\n\n\n<p><a href=\"https:\/\/sites.uel.br\/pcu\/wp-content\/uploads\/2022\/03\/Ordem-de-Servico-001-2006-Jogos-de-azar.pdf\">001\/2006&nbsp;<\/a>&#8211; Jogos de azar<\/p>\n\n\n\n<p><em><a href=\"https:\/\/sites.uel.br\/pcu\/wp-content\/uploads\/2025\/10\/Ordem-de-Servico-2010-001-Suspende-a-confeccao-de-novos-mobiliarios.pdf\">001\/2010<\/a>\u00a0&#8211; Suspende a confec\u00e7\u00e3o de novos mobili\u00e1rios<\/em><\/p>\n\n\n\n<p><a href=\"https:\/\/sites.uel.br\/pcu\/wp-content\/uploads\/2022\/03\/Ordem-de-Servico-001-2011-Procedimentos-de-seguranca-no-Colegio-de-Aplicacao.pdf\">001\/2011<\/a>&nbsp;&#8211; Procedimentos de seguran\u00e7a no Col\u00e9gio de Aplica\u00e7\u00e3o<\/p>\n\n\n\n<p><a href=\"https:\/\/sites.uel.br\/pcu\/wp-content\/uploads\/2022\/03\/Ordem-de-Servico-001-2012-Uso-de-uniformes.pdf\">001\/2012<\/a>&nbsp;&#8211; Uso de uniformes<\/p>\n\n\n\n<p><a href=\"https:\/\/sites.uel.br\/pcu\/wp-content\/uploads\/2022\/03\/Ordem-de-Servico-002-2013-Utilizacao-dos-veiculos-Ford-Courier.pdf\">002\/2013<\/a>&nbsp;&#8211; Utiliza\u00e7\u00e3o dos ve\u00edculos Ford Courier<\/p>\n\n\n\n<p><a href=\"https:\/\/sites.uel.br\/pcu\/wp-content\/uploads\/2022\/03\/Ordem-de-Servico-001-2014-Uso-de-celulares-e-eletronicos.pdf\">001\/2014&nbsp;<\/a>&#8211; Uso de celulares e eletr\u00f4nicos<\/p>\n\n\n\n<p><a href=\"https:\/\/sites.uel.br\/pcu\/wp-content\/uploads\/2022\/03\/Ordem-de-Servico-001-2016-Folha-ponto-RTT.pdf\">001\/2016<\/a>&nbsp;&#8211; Folha ponto RTT<\/p>\n\n\n\n<p><a href=\"https:\/\/sites.uel.br\/pcu\/wp-content\/uploads\/2022\/03\/Ordem-de-Servico-002-2016-Limite-de-horas-extras.pdf\">002\/2016<\/a>&nbsp;&#8211; Limite de horas extras<\/p>\n\n\n\n<p><a href=\"https:\/\/sites.uel.br\/pcu\/wp-content\/uploads\/2022\/03\/Ordem-de-Servico-003-2016-Suspensao-Servico-Divisoria-UEL.pdf\">003\/2016<\/a>&nbsp;&#8211; Suspens\u00e3o servi\u00e7o divis\u00f3ria UEL<\/p>\n\n\n\n<p><a href=\"https:\/\/sites.uel.br\/pcu\/wp-content\/uploads\/2022\/03\/Ordem-de-Servico-004-2016-Suspensao-Servico-Sonorizacao.pdf\">004\/2016<\/a>&nbsp;&#8211; Suspens\u00e3o servi\u00e7o sonoriza\u00e7\u00e3o<\/p>\n\n\n\n<p><a href=\"https:\/\/sites.uel.br\/pcu\/wp-content\/uploads\/2022\/03\/Ordem-de-Servico-005-2016-Suspensao-Servico-Telefonistas.pdf\">005\/2016<\/a>&nbsp;&#8211; Suspens\u00e3o servi\u00e7o telefonistas<\/p>\n\n\n\n<p><a href=\"https:\/\/sites.uel.br\/pcu\/wp-content\/uploads\/2022\/03\/Ordem-de-Servico-001-2018-Suspensao-novos-pontos-de-rede-logica.pdf\">001\/2018&nbsp;<\/a>&#8211; Suspens\u00e3o novos pontos de rede l\u00f3gica<\/p>\n","protected":false},"excerpt":{"rendered":"<p>002\/1993&nbsp;&#8211; Conserto Equipamento sem cadastro 001\/2006&nbsp;&#8211; Jogos de azar 001\/2010\u00a0&#8211; Suspende a confec\u00e7\u00e3o de novos mobili\u00e1rios 001\/2011&nbsp;&#8211; Procedimentos de seguran\u00e7a no Col\u00e9gio de Aplica\u00e7\u00e3o 001\/2012&nbsp;&#8211; Uso de uniformes 002\/2013&nbsp;&#8211; Utiliza\u00e7\u00e3o dos ve\u00edculos Ford Courier 001\/2014&nbsp;&#8211; Uso de celulares e eletr\u00f4nicos 001\/2016&nbsp;&#8211; Folha ponto RTT 002\/2016&nbsp;&#8211; Limite de horas extras 003\/2016&nbsp;&#8211; Suspens\u00e3o servi\u00e7o divis\u00f3ria UEL 004\/2016&nbsp;&#8211; [&hellip;]<\/p>\n","protected":false},"author":4,"featured_media":0,"parent":0,"menu_order":0,"comment_status":"closed","ping_status":"closed","template":"","meta":{"footnotes":""},"class_list":["post-144","page","type-page","status-publish","hentry"],"acf":[],"_links":{"self":[{"href":"https:\/\/sites.uel.br\/pcu\/wp-json\/wp\/v2\/pages\/144","targetHints":{"allow":["GET"]}}],"collection":[{"href":"https:\/\/sites.uel.br\/pcu\/wp-json\/wp\/v2\/pages"}],"about":[{"href":"https:\/\/sites.uel.br\/pcu\/wp-json\/wp\/v2\/types\/page"}],"author":[{"embeddable":true,"href":"https:\/\/sites.uel.br\/pcu\/wp-json\/wp\/v2\/users\/4"}],"replies":[{"embeddable":true,"href":"https:\/\/sites.uel.br\/pcu\/wp-json\/wp\/v2\/comments?post=144"}],"version-history":[{"count":3,"href":"https:\/\/sites.uel.br\/pcu\/wp-json\/wp\/v2\/pages\/144\/revisions"}],"predecessor-version":[{"id":401,"href":"https:\/\/sites.uel.br\/pcu\/wp-json\/wp\/v2\/pages\/144\/revisions\/401"}],"wp:attachment":[{"href":"https:\/\/sites.uel.br\/pcu\/wp-json\/wp\/v2\/media?parent=144"}],"curies":[{"name":"wp","href":"https:\/\/api.w.org\/{rel}","templated":true}]}}