{"id":142,"date":"2022-03-08T16:02:09","date_gmt":"2022-03-08T19:02:09","guid":{"rendered":"https:\/\/sites.uel.br\/pcu\/?page_id=142"},"modified":"2022-03-08T16:46:06","modified_gmt":"2022-03-08T19:46:06","slug":"oficios-circulares","status":"publish","type":"page","link":"https:\/\/sites.uel.br\/pcu\/oficios-circulares\/","title":{"rendered":"Of\u00edcios circulares"},"content":{"rendered":"\n<p><a href=\"https:\/\/sites.uel.br\/pcu\/wp-content\/uploads\/2022\/03\/OF.CIRC_.-001-2010-Impl.-Sist.-Solicitacao-Servico-Sicor.pdf\">001\/2010\u00a0<\/a>&#8211; Impl. Sist. Solicita\u00e7\u00f5es de Servi\u00e7o &#8211; SICOR<\/p>\n\n\n\n<p><a href=\"https:\/\/sites.uel.br\/pcu\/wp-content\/uploads\/2022\/03\/OF.CIRC_.-005-2010-Inf.-Div.-Seguranca-sobre-Eventos.pdf\">005\/2010<\/a>\u00a0&#8211; Inf. Div. Seguran\u00e7a sobre eventos<\/p>\n\n\n\n<p><a href=\"https:\/\/sites.uel.br\/pcu\/wp-content\/uploads\/2022\/03\/OF.CIRC_.-001-2011-PLACAS-DE-SINALIZACAO-PARA-EVENTOS.pdf\">001\/2011<\/a>\u00a0&#8211; Placas de sinaliza\u00e7\u00e3o para eventos<\/p>\n\n\n\n<p><a href=\"https:\/\/sites.uel.br\/pcu\/wp-content\/uploads\/2022\/03\/OF.CIRC_.-001-2014-Informa-sobre-as-cotas-para-solicitar-servicos.pdf\">001\/2014<\/a>\u00a0&#8211; Informa sobre as cotas para solicitar servi\u00e7os<\/p>\n","protected":false},"excerpt":{"rendered":"<p>001\/2010\u00a0&#8211; Impl. Sist. Solicita\u00e7\u00f5es de Servi\u00e7o &#8211; SICOR 005\/2010\u00a0&#8211; Inf. Div. Seguran\u00e7a sobre eventos 001\/2011\u00a0&#8211; Placas de sinaliza\u00e7\u00e3o para eventos 001\/2014\u00a0&#8211; Informa sobre as cotas para solicitar servi\u00e7os<\/p>\n","protected":false},"author":4,"featured_media":0,"parent":0,"menu_order":0,"comment_status":"closed","ping_status":"closed","template":"","meta":{"footnotes":""},"class_list":["post-142","page","type-page","status-publish","hentry"],"acf":[],"_links":{"self":[{"href":"https:\/\/sites.uel.br\/pcu\/wp-json\/wp\/v2\/pages\/142","targetHints":{"allow":["GET"]}}],"collection":[{"href":"https:\/\/sites.uel.br\/pcu\/wp-json\/wp\/v2\/pages"}],"about":[{"href":"https:\/\/sites.uel.br\/pcu\/wp-json\/wp\/v2\/types\/page"}],"author":[{"embeddable":true,"href":"https:\/\/sites.uel.br\/pcu\/wp-json\/wp\/v2\/users\/4"}],"replies":[{"embeddable":true,"href":"https:\/\/sites.uel.br\/pcu\/wp-json\/wp\/v2\/comments?post=142"}],"version-history":[{"count":3,"href":"https:\/\/sites.uel.br\/pcu\/wp-json\/wp\/v2\/pages\/142\/revisions"}],"predecessor-version":[{"id":231,"href":"https:\/\/sites.uel.br\/pcu\/wp-json\/wp\/v2\/pages\/142\/revisions\/231"}],"wp:attachment":[{"href":"https:\/\/sites.uel.br\/pcu\/wp-json\/wp\/v2\/media?parent=142"}],"curies":[{"name":"wp","href":"https:\/\/api.w.org\/{rel}","templated":true}]}}