{"id":14,"date":"2022-03-08T11:57:17","date_gmt":"2022-03-08T14:57:17","guid":{"rendered":"https:\/\/sites.uel.br\/pcu\/?page_id=14"},"modified":"2023-10-31T17:22:42","modified_gmt":"2023-10-31T20:22:42","slug":"secretaria-executiva","status":"publish","type":"page","link":"https:\/\/sites.uel.br\/pcu\/secretaria-executiva\/","title":{"rendered":"Secretaria Executiva"},"content":{"rendered":"\n<p><strong>Secret\u00e1rio<\/strong>: Rog\u00e9rio Adriano Cardoso<\/p>\n\n\n\n<p><strong>Ramais para contato: <\/strong>4360, 4540, 4410 e 4730<\/p>\n\n\n\n<p><strong>e-mail: <\/strong>sepcu@uel.br<\/p>\n\n\n\n<hr class=\"wp-block-separator has-text-color has-css-opacity has-background is-style-wide\" style=\"background-color:#007530;color:#007530\" \/>\n\n\n\n<p><strong>Atribui\u00e7\u00f5es:<\/strong><\/p>\n\n\n\n<p>\u00c0 Secretaria Executiva, repons\u00e1vel pela coordena\u00e7\u00e3o dos servi\u00e7os da administra\u00e7\u00e3o geral da Prefeitura do Campus Universit\u00e1rio, compete:<\/p>\n\n\n\n<p>I. efetuar todos os servi\u00e7os de secretaria referentes \u00e0 Prefeitura do Campus, tais como:<\/p>\n\n\n\n<p>a) recep\u00e7\u00e3o e atendimento ao p\u00fablico; <\/p>\n\n\n\n<p>b) supervis\u00e3o dos servi\u00e7os burocr\u00e1ticos internos da PCU; <\/p>\n\n\n\n<p>c) coordena\u00e7\u00e3o das atividades da PCU relacionadas com: recursos humanos, almoxarifado de material de consumo, protocolo, comunica\u00e7\u00f5es, arquivos e dos servi\u00e7os de secretaria para atendimento ao Conselho Deliberativo e ao Gabinete do Prefeito;<\/p>\n\n\n\n<p>II. receber e tramitar para suas Diretorias as Solicita\u00e7\u00f5es de Servi\u00e7os enviadas dos outros \u00d3rg\u00e3os da UEL, bem como, acompanhar sua execu\u00e7\u00e3o e informar aos solicitantes quando necess\u00e1rio;<\/p>\n\n\n\n<p>III. coordenar e supervisionar os trabalhos dos demais servidores T\u00e9cnicos administrativos da PCU;<\/p>\n\n\n\n<p>IV. executar juntamente com suas Diretorias, o controle or\u00e7ament\u00e1rio da PCU;<\/p>\n\n\n\n<p>V. desempenhar outras tarefas compat\u00edveis com as suas atribui\u00e7\u00f5es determinadas pelo prefeito.<\/p>\n","protected":false},"excerpt":{"rendered":"<p>Secret\u00e1rio: Rog\u00e9rio Adriano Cardoso Ramais para contato: 4360, 4540, 4410 e 4730 e-mail: sepcu@uel.br Atribui\u00e7\u00f5es: \u00c0 Secretaria Executiva, repons\u00e1vel pela coordena\u00e7\u00e3o dos servi\u00e7os da administra\u00e7\u00e3o geral da Prefeitura do Campus Universit\u00e1rio, compete: I. efetuar todos os servi\u00e7os de secretaria referentes \u00e0 Prefeitura do Campus, tais como: a) recep\u00e7\u00e3o e atendimento ao p\u00fablico; b) supervis\u00e3o dos [&hellip;]<\/p>\n","protected":false},"author":4,"featured_media":0,"parent":0,"menu_order":0,"comment_status":"closed","ping_status":"closed","template":"","meta":{"footnotes":""},"class_list":["post-14","page","type-page","status-publish","hentry"],"acf":[],"_links":{"self":[{"href":"https:\/\/sites.uel.br\/pcu\/wp-json\/wp\/v2\/pages\/14","targetHints":{"allow":["GET"]}}],"collection":[{"href":"https:\/\/sites.uel.br\/pcu\/wp-json\/wp\/v2\/pages"}],"about":[{"href":"https:\/\/sites.uel.br\/pcu\/wp-json\/wp\/v2\/types\/page"}],"author":[{"embeddable":true,"href":"https:\/\/sites.uel.br\/pcu\/wp-json\/wp\/v2\/users\/4"}],"replies":[{"embeddable":true,"href":"https:\/\/sites.uel.br\/pcu\/wp-json\/wp\/v2\/comments?post=14"}],"version-history":[{"count":8,"href":"https:\/\/sites.uel.br\/pcu\/wp-json\/wp\/v2\/pages\/14\/revisions"}],"predecessor-version":[{"id":393,"href":"https:\/\/sites.uel.br\/pcu\/wp-json\/wp\/v2\/pages\/14\/revisions\/393"}],"wp:attachment":[{"href":"https:\/\/sites.uel.br\/pcu\/wp-json\/wp\/v2\/media?parent=14"}],"curies":[{"name":"wp","href":"https:\/\/api.w.org\/{rel}","templated":true}]}}