{"id":138,"date":"2022-03-08T16:00:56","date_gmt":"2022-03-08T19:00:56","guid":{"rendered":"https:\/\/sites.uel.br\/pcu\/?page_id=138"},"modified":"2026-03-17T14:49:20","modified_gmt":"2026-03-17T17:49:20","slug":"atos-executivos","status":"publish","type":"page","link":"https:\/\/sites.uel.br\/pcu\/atos-executivos\/","title":{"rendered":"Atos executivos"},"content":{"rendered":"\n<p><a href=\"https:\/\/sites.uel.br\/pcu\/wp-content\/uploads\/2026\/03\/Ato-Executivo-1999-005-Proibe-bebida-alcoolica-e-substancias-que-ocasionem-dependencia-fisica-ou-psiquica-no-Campus.pdf\">005\/1999<\/a>\u00a0&#8211; Consumo de Bebidas\u00a0<\/p>\n\n\n\n<p><a href=\"https:\/\/sites.uel.br\/pcu\/wp-content\/uploads\/2022\/03\/ATO-EXECUTIVO-130-2008-Novos-Ramais.pdf\">130\/2008<\/a>&nbsp;&#8211; Novos Ramais<\/p>\n\n\n\n<p><a href=\"https:\/\/sites.uel.br\/pcu\/wp-content\/uploads\/2022\/03\/ATO-EXECUTIVO-194-2010-Novas-Obras-e-Reformas.pdf\">194\/2010&nbsp;<\/a>&#8211; Novas Obras e Reformas<\/p>\n\n\n\n<p><a href=\"https:\/\/sites.uel.br\/pcu\/wp-content\/uploads\/2022\/03\/ATO-EXECUTIVO-112-2014-Eleicoes-Publicas.pdf\">112\/2014<\/a>&nbsp;&#8211; Elei\u00e7\u00f5es P\u00fablicas<\/p>\n\n\n\n<p><a href=\"https:\/\/sites.uel.br\/pcu\/wp-content\/uploads\/2022\/03\/Ato-Executivo-2017-059-Estabelece-acoes-para-maior-eficiencia-no-uso-dos-recursos-financeiros-com-gasto-de-energia-eletrica-e-manutencao-em-equipamentos-condicionadores-de-ar.pdf\">059\/2017<\/a>&nbsp;&#8211; Estabelece a\u00e7\u00f5es para maior efici\u00eancia no uso dos recursos financeiros com gasto de energia el\u00e9trica e manuten\u00e7\u00e3o em equipamentos condicionadores de ar<\/p>\n\n\n\n<p><a href=\"https:\/\/sites.uel.br\/pcu\/wp-content\/uploads\/2022\/03\/Ato-Executivo-2017-060-Estabelece-acoes-para-maior-eficiencia-no-uso-de-agua-potavel-e-energia-eletrica-em-equipamentos-destiladores-de-agua-instalados-no-Campus-Universitatio.pdf\">060\/2017<\/a>&nbsp;&#8211; Estabelece a\u00e7\u00f5es para maior efici\u00eancia no uso de \u00e1gua pot\u00e1vel e energia el\u00e9trica em equipamentos destiladores de \u00e1gua instalados no Campus Universit\u00e1rio<\/p>\n\n\n\n<p><a href=\"https:\/\/sites.uel.br\/pcu\/wp-content\/uploads\/2022\/03\/Ato-Executivo-2017-061-Estabelece-acoes-para-maior-eficiencia-no-uso-dos-recursos-financeiros-com-gasto-de-energia-eletrica-e-manutencao-em-iluminacao-de-ambientes.pdf\">061\/2017<\/a>&nbsp;&#8211; Estabelece a\u00e7\u00f5es para maior efici\u00eancia no uso dos recursos financeiros com gasto de energia el\u00e9trica e manuten\u00e7\u00e3o em ilumina\u00e7\u00e3o ambiente<\/p>\n\n\n\n<p><a href=\"https:\/\/sites.uel.br\/pcu\/wp-content\/uploads\/2022\/03\/Ato-Executivo-2017-062-Estabelece-acoes-para-maior-eficiencia-no-uso-de-agua-potavel-nas-Unidades-Administrativas-localizadas-no-Campus-Universitario.pdf\">062\/2017<\/a>&nbsp;&#8211; Estabelece a\u00e7\u00f5es para maior efici\u00eancia no uso de \u00e1gua pot\u00e1vel nas Unidades Administrativas localizadas no Campus Universit\u00e1rio<\/p>\n\n\n\n<p><a href=\"https:\/\/sites.uel.br\/pcu\/wp-content\/uploads\/2022\/03\/Ato-Executivo-2017-063-Estabelece-acoes-para-maior-eficiencia-no-uso-de-energia-eletrica-nas-Unidades-Administrativas-localizadas-no-Campus-Universitario.pdf\">063\/2017<\/a>&nbsp;&#8211; Estabelece a\u00e7\u00f5es para maior efici\u00eancia no uso de energia el\u00e9trica nas Unidades Administrativas localizadas no Campus Universit\u00e1rio<\/p>\n\n\n\n<p><em><a href=\"https:\/\/sites.uel.br\/pcu\/wp-content\/uploads\/2022\/09\/Ato-Executivo-2017-064-Estabelece-acoes-para-maior-eficiencia-no-servico-de-Seguranca-Institucional.pdf\">064\/2017<\/a>&nbsp;&#8211; Estabelece a\u00e7\u00f5es para maior efici\u00eancia no servi\u00e7o de Seguran\u00e7a Institucional<\/em><\/p>\n\n\n\n<p><a href=\"https:\/\/sites.uel.br\/pcu\/wp-content\/uploads\/2022\/03\/Ato-Executivo-2017-065-Estabelece-acoes-para-maior-eficiencia-na-comunicacao-entre-as-unidades-administrativas-e-com-a-comunidade-externa.pdf\">065\/2017<\/a>&nbsp;&#8211; Estabelece a\u00e7\u00f5es para maior efici\u00eancia na comunica\u00e7\u00e3o entre as unidades administrativas e com a comunidade externa<\/p>\n\n\n\n<p><a href=\"https:\/\/sites.uel.br\/pcu\/wp-content\/uploads\/2022\/03\/Ato-Executivo-2017-116-Transferencia-de-Setores-internos-da-PCU.pdf\">116\/2017<\/a>&nbsp;&#8211; Transfer\u00eancia de Setores internos da PCU<\/p>\n\n\n\n<p><a href=\"https:\/\/sites.uel.br\/pcu\/wp-content\/uploads\/2022\/03\/Ato-Executivo-2017-117-Transfere-Setor-de-Zeladoria-da-PCU-para-o-Gabinete-da-Reitoria.pdf\">117\/2017<\/a>&nbsp;&#8211; Transfere o Setor de Zeladoria da PCU para o Gabinete da Reitoria<\/p>\n\n\n\n<p><a href=\"https:\/\/sites.uel.br\/pcu\/wp-content\/uploads\/2022\/03\/Ato-Executivo-2018-001-Estabelece-normas-para-aquisicao-instalacao-e-substituicao-de-equipamentos-condicionadores-de-ambiente.pdf\">001\/2018<\/a>&nbsp;&#8211; Estabelece normas para aquisi\u00e7\u00e3o, instala\u00e7\u00e3o e substitui\u00e7\u00e3o de equipamentos condicionadores de ambiente<\/p>\n","protected":false},"excerpt":{"rendered":"<p>005\/1999\u00a0&#8211; Consumo de Bebidas\u00a0 130\/2008&nbsp;&#8211; Novos Ramais 194\/2010&nbsp;&#8211; Novas Obras e Reformas 112\/2014&nbsp;&#8211; Elei\u00e7\u00f5es P\u00fablicas 059\/2017&nbsp;&#8211; Estabelece a\u00e7\u00f5es para maior efici\u00eancia no uso dos recursos financeiros com gasto de energia el\u00e9trica e manuten\u00e7\u00e3o em equipamentos condicionadores de ar 060\/2017&nbsp;&#8211; Estabelece a\u00e7\u00f5es para maior efici\u00eancia no uso de \u00e1gua pot\u00e1vel e energia el\u00e9trica em equipamentos destiladores [&hellip;]<\/p>\n","protected":false},"author":4,"featured_media":0,"parent":0,"menu_order":0,"comment_status":"closed","ping_status":"closed","template":"","meta":{"footnotes":""},"class_list":["post-138","page","type-page","status-publish","hentry"],"acf":[],"_links":{"self":[{"href":"https:\/\/sites.uel.br\/pcu\/wp-json\/wp\/v2\/pages\/138","targetHints":{"allow":["GET"]}}],"collection":[{"href":"https:\/\/sites.uel.br\/pcu\/wp-json\/wp\/v2\/pages"}],"about":[{"href":"https:\/\/sites.uel.br\/pcu\/wp-json\/wp\/v2\/types\/page"}],"author":[{"embeddable":true,"href":"https:\/\/sites.uel.br\/pcu\/wp-json\/wp\/v2\/users\/4"}],"replies":[{"embeddable":true,"href":"https:\/\/sites.uel.br\/pcu\/wp-json\/wp\/v2\/comments?post=138"}],"version-history":[{"count":6,"href":"https:\/\/sites.uel.br\/pcu\/wp-json\/wp\/v2\/pages\/138\/revisions"}],"predecessor-version":[{"id":406,"href":"https:\/\/sites.uel.br\/pcu\/wp-json\/wp\/v2\/pages\/138\/revisions\/406"}],"wp:attachment":[{"href":"https:\/\/sites.uel.br\/pcu\/wp-json\/wp\/v2\/media?parent=138"}],"curies":[{"name":"wp","href":"https:\/\/api.w.org\/{rel}","templated":true}]}}