{"id":136,"date":"2022-03-08T16:00:01","date_gmt":"2022-03-08T19:00:01","guid":{"rendered":"https:\/\/sites.uel.br\/pcu\/?page_id=136"},"modified":"2022-03-08T16:28:00","modified_gmt":"2022-03-08T19:28:00","slug":"resolucoes","status":"publish","type":"page","link":"https:\/\/sites.uel.br\/pcu\/resolucoes\/","title":{"rendered":"Resolu\u00e7\u00f5es"},"content":{"rendered":"\n<p><a href=\"https:\/\/sites.uel.br\/pcu\/wp-content\/uploads\/2022\/03\/Resolucao-2292-1993-Regulamenta-atividades-de-comercio-em-areas-da-universidade.pdf\">2292\/1993\u00a0<\/a>&#8211; Regulamenta atividades de com\u00e9rcio em \u00e1reas da universidade<\/p>\n\n\n\n<p><a href=\"https:\/\/sites.uel.br\/pcu\/wp-content\/uploads\/2022\/03\/Resolucao-3035-1996-Regulamenta-a-divulgacao-de-eventos-na-universidade.pdf\">3035\/1996\u00a0<\/a>&#8211; Regulamenta a divulga\u00e7\u00e3o de eventos na universidade<\/p>\n\n\n\n<p><a href=\"https:\/\/sites.uel.br\/pcu\/wp-content\/uploads\/2022\/03\/Resolucao-110-2000-Comercializacao-de-generos-alimenticios.pdf\">110\/2000\u00a0<\/a>&#8211; Comercializa\u00e7\u00e3o de g\u00eaneros aliment\u00edcios<\/p>\n\n\n\n<p><a href=\"https:\/\/sites.uel.br\/pcu\/wp-content\/uploads\/2022\/03\/Resolucao-102-2011-Obras-novas-reformas-e-adequacoes.pdf\">102\/2011<\/a>\u00a0&#8211; Obras novas, reformas e adequa\u00e7\u00f5es<\/p>\n\n\n\n<p><a href=\"https:\/\/sites.uel.br\/pcu\/wp-content\/uploads\/2022\/03\/Resolucao-162-2011-Administracao-Predial.pdf\">162\/2011<\/a>\u00a0&#8211; Administra\u00e7\u00e3o predial<\/p>\n\n\n\n<p><a href=\"https:\/\/sites.uel.br\/pcu\/wp-content\/uploads\/2022\/03\/Resolucao-086-2012-Transporte-para-viagens-locais-regionais-e-internacionais.pdf\">086\/2012\u00a0<\/a>&#8211; Transporte para viagens locais, regionais e internacionais<\/p>\n\n\n\n<p><a href=\"https:\/\/sites.uel.br\/pcu\/wp-content\/uploads\/2022\/03\/Resolucao-087-2012-Transporte-para-viagens-curriculares.pdf\">087\/2012<\/a>\u00a0&#8211; Transporte para viagens curriculares<\/p>\n\n\n\n<p><a href=\"https:\/\/sites.uel.br\/pcu\/wp-content\/uploads\/2022\/03\/Resolucao-101-2012-Obrigatoriedade-da-coleta-seletiva.pdf\">101\/2012\u00a0<\/a>&#8211; Obrigatoriedade da coleta seletiva<\/p>\n\n\n\n<p><a href=\"https:\/\/sites.uel.br\/pcu\/wp-content\/uploads\/2022\/03\/Resolucao-129-2012-Uso-de-espaco-publico-da-UEL.pdf\">129\/2012<\/a>\u00a0&#8211; Uso de espa\u00e7o p\u00fablico da UEL<\/p>\n\n\n\n<p><a href=\"https:\/\/sites.uel.br\/pcu\/wp-content\/uploads\/2022\/03\/Resolucao-007-2015-Imagens-do-sistema-de-monitoramento.pdf\">007\/2015\u00a0<\/a>&#8211; Imagens do sistema de monitoramento<\/p>\n\n\n\n<p><a href=\"https:\/\/sites.uel.br\/pcu\/wp-content\/uploads\/2022\/03\/Resolucao-53-2015-Contratacao-de-seguro-de-vida-e-de-acidentes-pessoais.pdf\">053\/2015<\/a>\u00a0&#8211; Contrata\u00e7\u00e3o de seguro de vida e de acidentes pessoais<\/p>\n\n\n\n<p><a href=\"https:\/\/sites.uel.br\/pcu\/wp-content\/uploads\/2022\/03\/Resolucao-086-2015-Utilizacao-de-bens-moveis-pela-comunidade-externa.pdf\">086\/2015<\/a>\u00a0&#8211; Utiliza\u00e7\u00e3o de bens m\u00f3veis pela comunidade externa<\/p>\n\n\n\n<p><a href=\"https:\/\/sites.uel.br\/pcu\/wp-content\/uploads\/2022\/03\/Resolucao-004-2017-Sistematiza-a-distribuicao-de-recursos-para-estabelecer-o-Orcamento-Basico-de-Manutencao.pdf\">004\/2017<\/a>\u00a0&#8211; Sistematiza a distribui\u00e7\u00e3o de recursos para estabelecer o Or\u00e7amento B\u00e1sico de Manuten\u00e7\u00e3o<\/p>\n","protected":false},"excerpt":{"rendered":"<p>2292\/1993\u00a0&#8211; Regulamenta atividades de com\u00e9rcio em \u00e1reas da universidade 3035\/1996\u00a0&#8211; Regulamenta a divulga\u00e7\u00e3o de eventos na universidade 110\/2000\u00a0&#8211; Comercializa\u00e7\u00e3o de g\u00eaneros aliment\u00edcios 102\/2011\u00a0&#8211; Obras novas, reformas e adequa\u00e7\u00f5es 162\/2011\u00a0&#8211; Administra\u00e7\u00e3o predial 086\/2012\u00a0&#8211; Transporte para viagens locais, regionais e internacionais 087\/2012\u00a0&#8211; Transporte para viagens curriculares 101\/2012\u00a0&#8211; Obrigatoriedade da coleta seletiva 129\/2012\u00a0&#8211; Uso de espa\u00e7o p\u00fablico da [&hellip;]<\/p>\n","protected":false},"author":4,"featured_media":0,"parent":0,"menu_order":0,"comment_status":"closed","ping_status":"closed","template":"","meta":{"footnotes":""},"class_list":["post-136","page","type-page","status-publish","hentry"],"acf":[],"_links":{"self":[{"href":"https:\/\/sites.uel.br\/pcu\/wp-json\/wp\/v2\/pages\/136","targetHints":{"allow":["GET"]}}],"collection":[{"href":"https:\/\/sites.uel.br\/pcu\/wp-json\/wp\/v2\/pages"}],"about":[{"href":"https:\/\/sites.uel.br\/pcu\/wp-json\/wp\/v2\/types\/page"}],"author":[{"embeddable":true,"href":"https:\/\/sites.uel.br\/pcu\/wp-json\/wp\/v2\/users\/4"}],"replies":[{"embeddable":true,"href":"https:\/\/sites.uel.br\/pcu\/wp-json\/wp\/v2\/comments?post=136"}],"version-history":[{"count":3,"href":"https:\/\/sites.uel.br\/pcu\/wp-json\/wp\/v2\/pages\/136\/revisions"}],"predecessor-version":[{"id":198,"href":"https:\/\/sites.uel.br\/pcu\/wp-json\/wp\/v2\/pages\/136\/revisions\/198"}],"wp:attachment":[{"href":"https:\/\/sites.uel.br\/pcu\/wp-json\/wp\/v2\/media?parent=136"}],"curies":[{"name":"wp","href":"https:\/\/api.w.org\/{rel}","templated":true}]}}