{"id":13,"date":"2022-03-08T11:57:17","date_gmt":"2022-03-08T14:57:17","guid":{"rendered":"https:\/\/sites.uel.br\/pcu\/?page_id=13"},"modified":"2025-03-28T10:45:13","modified_gmt":"2025-03-28T13:45:13","slug":"conselho-diretor","status":"publish","type":"page","link":"https:\/\/sites.uel.br\/pcu\/conselho-diretor\/","title":{"rendered":"Conselho Diretor"},"content":{"rendered":"\n<p><strong>O Conselho Diretor da Prefeitura do Campus Universit\u00e1rio ter\u00e1 a seguinte composi\u00e7\u00e3o e compet\u00eancia:<\/strong><\/p>\n\n\n\n<p>I &#8211; composi\u00e7\u00e3o:<\/p>\n\n\n\n<p>a) Prefeito do Campus Universit\u00e1rio, Presidente;<\/p>\n\n\n\n<p>b) Diretores da Prefeitura do Campus Universit\u00e1rio;<\/p>\n\n\n\n<p>c) dois docentes indicados pelo Conselho de Administra\u00e7\u00e3o dentre os seus membros;<\/p>\n\n\n\n<p>d) um representante dos servidores t\u00e9cnico-administrativos do \u00f3rg\u00e3o, eleito dentre os pares;<\/p>\n\n\n\n<p>e) um representante da Pro-Reitoria de Planejamento-PROPLAN.<\/p>\n\n\n\n<p>II &#8211; compet\u00eancia:<\/p>\n\n\n\n<p>a) elaborar a proposta do regimento interno da PCU;<\/p>\n\n\n\n<p>b) exercer a orienta\u00e7\u00e3o administrativa sobre a PCU;<\/p>\n\n\n\n<p>c) definir normas setoriais para elabora\u00e7\u00e3o da proposta or\u00e7ament\u00e1ria da PCU;<\/p>\n\n\n\n<p>d) estabelecer mecanismos de aplica\u00e7\u00e3o dos recursos da unidade, bem como o acompanhamento da execu\u00e7\u00e3o de seu or\u00e7amento;<\/p>\n\n\n\n<p>e) deliberar sobre normas e procedimentos internos de ordem geral;<\/p>\n\n\n\n<p>f) aprovar os relat\u00f3rios de presta\u00e7\u00e3o de contas e atividades do \u00f3rg\u00e3o;<\/p>\n\n\n\n<p>g) emitir parecer sobre os contratos de loca\u00e7\u00f5es e utiliza\u00e7\u00e3o de \u00e1reas pertencentes ao Campus, por terceiros, para presta\u00e7\u00e3o de servi\u00e7os.<\/p>\n\n\n\n<hr class=\"wp-block-separator has-text-color has-css-opacity has-background is-style-wide\" style=\"background-color:#007530;color:#007530\" \/>\n\n\n\n<p><strong>Membros:<\/strong><\/p>\n\n\n\n<p>Luiz Cl\u00e1udio Buzeti &#8211; Prefeito do Campus Universit\u00e1rio<\/p>\n\n\n\n<p>Eng\u00b0 Civil Rafael Cezar Fujita &#8211; Diretor de Obras e Manuten\u00e7\u00e3o \/ DOM<\/p>\n\n\n\n<p>Daniel Souza de Oliveira Correa &#8211; Diretor de Servi\u00e7os Gerais \/ DSG<\/p>\n\n\n\n<p>Marli Aparecida da Silva &#8211; Diretora de M\u00f3veis e Equipamentos \/ DME<\/p>\n\n\n\n<p>Prof. Dr. Edmilson Lenard\u00e3o &#8211; CECA<\/p>\n\n\n\n<p>Profa. Dra. Laura Taddei Brandini &#8211; CLCH<\/p>\n\n\n\n<p>Prof. Dr. Aron Lopes Petrucci &#8211; PROPLAN<\/p>\n\n\n\n<p>Rafael Bataglia da Silva &#8211; Representante dos Servidores T\u00e9cnico-Administrativos da PCU<\/p>\n\n\n\n<p><\/p>\n","protected":false},"excerpt":{"rendered":"<p>O Conselho Diretor da Prefeitura do Campus Universit\u00e1rio ter\u00e1 a seguinte composi\u00e7\u00e3o e compet\u00eancia: I &#8211; composi\u00e7\u00e3o: a) Prefeito do Campus Universit\u00e1rio, Presidente; b) Diretores da Prefeitura do Campus Universit\u00e1rio; c) dois docentes indicados pelo Conselho de Administra\u00e7\u00e3o dentre os seus membros; d) um representante dos servidores t\u00e9cnico-administrativos do \u00f3rg\u00e3o, eleito dentre os pares; e) [&hellip;]<\/p>\n","protected":false},"author":4,"featured_media":0,"parent":0,"menu_order":0,"comment_status":"closed","ping_status":"closed","template":"","meta":{"footnotes":""},"class_list":["post-13","page","type-page","status-publish","hentry"],"acf":[],"_links":{"self":[{"href":"https:\/\/sites.uel.br\/pcu\/wp-json\/wp\/v2\/pages\/13","targetHints":{"allow":["GET"]}}],"collection":[{"href":"https:\/\/sites.uel.br\/pcu\/wp-json\/wp\/v2\/pages"}],"about":[{"href":"https:\/\/sites.uel.br\/pcu\/wp-json\/wp\/v2\/types\/page"}],"author":[{"embeddable":true,"href":"https:\/\/sites.uel.br\/pcu\/wp-json\/wp\/v2\/users\/4"}],"replies":[{"embeddable":true,"href":"https:\/\/sites.uel.br\/pcu\/wp-json\/wp\/v2\/comments?post=13"}],"version-history":[{"count":10,"href":"https:\/\/sites.uel.br\/pcu\/wp-json\/wp\/v2\/pages\/13\/revisions"}],"predecessor-version":[{"id":399,"href":"https:\/\/sites.uel.br\/pcu\/wp-json\/wp\/v2\/pages\/13\/revisions\/399"}],"wp:attachment":[{"href":"https:\/\/sites.uel.br\/pcu\/wp-json\/wp\/v2\/media?parent=13"}],"curies":[{"name":"wp","href":"https:\/\/api.w.org\/{rel}","templated":true}]}}