{"id":12,"date":"2022-03-08T11:57:17","date_gmt":"2022-03-08T14:57:17","guid":{"rendered":"https:\/\/sites.uel.br\/pcu\/?page_id=12"},"modified":"2022-03-08T15:02:24","modified_gmt":"2022-03-08T18:02:24","slug":"sobre-a-prefeitura","status":"publish","type":"page","link":"https:\/\/sites.uel.br\/pcu\/sobre-a-prefeitura\/","title":{"rendered":"Sobre a Prefeitura"},"content":{"rendered":"\n<p><strong>Apresenta\u00e7\u00e3o<\/strong><\/p>\n\n\n\n<p>\u00c9 o \u00f3rg\u00e3o que executa e controla os projetos relacionados com a estrutura f\u00edsica do Campus, bem como todas as atividades de manuten\u00e7\u00e3o da Universidade. <\/p>\n\n\n\n<p>\u00c9 composta de tr\u00eas diretorias administrativas, sendo elas: a Diretoria de Projetos, Obras e manuten\u00e7\u00e3o, respons\u00e1vel pelo planejamento t\u00e9cnico e administrativo do patrim\u00f4nio imobili\u00e1rio; a diretoria de Equipamentos, respons\u00e1vel pelo planejamento t\u00e9cnico, administrativo e pela manuten\u00e7\u00e3o dos bens m\u00f3veis da Universidade; e a Diretoria de Servi\u00e7os, respons\u00e1vel pelo planejamento t\u00e9cnico e administrativo dos servi\u00e7os de transporte, zeladoria, seguran\u00e7a de patrim\u00f4nio, jardinagem e paisagismo. <\/p>\n\n\n\n<p><strong>Tem como miss\u00e3o: <\/strong><\/p>\n\n\n\n<ul class=\"wp-block-list\"><li>acompanhar o e zelar pelo adequado funcionamento do espa\u00e7o f\u00edsico do Campus; <\/li><li>informar \u00e0 administra\u00e7\u00e3o superior sobre os trabalhos realizados e as atividades que est\u00e3o em desenvolvimento pela PCU; <\/li><li>reunir-se periodicamente com Diretorias, Divis\u00f5es e Setores para planejar, elaborar, implantar e acompanhar os projetos desenvolvidos pela Prefeitura; <\/li><li>acompanhar e fiscalizar as constru\u00e7\u00f5es que est\u00e3o em andamento no Campus; <\/li><li>promover a manuten\u00e7\u00e3o a infraestrutura das edifica\u00e7\u00f5es dentro dos limites do Campus; <\/li><li>fazer a gest\u00e3o dos servi\u00e7os de transporte, de coleta seletiva, vigil\u00e2ncia, conserva\u00e7\u00e3o, zeladoria, telefonia, marcenaria, jardinagem e paisagismo do Campus.<\/li><\/ul>\n","protected":false},"excerpt":{"rendered":"<p>Apresenta\u00e7\u00e3o \u00c9 o \u00f3rg\u00e3o que executa e controla os projetos relacionados com a estrutura f\u00edsica do Campus, bem como todas as atividades de manuten\u00e7\u00e3o da Universidade. \u00c9 composta de tr\u00eas diretorias administrativas, sendo elas: a Diretoria de Projetos, Obras e manuten\u00e7\u00e3o, respons\u00e1vel pelo planejamento t\u00e9cnico e administrativo do patrim\u00f4nio imobili\u00e1rio; a diretoria de Equipamentos, respons\u00e1vel [&hellip;]<\/p>\n","protected":false},"author":4,"featured_media":0,"parent":0,"menu_order":0,"comment_status":"closed","ping_status":"closed","template":"","meta":{"footnotes":""},"class_list":["post-12","page","type-page","status-publish","hentry"],"acf":[],"_links":{"self":[{"href":"https:\/\/sites.uel.br\/pcu\/wp-json\/wp\/v2\/pages\/12","targetHints":{"allow":["GET"]}}],"collection":[{"href":"https:\/\/sites.uel.br\/pcu\/wp-json\/wp\/v2\/pages"}],"about":[{"href":"https:\/\/sites.uel.br\/pcu\/wp-json\/wp\/v2\/types\/page"}],"author":[{"embeddable":true,"href":"https:\/\/sites.uel.br\/pcu\/wp-json\/wp\/v2\/users\/4"}],"replies":[{"embeddable":true,"href":"https:\/\/sites.uel.br\/pcu\/wp-json\/wp\/v2\/comments?post=12"}],"version-history":[{"count":3,"href":"https:\/\/sites.uel.br\/pcu\/wp-json\/wp\/v2\/pages\/12\/revisions"}],"predecessor-version":[{"id":102,"href":"https:\/\/sites.uel.br\/pcu\/wp-json\/wp\/v2\/pages\/12\/revisions\/102"}],"wp:attachment":[{"href":"https:\/\/sites.uel.br\/pcu\/wp-json\/wp\/v2\/media?parent=12"}],"curies":[{"name":"wp","href":"https:\/\/api.w.org\/{rel}","templated":true}]}}