{"id":74,"date":"2023-05-17T15:43:12","date_gmt":"2023-05-17T18:43:12","guid":{"rendered":"https:\/\/sites.uel.br\/ouvidoria\/?page_id=74"},"modified":"2023-05-31T10:06:17","modified_gmt":"2023-05-31T13:06:17","slug":"informacoes-da-universidade","status":"publish","type":"page","link":"https:\/\/sites.uel.br\/ouvidoria\/informacoes-da-universidade\/","title":{"rendered":"Informa\u00e7\u00f5es da Universidade"},"content":{"rendered":"\n<p class=\"has-cinza-claro-color has-text-color\">.<\/p>\n\n\n\n<p><strong>Vestibular e Concursos<\/strong><\/p>\n\n\n\n<p>Coordenadoria de Processos Seletivos &#8211; COPS \u00a0\u00a0\u00a0\u00a0<a href=\"http:\/\/www.cops.uel.br\/\">www.cops.uel.br<\/a>\u00a0\u00a0<\/p>\n\n\n\n<p>E-mail:\u00a0<strong><a href=\"mailto:cops@uel.br\">cops@uel.br<\/a><\/strong><\/p>\n\n\n\n<p>Telefone: (43) 3371-4740<\/p>\n\n\n\n<p class=\"has-cinza-claro-color has-text-color\">.<\/p>\n\n\n\n<p><strong>Gradua\u00e7\u00e3o<\/strong><\/p>\n\n\n\n<p>Pr\u00f3-Reitoria de Gradua\u00e7\u00e3o &#8211; PROGRAD \u00a0\u00a0\u00a0\u00a0<a href=\"http:\/\/www.uel.br\/prograd\">www.uel.br\/prograd<\/a>\u00a0\u00a0<\/p>\n\n\n\n<p>E-mail:\u00a0<a href=\"mailto:prograd@uel.br\"><strong>prograd@uel.br<\/strong><\/a><\/p>\n\n\n\n<p>Telefone: (43) 3371-4483<\/p>\n\n\n\n<p class=\"has-cinza-claro-color has-text-color\">.<\/p>\n\n\n\n<p><strong>Recursos Humanos<\/strong><\/p>\n\n\n\n<p>Pr\u00f3-Reitoria de Recursos Humanos &#8211; PRORH\u00a0 \u00a0\u00a0\u00a0<a href=\"http:\/\/www.uel.br\/prorh\">www.uel.br\/prorh<\/a>\u00a0\u00a0\u00a0<\/p>\n\n\n\n<p>E-mail:\u00a0<a href=\"mailto:prorh@uel.br\"><strong>prorh@uel.br<\/strong><\/a><\/p>\n\n\n\n<p>Telefone: (43) 3371-4382<\/p>\n\n\n\n<p class=\"has-cinza-claro-color has-text-color\">.<\/p>\n\n\n\n<p><strong>Extens\u00e3o e Eventos<\/strong><\/p>\n\n\n\n<p>Pr\u00f3-Reitoria de Extens\u00e3o &#8211; PROEX\u00a0 \u00a0\u00a0\u00a0<a href=\"http:\/\/www.uel.br\/proex\">www.uel.br\/proex<\/a>\u00a0\u00a0\u00a0\u00a0<\/p>\n\n\n\n<p>E-mail:\u00a0<strong><a href=\"mailto:proex@uel.br\">proex@uel.br<\/a><\/strong><\/p>\n\n\n\n<p>Telefone: (43)&nbsp; 3371-4512<\/p>\n","protected":false},"excerpt":{"rendered":"<p>. Vestibular e Concursos Coordenadoria de Processos Seletivos &#8211; COPS \u00a0\u00a0\u00a0\u00a0www.cops.uel.br\u00a0\u00a0 E-mail:\u00a0cops@uel.br Telefone: (43) 3371-4740 . Gradua\u00e7\u00e3o Pr\u00f3-Reitoria de Gradua\u00e7\u00e3o &#8211; PROGRAD \u00a0\u00a0\u00a0\u00a0www.uel.br\/prograd\u00a0\u00a0 E-mail:\u00a0prograd@uel.br Telefone: (43) 3371-4483 . Recursos Humanos Pr\u00f3-Reitoria de Recursos Humanos &#8211; PRORH\u00a0 \u00a0\u00a0\u00a0www.uel.br\/prorh\u00a0\u00a0\u00a0 E-mail:\u00a0prorh@uel.br Telefone: (43) 3371-4382 . Extens\u00e3o e Eventos Pr\u00f3-Reitoria de Extens\u00e3o &#8211; PROEX\u00a0 \u00a0\u00a0\u00a0www.uel.br\/proex\u00a0\u00a0\u00a0\u00a0 E-mail:\u00a0proex@uel.br Telefone: (43)&nbsp; 3371-4512<\/p>\n","protected":false},"author":5,"featured_media":0,"parent":0,"menu_order":0,"comment_status":"closed","ping_status":"closed","template":"","meta":{"footnotes":""},"class_list":["post-74","page","type-page","status-publish","hentry"],"acf":[],"_links":{"self":[{"href":"https:\/\/sites.uel.br\/ouvidoria\/wp-json\/wp\/v2\/pages\/74","targetHints":{"allow":["GET"]}}],"collection":[{"href":"https:\/\/sites.uel.br\/ouvidoria\/wp-json\/wp\/v2\/pages"}],"about":[{"href":"https:\/\/sites.uel.br\/ouvidoria\/wp-json\/wp\/v2\/types\/page"}],"author":[{"embeddable":true,"href":"https:\/\/sites.uel.br\/ouvidoria\/wp-json\/wp\/v2\/users\/5"}],"replies":[{"embeddable":true,"href":"https:\/\/sites.uel.br\/ouvidoria\/wp-json\/wp\/v2\/comments?post=74"}],"version-history":[{"count":3,"href":"https:\/\/sites.uel.br\/ouvidoria\/wp-json\/wp\/v2\/pages\/74\/revisions"}],"predecessor-version":[{"id":210,"href":"https:\/\/sites.uel.br\/ouvidoria\/wp-json\/wp\/v2\/pages\/74\/revisions\/210"}],"wp:attachment":[{"href":"https:\/\/sites.uel.br\/ouvidoria\/wp-json\/wp\/v2\/media?parent=74"}],"curies":[{"name":"wp","href":"https:\/\/api.w.org\/{rel}","templated":true}]}}