{"id":69,"date":"2023-05-17T15:41:54","date_gmt":"2023-05-17T18:41:54","guid":{"rendered":"https:\/\/sites.uel.br\/ouvidoria\/?page_id=69"},"modified":"2023-07-26T17:07:39","modified_gmt":"2023-07-26T20:07:39","slug":"formulario-ouvidoria-de-ideias","status":"publish","type":"page","link":"https:\/\/sites.uel.br\/ouvidoria\/formulario-ouvidoria-de-ideias\/","title":{"rendered":"Formul\u00e1rio &#8211; Ouvidoria de Ideias"},"content":{"rendered":"\n<p>Atrav\u00e9s do Formul\u00e1rio <strong>Ouvidoria de Ideias<\/strong>, a Universidade Estadual de Londrina busca incentivar a comunidade interna e externa a apresentar sugest\u00f5es que possam melhorar os servi\u00e7os prestados \u00e0 comunidade.<\/p>\n\n\n\n<p>As propostas recebidas s\u00e3o encaminhadas aos setores\/\u00f3rg\u00e3os competentes e se sua sugest\u00e3o for aprovada, ela ser\u00e1 implantada.<\/p>\n\n\n\n<p>Uma ideia inovadora transforma e da maior agilidade \u00e0 UEL. Ela pode facilitar o trabalho di\u00e1rio e tornar a institui\u00e7\u00e3o mais eficiente e eficaz.<\/p>\n\n\n\n<p>Est\u00e1 lan\u00e7ado o desafio! Se voc\u00ea tem uma ideia que pode ajudar nos problemas do dia a dia da UEL, apresente-a junto \u00e0 <strong>Ouvidoria de Ideias<\/strong>.<\/p>\n\n\n\n<blockquote class=\"wp-block-quote is-layout-flow wp-block-quote-is-layout-flow\">\n<h1 class=\"wp-block-heading has-cinza-escuro-color has-verde-claro-background-color has-text-color has-background has-medium-font-size\"><a href=\"https:\/\/docs.google.com\/forms\/d\/e\/1FAIpQLSfd6Uh9EPFmrKdkW3mahRYxFo34bf6Aj67tBBQm6ZXouJybBg\/viewform\" target=\"_blank\" rel=\"noreferrer noopener\">Registre aqui sua ideia!<\/a><\/h1>\n<\/blockquote>\n","protected":false},"excerpt":{"rendered":"<p>Atrav\u00e9s do Formul\u00e1rio Ouvidoria de Ideias, a Universidade Estadual de Londrina busca incentivar a comunidade interna e externa a apresentar sugest\u00f5es que possam melhorar os servi\u00e7os prestados \u00e0 comunidade. As propostas recebidas s\u00e3o encaminhadas aos setores\/\u00f3rg\u00e3os competentes e se sua sugest\u00e3o for aprovada, ela ser\u00e1 implantada. Uma ideia inovadora transforma e da maior agilidade \u00e0 [&hellip;]<\/p>\n","protected":false},"author":5,"featured_media":0,"parent":0,"menu_order":0,"comment_status":"closed","ping_status":"closed","template":"","meta":{"footnotes":""},"class_list":["post-69","page","type-page","status-publish","hentry"],"acf":[],"_links":{"self":[{"href":"https:\/\/sites.uel.br\/ouvidoria\/wp-json\/wp\/v2\/pages\/69","targetHints":{"allow":["GET"]}}],"collection":[{"href":"https:\/\/sites.uel.br\/ouvidoria\/wp-json\/wp\/v2\/pages"}],"about":[{"href":"https:\/\/sites.uel.br\/ouvidoria\/wp-json\/wp\/v2\/types\/page"}],"author":[{"embeddable":true,"href":"https:\/\/sites.uel.br\/ouvidoria\/wp-json\/wp\/v2\/users\/5"}],"replies":[{"embeddable":true,"href":"https:\/\/sites.uel.br\/ouvidoria\/wp-json\/wp\/v2\/comments?post=69"}],"version-history":[{"count":4,"href":"https:\/\/sites.uel.br\/ouvidoria\/wp-json\/wp\/v2\/pages\/69\/revisions"}],"predecessor-version":[{"id":249,"href":"https:\/\/sites.uel.br\/ouvidoria\/wp-json\/wp\/v2\/pages\/69\/revisions\/249"}],"wp:attachment":[{"href":"https:\/\/sites.uel.br\/ouvidoria\/wp-json\/wp\/v2\/media?parent=69"}],"curies":[{"name":"wp","href":"https:\/\/api.w.org\/{rel}","templated":true}]}}