{"id":65,"date":"2023-05-17T15:37:28","date_gmt":"2023-05-17T18:37:28","guid":{"rendered":"https:\/\/sites.uel.br\/ouvidoria\/?page_id=65"},"modified":"2025-10-07T10:25:42","modified_gmt":"2025-10-07T13:25:42","slug":"denuncia-preconceito-de-genero","status":"publish","type":"page","link":"https:\/\/sites.uel.br\/ouvidoria\/denuncia-preconceito-de-genero\/","title":{"rendered":"Den\u00fancia &#8211; Viol\u00eancia Sexual e de G\u00eanero"},"content":{"rendered":"\n<p>Prezado Cidad\u00e3o (\u00e3),<\/p>\n\n\n\n<p>O Brasil est\u00e1 dentre os Pa\u00edses com \u00edndices mais elevados de crimes contra a comunidade LGBTQIA+ e contra a mulher.&nbsp;<\/p>\n\n\n\n<p>Este canal \u00e9 espec\u00edfico para den\u00fancias referentes a condutas que envolvam preconceito contra a comunidade LGBTQIA+ e contra a mulher, e tem por objetivo prevenir, coibir e responsabilizar condutas que envolvam esse tipo de comportamento.<\/p>\n\n\n\n<p>A Constitui\u00e7\u00e3o Federal de 1988 prev\u00ea:&nbsp;<\/p>\n\n\n\n<p>\u201cArt. 3\u00ba Constituem objetivos fundamentais da Rep\u00fablica Federativa do Brasil: IV- promover o bem de todos sem preconceitos de origem, ra\u00e7a, sexo, cor, idade e quaisquer outras formas de discrimina\u00e7\u00e3o.\u201d<\/p>\n\n\n\n<p>Importante: para o Registro da Den\u00fancia, solicita-se que seja fornecido o m\u00e1ximo de informa\u00e7\u00f5es poss\u00edveis, para que sejam dados os encaminhamentos necess\u00e1rios.&nbsp;<\/p>\n\n\n\n<p>A Den\u00fancia pode ser feita de modo: IDENTIFICADO, onde os campos relativos \u00e0 sua identifica\u00e7\u00e3o ser\u00e3o exibidos, SIGILOSO, onde as informa\u00e7\u00f5es do usu\u00e1rio ser\u00e3o de acesso restrito, podendo ser visualizadas exclusivamente pelo \u00f3rg\u00e3o que cadastrou a solicita\u00e7\u00e3o e AN\u00d4NIMO, onde o usu\u00e1rio n\u00e3o ser\u00e1 obrigado a preencher os campos relativos \u00e0 identifica\u00e7\u00e3o (devendo, nesse caso, o denunciante anotar o n\u00famero de protocolo da den\u00fancia para posterior acompanhamento).<\/p>\n\n\n\n<p>Em caso de den\u00fancia an\u00f4nima, ela somente ser\u00e1 analisada se forem encaminhados dados que possibilitem a verifica\u00e7\u00e3o dos fatos, como nome e sobrenome do denunciado e quando, onde e como a situa\u00e7\u00e3o irregular ocorreu.<\/p>\n\n\n\n<p>Exercite a sua cidadania e controle social participando e construindo uma UEL melhor, mais humana e inclusiva.&nbsp;<\/p>\n\n\n\n<p>Atenciosamente,<br>Ouvidoria Geral da UEL<\/p>\n\n\n\n<p><\/p>\n\n\n\n<p class=\"has-background\" style=\"background-color:#ff9b21a3\"><strong>Canais de Acolhimento e Escuta: <a href=\"https:\/\/sites.uel.br\/ouvidoria\/acolhimento\/\">sites.uel.br\/ouvidoria\/acolhimento\/<\/a><\/strong><\/p>\n\n\n\n<p><\/p>\n\n\n\n<blockquote class=\"wp-block-quote is-layout-flow wp-block-quote-is-layout-flow\">\n<p class=\"has-cinza-escuro-color has-verde-claro-background-color has-text-color has-background\" style=\"font-size:33px\"><a href=\"https:\/\/www.sigo.pr.gov.br\/cidadao\/432\/atendimento?embed=true\"><strong>Clique aqui e registre sua ocorr\u00eancia!<\/strong><\/a><\/p>\n<\/blockquote>\n\n\n\n<h3 class=\"wp-block-heading has-medium-font-size\"><strong>OUVIDORIA ATIVA<\/strong><\/h3>\n\n\n\n<figure class=\"wp-block-embed is-type-video is-provider-youtube wp-block-embed-youtube wp-embed-aspect-16-9 wp-has-aspect-ratio\"><div class=\"wp-block-embed__wrapper\">\n<iframe loading=\"lazy\" title=\"Ass\u00e9dio Sexual - Ouvidoria Ativa\" width=\"500\" height=\"281\" src=\"https:\/\/www.youtube.com\/embed\/2ml2Nwq5eks?feature=oembed\" frameborder=\"0\" allow=\"accelerometer; autoplay; clipboard-write; encrypted-media; gyroscope; picture-in-picture; web-share\" referrerpolicy=\"strict-origin-when-cross-origin\" allowfullscreen><\/iframe>\n<\/div><\/figure>\n","protected":false},"excerpt":{"rendered":"<p>Prezado Cidad\u00e3o (\u00e3), O Brasil est\u00e1 dentre os Pa\u00edses com \u00edndices mais elevados de crimes contra a comunidade LGBTQIA+ e contra a mulher.&nbsp; Este canal \u00e9 espec\u00edfico para den\u00fancias referentes a condutas que envolvam preconceito contra a comunidade LGBTQIA+ e contra a mulher, e tem por objetivo prevenir, coibir e responsabilizar condutas que envolvam esse [&hellip;]<\/p>\n","protected":false},"author":5,"featured_media":0,"parent":0,"menu_order":0,"comment_status":"closed","ping_status":"closed","template":"","meta":{"footnotes":""},"class_list":["post-65","page","type-page","status-publish","hentry"],"acf":[],"_links":{"self":[{"href":"https:\/\/sites.uel.br\/ouvidoria\/wp-json\/wp\/v2\/pages\/65","targetHints":{"allow":["GET"]}}],"collection":[{"href":"https:\/\/sites.uel.br\/ouvidoria\/wp-json\/wp\/v2\/pages"}],"about":[{"href":"https:\/\/sites.uel.br\/ouvidoria\/wp-json\/wp\/v2\/types\/page"}],"author":[{"embeddable":true,"href":"https:\/\/sites.uel.br\/ouvidoria\/wp-json\/wp\/v2\/users\/5"}],"replies":[{"embeddable":true,"href":"https:\/\/sites.uel.br\/ouvidoria\/wp-json\/wp\/v2\/comments?post=65"}],"version-history":[{"count":7,"href":"https:\/\/sites.uel.br\/ouvidoria\/wp-json\/wp\/v2\/pages\/65\/revisions"}],"predecessor-version":[{"id":380,"href":"https:\/\/sites.uel.br\/ouvidoria\/wp-json\/wp\/v2\/pages\/65\/revisions\/380"}],"wp:attachment":[{"href":"https:\/\/sites.uel.br\/ouvidoria\/wp-json\/wp\/v2\/media?parent=65"}],"curies":[{"name":"wp","href":"https:\/\/api.w.org\/{rel}","templated":true}]}}