{"id":54,"date":"2023-05-16T14:33:29","date_gmt":"2023-05-16T17:33:29","guid":{"rendered":"https:\/\/sites.uel.br\/ouvidoria\/?page_id=54"},"modified":"2025-10-07T10:25:58","modified_gmt":"2025-10-07T13:25:58","slug":"denuncia","status":"publish","type":"page","link":"https:\/\/sites.uel.br\/ouvidoria\/denuncia\/","title":{"rendered":"Den\u00fancia &#8211; Racismo"},"content":{"rendered":"\n<p>Prezado Cidad\u00e3o (\u00e3),<\/p>\n\n\n\n<p>&nbsp;A Constitui\u00e7\u00e3o Federal de 1988 prev\u00ea:&nbsp;<\/p>\n\n\n\n<p>\u201cArt. 3\u00ba Constituem objetivos fundamentais da Rep\u00fablica Federativa do Brasil: IV- promover o bem de todos sem preconceitos de origem, ra\u00e7a, sexo, cor, idade e quaisquer outras formas de discrimina\u00e7\u00e3o.\u201d<\/p>\n\n\n\n<p>\u201cArtigo 5\u00b0 XLII &#8211; a pr\u00e1tica do racismo constitui crime inafian\u00e7\u00e1vel e imprescrit\u00edvel, sujeito \u00e0 pena de reclus\u00e3o, nos termos da lei;\u201d<\/p>\n\n\n\n<p>Os dispositivos citados, bem como outros esparsos no texto constitucional, buscam proibir pr\u00e1ticas discriminat\u00f3rias referentes \u00e0s minorias e grupos vulner\u00e1veis, dando \u00eanfase ao preconceito de ra\u00e7a e de cor.<\/p>\n\n\n\n<p>Este canal de den\u00fancia \u00e9 espec\u00edfico para condutas que envolvam preconceito de ra\u00e7a e\/ou cor e tem por objetivo prevenir, coibir e responsabilizar condutas que envolvam esse tipo de comportamento.<\/p>\n\n\n\n<p>Importante: para o Registro da Den\u00fancia, solicita-se que seja fornecido o m\u00e1ximo de informa\u00e7\u00f5es poss\u00edveis, para que sejam dados os encaminhamentos necess\u00e1rios.&nbsp;<\/p>\n\n\n\n<p>A Den\u00fancia pode ser feita de modo: IDENTIFICADO, onde os campos relativos \u00e0 sua identifica\u00e7\u00e3o ser\u00e3o exibidos, SIGILOSO, onde as informa\u00e7\u00f5es do usu\u00e1rio ser\u00e3o de acesso restrito, podendo ser visualizadas exclusivamente pelo \u00f3rg\u00e3o que cadastrou a solicita\u00e7\u00e3o e AN\u00d4NIMO, onde o usu\u00e1rio n\u00e3o ser\u00e1 obrigado a preencher os campos relativos \u00e0 identifica\u00e7\u00e3o (devendo, nesse caso, o denunciante anotar o n\u00famero de protocolo da den\u00fancia para posterior acompanhamento).<\/p>\n\n\n\n<p>Em caso de den\u00fancia an\u00f4nima, ela somente ser\u00e1 analisada se forem encaminhados dados que possibilitem a verifica\u00e7\u00e3o dos fatos, como nome e sobrenome do denunciado e quando, onde e como a situa\u00e7\u00e3o irregular ocorreu.<\/p>\n\n\n\n<p>Exercite a sua cidadania e controle social participando e construindo uma UEL melhor, mais humana e inclusiva.&nbsp;<\/p>\n\n\n\n<p>Atenciosamente,<br>Ouvidoria Geral da UEL<\/p>\n\n\n\n<p><\/p>\n\n\n\n<p class=\"has-background\" style=\"background-color:#ff9b21a3\"><strong>Canais de Acolhimento e Escuta: <a href=\"https:\/\/sites.uel.br\/ouvidoria\/acolhimento\/\">sites.uel.br\/ouvidoria\/acolhimento\/<\/a><\/strong><\/p>\n\n\n\n<p><\/p>\n\n\n\n<blockquote class=\"wp-block-quote is-layout-flow wp-block-quote-is-layout-flow\">\n<p class=\"has-cinza-escuro-color has-verde-claro-background-color has-text-color has-background\" style=\"font-size:33px\"><a href=\"https:\/\/www.sigo.pr.gov.br\/cidadao\/432\/atendimento?embed=true\"><strong>Clique aqui e registre sua ocorr\u00eancia!<\/strong><\/a><\/p>\n<\/blockquote>\n\n\n\n<h3 class=\"wp-block-heading\"><strong>OUVIDORIA ATIVA<\/strong><\/h3>\n\n\n\n<figure class=\"wp-block-embed is-type-video is-provider-youtube wp-block-embed-youtube wp-embed-aspect-16-9 wp-has-aspect-ratio\"><div class=\"wp-block-embed__wrapper\">\n<iframe loading=\"lazy\" title=\"Racismo - Ouvidoria Ativa\" width=\"500\" height=\"281\" src=\"https:\/\/www.youtube.com\/embed\/DV3FXHKsX6k?feature=oembed\" frameborder=\"0\" allow=\"accelerometer; autoplay; clipboard-write; encrypted-media; gyroscope; picture-in-picture; web-share\" referrerpolicy=\"strict-origin-when-cross-origin\" allowfullscreen><\/iframe>\n<\/div><\/figure>\n","protected":false},"excerpt":{"rendered":"<p>Prezado Cidad\u00e3o (\u00e3), &nbsp;A Constitui\u00e7\u00e3o Federal de 1988 prev\u00ea:&nbsp; \u201cArt. 3\u00ba Constituem objetivos fundamentais da Rep\u00fablica Federativa do Brasil: IV- promover o bem de todos sem preconceitos de origem, ra\u00e7a, sexo, cor, idade e quaisquer outras formas de discrimina\u00e7\u00e3o.\u201d \u201cArtigo 5\u00b0 XLII &#8211; a pr\u00e1tica do racismo constitui crime inafian\u00e7\u00e1vel e imprescrit\u00edvel, sujeito \u00e0 pena [&hellip;]<\/p>\n","protected":false},"author":5,"featured_media":0,"parent":0,"menu_order":0,"comment_status":"closed","ping_status":"closed","template":"","meta":{"footnotes":""},"class_list":["post-54","page","type-page","status-publish","hentry"],"acf":[],"_links":{"self":[{"href":"https:\/\/sites.uel.br\/ouvidoria\/wp-json\/wp\/v2\/pages\/54","targetHints":{"allow":["GET"]}}],"collection":[{"href":"https:\/\/sites.uel.br\/ouvidoria\/wp-json\/wp\/v2\/pages"}],"about":[{"href":"https:\/\/sites.uel.br\/ouvidoria\/wp-json\/wp\/v2\/types\/page"}],"author":[{"embeddable":true,"href":"https:\/\/sites.uel.br\/ouvidoria\/wp-json\/wp\/v2\/users\/5"}],"replies":[{"embeddable":true,"href":"https:\/\/sites.uel.br\/ouvidoria\/wp-json\/wp\/v2\/comments?post=54"}],"version-history":[{"count":6,"href":"https:\/\/sites.uel.br\/ouvidoria\/wp-json\/wp\/v2\/pages\/54\/revisions"}],"predecessor-version":[{"id":381,"href":"https:\/\/sites.uel.br\/ouvidoria\/wp-json\/wp\/v2\/pages\/54\/revisions\/381"}],"wp:attachment":[{"href":"https:\/\/sites.uel.br\/ouvidoria\/wp-json\/wp\/v2\/media?parent=54"}],"curies":[{"name":"wp","href":"https:\/\/api.w.org\/{rel}","templated":true}]}}