{"id":52,"date":"2023-05-16T12:00:55","date_gmt":"2023-05-16T15:00:55","guid":{"rendered":"https:\/\/sites.uel.br\/ouvidoria\/?page_id=52"},"modified":"2025-12-03T09:22:06","modified_gmt":"2025-12-03T12:22:06","slug":"legislacoes","status":"publish","type":"page","link":"https:\/\/sites.uel.br\/ouvidoria\/legislacoes\/","title":{"rendered":"Conceitos e Legisla\u00e7\u00f5es"},"content":{"rendered":"\n<p><strong>Constitui\u00e7\u00e3o Federal 1988<\/strong><\/p>\n\n\n\n<p>\u201cArt.37 \u2013 A administra\u00e7\u00e3o p\u00fablica direta e indireta de qualquer dos Poderes da Uni\u00e3o, dos Estados, do Distrito Federal e dos Munic\u00edpios obedecer\u00e1 aos princ\u00edpios de legalidade, impessoalidade, moralidade, publicidade e efici\u00eancia e&#8230;\u201d<\/p>\n\n\n\n<p>\u00a7 3\u00ba A lei disciplinar\u00e1 as formas de participa\u00e7\u00e3o do usu\u00e1rio na administra\u00e7\u00e3o p\u00fablica direta e indireta, regulando especialmente:<br>I &#8211; as reclama\u00e7\u00f5es relativas \u00e0 presta\u00e7\u00e3o dos servi\u00e7os p\u00fablicos em geral, asseguradas a manuten\u00e7\u00e3o de servi\u00e7os de atendimento ao usu\u00e1rio e a avalia\u00e7\u00e3o peri\u00f3dica, externa e interna, da qualidade dos servi\u00e7os; [&#8230;].<\/p>\n\n\n\n<p><a href=\"https:\/\/sites.uel.br\/ouvidoria\/wp-content\/uploads\/2025\/12\/CEPE_resolucao_CEPE_17_23_CEPE_Artigo_68___.pdf\" target=\"_blank\" rel=\"noreferrer noopener\">Resolu\u00e7\u00e3o CEPE &#8211; Conselho de Ensino Pesquisa e Extens\u00e3o 17\/2023 Artigo 68 &#8211; Problemas de Ordem Acad\u00eamica <\/a><\/p>\n\n\n\n<p><a href=\"https:\/\/sites.uel.br\/ouvidoria\/wp-content\/uploads\/2025\/12\/LEI_N_13460_DE_26_DE_JUNHO_DE_2017_Dispoe-sobre-participacao-protecao-e-defesados-direitos-do-usuario-dos-servicospublicos-da-administracao-publica.pdf\" target=\"_blank\" rel=\"noreferrer noopener\">LEI 13460 DE 26 DE JUNHO DE 2017 <\/a><\/p>\n\n\n\n<p>Disp\u00f5e sobre participa\u00e7\u00e3o, prote\u00e7\u00e3o e defesa dos direitos do usu\u00e1rio dos servi\u00e7os p\u00fablicos da administra\u00e7\u00e3o p\u00fablica.<\/p>\n\n\n\n<p><a href=\"https:\/\/sites.uel.br\/ouvidoria\/wp-content\/uploads\/2025\/03\/Regimento_Reitoria.pdf\" target=\"_blank\" rel=\"noreferrer noopener\">Regimento Reitoria<\/a><\/p>\n\n\n\n<p>CAP\u00cdTULO II OUVIDORIA &#8211; Art 78 a 85<\/p>\n\n\n\n<p><a href=\"https:\/\/sites.uel.br\/ouvidoria\/wp-content\/uploads\/2025\/03\/Decreto-7791-08-de-Junho-de-2021-Dispoe-sobre-as-medidas-de-protecao-a-identidade-dos-denunciantes.pdf\" target=\"_blank\" rel=\"noreferrer noopener\">Decreto 7791 &#8211; 08 de Junho de 2021<\/a><\/p>\n\n\n\n<p>Disp\u00f5e sobre as medidas de prote\u00e7\u00e3o \u00e0 identidade dos denunciantes<\/p>\n\n\n\n<p><a href=\"https:\/\/sites.uel.br\/ouvidoria\/wp-content\/uploads\/2025\/03\/Resolucao-CGE-33-27-de-Maio-de-2022-Especifica-o-procedimento-para-recebimento-e-tratamento-de-denuncias-de-assedio-moral-e-sexual.pdf\" target=\"_blank\" rel=\"noreferrer noopener\">Resolu\u00e7\u00e3o CGE 33 &#8211; 27 de Maio de 2022<\/a><\/p>\n\n\n\n<p>Especifica o procedimento para recebimento e tratamento de den\u00fancias de ass\u00e9dio moral e sexual<\/p>\n\n\n\n<p><a href=\"https:\/\/sites.uel.br\/ouvidoria\/wp-content\/uploads\/2025\/03\/Resolucao-CGE-55-10-de-Novembro-de-2021-Especifica-a-composicao-as-diretrizes-e-as-competencias-institucionais-do-Nucleo-de-Integridade-e-Compliance.pdf\" target=\"_blank\" rel=\"noreferrer noopener\">Resolu\u00e7\u00e3o CGE 55 &#8211; 10 de Novembro de 2021<\/a> <\/p>\n\n\n\n<p>Especifica a composi\u00e7\u00e3o, as diretrizes e as compet\u00eancias institucionais do N\u00facleo de Integridade e Compliance<\/p>\n\n\n\n<p><\/p>\n","protected":false},"excerpt":{"rendered":"<p>Constitui\u00e7\u00e3o Federal 1988 \u201cArt.37 \u2013 A administra\u00e7\u00e3o p\u00fablica direta e indireta de qualquer dos Poderes da Uni\u00e3o, dos Estados, do Distrito Federal e dos Munic\u00edpios obedecer\u00e1 aos princ\u00edpios de legalidade, impessoalidade, moralidade, publicidade e efici\u00eancia e&#8230;\u201d \u00a7 3\u00ba A lei disciplinar\u00e1 as formas de participa\u00e7\u00e3o do usu\u00e1rio na administra\u00e7\u00e3o p\u00fablica direta e indireta, regulando especialmente:I [&hellip;]<\/p>\n","protected":false},"author":5,"featured_media":0,"parent":0,"menu_order":0,"comment_status":"closed","ping_status":"closed","template":"","meta":{"footnotes":""},"class_list":["post-52","page","type-page","status-publish","hentry"],"acf":[],"_links":{"self":[{"href":"https:\/\/sites.uel.br\/ouvidoria\/wp-json\/wp\/v2\/pages\/52","targetHints":{"allow":["GET"]}}],"collection":[{"href":"https:\/\/sites.uel.br\/ouvidoria\/wp-json\/wp\/v2\/pages"}],"about":[{"href":"https:\/\/sites.uel.br\/ouvidoria\/wp-json\/wp\/v2\/types\/page"}],"author":[{"embeddable":true,"href":"https:\/\/sites.uel.br\/ouvidoria\/wp-json\/wp\/v2\/users\/5"}],"replies":[{"embeddable":true,"href":"https:\/\/sites.uel.br\/ouvidoria\/wp-json\/wp\/v2\/comments?post=52"}],"version-history":[{"count":13,"href":"https:\/\/sites.uel.br\/ouvidoria\/wp-json\/wp\/v2\/pages\/52\/revisions"}],"predecessor-version":[{"id":389,"href":"https:\/\/sites.uel.br\/ouvidoria\/wp-json\/wp\/v2\/pages\/52\/revisions\/389"}],"wp:attachment":[{"href":"https:\/\/sites.uel.br\/ouvidoria\/wp-json\/wp\/v2\/media?parent=52"}],"curies":[{"name":"wp","href":"https:\/\/api.w.org\/{rel}","templated":true}]}}