{"id":47,"date":"2023-05-16T11:34:17","date_gmt":"2023-05-16T14:34:17","guid":{"rendered":"https:\/\/sites.uel.br\/ouvidoria\/?page_id=47"},"modified":"2025-10-07T10:25:26","modified_gmt":"2025-10-07T13:25:26","slug":"canal-de-registro","status":"publish","type":"page","link":"https:\/\/sites.uel.br\/ouvidoria\/canal-de-registro\/","title":{"rendered":"Elogios, Sugest\u00f5es, Solicita\u00e7\u00f5es, Reclama\u00e7\u00f5es e Den\u00fancias"},"content":{"rendered":"\n<p class=\"has-cinza-claro-color has-text-color\">.<\/p>\n\n\n\n<p><\/p>\n\n\n\n<p>Prezado Cidad\u00e3o (\u00e3),<\/p>\n\n\n\n<p><\/p>\n\n\n\n<p>Exercite a sua cidadania e controle social participando e construindo uma UEL melhor mais forte e transparente. Somente por meio da a\u00e7\u00e3o e colabora\u00e7\u00e3o de cada cidad\u00e3o,  Universidade Estadual de Londrina poder\u00e1 realizar modifica\u00e7\u00f5es e aperfei\u00e7oamentos em sua administra\u00e7\u00e3o. Para isto, registre suas sugest\u00f5es, cr\u00edticas, den\u00fancias, reclama\u00e7\u00f5es, e\/ou elogios na Ouvidoria Geral da UEL via Formul\u00e1rio SIGO\/UEL..<\/p>\n\n\n\n<p>Em caso de den\u00fancias, solicitamos que seja fornecido o m\u00e1ximo de informa\u00e7\u00f5es poss\u00edveis, para que possa ser investigado. Tamb\u00e9m deve ser registrado o nome do denunciante (que ficar\u00e1 restrito a Ouvidoria caso o cidad\u00e3o escolha a op\u00e7\u00e3o (an\u00f4nimo) no Formul\u00e1rio), telefone, endere\u00e7o para correspond\u00eancia e\/ou endere\u00e7o eletr\u00f4nico (e-mail). Caso a den\u00fancia seja an\u00f4nima, ela somente ser\u00e1 analisada se forem encaminhados dados que possibilitem a sua verifica\u00e7\u00e3o, como nome e sobrenome do denunciado, e quando, onde e como a situa\u00e7\u00e3o irregular ocorreu.<\/p>\n\n\n\n<p>Outrossim, para um melhor atendimento, solicitamos o preenchimento de todos os campos do formul\u00e1rio para que, se necess\u00e1rio, possamos entrar em contato. Solicitamos especificar de forma clara e precisa a qual&nbsp;<strong>Colegiado, Pr\u00f3-reitoria, \u00d3rg\u00e3o<\/strong> <strong>Suplementar ou Setor<\/strong>&nbsp;se destina a ocorr\u00eancia. Ficamos \u00e0 disposi\u00e7\u00e3o para demais esclarecimentos nos contatos&nbsp;<strong>WhatsApp \/ Fone: (43)3371- 4405<\/strong> ou e-mail <strong>(ouvidoria@uel.br).<\/strong><\/p>\n\n\n\n<p><\/p>\n\n\n\n<p class=\"has-background\" style=\"background-color:#ff9b21a3\"><strong>Canais de Acolhimento e Escuta: <a href=\"https:\/\/sites.uel.br\/ouvidoria\/acolhimento\/\">sites.uel.br\/ouvidoria\/acolhimento\/<\/a><\/strong><\/p>\n\n\n\n<p><\/p>\n\n\n\n<blockquote class=\"wp-block-quote is-layout-flow wp-block-quote-is-layout-flow\">\n<p class=\"has-cinza-escuro-color has-verde-claro-background-color has-text-color has-background\" style=\"font-size:33px\"><a href=\"https:\/\/www.sigo.pr.gov.br\/cidadao\/432\/atendimento?embed=true\"><strong>Clique aqui e registre sua ocorr\u00eancia!<\/strong><\/a><\/p>\n<\/blockquote>\n","protected":false},"excerpt":{"rendered":"<p>. Prezado Cidad\u00e3o (\u00e3), Exercite a sua cidadania e controle social participando e construindo uma UEL melhor mais forte e transparente. Somente por meio da a\u00e7\u00e3o e colabora\u00e7\u00e3o de cada cidad\u00e3o, Universidade Estadual de Londrina poder\u00e1 realizar modifica\u00e7\u00f5es e aperfei\u00e7oamentos em sua administra\u00e7\u00e3o. Para isto, registre suas sugest\u00f5es, cr\u00edticas, den\u00fancias, reclama\u00e7\u00f5es, e\/ou elogios na Ouvidoria [&hellip;]<\/p>\n","protected":false},"author":5,"featured_media":0,"parent":0,"menu_order":0,"comment_status":"closed","ping_status":"closed","template":"","meta":{"footnotes":""},"class_list":["post-47","page","type-page","status-publish","hentry"],"acf":[],"_links":{"self":[{"href":"https:\/\/sites.uel.br\/ouvidoria\/wp-json\/wp\/v2\/pages\/47","targetHints":{"allow":["GET"]}}],"collection":[{"href":"https:\/\/sites.uel.br\/ouvidoria\/wp-json\/wp\/v2\/pages"}],"about":[{"href":"https:\/\/sites.uel.br\/ouvidoria\/wp-json\/wp\/v2\/types\/page"}],"author":[{"embeddable":true,"href":"https:\/\/sites.uel.br\/ouvidoria\/wp-json\/wp\/v2\/users\/5"}],"replies":[{"embeddable":true,"href":"https:\/\/sites.uel.br\/ouvidoria\/wp-json\/wp\/v2\/comments?post=47"}],"version-history":[{"count":10,"href":"https:\/\/sites.uel.br\/ouvidoria\/wp-json\/wp\/v2\/pages\/47\/revisions"}],"predecessor-version":[{"id":379,"href":"https:\/\/sites.uel.br\/ouvidoria\/wp-json\/wp\/v2\/pages\/47\/revisions\/379"}],"wp:attachment":[{"href":"https:\/\/sites.uel.br\/ouvidoria\/wp-json\/wp\/v2\/media?parent=47"}],"curies":[{"name":"wp","href":"https:\/\/api.w.org\/{rel}","templated":true}]}}