{"id":370,"date":"2025-09-30T14:47:47","date_gmt":"2025-09-30T17:47:47","guid":{"rendered":"https:\/\/sites.uel.br\/ouvidoria\/?page_id=370"},"modified":"2025-10-03T17:39:15","modified_gmt":"2025-10-03T20:39:15","slug":"acolhimento","status":"publish","type":"page","link":"https:\/\/sites.uel.br\/ouvidoria\/acolhimento\/","title":{"rendered":"Acolhimento"},"content":{"rendered":"\n<p>A Universidade Estadual de Londrina oferece servi\u00e7os de acolhimento e apoio \u00e0 sua comunidade interna \u2013 estudantes, docentes e servidores \u2013 em situa\u00e7\u00f5es que envolvem demandas sociais, emocionais e de enfrentamento ao racismo.<\/p>\n\n\n\n<p><strong>Divis\u00e3o de Servi\u00e7o Social e Sa\u00fade Mental \u2013 SEBEC<\/strong><br>Acolhe casos relacionados a dificuldades emocionais, de sa\u00fade mental e situa\u00e7\u00f5es de vulnerabilidade social. O atendimento busca oferecer escuta qualificada, orienta\u00e7\u00e3o e, quando necess\u00e1rio, encaminhamento para acompanhamento psicol\u00f3gico ou para a rede de apoio institucional.<br>\ud83c\udf10 Site: <a href=\"https:\/\/sites.uel.br\/sebec\/\" target=\"_blank\" rel=\"noreferrer noopener\">sites.uel.br\/sebec<\/a><br>\ud83d\udce7 E-mail: <a>ss.sm.sebec@uel.br<\/a><br>\ud83d\udcf1 WhatsApp: (43) 99146-0786<br>\u260e Telefone: (43) 3371-4452 <\/p>\n\n\n\n<p><strong>N\u00facleo de Estudos Afro-Brasileiros \u2013 NEAB<\/strong><br>Atua no acolhimento de viv\u00eancias relacionadas ao racismo e \u00e0 discrimina\u00e7\u00e3o \u00e9tnico racial. O N\u00facleo oferece escuta, orienta\u00e7\u00e3o e direcionamento dos casos para os setores respons\u00e1veis, al\u00e9m de desenvolver a\u00e7\u00f5es educativas e de valoriza\u00e7\u00e3o da identidade negra no \u00e2mbito universit\u00e1rio.<\/p>\n\n\n\n<p>\ud83c\udf10<a href=\"https:\/\/sites.uel.br\/neab\/\" target=\"_blank\" rel=\"noreferrer noopener\">sites.uel.br\/neab<\/a><br>\ud83d\udce7 E-mail: <a>neab@uel.br<\/a><br>\u260e Telefones: (43) 3371-4599 (Secretaria) | (43) 3371-4679 (Coordena\u00e7\u00e3o)<br>\ud83d\udd58 Atendimento: 08h30 \u00e0s 11h30 e 14h00 \u00e0s 17h30<br>\ud83d\udcf2 Instagram: <a href=\"https:\/\/www.instagram.com\/neab.uel\/\" target=\"_blank\" rel=\"noreferrer noopener\">@neab.uel<\/a><br>\u25b6 YouTube: <a href=\"https:\/\/www.youtube.com\/channel\/UCTdJZS2NDSHKkOcvak8cbnw\">N\u00facleo de Estudos Afro-Brasileiros UEL<\/a><\/p>\n\n\n\n<p><\/p>\n","protected":false},"excerpt":{"rendered":"<p>A Universidade Estadual de Londrina oferece servi\u00e7os de acolhimento e apoio \u00e0 sua comunidade interna \u2013 estudantes, docentes e servidores \u2013 em situa\u00e7\u00f5es que envolvem demandas sociais, emocionais e de enfrentamento ao racismo. Divis\u00e3o de Servi\u00e7o Social e Sa\u00fade Mental \u2013 SEBECAcolhe casos relacionados a dificuldades emocionais, de sa\u00fade mental e situa\u00e7\u00f5es de vulnerabilidade social. [&hellip;]<\/p>\n","protected":false},"author":8,"featured_media":0,"parent":0,"menu_order":0,"comment_status":"closed","ping_status":"closed","template":"","meta":{"footnotes":""},"class_list":["post-370","page","type-page","status-publish","hentry"],"acf":[],"_links":{"self":[{"href":"https:\/\/sites.uel.br\/ouvidoria\/wp-json\/wp\/v2\/pages\/370","targetHints":{"allow":["GET"]}}],"collection":[{"href":"https:\/\/sites.uel.br\/ouvidoria\/wp-json\/wp\/v2\/pages"}],"about":[{"href":"https:\/\/sites.uel.br\/ouvidoria\/wp-json\/wp\/v2\/types\/page"}],"author":[{"embeddable":true,"href":"https:\/\/sites.uel.br\/ouvidoria\/wp-json\/wp\/v2\/users\/8"}],"replies":[{"embeddable":true,"href":"https:\/\/sites.uel.br\/ouvidoria\/wp-json\/wp\/v2\/comments?post=370"}],"version-history":[{"count":3,"href":"https:\/\/sites.uel.br\/ouvidoria\/wp-json\/wp\/v2\/pages\/370\/revisions"}],"predecessor-version":[{"id":377,"href":"https:\/\/sites.uel.br\/ouvidoria\/wp-json\/wp\/v2\/pages\/370\/revisions\/377"}],"wp:attachment":[{"href":"https:\/\/sites.uel.br\/ouvidoria\/wp-json\/wp\/v2\/media?parent=370"}],"curies":[{"name":"wp","href":"https:\/\/api.w.org\/{rel}","templated":true}]}}