{"id":334,"date":"2025-02-20T18:12:08","date_gmt":"2025-02-20T21:12:08","guid":{"rendered":"https:\/\/sites.uel.br\/ouvidoria\/?page_id=334"},"modified":"2025-02-20T18:12:08","modified_gmt":"2025-02-20T21:12:08","slug":"denuncia-trote","status":"publish","type":"page","link":"https:\/\/sites.uel.br\/ouvidoria\/denuncia-trote\/","title":{"rendered":"Den\u00fancia &#8211; Trote"},"content":{"rendered":"\n<p>O <strong>trote \u00e9 terminantemente proibido<\/strong> em todos os espa\u00e7os da Universidade Estadual de Londrina, conforme\u00a0<a href=\"https:\/\/sites.uel.br\/ser\/wp-content\/uploads\/2022\/07\/resolucao_177_08.pdf\" target=\"_blank\" rel=\"noreferrer noopener\">Resolu\u00e7\u00e3o CEPE\/CA N\u00ba 177\/2008<\/a>\u00a0e\u00a0<a href=\"https:\/\/sites.uel.br\/ser\/wp-content\/uploads\/2022\/07\/resolucao_161_08.pdf\" target=\"_blank\" rel=\"noreferrer noopener\">Resolu\u00e7\u00e3o CU N\u00ba 161\/2008<\/a>.<\/p>\n\n\n\n<p>A proibi\u00e7\u00e3o se estende aos espa\u00e7os p\u00fablicos da cidade Londrina, conforme previsto no C\u00f3digo de Posturas do Munic\u00edpio de Londrina, em seu Art. 43, Par\u00e1grafo I. <a href=\"https:\/\/sites.uel.br\/ser\/wp-content\/uploads\/2022\/07\/lei_11468_2011.pdf\" target=\"_blank\" rel=\"noreferrer noopener\">Confira aqui \u2013 Lei Municipal N\u00ba 11.468 (Art. 43, \u00a7 I)<\/a><\/p>\n\n\n\n<p>Considera-se trote:<\/p>\n\n\n\n<p>A\u00e7\u00f5es que envolvam coa\u00e7\u00e3o, agress\u00e3o f\u00edsica, moral ou qualquer outra forma de constrangimento.<\/p>\n\n\n\n<p>&nbsp;Exemplos:<\/p>\n\n\n\n<ul class=\"wp-block-list\">\n<li>For\u00e7ar ou incentivar o consumo de bebidas alco\u00f3licas.<\/li>\n\n\n\n<li>For\u00e7ar ou estimular beijos e atos sexuais entre os participantes.<\/li>\n\n\n\n<li>Agredir verbal ou fisicamente.<\/li>\n\n\n\n<li>Dar apelidos pejorativos.<\/li>\n\n\n\n<li>Obrigar ou proibir uso de determinadas vestimentas e acess\u00f3rios.<\/li>\n\n\n\n<li>Obrigar ou estimular o calouro a pedir dinheiro no tr\u00e2nsito, em bares ou nas ruas.<\/li>\n\n\n\n<li>For\u00e7ar determinados comportamentos possivelmente degradantes, como agir como animais.<\/li>\n\n\n\n<li>Raspar ou cortar cabelos \u00e0 for\u00e7a ou impor que sejam cortados.<\/li>\n\n\n\n<li>Proibir os calouros de acessar determinadas \u00e1reas da institui\u00e7\u00e3o.<\/li>\n\n\n\n<li>Obrigar ou incentivar o consumo de alimentos que n\u00e3o fa\u00e7am parte da dieta da pessoa (como carne para vegetarianos).<\/li>\n<\/ul>\n\n\n\n<p><strong>Denuncie o trote!<\/strong><\/p>\n\n\n\n<p>Para o Registro da Den\u00fancia no Sistema SIGO, solicita-se que seja fornecido o m\u00e1ximo de informa\u00e7\u00f5es poss\u00edveis (nomes completos, data, hor\u00e1rios, local, prints de mensagens, \u00e1udios, v\u00eddeos, testemunhas entres outros) para que sejam dados os encaminhamentos necess\u00e1rios.<\/p>\n\n\n\n<p>A Den\u00fancia pode ser feita de modo:<\/p>\n\n\n\n<ul class=\"wp-block-list\">\n<li>IDENTIFICADO, onde os campos relativos \u00e0 sua identifica\u00e7\u00e3o ser\u00e3o exibidos para preenchimento;<\/li>\n\n\n\n<li>SIGILOSO, onde as informa\u00e7\u00f5es do usu\u00e1rio ser\u00e3o de acesso restrito, podendo ser visualizada somente pela Ouvidoria;<\/li>\n\n\n\n<li>AN\u00d4NIMO, onde o usu\u00e1rio n\u00e3o preenche os campos relativos \u00e0 identifica\u00e7\u00e3o (devendo, nesse caso, o denunciante anotar o n\u00famero de protocolo da den\u00fancia e o c\u00f3digo de acesso para posterior acompanhamento).<\/li>\n<\/ul>\n\n\n\n<p>Em caso de den\u00fancia an\u00f4nima \u00e9 importante que sejam encaminhados dados que possibilitem a verifica\u00e7\u00e3o dos fatos.<\/p>\n\n\n\n<p>Exercite a sua cidadania e controle social participando e construindo uma UEL melhor, mais humana e inclusiva.<\/p>\n\n\n\n<p>Atenciosamente,<br>Ouvidoria Geral da UEL<\/p>\n\n\n\n<p><\/p>\n\n\n\n<blockquote class=\"wp-block-quote is-layout-flow wp-block-quote-is-layout-flow\">\n<p class=\"has-cinza-escuro-color has-verde-claro-background-color has-text-color has-background\" style=\"font-size:33px\"><a href=\"https:\/\/www.sigo.pr.gov.br\/cidadao\/432\/atendimento?embed=true\"><strong>Clique aqui e registre sua ocorr\u00eancia!<\/strong><\/a><\/p>\n<\/blockquote>\n\n\n\n<p><\/p>\n","protected":false},"excerpt":{"rendered":"<p>O trote \u00e9 terminantemente proibido em todos os espa\u00e7os da Universidade Estadual de Londrina, conforme\u00a0Resolu\u00e7\u00e3o CEPE\/CA N\u00ba 177\/2008\u00a0e\u00a0Resolu\u00e7\u00e3o CU N\u00ba 161\/2008. A proibi\u00e7\u00e3o se estende aos espa\u00e7os p\u00fablicos da cidade Londrina, conforme previsto no C\u00f3digo de Posturas do Munic\u00edpio de Londrina, em seu Art. 43, Par\u00e1grafo I. Confira aqui \u2013 Lei Municipal N\u00ba 11.468 (Art. [&hellip;]<\/p>\n","protected":false},"author":8,"featured_media":0,"parent":0,"menu_order":0,"comment_status":"closed","ping_status":"closed","template":"","meta":{"footnotes":""},"class_list":["post-334","page","type-page","status-publish","hentry"],"acf":[],"_links":{"self":[{"href":"https:\/\/sites.uel.br\/ouvidoria\/wp-json\/wp\/v2\/pages\/334","targetHints":{"allow":["GET"]}}],"collection":[{"href":"https:\/\/sites.uel.br\/ouvidoria\/wp-json\/wp\/v2\/pages"}],"about":[{"href":"https:\/\/sites.uel.br\/ouvidoria\/wp-json\/wp\/v2\/types\/page"}],"author":[{"embeddable":true,"href":"https:\/\/sites.uel.br\/ouvidoria\/wp-json\/wp\/v2\/users\/8"}],"replies":[{"embeddable":true,"href":"https:\/\/sites.uel.br\/ouvidoria\/wp-json\/wp\/v2\/comments?post=334"}],"version-history":[{"count":6,"href":"https:\/\/sites.uel.br\/ouvidoria\/wp-json\/wp\/v2\/pages\/334\/revisions"}],"predecessor-version":[{"id":340,"href":"https:\/\/sites.uel.br\/ouvidoria\/wp-json\/wp\/v2\/pages\/334\/revisions\/340"}],"wp:attachment":[{"href":"https:\/\/sites.uel.br\/ouvidoria\/wp-json\/wp\/v2\/media?parent=334"}],"curies":[{"name":"wp","href":"https:\/\/api.w.org\/{rel}","templated":true}]}}