{"id":151,"date":"2023-05-19T10:19:06","date_gmt":"2023-05-19T13:19:06","guid":{"rendered":"https:\/\/sites.uel.br\/ouvidoria\/?page_id=151"},"modified":"2025-03-18T16:36:15","modified_gmt":"2025-03-18T19:36:15","slug":"lgpd","status":"publish","type":"page","link":"https:\/\/sites.uel.br\/ouvidoria\/lgpd\/","title":{"rendered":"LAI \/ LGPD"},"content":{"rendered":"\n<p class=\"has-cinza-claro-color has-text-color\">.<\/p>\n\n\n\n<p><\/p>\n\n\n\n<p>O pedido de Acesso \u00e0 Informa\u00e7\u00e3o de interesse p\u00fablico \u00e9 um direito constitucional resguardado a todas as pessoas. Com a publica\u00e7\u00e3o da&nbsp;<a href=\"http:\/\/www.planalto.gov.br\/ccivil_03\/_ato2011-2014\/2011\/lei\/l12527.htm\"><strong>Lei de Acesso \u00e0 Informa\u00e7\u00e3o<\/strong><\/a>&nbsp;\u2013 LAI e, o seu&nbsp;<a href=\"https:\/\/www.legislacao.pr.gov.br\/legislacao\/pesquisarAto.do?action=exibir&amp;codAto=114209&amp;indice=1&amp;totalRegistros=1&amp;dt=4.5.2020.16.23.35.197\"><strong>Decreto&nbsp;<\/strong><\/a>regulamentador no Poder Executivo Estadual, ficou mais f\u00e1cil colocar em pr\u00e1tica esse direito.<\/p>\n\n\n\n<p>Caso n\u00e3o tenha localizado a informa\u00e7\u00e3o de seu interesse no&nbsp;<a href=\"https:\/\/sistemas.uel.br\/portaltransparencia\/index\"><strong>Portal da Transpar\u00eancia<\/strong><\/a> <strong><a href=\"https:\/\/sistemas.uel.br\/portaltransparencia\/index\">da UEL<\/a><\/strong>, basta solicitar a informa\u00e7\u00e3o por meio deste canal.<\/p>\n\n\n\n<p class=\"has-cinza-claro-color has-text-color\">.<\/p>\n\n\n\n<blockquote class=\"wp-block-quote is-layout-flow wp-block-quote-is-layout-flow\">\n<p class=\"has-verde-claro-background-color has-text-color has-background\" style=\"color:#010101\"><strong><a href=\"https:\/\/sites.uel.br\/lgpd\/\" target=\"_blank\" rel=\"noreferrer noopener\">Saiba mais sobre a LGPD<\/a><\/strong><\/p>\n<\/blockquote>\n\n\n\n<p class=\"has-cinza-claro-color has-text-color\">.<\/p>\n\n\n\n<p>A <a rel=\"noreferrer noopener\" href=\"https:\/\/www.planalto.gov.br\/ccivil_03\/_ato2015-2018\/2018\/lei\/l13709.htm\" target=\"_blank\"><strong>Lei Geral de Prote\u00e7\u00e3o de Dados Pessoais<\/strong><\/a> &#8211; LGPD protege os direitos fundamentais de  liberdade e de privacidade e a livre forma\u00e7\u00e3o da personalidade de cada indiv\u00edduo. A lei disp\u00f5e sobre o tratamento de dados feito por pessoa f\u00edsica ou jur\u00eddica de direito p\u00fablico ou privado e engloba um amplo conjunto de opera\u00e7\u00f5es efetuadas em meios manuais ou digitais.<\/p>\n\n\n\n<p>Acrescentamos que, para os registros embasados na LAI e na LGPD exige-se a identifica\u00e7\u00e3o, por\u00e9m a Controladoria Geral do Estado disponibilizou a op\u00e7\u00e3o sigilosa em que os dados cadastrais ser\u00e3o resguardados, visando garantir a prote\u00e7\u00e3o e seguran\u00e7a dos dados pessoais do solicitante. <\/p>\n\n\n\n<p class=\"has-cinza-claro-color has-text-color\">.<\/p>\n\n\n\n<figure class=\"wp-block-pullquote has-verde-claro-background-color has-background has-medium-font-size\" style=\"border-style:none;border-width:0px;border-radius:0px;font-style:normal;font-weight:700\"><blockquote><p><a href=\"https:\/\/www.sigo.pr.gov.br\/cidadao\/432\/atendimento?embed=true\" target=\"_blank\" rel=\"noreferrer noopener\">Clique aqui e registre sua ocorr\u00eancia!<\/a><\/p><\/blockquote><\/figure>\n\n\n\n<h3 class=\"wp-block-heading\">OUVIDORIA ATIVA<\/h3>\n\n\n\n<figure class=\"wp-block-embed is-type-video is-provider-youtube wp-block-embed-youtube wp-embed-aspect-16-9 wp-has-aspect-ratio\"><div class=\"wp-block-embed__wrapper\">\n<iframe loading=\"lazy\" title=\"Lei Geral de Prote\u00e7\u00e3o de Dados (LGPD) - Ouvidoria Ativa\" width=\"500\" height=\"281\" src=\"https:\/\/www.youtube.com\/embed\/0W856t8HlB8?feature=oembed\" frameborder=\"0\" allow=\"accelerometer; autoplay; clipboard-write; encrypted-media; gyroscope; picture-in-picture; web-share\" referrerpolicy=\"strict-origin-when-cross-origin\" allowfullscreen><\/iframe>\n<\/div><\/figure>\n","protected":false},"excerpt":{"rendered":"<p>. O pedido de Acesso \u00e0 Informa\u00e7\u00e3o de interesse p\u00fablico \u00e9 um direito constitucional resguardado a todas as pessoas. Com a publica\u00e7\u00e3o da&nbsp;Lei de Acesso \u00e0 Informa\u00e7\u00e3o&nbsp;\u2013 LAI e, o seu&nbsp;Decreto&nbsp;regulamentador no Poder Executivo Estadual, ficou mais f\u00e1cil colocar em pr\u00e1tica esse direito. Caso n\u00e3o tenha localizado a informa\u00e7\u00e3o de seu interesse no&nbsp;Portal da Transpar\u00eancia [&hellip;]<\/p>\n","protected":false},"author":6,"featured_media":0,"parent":0,"menu_order":0,"comment_status":"closed","ping_status":"closed","template":"","meta":{"footnotes":""},"class_list":["post-151","page","type-page","status-publish","hentry"],"acf":[],"_links":{"self":[{"href":"https:\/\/sites.uel.br\/ouvidoria\/wp-json\/wp\/v2\/pages\/151","targetHints":{"allow":["GET"]}}],"collection":[{"href":"https:\/\/sites.uel.br\/ouvidoria\/wp-json\/wp\/v2\/pages"}],"about":[{"href":"https:\/\/sites.uel.br\/ouvidoria\/wp-json\/wp\/v2\/types\/page"}],"author":[{"embeddable":true,"href":"https:\/\/sites.uel.br\/ouvidoria\/wp-json\/wp\/v2\/users\/6"}],"replies":[{"embeddable":true,"href":"https:\/\/sites.uel.br\/ouvidoria\/wp-json\/wp\/v2\/comments?post=151"}],"version-history":[{"count":10,"href":"https:\/\/sites.uel.br\/ouvidoria\/wp-json\/wp\/v2\/pages\/151\/revisions"}],"predecessor-version":[{"id":272,"href":"https:\/\/sites.uel.br\/ouvidoria\/wp-json\/wp\/v2\/pages\/151\/revisions\/272"}],"wp:attachment":[{"href":"https:\/\/sites.uel.br\/ouvidoria\/wp-json\/wp\/v2\/media?parent=151"}],"curies":[{"name":"wp","href":"https:\/\/api.w.org\/{rel}","templated":true}]}}