{"id":146,"date":"2023-05-19T10:17:30","date_gmt":"2023-05-19T13:17:30","guid":{"rendered":"https:\/\/sites.uel.br\/ouvidoria\/?page_id=146"},"modified":"2023-07-26T17:23:01","modified_gmt":"2023-07-26T20:23:01","slug":"galeria-de-ouvidores","status":"publish","type":"page","link":"https:\/\/sites.uel.br\/ouvidoria\/galeria-de-ouvidores\/","title":{"rendered":"Galeria de Ouvidores"},"content":{"rendered":"\n<p class=\"has-cinza-claro-color has-text-color\">.<\/p>\n\n\n\n<p>Concebida em 2006 como uma inst\u00e2ncia para possibilitar a participa\u00e7\u00e3o dos cidad\u00e3os e aprimorar o controle social sobre a Institui\u00e7\u00e3o, a Ouvidoria da UEL promove e garante os direitos de cidadania da comunidade interna e externa por meio do di\u00e1logo e da presta\u00e7\u00e3o de contas. Condutora de opini\u00f5es, reclama\u00e7\u00f5es e den\u00fancias, a Ouvidoria atua na media\u00e7\u00e3o de conflitos entre o cidad\u00e3o e a institui\u00e7\u00e3o, fundamentando a sua atividade nos princ\u00edpios da \u00e9tica, efici\u00eancia, sigilo, boa-f\u00e9, isen\u00e7\u00e3o, contradit\u00f3rio e transpar\u00eancia nas rela\u00e7\u00f5es entre o Estado e a sociedade.<\/p>\n\n\n\n<p>O Ouvidor (a), que atua como porta-voz do cidad\u00e3o, tem como fun\u00e7\u00e3o receber essas informa\u00e7\u00f5es, sugest\u00f5es, elogios, reclama\u00e7\u00f5es e den\u00fancias dos usu\u00e1rios sobre as atividades da UEL, encaminhando tais manifesta\u00e7\u00f5es aos setores competentes, al\u00e9m de propor melhorias para os servi\u00e7os prestados pela Institui\u00e7\u00e3o.<\/p>\n\n\n\n<p>Abaixo est\u00e3o listados os todos os Ouvidores Gerais da Universidade:<\/p>\n\n\n\n<p class=\"has-cinza-claro-color has-text-color\">.<\/p>\n\n\n\n<div class=\"wp-block-columns is-layout-flex wp-container-core-columns-is-layout-9d6595d7 wp-block-columns-is-layout-flex\">\n<div class=\"wp-block-column is-layout-flow wp-block-column-is-layout-flow\">\n<figure class=\"wp-block-image size-full is-resized\"><img loading=\"lazy\" decoding=\"async\" src=\"https:\/\/sites.uel.br\/ouvidoria\/wp-content\/uploads\/2023\/05\/Amaral.png\" alt=\"\" class=\"wp-image-14\" width=\"385\" height=\"453\" srcset=\"https:\/\/sites.uel.br\/ouvidoria\/wp-content\/uploads\/2023\/05\/Amaral.png 288w, https:\/\/sites.uel.br\/ouvidoria\/wp-content\/uploads\/2023\/05\/Amaral-255x300.png 255w\" sizes=\"auto, (max-width: 385px) 100vw, 385px\" \/><\/figure>\n<\/div>\n\n\n\n<div class=\"wp-block-column is-layout-flow wp-block-column-is-layout-flow\">\n<p><strong>Servidor Dr.<\/strong> <strong>Ant\u00f4nio Edson Amaral<\/strong><\/p>\n\n\n\n<p>Gest\u00e3o: 2022 a 2026<\/p>\n\n\n\n<p>              2018 a 2022<\/p>\n<\/div>\n<\/div>\n\n\n\n<div class=\"wp-block-columns is-layout-flex wp-container-core-columns-is-layout-9d6595d7 wp-block-columns-is-layout-flex\">\n<div class=\"wp-block-column is-layout-flow wp-block-column-is-layout-flow\">\n<figure class=\"wp-block-image size-full is-resized\"><img loading=\"lazy\" decoding=\"async\" src=\"https:\/\/sites.uel.br\/ouvidoria\/wp-content\/uploads\/2023\/05\/teodosio.jpg\" alt=\"\" class=\"wp-image-200\" width=\"511\" height=\"287\" srcset=\"https:\/\/sites.uel.br\/ouvidoria\/wp-content\/uploads\/2023\/05\/teodosio.jpg 960w, https:\/\/sites.uel.br\/ouvidoria\/wp-content\/uploads\/2023\/05\/teodosio-300x169.jpg 300w, https:\/\/sites.uel.br\/ouvidoria\/wp-content\/uploads\/2023\/05\/teodosio-768x433.jpg 768w\" sizes=\"auto, (max-width: 511px) 100vw, 511px\" \/><\/figure>\n<\/div>\n\n\n\n<div class=\"wp-block-column is-layout-flow wp-block-column-is-layout-flow\">\n<p><strong>Servidor Ms. Teod\u00f3sio Ant\u00f4nio da Silva<\/strong><\/p>\n\n\n\n<p>Gest\u00e3o: 2014 a 2018<\/p>\n\n\n\n<p><\/p>\n<\/div>\n<\/div>\n\n\n\n<div class=\"wp-block-columns is-layout-flex wp-container-core-columns-is-layout-9d6595d7 wp-block-columns-is-layout-flex\">\n<div class=\"wp-block-column is-layout-flow wp-block-column-is-layout-flow\">\n<figure class=\"wp-block-image size-large is-resized\"><img loading=\"lazy\" decoding=\"async\" src=\"https:\/\/sites.uel.br\/ouvidoria\/wp-content\/uploads\/2023\/05\/JORGE-MARAO-614x1024.jpeg\" alt=\"\" class=\"wp-image-190\" width=\"378\" height=\"630\" srcset=\"https:\/\/sites.uel.br\/ouvidoria\/wp-content\/uploads\/2023\/05\/JORGE-MARAO-614x1024.jpeg 614w, https:\/\/sites.uel.br\/ouvidoria\/wp-content\/uploads\/2023\/05\/JORGE-MARAO-180x300.jpeg 180w, https:\/\/sites.uel.br\/ouvidoria\/wp-content\/uploads\/2023\/05\/JORGE-MARAO.jpeg 768w\" sizes=\"auto, (max-width: 378px) 100vw, 378px\" \/><\/figure>\n<\/div>\n\n\n\n<div class=\"wp-block-column is-layout-flow wp-block-column-is-layout-flow\">\n<p><strong>Prof. Dr. Jorge Mar\u00e3o Carnielo Miguel<\/strong><\/p>\n\n\n\n<p>Gest\u00e3o: 2012 a 2014<\/p>\n<\/div>\n<\/div>\n\n\n\n<div class=\"wp-block-columns is-layout-flex wp-container-core-columns-is-layout-9d6595d7 wp-block-columns-is-layout-flex\">\n<div class=\"wp-block-column is-layout-flow wp-block-column-is-layout-flow\">\n<figure class=\"wp-block-image size-full is-resized\"><img loading=\"lazy\" decoding=\"async\" src=\"https:\/\/sites.uel.br\/ouvidoria\/wp-content\/uploads\/2023\/05\/81210_cristiane-vercesi.jpg\" alt=\"\" class=\"wp-image-191\" width=\"379\" height=\"531\" srcset=\"https:\/\/sites.uel.br\/ouvidoria\/wp-content\/uploads\/2023\/05\/81210_cristiane-vercesi.jpg 328w, https:\/\/sites.uel.br\/ouvidoria\/wp-content\/uploads\/2023\/05\/81210_cristiane-vercesi-214x300.jpg 214w\" sizes=\"auto, (max-width: 379px) 100vw, 379px\" \/><\/figure>\n<\/div>\n\n\n\n<div class=\"wp-block-column is-layout-flow wp-block-column-is-layout-flow\">\n<p><strong>Profa. Dra. Cristiane Vercesi<\/strong><\/p>\n\n\n\n<p>Gest\u00e3o: 2010 a 2012<\/p>\n<\/div>\n<\/div>\n\n\n\n<div class=\"wp-block-columns is-layout-flex wp-container-core-columns-is-layout-9d6595d7 wp-block-columns-is-layout-flex\">\n<div class=\"wp-block-column is-layout-flow wp-block-column-is-layout-flow\">\n<figure class=\"wp-block-image size-large is-resized\"><img loading=\"lazy\" decoding=\"async\" src=\"https:\/\/sites.uel.br\/ouvidoria\/wp-content\/uploads\/2023\/06\/4-9-2008-g-sandra-1024x680.jpg\" alt=\"\" class=\"wp-image-231\" width=\"511\" height=\"339\" srcset=\"https:\/\/sites.uel.br\/ouvidoria\/wp-content\/uploads\/2023\/06\/4-9-2008-g-sandra-1024x680.jpg 1024w, https:\/\/sites.uel.br\/ouvidoria\/wp-content\/uploads\/2023\/06\/4-9-2008-g-sandra-300x199.jpg 300w, https:\/\/sites.uel.br\/ouvidoria\/wp-content\/uploads\/2023\/06\/4-9-2008-g-sandra-768x510.jpg 768w, https:\/\/sites.uel.br\/ouvidoria\/wp-content\/uploads\/2023\/06\/4-9-2008-g-sandra-1536x1021.jpg 1536w, https:\/\/sites.uel.br\/ouvidoria\/wp-content\/uploads\/2023\/06\/4-9-2008-g-sandra.jpg 1890w\" sizes=\"auto, (max-width: 511px) 100vw, 511px\" \/><\/figure>\n<\/div>\n\n\n\n<div class=\"wp-block-column is-layout-flow wp-block-column-is-layout-flow\">\n<p><strong>Profa. Dra. Sandra Iara Sterza <\/strong><\/p>\n\n\n\n<p>Gest\u00e3o: 2008 a 2010<\/p>\n<\/div>\n<\/div>\n\n\n\n<div class=\"wp-block-columns is-layout-flex wp-container-core-columns-is-layout-9d6595d7 wp-block-columns-is-layout-flex\">\n<div class=\"wp-block-column is-layout-flow wp-block-column-is-layout-flow\">\n<figure class=\"wp-block-image size-large is-resized\"><img loading=\"lazy\" decoding=\"async\" src=\"https:\/\/sites.uel.br\/ouvidoria\/wp-content\/uploads\/2023\/05\/nilson_giraldi_perfil-1024x1024.jpg\" alt=\"\" class=\"wp-image-192\" width=\"380\" height=\"380\" srcset=\"https:\/\/sites.uel.br\/ouvidoria\/wp-content\/uploads\/2023\/05\/nilson_giraldi_perfil-1024x1024.jpg 1024w, https:\/\/sites.uel.br\/ouvidoria\/wp-content\/uploads\/2023\/05\/nilson_giraldi_perfil-300x300.jpg 300w, https:\/\/sites.uel.br\/ouvidoria\/wp-content\/uploads\/2023\/05\/nilson_giraldi_perfil-150x150.jpg 150w, https:\/\/sites.uel.br\/ouvidoria\/wp-content\/uploads\/2023\/05\/nilson_giraldi_perfil-768x767.jpg 768w, https:\/\/sites.uel.br\/ouvidoria\/wp-content\/uploads\/2023\/05\/nilson_giraldi_perfil-1536x1534.jpg 1536w, https:\/\/sites.uel.br\/ouvidoria\/wp-content\/uploads\/2023\/05\/nilson_giraldi_perfil.jpg 1912w\" sizes=\"auto, (max-width: 380px) 100vw, 380px\" \/><\/figure>\n<\/div>\n\n\n\n<div class=\"wp-block-column is-layout-flow wp-block-column-is-layout-flow\">\n<p><strong>Prof. Dr. Nilson Giraldi<\/strong><\/p>\n\n\n\n<p>Gest\u00e3o: 2006 a 2008<\/p>\n<\/div>\n<\/div>\n\n\n\n<p class=\"has-cinza-claro-color has-text-color\">.<\/p>\n\n\n\n<h2 class=\"wp-block-heading\">Galeria de Ouvidores do HU\/AEHU<\/h2>\n\n\n\n<p><\/p>\n\n\n\n<div class=\"wp-block-columns is-layout-flex wp-container-core-columns-is-layout-9d6595d7 wp-block-columns-is-layout-flex\">\n<div class=\"wp-block-column is-layout-flow wp-block-column-is-layout-flow\">\n<figure class=\"wp-block-image size-large is-resized\"><img loading=\"lazy\" decoding=\"async\" src=\"https:\/\/sites.uel.br\/ouvidoria\/wp-content\/uploads\/2023\/06\/WhatsApp-Image-2023-06-05-at-11.38.27-768x1024.jpeg\" alt=\"\" class=\"wp-image-218\" width=\"368\" height=\"490\" srcset=\"https:\/\/sites.uel.br\/ouvidoria\/wp-content\/uploads\/2023\/06\/WhatsApp-Image-2023-06-05-at-11.38.27-768x1024.jpeg 768w, https:\/\/sites.uel.br\/ouvidoria\/wp-content\/uploads\/2023\/06\/WhatsApp-Image-2023-06-05-at-11.38.27-225x300.jpeg 225w, https:\/\/sites.uel.br\/ouvidoria\/wp-content\/uploads\/2023\/06\/WhatsApp-Image-2023-06-05-at-11.38.27.jpeg 960w\" sizes=\"auto, (max-width: 368px) 100vw, 368px\" \/><\/figure>\n<\/div>\n\n\n\n<div class=\"wp-block-column is-layout-flow wp-block-column-is-layout-flow\">\n<p><strong>Maurenia Nielsen<\/strong><\/p>\n\n\n\n<p>Gest\u00e3o: 2022 a 2026<\/p>\n\n\n\n<p>              2018 a 2022<\/p>\n\n\n\n<p>(HU)<\/p>\n<\/div>\n<\/div>\n\n\n\n<div class=\"wp-block-columns is-layout-flex wp-container-core-columns-is-layout-9d6595d7 wp-block-columns-is-layout-flex\">\n<div class=\"wp-block-column is-layout-flow wp-block-column-is-layout-flow\">\n<figure class=\"wp-block-image size-large is-resized\"><img loading=\"lazy\" decoding=\"async\" src=\"https:\/\/sites.uel.br\/ouvidoria\/wp-content\/uploads\/2023\/06\/WhatsApp-Image-2023-06-06-at-14.01.53-768x1024.jpeg\" alt=\"\" class=\"wp-image-233\" width=\"371\" height=\"494\" srcset=\"https:\/\/sites.uel.br\/ouvidoria\/wp-content\/uploads\/2023\/06\/WhatsApp-Image-2023-06-06-at-14.01.53-768x1024.jpeg 768w, https:\/\/sites.uel.br\/ouvidoria\/wp-content\/uploads\/2023\/06\/WhatsApp-Image-2023-06-06-at-14.01.53-225x300.jpeg 225w, https:\/\/sites.uel.br\/ouvidoria\/wp-content\/uploads\/2023\/06\/WhatsApp-Image-2023-06-06-at-14.01.53-1152x1536.jpeg 1152w, https:\/\/sites.uel.br\/ouvidoria\/wp-content\/uploads\/2023\/06\/WhatsApp-Image-2023-06-06-at-14.01.53.jpeg 1200w\" sizes=\"auto, (max-width: 371px) 100vw, 371px\" \/><\/figure>\n<\/div>\n\n\n\n<div class=\"wp-block-column is-layout-flow wp-block-column-is-layout-flow\">\n<p><strong>Ana Maria da Cruz<\/strong><\/p>\n\n\n\n<p>Gest\u00e3o: 2008 a 2026 <\/p>\n\n\n\n<p>(AEHU)<\/p>\n<\/div>\n<\/div>\n\n\n\n<div class=\"wp-block-columns is-layout-flex wp-container-core-columns-is-layout-9d6595d7 wp-block-columns-is-layout-flex\">\n<div class=\"wp-block-column is-layout-flow wp-block-column-is-layout-flow\">\n<figure class=\"wp-block-image size-large is-resized\"><img loading=\"lazy\" decoding=\"async\" src=\"https:\/\/sites.uel.br\/ouvidoria\/wp-content\/uploads\/2023\/05\/cida-ramalho-1005x1024.jpg\" alt=\"\" class=\"wp-image-198\" width=\"369\" height=\"375\" srcset=\"https:\/\/sites.uel.br\/ouvidoria\/wp-content\/uploads\/2023\/05\/cida-ramalho-1005x1024.jpg 1005w, https:\/\/sites.uel.br\/ouvidoria\/wp-content\/uploads\/2023\/05\/cida-ramalho-294x300.jpg 294w, https:\/\/sites.uel.br\/ouvidoria\/wp-content\/uploads\/2023\/05\/cida-ramalho-768x782.jpg 768w, https:\/\/sites.uel.br\/ouvidoria\/wp-content\/uploads\/2023\/05\/cida-ramalho-1508x1536.jpg 1508w, https:\/\/sites.uel.br\/ouvidoria\/wp-content\/uploads\/2023\/05\/cida-ramalho.jpg 1978w\" sizes=\"auto, (max-width: 369px) 100vw, 369px\" \/><\/figure>\n<\/div>\n\n\n\n<div class=\"wp-block-column is-layout-flow wp-block-column-is-layout-flow\">\n<p><strong>Maria Aparecida Ramalho de Oliveira<\/strong><\/p>\n\n\n\n<p>Gest\u00e3o: 2008 a 2018<\/p>\n\n\n\n<p>(HU)<\/p>\n<\/div>\n<\/div>\n","protected":false},"excerpt":{"rendered":"<p>. Concebida em 2006 como uma inst\u00e2ncia para possibilitar a participa\u00e7\u00e3o dos cidad\u00e3os e aprimorar o controle social sobre a Institui\u00e7\u00e3o, a Ouvidoria da UEL promove e garante os direitos de cidadania da comunidade interna e externa por meio do di\u00e1logo e da presta\u00e7\u00e3o de contas. Condutora de opini\u00f5es, reclama\u00e7\u00f5es e den\u00fancias, a Ouvidoria atua [&hellip;]<\/p>\n","protected":false},"author":6,"featured_media":0,"parent":0,"menu_order":0,"comment_status":"closed","ping_status":"closed","template":"","meta":{"footnotes":""},"class_list":["post-146","page","type-page","status-publish","hentry"],"acf":[],"_links":{"self":[{"href":"https:\/\/sites.uel.br\/ouvidoria\/wp-json\/wp\/v2\/pages\/146","targetHints":{"allow":["GET"]}}],"collection":[{"href":"https:\/\/sites.uel.br\/ouvidoria\/wp-json\/wp\/v2\/pages"}],"about":[{"href":"https:\/\/sites.uel.br\/ouvidoria\/wp-json\/wp\/v2\/types\/page"}],"author":[{"embeddable":true,"href":"https:\/\/sites.uel.br\/ouvidoria\/wp-json\/wp\/v2\/users\/6"}],"replies":[{"embeddable":true,"href":"https:\/\/sites.uel.br\/ouvidoria\/wp-json\/wp\/v2\/comments?post=146"}],"version-history":[{"count":10,"href":"https:\/\/sites.uel.br\/ouvidoria\/wp-json\/wp\/v2\/pages\/146\/revisions"}],"predecessor-version":[{"id":251,"href":"https:\/\/sites.uel.br\/ouvidoria\/wp-json\/wp\/v2\/pages\/146\/revisions\/251"}],"wp:attachment":[{"href":"https:\/\/sites.uel.br\/ouvidoria\/wp-json\/wp\/v2\/media?parent=146"}],"curies":[{"name":"wp","href":"https:\/\/api.w.org\/{rel}","templated":true}]}}