{"id":13,"date":"2023-05-15T11:28:45","date_gmt":"2023-05-15T14:28:45","guid":{"rendered":"https:\/\/sites.uel.br\/ouvidoria\/?page_id=13"},"modified":"2025-03-28T15:33:47","modified_gmt":"2025-03-28T18:33:47","slug":"ouvidores","status":"publish","type":"page","link":"https:\/\/sites.uel.br\/ouvidoria\/ouvidores\/","title":{"rendered":"Equipe de Trabalho"},"content":{"rendered":"\n<p> Abaixo est\u00e3o listados os atuais membros da Ouvidoria da UEL. S\u00e3o eles: <\/p>\n\n\n\n<div class=\"wp-block-columns is-layout-flex wp-container-core-columns-is-layout-9d6595d7 wp-block-columns-is-layout-flex\">\n<div class=\"wp-block-column is-layout-flow wp-block-column-is-layout-flow\">\n<figure class=\"wp-block-image size-full is-resized is-style-default\"><img loading=\"lazy\" decoding=\"async\" width=\"288\" height=\"339\" src=\"https:\/\/sites.uel.br\/ouvidoria\/wp-content\/uploads\/2023\/05\/Amaral.png\" alt=\"\" class=\"wp-image-14\" style=\"width:441px;height:520px\" srcset=\"https:\/\/sites.uel.br\/ouvidoria\/wp-content\/uploads\/2023\/05\/Amaral.png 288w, https:\/\/sites.uel.br\/ouvidoria\/wp-content\/uploads\/2023\/05\/Amaral-255x300.png 255w\" sizes=\"auto, (max-width: 288px) 100vw, 288px\" \/><figcaption class=\"wp-element-caption\">Ouvidor Geral<\/figcaption><\/figure>\n<\/div>\n\n\n\n<div class=\"wp-block-column is-layout-flow wp-block-column-is-layout-flow\">\n<p><strong>Antonio Edson Amaral (Ouvidoria Geral)<\/strong><\/p>\n\n\n\n<p>Graduado em Ci\u00eancias Econ\u00f4micas pela Universidade Estadual de Londrina (2000). Possui especializa\u00e7\u00e3o em Economia Empresarial pela UEL (2001), mestrado em Teoria Econ\u00f4mica pela Universidade Estadual de Maring\u00e1 (2004) e doutorado em Teoria Econ\u00f4mica tamb\u00e9m pela UEM (2014), al\u00e9m de especializa\u00e7\u00e3o em Ouvidoria P\u00fablica pela Faculdade Verbo Jur\u00eddico em parceria com a Ouvidoria Geral da Uni\u00e3o (2022). Desempenha a fun\u00e7\u00e3o de Ouvidor Geral da UEL desde 2018. <\/p>\n\n\n\n<p>Ouvidor Certificado pela Ouvidoria Geral da Uni\u00e3o (OGU) e ENAP.<\/p>\n<\/div>\n<\/div>\n\n\n\n<div class=\"wp-block-columns is-layout-flex wp-container-core-columns-is-layout-9d6595d7 wp-block-columns-is-layout-flex\">\n<div class=\"wp-block-column is-layout-flow wp-block-column-is-layout-flow\">\n<figure class=\"wp-block-image size-large is-resized\"><img loading=\"lazy\" decoding=\"async\" width=\"768\" height=\"1024\" src=\"https:\/\/sites.uel.br\/ouvidoria\/wp-content\/uploads\/2023\/06\/WhatsApp-Image-2023-06-06-at-14.01.53-768x1024.jpeg\" alt=\"\" class=\"wp-image-233\" style=\"width:435px;height:579px\" srcset=\"https:\/\/sites.uel.br\/ouvidoria\/wp-content\/uploads\/2023\/06\/WhatsApp-Image-2023-06-06-at-14.01.53-768x1024.jpeg 768w, https:\/\/sites.uel.br\/ouvidoria\/wp-content\/uploads\/2023\/06\/WhatsApp-Image-2023-06-06-at-14.01.53-225x300.jpeg 225w, https:\/\/sites.uel.br\/ouvidoria\/wp-content\/uploads\/2023\/06\/WhatsApp-Image-2023-06-06-at-14.01.53-1152x1536.jpeg 1152w, https:\/\/sites.uel.br\/ouvidoria\/wp-content\/uploads\/2023\/06\/WhatsApp-Image-2023-06-06-at-14.01.53.jpeg 1200w\" sizes=\"auto, (max-width: 768px) 100vw, 768px\" \/><figcaption class=\"wp-element-caption\">Ouvidora Auxiliar do AEHU\/ HC<\/figcaption><\/figure>\n<\/div>\n\n\n\n<div class=\"wp-block-column is-layout-flow wp-block-column-is-layout-flow\">\n<p><strong>Ana Maria da Cruz (Ouvidoria auxiliar &#8211; AEHU)<\/strong><\/p>\n\n\n\n<p>Graduada em Gest\u00e3o P\u00fablica pelo Centro Internacional Universit\u00e1rio (UNINTER). Possui especializa\u00e7\u00e3o em Gest\u00e3o Hospitalar, certifica\u00e7\u00e3o de Ouvidoria pela Associa\u00e7\u00e3o Brasileira de Ouvidores (2014). Servidora da Universidade Estadual de Londrina desde 1977, na fun\u00e7\u00e3o Auxiliar de Enfermagem, e atualmente exerce a fun\u00e7\u00e3o de Ouvidora auxiliar do AEHU.<\/p>\n<\/div>\n<\/div>\n\n\n\n<div class=\"wp-block-columns is-layout-flex wp-container-core-columns-is-layout-9d6595d7 wp-block-columns-is-layout-flex\">\n<div class=\"wp-block-column is-layout-flow wp-block-column-is-layout-flow\">\n<figure class=\"wp-block-image size-large is-resized\"><img loading=\"lazy\" decoding=\"async\" width=\"768\" height=\"1024\" src=\"https:\/\/sites.uel.br\/ouvidoria\/wp-content\/uploads\/2023\/06\/WhatsApp-Image-2023-06-05-at-11.38.27-768x1024.jpeg\" alt=\"\" class=\"wp-image-218\" style=\"width:433px;height:576px\" srcset=\"https:\/\/sites.uel.br\/ouvidoria\/wp-content\/uploads\/2023\/06\/WhatsApp-Image-2023-06-05-at-11.38.27-768x1024.jpeg 768w, https:\/\/sites.uel.br\/ouvidoria\/wp-content\/uploads\/2023\/06\/WhatsApp-Image-2023-06-05-at-11.38.27-225x300.jpeg 225w, https:\/\/sites.uel.br\/ouvidoria\/wp-content\/uploads\/2023\/06\/WhatsApp-Image-2023-06-05-at-11.38.27.jpeg 960w\" sizes=\"auto, (max-width: 768px) 100vw, 768px\" \/><figcaption class=\"wp-element-caption\">Ouvidora Auxiliar do HU<\/figcaption><\/figure>\n<\/div>\n\n\n\n<div class=\"wp-block-column is-layout-flow wp-block-column-is-layout-flow\">\n<p><strong>Maur\u00eania Nielsen (Ouvidoria auxiliar &#8211; HU)<\/strong><\/p>\n\n\n\n<p>Graduada em Pedagogia pela Universidade Estadual de Londrina e especializada em Psicopedagogia Escolar e Cl\u00ednica, Educa\u00e7\u00e3o Especial, Educa\u00e7\u00e3o \u00e0 Dist\u00e2ncia e Sa\u00fade Mental; professora pedagoga, servidora p\u00fablica da Secretaria de Estado da Educa\u00e7\u00e3o do Paran\u00e1 e pedagoga na Universidade Estadual de Londrina. Seus estudos, pesquisa e experi\u00eancia profissional est\u00e3o concentrados na \u00e1rea da Educa\u00e7\u00e3o, nas modalidades do Ensino B\u00e1sico, Educa\u00e7\u00e3o Especial, Educa\u00e7\u00e3o de Jovens e Adultos, Ensino Profissionalizante, Ensino Superior e Sa\u00fade Coletiva. Atualmente exerce a fun\u00e7\u00e3o de Ouvidora auxiliar do HU.<\/p>\n<\/div>\n<\/div>\n\n\n\n<h2 class=\"wp-block-heading\">Auxiliares Administrativos<\/h2>\n\n\n\n<div class=\"wp-block-columns is-layout-flex wp-container-core-columns-is-layout-9d6595d7 wp-block-columns-is-layout-flex\">\n<div class=\"wp-block-column is-layout-flow wp-block-column-is-layout-flow\">\n<figure class=\"wp-block-image size-large is-resized\"><img loading=\"lazy\" decoding=\"async\" width=\"768\" height=\"1024\" src=\"https:\/\/sites.uel.br\/ouvidoria\/wp-content\/uploads\/2023\/06\/fbd57f96-aff2-4993-8e6e-49fe1c762007-768x1024.jpg\" alt=\"\" class=\"wp-image-239\" style=\"width:475px;height:633px\" srcset=\"https:\/\/sites.uel.br\/ouvidoria\/wp-content\/uploads\/2023\/06\/fbd57f96-aff2-4993-8e6e-49fe1c762007-768x1024.jpg 768w, https:\/\/sites.uel.br\/ouvidoria\/wp-content\/uploads\/2023\/06\/fbd57f96-aff2-4993-8e6e-49fe1c762007-225x300.jpg 225w, https:\/\/sites.uel.br\/ouvidoria\/wp-content\/uploads\/2023\/06\/fbd57f96-aff2-4993-8e6e-49fe1c762007-1152x1536.jpg 1152w, https:\/\/sites.uel.br\/ouvidoria\/wp-content\/uploads\/2023\/06\/fbd57f96-aff2-4993-8e6e-49fe1c762007.jpg 1200w\" sizes=\"auto, (max-width: 768px) 100vw, 768px\" \/><figcaption class=\"wp-element-caption\">Auxiliar Administrativo da Ouvidoria do HU <\/figcaption><\/figure>\n<\/div>\n\n\n\n<div class=\"wp-block-column is-layout-flow wp-block-column-is-layout-flow\">\n<p><strong>Simone Silva dos Reis Batista <\/strong><\/p>\n<\/div>\n<\/div>\n\n\n\n<div class=\"wp-block-columns is-layout-flex wp-container-core-columns-is-layout-9d6595d7 wp-block-columns-is-layout-flex\">\n<div class=\"wp-block-column is-layout-flow wp-block-column-is-layout-flow\"><\/div>\n\n\n\n<div class=\"wp-block-column is-layout-flow wp-block-column-is-layout-flow\">\n<p><\/p>\n<\/div>\n<\/div>\n","protected":false},"excerpt":{"rendered":"<p>Abaixo est\u00e3o listados os atuais membros da Ouvidoria da UEL. S\u00e3o eles: Antonio Edson Amaral (Ouvidoria Geral) Graduado em Ci\u00eancias Econ\u00f4micas pela Universidade Estadual de Londrina (2000). Possui especializa\u00e7\u00e3o em Economia Empresarial pela UEL (2001), mestrado em Teoria Econ\u00f4mica pela Universidade Estadual de Maring\u00e1 (2004) e doutorado em Teoria Econ\u00f4mica tamb\u00e9m pela UEM (2014), al\u00e9m [&hellip;]<\/p>\n","protected":false},"author":5,"featured_media":0,"parent":0,"menu_order":0,"comment_status":"closed","ping_status":"closed","template":"","meta":{"footnotes":""},"class_list":["post-13","page","type-page","status-publish","hentry"],"acf":[],"_links":{"self":[{"href":"https:\/\/sites.uel.br\/ouvidoria\/wp-json\/wp\/v2\/pages\/13","targetHints":{"allow":["GET"]}}],"collection":[{"href":"https:\/\/sites.uel.br\/ouvidoria\/wp-json\/wp\/v2\/pages"}],"about":[{"href":"https:\/\/sites.uel.br\/ouvidoria\/wp-json\/wp\/v2\/types\/page"}],"author":[{"embeddable":true,"href":"https:\/\/sites.uel.br\/ouvidoria\/wp-json\/wp\/v2\/users\/5"}],"replies":[{"embeddable":true,"href":"https:\/\/sites.uel.br\/ouvidoria\/wp-json\/wp\/v2\/comments?post=13"}],"version-history":[{"count":11,"href":"https:\/\/sites.uel.br\/ouvidoria\/wp-json\/wp\/v2\/pages\/13\/revisions"}],"predecessor-version":[{"id":362,"href":"https:\/\/sites.uel.br\/ouvidoria\/wp-json\/wp\/v2\/pages\/13\/revisions\/362"}],"wp:attachment":[{"href":"https:\/\/sites.uel.br\/ouvidoria\/wp-json\/wp\/v2\/media?parent=13"}],"curies":[{"name":"wp","href":"https:\/\/api.w.org\/{rel}","templated":true}]}}