{"id":100,"date":"2023-05-19T08:27:38","date_gmt":"2023-05-19T11:27:38","guid":{"rendered":"https:\/\/sites.uel.br\/ouvidoria\/?page_id=100"},"modified":"2025-03-28T15:44:12","modified_gmt":"2025-03-28T18:44:12","slug":"relatorios-anuais","status":"publish","type":"page","link":"https:\/\/sites.uel.br\/ouvidoria\/relatorios-anuais\/","title":{"rendered":"Relat\u00f3rios Anuais"},"content":{"rendered":"\n<p><a href=\"https:\/\/sites.uel.br\/ouvidoria\/wp-content\/uploads\/2025\/03\/Relatorio-Ouvidoria-2018.pdf\" target=\"_blank\" rel=\"noreferrer noopener\">Relat\u00f3rio Ouvidoria 2018<\/a><\/p>\n\n\n\n<p><a href=\"https:\/\/sites.uel.br\/ouvidoria\/wp-content\/uploads\/2023\/05\/Relatorio-Ouvidoria-2019.pdf\">Relat\u00f3rio Ouvidoria 2019<\/a><\/p>\n\n\n\n<p><a href=\"https:\/\/sites.uel.br\/ouvidoria\/wp-content\/uploads\/2023\/05\/Relatorio-Ouvidoria-2020.pdf\">Relat\u00f3rio Ouvidoria 2020<\/a><\/p>\n\n\n\n<p><a href=\"https:\/\/sites.uel.br\/ouvidoria\/wp-content\/uploads\/2023\/05\/Relatorio-Ouvidoria-2021.pdf\">Relat\u00f3rio Ouvidoria 2021<\/a><\/p>\n\n\n\n<p><a href=\"https:\/\/sites.uel.br\/ouvidoria\/wp-content\/uploads\/2023\/05\/Relatorio-Ouvidoria-2022.pdf\">Relat\u00f3rio Ouvidoria 2022<\/a><\/p>\n\n\n\n<p><a href=\"https:\/\/sites.uel.br\/ouvidoria\/wp-content\/uploads\/2024\/10\/Relatorio-Ouvidoria-2023.pdf\">Relatorio-Ouvidoria-2023<\/a><\/p>\n\n\n\n<p><a href=\"https:\/\/sites.uel.br\/ouvidoria\/wp-content\/uploads\/2025\/03\/Relatorio-Ouvidoria-2024.pdf\" target=\"_blank\" rel=\"noreferrer noopener\">Relatorio-Ouvidoria-2024<\/a><\/p>\n","protected":false},"excerpt":{"rendered":"<p>Relat\u00f3rio Ouvidoria 2018 Relat\u00f3rio Ouvidoria 2019 Relat\u00f3rio Ouvidoria 2020 Relat\u00f3rio Ouvidoria 2021 Relat\u00f3rio Ouvidoria 2022 Relatorio-Ouvidoria-2023 Relatorio-Ouvidoria-2024<\/p>\n","protected":false},"author":6,"featured_media":0,"parent":0,"menu_order":0,"comment_status":"closed","ping_status":"closed","template":"","meta":{"footnotes":""},"class_list":["post-100","page","type-page","status-publish","hentry"],"acf":[],"_links":{"self":[{"href":"https:\/\/sites.uel.br\/ouvidoria\/wp-json\/wp\/v2\/pages\/100","targetHints":{"allow":["GET"]}}],"collection":[{"href":"https:\/\/sites.uel.br\/ouvidoria\/wp-json\/wp\/v2\/pages"}],"about":[{"href":"https:\/\/sites.uel.br\/ouvidoria\/wp-json\/wp\/v2\/types\/page"}],"author":[{"embeddable":true,"href":"https:\/\/sites.uel.br\/ouvidoria\/wp-json\/wp\/v2\/users\/6"}],"replies":[{"embeddable":true,"href":"https:\/\/sites.uel.br\/ouvidoria\/wp-json\/wp\/v2\/comments?post=100"}],"version-history":[{"count":6,"href":"https:\/\/sites.uel.br\/ouvidoria\/wp-json\/wp\/v2\/pages\/100\/revisions"}],"predecessor-version":[{"id":366,"href":"https:\/\/sites.uel.br\/ouvidoria\/wp-json\/wp\/v2\/pages\/100\/revisions\/366"}],"wp:attachment":[{"href":"https:\/\/sites.uel.br\/ouvidoria\/wp-json\/wp\/v2\/media?parent=100"}],"curies":[{"name":"wp","href":"https:\/\/api.w.org\/{rel}","templated":true}]}}