{"id":89,"date":"2025-05-15T17:35:10","date_gmt":"2025-05-15T20:35:10","guid":{"rendered":"https:\/\/sites.uel.br\/nucleo-de-integridade-e-compliance\/?page_id=89"},"modified":"2025-06-03T16:21:53","modified_gmt":"2025-06-03T19:21:53","slug":"corregedoria","status":"publish","type":"page","link":"https:\/\/sites.uel.br\/nucleo-de-integridade-e-compliance\/corregedoria\/","title":{"rendered":"Corregedoria"},"content":{"rendered":"\n<div style=\"height:30px\" aria-hidden=\"true\" class=\"wp-block-spacer\"><\/div>\n\n\n\n<div class=\"wp-block-uel-card\">\n<p>A unidade de Corregedoria Interna da Universidade Estadual de Londrina tem como finalidade apurar reclama\u00e7\u00f5es e den\u00fancias relacionadas a poss\u00edveis irregularidades, decorrentes de atos ou omiss\u00f5es praticados por agentes p\u00fablicos. Sua atua\u00e7\u00e3o inclui a condu\u00e7\u00e3o de investiga\u00e7\u00f5es e a emiss\u00e3o de recomenda\u00e7\u00f5es, com o objetivo de prevenir abusos e evitar a repeti\u00e7\u00e3o de condutas inadequadas, sempre no \u00e2mbito de sua compet\u00eancia.<\/p>\n\n\n\n<p>Al\u00e9m disso, cabe \u00e0 Corregedoria interna assessorar e acompanhar os trabalhos das Comiss\u00f5es de Sindic\u00e2ncia e de Processos Administrativos Disciplinares (PADs) em todas as fases dos procedimentos. Entre suas atribui\u00e7\u00f5es, est\u00e1 a formaliza\u00e7\u00e3o da composi\u00e7\u00e3o das Comiss\u00f5es, participando da escolha e designa\u00e7\u00e3o de seus membros.<\/p>\n\n\n\n<p>A unidade tamb\u00e9m \u00e9 respons\u00e1vel por acompanhar o andamento de cada processo, prestando apoio t\u00e9cnico \u00e0s Comiss\u00f5es e realizando interven\u00e7\u00f5es administrativas sempre que necess\u00e1rio, garantindo a regularidade e a legalidade dos atos processuais.<\/p>\n<\/div>\n\n\n\n<div style=\"height:30px\" aria-hidden=\"true\" class=\"wp-block-spacer\"><\/div>\n\n\n\n<div class=\"wp-block-uel-card\">\n<p><strong>Respons\u00e1vel<\/strong><\/p>\n\n\n\n<p>Aluizio Antonio Grosso &#8211; Agente de Corregedoria Setorial<\/p>\n\n\n\n<p><strong>Contatos<\/strong><\/p>\n\n\n\n<p>Telefone: (43) 3371-4723<\/p>\n<\/div>\n\n\n\n<p><\/p>\n","protected":false},"excerpt":{"rendered":"","protected":false},"author":10,"featured_media":0,"parent":0,"menu_order":0,"comment_status":"closed","ping_status":"closed","template":"","meta":{"_acf_changed":false,"_themeisle_gutenberg_block_has_review":false,"footnotes":""},"class_list":["post-89","page","type-page","status-publish","hentry"],"acf":[],"_links":{"self":[{"href":"https:\/\/sites.uel.br\/nucleo-de-integridade-e-compliance\/wp-json\/wp\/v2\/pages\/89","targetHints":{"allow":["GET"]}}],"collection":[{"href":"https:\/\/sites.uel.br\/nucleo-de-integridade-e-compliance\/wp-json\/wp\/v2\/pages"}],"about":[{"href":"https:\/\/sites.uel.br\/nucleo-de-integridade-e-compliance\/wp-json\/wp\/v2\/types\/page"}],"author":[{"embeddable":true,"href":"https:\/\/sites.uel.br\/nucleo-de-integridade-e-compliance\/wp-json\/wp\/v2\/users\/10"}],"replies":[{"embeddable":true,"href":"https:\/\/sites.uel.br\/nucleo-de-integridade-e-compliance\/wp-json\/wp\/v2\/comments?post=89"}],"version-history":[{"count":8,"href":"https:\/\/sites.uel.br\/nucleo-de-integridade-e-compliance\/wp-json\/wp\/v2\/pages\/89\/revisions"}],"predecessor-version":[{"id":496,"href":"https:\/\/sites.uel.br\/nucleo-de-integridade-e-compliance\/wp-json\/wp\/v2\/pages\/89\/revisions\/496"}],"wp:attachment":[{"href":"https:\/\/sites.uel.br\/nucleo-de-integridade-e-compliance\/wp-json\/wp\/v2\/media?parent=89"}],"curies":[{"name":"wp","href":"https:\/\/api.w.org\/{rel}","templated":true}]}}