{"id":85,"date":"2025-05-15T17:34:31","date_gmt":"2025-05-15T20:34:31","guid":{"rendered":"https:\/\/sites.uel.br\/nucleo-de-integridade-e-compliance\/?page_id=85"},"modified":"2025-11-26T10:29:42","modified_gmt":"2025-11-26T13:29:42","slug":"auditoria","status":"publish","type":"page","link":"https:\/\/sites.uel.br\/nucleo-de-integridade-e-compliance\/auditoria\/","title":{"rendered":"Auditoria"},"content":{"rendered":"\n<div style=\"height:30px\" aria-hidden=\"true\" class=\"wp-block-spacer\"><\/div>\n\n\n\n<div class=\"wp-block-uel-card\">\n<p>A Auditoria Interna \u00e9 a unidade respons\u00e1vel por acompanhar, analisar, avaliar e validar atos e fatos administrativos, garantindo que estejam em conformidade com os princ\u00edpios constitucionais da probidade, legalidade, legitimidade, economicidade, impessoalidade e publicidade, entre outros.<\/p>\n\n\n\n<p>Sua atua\u00e7\u00e3o abrange diversas \u00e1reas da Universidade, incluindo os setores administrativo, cont\u00e1bil-financeiro, acad\u00eamico e de assist\u00eancia hospitalar, com o objetivo de fortalecer a gest\u00e3o p\u00fablica, prevenir irregularidades e promover a melhoria cont\u00ednua dos processos institucionais.<\/p>\n<\/div>\n\n\n\n<div style=\"height:30px\" aria-hidden=\"true\" class=\"wp-block-spacer\"><\/div>\n\n\n\n<div class=\"wp-block-uel-card\">\n<p><strong>Respons\u00e1vel<\/strong><\/p>\n\n\n\n<p>Sergio Hiroshi Manabe &#8211; Agente de Auditoria<\/p>\n\n\n\n<p><strong>Contatos<\/strong><\/p>\n\n\n\n<div class=\"wp-block-columns is-layout-flex wp-container-core-columns-is-layout-9d6595d7 wp-block-columns-is-layout-flex\">\n<div class=\"wp-block-column is-layout-flow wp-block-column-is-layout-flow\">\n<p>Campus<\/p>\n\n\n\n<p>Telefone: (43) 3371-5719 \u2013 3371-5784\/ 3371-4893<\/p>\n\n\n\n<p>E-mail: auditoria@uel.br<\/p>\n<\/div>\n\n\n\n<div class=\"wp-block-column is-layout-flow wp-block-column-is-layout-flow\">\n<p>Assessoria de Auditoria Interna \u2013 Hospital Universit\u00e1rio<\/p>\n\n\n\n<p>Telefone: (43) 3371-2611\/ 3371-2701<\/p>\n\n\n\n<p>E-mail: aai.hu@uel.br<\/p>\n<\/div>\n<\/div>\n\n\n\n<p class=\"has-text-align-center\"><\/p>\n<\/div>\n","protected":false},"excerpt":{"rendered":"","protected":false},"author":10,"featured_media":0,"parent":0,"menu_order":0,"comment_status":"closed","ping_status":"closed","template":"","meta":{"_acf_changed":false,"_themeisle_gutenberg_block_has_review":false,"footnotes":""},"class_list":["post-85","page","type-page","status-publish","hentry"],"acf":[],"_links":{"self":[{"href":"https:\/\/sites.uel.br\/nucleo-de-integridade-e-compliance\/wp-json\/wp\/v2\/pages\/85","targetHints":{"allow":["GET"]}}],"collection":[{"href":"https:\/\/sites.uel.br\/nucleo-de-integridade-e-compliance\/wp-json\/wp\/v2\/pages"}],"about":[{"href":"https:\/\/sites.uel.br\/nucleo-de-integridade-e-compliance\/wp-json\/wp\/v2\/types\/page"}],"author":[{"embeddable":true,"href":"https:\/\/sites.uel.br\/nucleo-de-integridade-e-compliance\/wp-json\/wp\/v2\/users\/10"}],"replies":[{"embeddable":true,"href":"https:\/\/sites.uel.br\/nucleo-de-integridade-e-compliance\/wp-json\/wp\/v2\/comments?post=85"}],"version-history":[{"count":14,"href":"https:\/\/sites.uel.br\/nucleo-de-integridade-e-compliance\/wp-json\/wp\/v2\/pages\/85\/revisions"}],"predecessor-version":[{"id":635,"href":"https:\/\/sites.uel.br\/nucleo-de-integridade-e-compliance\/wp-json\/wp\/v2\/pages\/85\/revisions\/635"}],"wp:attachment":[{"href":"https:\/\/sites.uel.br\/nucleo-de-integridade-e-compliance\/wp-json\/wp\/v2\/media?parent=85"}],"curies":[{"name":"wp","href":"https:\/\/api.w.org\/{rel}","templated":true}]}}