{"id":72,"date":"2025-05-16T13:45:47","date_gmt":"2025-05-16T16:45:47","guid":{"rendered":"https:\/\/sites.uel.br\/nucleo-de-integridade-e-compliance\/?page_id=72"},"modified":"2025-06-05T16:48:17","modified_gmt":"2025-06-05T19:48:17","slug":"compliance","status":"publish","type":"page","link":"https:\/\/sites.uel.br\/nucleo-de-integridade-e-compliance\/compliance\/","title":{"rendered":"Compliance"},"content":{"rendered":"\n<div style=\"height:30px\" aria-hidden=\"true\" class=\"wp-block-spacer\"><\/div>\n\n\n\n<div class=\"wp-block-uel-card\">\n<p>A unidade de Compliance \u00e9 respons\u00e1vel por estabelecer e acompanhar as a\u00e7\u00f5es que fazem parte do Programa de Integridade da institui\u00e7\u00e3o. Esse trabalho \u00e9 feito com base na identifica\u00e7\u00e3o de riscos, a partir de informa\u00e7\u00f5es recebidas por canais como: Ouvidoria, Controle Interno e entrevistas.<\/p>\n\n\n\n<p>O Compliance executa e acompanha o Plano de Integridade, em conjunto com a Alta Administra\u00e7\u00e3o, garantindo que todas as atividades da institui\u00e7\u00e3o estejam de acordo com as leis e com as normas internas da Universidade.<\/p>\n\n\n\n<p>O objetivo principal \u00e9 evitar falhas, irregularidades ou condutas inadequadas, promovendo um ambiente de trabalho baseado na integridade, no respeito \u00e0s regras e na responsabilidade com o servi\u00e7o p\u00fablico.<\/p>\n<\/div>\n\n\n\n<div style=\"height:30px\" aria-hidden=\"true\" class=\"wp-block-spacer\"><\/div>\n\n\n\n<div class=\"wp-block-uel-card\">\n<p><strong>Respons\u00e1vel<\/strong><\/p>\n\n\n\n<p>Mirelle Neme Buzalaf &#8211; Coordenadora do N\u00facleo e Agente de Compliance<\/p>\n\n\n\n<p><strong>Contatos<\/strong><\/p>\n\n\n\n<p>Telefone: (43) 3371-4607<\/p>\n\n\n\n<p>E-mail: compliance@uel.br<\/p>\n<\/div>\n\n\n\n<p><br><\/p>\n\n\n\n<p><\/p>\n","protected":false},"excerpt":{"rendered":"","protected":false},"author":10,"featured_media":0,"parent":0,"menu_order":0,"comment_status":"closed","ping_status":"closed","template":"","meta":{"_acf_changed":false,"_themeisle_gutenberg_block_has_review":false,"footnotes":""},"class_list":["post-72","page","type-page","status-publish","hentry"],"acf":[],"_links":{"self":[{"href":"https:\/\/sites.uel.br\/nucleo-de-integridade-e-compliance\/wp-json\/wp\/v2\/pages\/72","targetHints":{"allow":["GET"]}}],"collection":[{"href":"https:\/\/sites.uel.br\/nucleo-de-integridade-e-compliance\/wp-json\/wp\/v2\/pages"}],"about":[{"href":"https:\/\/sites.uel.br\/nucleo-de-integridade-e-compliance\/wp-json\/wp\/v2\/types\/page"}],"author":[{"embeddable":true,"href":"https:\/\/sites.uel.br\/nucleo-de-integridade-e-compliance\/wp-json\/wp\/v2\/users\/10"}],"replies":[{"embeddable":true,"href":"https:\/\/sites.uel.br\/nucleo-de-integridade-e-compliance\/wp-json\/wp\/v2\/comments?post=72"}],"version-history":[{"count":15,"href":"https:\/\/sites.uel.br\/nucleo-de-integridade-e-compliance\/wp-json\/wp\/v2\/pages\/72\/revisions"}],"predecessor-version":[{"id":546,"href":"https:\/\/sites.uel.br\/nucleo-de-integridade-e-compliance\/wp-json\/wp\/v2\/pages\/72\/revisions\/546"}],"wp:attachment":[{"href":"https:\/\/sites.uel.br\/nucleo-de-integridade-e-compliance\/wp-json\/wp\/v2\/media?parent=72"}],"curies":[{"name":"wp","href":"https:\/\/api.w.org\/{rel}","templated":true}]}}