{"id":51,"date":"2025-05-16T13:44:06","date_gmt":"2025-05-16T16:44:06","guid":{"rendered":"https:\/\/sites.uel.br\/nucleo-de-integridade-e-compliance\/?page_id=51"},"modified":"2025-06-03T16:42:19","modified_gmt":"2025-06-03T19:42:19","slug":"normas-e-legislacoes","status":"publish","type":"page","link":"https:\/\/sites.uel.br\/nucleo-de-integridade-e-compliance\/documentos\/normas-e-legislacoes\/","title":{"rendered":"Legisla\u00e7\u00f5es"},"content":{"rendered":"\n<div style=\"height:30px\" aria-hidden=\"true\" class=\"wp-block-spacer\"><\/div>\n\n\n\n<p><strong>Federal:<\/strong><\/p>\n\n\n\n<p><a href=\"https:\/\/www.legislacao.pr.gov.br\/legislacao\/pesquisarAto.do?action=exibir&amp;codAto=220833&amp;indice=1&amp;totalRegistros=1\">Lei 19.857 &#8211; 29 de Maio de 2019<\/a>: Institui o Programa de Integridade e Compliance da Administra\u00e7\u00e3o P\u00fablica Estadual e d\u00e1 outras provid\u00eancias.<\/p>\n\n\n\n<p><a href=\"http:\/\/www.planalto.gov.br\/ccivil_03\/Leis\/LCP\/Lcp101.htm\" target=\"_blank\" rel=\"noreferrer noopener\">Lei Complementar n\u00ba 101 &#8211;  04 de Maio de 2000<\/a>: Estabelece normas de finan\u00e7as p\u00fablicas voltadas para a responsabilidade na gest\u00e3o fiscal e d\u00e1 outras provid\u00eancias.<\/p>\n\n\n\n<p><a href=\"http:\/\/www.planalto.gov.br\/ccivil_03\/Leis\/L9394.htm\" target=\"_blank\" rel=\"noreferrer noopener\">Lei n\u00ba 9.394 &#8211; 20 de Dezembro de 1996<\/a>: Estabelece as diretrizes e bases da educa\u00e7\u00e3o nacional.<\/p>\n\n\n\n<p><a href=\"http:\/\/www.planalto.gov.br\/ccivil_03\/Leis\/L8429.htm\" target=\"_blank\" rel=\"noreferrer noopener\">Lei n\u00ba 8.429 &#8211; 02 de Junho de 1992<\/a>: Disp\u00f5e sobre as san\u00e7\u00f5es aplic\u00e1veis em virtude da pr\u00e1tica de atos de improbidade administrativa, de que trata o \u00a7 4\u00ba do art. 37 da Constitui\u00e7\u00e3o Federal; e d\u00e1 outras provid\u00eancias.&nbsp;<\/p>\n\n\n\n<p><a href=\"http:\/\/www.planalto.gov.br\/ccivil_03\/Leis\/L4320.htm\" target=\"_blank\" rel=\"noreferrer noopener\">Lei n\u00ba 4.320 &#8211; 17 de Mar\u00e7o de 1964<\/a>: Estatui Normas Gerais de Direito Financeiro para elabora\u00e7\u00e3o e contr\u00f4le dos or\u00e7amentos e balan\u00e7os da Uni\u00e3o, dos Estados, dos Munic\u00edpios e do Distrito Federal.<\/p>\n\n\n\n<div style=\"height:30px\" aria-hidden=\"true\" class=\"wp-block-spacer\"><\/div>\n\n\n\n<p><strong>Estadual<\/strong><\/p>\n\n\n\n<p><a href=\"http:\/\/www.legislacao.pr.gov.br\/legislacao\/listarAtosAno.do?action=exibir&amp;codAto=108391&amp;indice=4&amp;totalRegistros=449&amp;anoSpan=2014&amp;anoSelecionado=2013&amp;mesSelecionado=0&amp;isPaginado=true\" target=\"_blank\" rel=\"noreferrer noopener\">Lei n\u00ba 17745\/13 &#8211; Cria\u00e7\u00e3o da Controladoria Geral do Estado &#8211; CGE<\/a>: Cria a Controladoria-Geral do Estado.<\/p>\n\n\n\n<p><a href=\"http:\/\/www.legislacao.pr.gov.br\/legislacao\/listarAtosAno.do?action=exibir&amp;codAto=5844&amp;indice=4&amp;anoSpan=2011&amp;anoSelecionado=2007&amp;isPaginado=true\" target=\"_blank\" rel=\"noreferrer noopener\">Lei n\u00ba 15608\/07 &#8211; Normas e princ\u00edpios da licita\u00e7\u00e3o e contrata\u00e7\u00e3o<\/a>: Estabelece normas sobre licita\u00e7\u00f5es, contratos administrativos e conv\u00eanios no \u00e2mbito dos Poderes do Estado do Paran\u00e1.<\/p>\n\n\n\n<p><a href=\"http:\/\/www.legislacao.pr.gov.br\/legislacao\/listarAtosAno.do?action=exibir&amp;codAto=7482&amp;indice=1&amp;anoSpan=2010&amp;anoSelecionado=2005&amp;isPaginado=true\" target=\"_blank\" rel=\"noreferrer noopener\">Lei Complementar n\u00ba 113\/05 &#8211; Lei Org\u00e2nica do Tribunal de Contas do Paran\u00e1<\/a>: Disp\u00f5e sobre a &#8220;Lei Org\u00e2nica do Tribunal de Contas do Estado do Paran\u00e1&#8221;.<\/p>\n\n\n\n<p><a href=\"http:\/\/www.legislacao.pr.gov.br\/legislacao\/listarAtosAno.do?action=exibir&amp;codAto=10297&amp;indice=1&amp;anoSpan=1971&amp;anoSelecionado=1970&amp;isPaginado=true\" target=\"_blank\" rel=\"noreferrer noopener\">Lei n\u00ba 6.174\/70 &#8211; Estatuto Servidores P\u00fablicos do Estado do Paran\u00e1<\/a>: Estabelece o regime jur\u00eddico dos funcion\u00e1rios civis do Poder Executivo do Estado do Paran\u00e1.<\/p>\n\n\n\n<p><a href=\"http:\/\/www.legislacao.pr.gov.br\/legislacao\/listarAtosAno.do?action=exibir&amp;codAto=2168&amp;indice=4&amp;anoSpan=2011&amp;anoSelecionado=2005&amp;isPaginado=true\" target=\"_blank\" rel=\"noreferrer noopener\">Lei 14825\/05 &#8211; Regime trabalho &#8211; Parcial, Tempo Integral&nbsp;ou TIDE<\/a>: Altera dispositivos da Lei n\u00ba 11.713\/97 e adota outras provid\u00eancias pertinente aos integrantes do MAGIST\u00c9RIO DO ENSINO SUPERIOR.<\/p>\n\n\n\n<div style=\"height:30px\" aria-hidden=\"true\" class=\"wp-block-spacer\"><\/div>\n\n\n\n<p><strong>Resolu\u00e7\u00e3o<\/strong><\/p>\n\n\n\n<p><a href=\"https:\/\/sites.uel.br\/ouvidoria\/wp-content\/uploads\/2025\/03\/Resolucao-CGE-55-10-de-Novembro-de-2021-Especifica-a-composicao-as-diretrizes-e-as-competencias-institucionais-do-Nucleo-de-Integridade-e-Compliance.pdf\">Resolu\u00e7\u00e3o CGE 55\/2021<\/a>: Especifica a composi\u00e7\u00e3o, as diretrizes e as compet\u00eancias institucionais do N\u00facleo de Integridade e Compliance Setorial dos \u00f3rg\u00e3os e entidades do Poder Executivo Estadual e explicita as atribui\u00e7\u00f5es e veda\u00e7\u00f5es aplic\u00e1veis aos servidores no exerc\u00edcio das fun\u00e7\u00f5es desenvolvidas junto ao N\u00facleo.<\/p>\n\n\n\n<div style=\"height:30px\" aria-hidden=\"true\" class=\"wp-block-spacer\"><\/div>\n\n\n\n<p><strong>Universidade Estadual de Londrina<\/strong><\/p>\n\n\n\n<p><a href=\"https:\/\/sistemas.uel.br\/files\/atonormativo\/ATO-EXECUTIVO\/2022\/13.pdf\">Ato  Executivo 13\/2022<\/a>: Cria o N\u00daCLEO DE INTEGRIDADE E COMPLIANCE da Universidade Estadual de Londrina e estabelece a composi\u00e7\u00e3o pr\u00f3 tempere.<\/p>\n\n\n\n<p><a href=\"https:\/\/sites.uel.br\/ouvidoria\/wp-content\/uploads\/2025\/03\/Regimento_Reitoria.pdf\">Regimento da Reitoria &#8211; 2018<\/a><\/p>\n","protected":false},"excerpt":{"rendered":"<p>Federal: Lei 19.857 &#8211; 29 de Maio de 2019: Institui o Programa de Integridade e Compliance da Administra\u00e7\u00e3o P\u00fablica Estadual e d\u00e1 outras provid\u00eancias. Lei Complementar n\u00ba 101 &#8211; 04 de Maio de 2000: Estabelece normas de finan\u00e7as p\u00fablicas voltadas para a responsabilidade na gest\u00e3o fiscal e d\u00e1 outras provid\u00eancias. Lei n\u00ba 9.394 &#8211; 20 [&hellip;]<\/p>\n","protected":false},"author":10,"featured_media":0,"parent":41,"menu_order":0,"comment_status":"closed","ping_status":"closed","template":"","meta":{"_acf_changed":false,"_themeisle_gutenberg_block_has_review":false,"footnotes":""},"class_list":["post-51","page","type-page","status-publish","hentry"],"acf":[],"_links":{"self":[{"href":"https:\/\/sites.uel.br\/nucleo-de-integridade-e-compliance\/wp-json\/wp\/v2\/pages\/51","targetHints":{"allow":["GET"]}}],"collection":[{"href":"https:\/\/sites.uel.br\/nucleo-de-integridade-e-compliance\/wp-json\/wp\/v2\/pages"}],"about":[{"href":"https:\/\/sites.uel.br\/nucleo-de-integridade-e-compliance\/wp-json\/wp\/v2\/types\/page"}],"author":[{"embeddable":true,"href":"https:\/\/sites.uel.br\/nucleo-de-integridade-e-compliance\/wp-json\/wp\/v2\/users\/10"}],"replies":[{"embeddable":true,"href":"https:\/\/sites.uel.br\/nucleo-de-integridade-e-compliance\/wp-json\/wp\/v2\/comments?post=51"}],"version-history":[{"count":21,"href":"https:\/\/sites.uel.br\/nucleo-de-integridade-e-compliance\/wp-json\/wp\/v2\/pages\/51\/revisions"}],"predecessor-version":[{"id":520,"href":"https:\/\/sites.uel.br\/nucleo-de-integridade-e-compliance\/wp-json\/wp\/v2\/pages\/51\/revisions\/520"}],"up":[{"embeddable":true,"href":"https:\/\/sites.uel.br\/nucleo-de-integridade-e-compliance\/wp-json\/wp\/v2\/pages\/41"}],"wp:attachment":[{"href":"https:\/\/sites.uel.br\/nucleo-de-integridade-e-compliance\/wp-json\/wp\/v2\/media?parent=51"}],"curies":[{"name":"wp","href":"https:\/\/api.w.org\/{rel}","templated":true}]}}