{"id":403,"date":"2025-05-28T15:18:46","date_gmt":"2025-05-28T18:18:46","guid":{"rendered":"https:\/\/sites.uel.br\/nucleo-de-integridade-e-compliance\/?page_id=403"},"modified":"2025-06-03T16:42:54","modified_gmt":"2025-06-03T19:42:54","slug":"resolucoes","status":"publish","type":"page","link":"https:\/\/sites.uel.br\/nucleo-de-integridade-e-compliance\/documentos\/resolucoes\/","title":{"rendered":"Resolu\u00e7\u00f5es"},"content":{"rendered":"\n<div style=\"height:30px\" aria-hidden=\"true\" class=\"wp-block-spacer\"><\/div>\n\n\n\n<p><a href=\"https:\/\/sites.uel.br\/ouvidoria\/wp-content\/uploads\/2025\/03\/Regimento_Reitoria.pdf\" target=\"_blank\" rel=\"noreferrer noopener\"><strong>Regimento da Reitoria<\/strong><\/a><\/p>\n\n\n\n<p><a href=\"https:\/\/sites.uel.br\/ouvidoria\/wp-content\/uploads\/2025\/03\/Resolucao-CGE-55-10-de-Novembro-de-2021-Especifica-a-composicao-as-diretrizes-e-as-competencias-institucionais-do-Nucleo-de-Integridade-e-Compliance.pdf\" target=\"_blank\" rel=\"noreferrer noopener\"><strong>Resolu\u00e7\u00e3o CGE 55 \u2013 10 de Novembro de 2021<\/strong><\/a>: Especifica a composi\u00e7\u00e3o, as diretrizes e as compet\u00eancias institucionais do N\u00facleo de Integridade e Compliance Setorial dos \u00f3rg\u00e3os e entidades do Poder Executivo Estadual e explicita as atribui\u00e7\u00f5es e veda\u00e7\u00f5es aplic\u00e1veis aos servidores no exerc\u00edcio das fun\u00e7\u00f5es desenvolvidas junto ao N\u00facleo.\u00a0<br><\/p>\n","protected":false},"excerpt":{"rendered":"<p>Regimento da Reitoria Resolu\u00e7\u00e3o CGE 55 \u2013 10 de Novembro de 2021: Especifica a composi\u00e7\u00e3o, as diretrizes e as compet\u00eancias institucionais do N\u00facleo de Integridade e Compliance Setorial dos \u00f3rg\u00e3os e entidades do Poder Executivo Estadual e explicita as atribui\u00e7\u00f5es e veda\u00e7\u00f5es aplic\u00e1veis aos servidores no exerc\u00edcio das fun\u00e7\u00f5es desenvolvidas junto ao N\u00facleo.\u00a0<\/p>\n","protected":false},"author":9,"featured_media":0,"parent":41,"menu_order":0,"comment_status":"closed","ping_status":"closed","template":"","meta":{"_acf_changed":false,"_themeisle_gutenberg_block_has_review":false,"footnotes":""},"class_list":["post-403","page","type-page","status-publish","hentry"],"acf":[],"_links":{"self":[{"href":"https:\/\/sites.uel.br\/nucleo-de-integridade-e-compliance\/wp-json\/wp\/v2\/pages\/403","targetHints":{"allow":["GET"]}}],"collection":[{"href":"https:\/\/sites.uel.br\/nucleo-de-integridade-e-compliance\/wp-json\/wp\/v2\/pages"}],"about":[{"href":"https:\/\/sites.uel.br\/nucleo-de-integridade-e-compliance\/wp-json\/wp\/v2\/types\/page"}],"author":[{"embeddable":true,"href":"https:\/\/sites.uel.br\/nucleo-de-integridade-e-compliance\/wp-json\/wp\/v2\/users\/9"}],"replies":[{"embeddable":true,"href":"https:\/\/sites.uel.br\/nucleo-de-integridade-e-compliance\/wp-json\/wp\/v2\/comments?post=403"}],"version-history":[{"count":4,"href":"https:\/\/sites.uel.br\/nucleo-de-integridade-e-compliance\/wp-json\/wp\/v2\/pages\/403\/revisions"}],"predecessor-version":[{"id":522,"href":"https:\/\/sites.uel.br\/nucleo-de-integridade-e-compliance\/wp-json\/wp\/v2\/pages\/403\/revisions\/522"}],"up":[{"embeddable":true,"href":"https:\/\/sites.uel.br\/nucleo-de-integridade-e-compliance\/wp-json\/wp\/v2\/pages\/41"}],"wp:attachment":[{"href":"https:\/\/sites.uel.br\/nucleo-de-integridade-e-compliance\/wp-json\/wp\/v2\/media?parent=403"}],"curies":[{"name":"wp","href":"https:\/\/api.w.org\/{rel}","templated":true}]}}