{"id":205,"date":"2025-05-21T16:13:44","date_gmt":"2025-05-21T19:13:44","guid":{"rendered":"https:\/\/sites.uel.br\/nucleo-de-integridade-e-compliance\/?page_id=205"},"modified":"2025-11-05T16:33:43","modified_gmt":"2025-11-05T19:33:43","slug":"equipe","status":"publish","type":"page","link":"https:\/\/sites.uel.br\/nucleo-de-integridade-e-compliance\/apresentacao\/equipe\/","title":{"rendered":"Equipe"},"content":{"rendered":"\n<div style=\"height:30px\" aria-hidden=\"true\" class=\"wp-block-spacer\"><\/div>\n\n\n\n<div class=\"wp-block-columns is-layout-flex wp-container-core-columns-is-layout-9d6595d7 wp-block-columns-is-layout-flex\">\n<div class=\"wp-block-column is-layout-flow wp-block-column-is-layout-flow\">\n<p><strong>Auditoria<\/strong><\/p>\n\n\n\n<div class=\"wp-block-group is-nowrap is-layout-flex wp-container-core-group-is-layout-ad2f72ca wp-block-group-is-layout-flex\">\n<figure class=\"wp-block-image size-full is-resized\"><img loading=\"lazy\" decoding=\"async\" width=\"578\" height=\"691\" src=\"https:\/\/sites.uel.br\/nucleo-de-integridade-e-compliance\/wp-content\/uploads\/2025\/06\/Sergio-hiroshi_Auditoria.png\" alt=\"\" class=\"wp-image-560\" style=\"aspect-ratio:1;object-fit:cover;width:150px\" srcset=\"https:\/\/sites.uel.br\/nucleo-de-integridade-e-compliance\/wp-content\/uploads\/2025\/06\/Sergio-hiroshi_Auditoria.png 578w, https:\/\/sites.uel.br\/nucleo-de-integridade-e-compliance\/wp-content\/uploads\/2025\/06\/Sergio-hiroshi_Auditoria-251x300.png 251w\" sizes=\"auto, (max-width: 578px) 100vw, 578px\" \/><\/figure>\n\n\n\n<p><strong>S\u00e9rgio Hiroshi Manabe<\/strong><br>Agente de Auditoria Interna<br><a href=\"https:\/\/sistemas.uel.br\/files\/atonormativo\/PORTARIA\/2018\/3007.pdf\" target=\"_blank\" rel=\"noreferrer noopener\">Portaria de Nomea\u00e7\u00e3o n\u00b0 3007\/2018<\/a><\/p>\n<\/div>\n\n\n\n<div style=\"height:30px\" aria-hidden=\"true\" class=\"wp-block-spacer\"><\/div>\n\n\n\n<p><strong>Concilia\u00e7\u00e3o<\/strong><\/p>\n\n\n<div class=\"wp-block-image\">\n<figure class=\"alignleft size-full is-resized\"><img loading=\"lazy\" decoding=\"async\" width=\"1024\" height=\"1024\" src=\"https:\/\/sites.uel.br\/nucleo-de-integridade-e-compliance\/wp-content\/uploads\/2025\/11\/silvia-tacla.jpeg\" alt=\"\" class=\"wp-image-620\" style=\"aspect-ratio:1;object-fit:cover;width:150px\" srcset=\"https:\/\/sites.uel.br\/nucleo-de-integridade-e-compliance\/wp-content\/uploads\/2025\/11\/silvia-tacla.jpeg 1024w, https:\/\/sites.uel.br\/nucleo-de-integridade-e-compliance\/wp-content\/uploads\/2025\/11\/silvia-tacla-300x300.jpeg 300w, https:\/\/sites.uel.br\/nucleo-de-integridade-e-compliance\/wp-content\/uploads\/2025\/11\/silvia-tacla-150x150.jpeg 150w, https:\/\/sites.uel.br\/nucleo-de-integridade-e-compliance\/wp-content\/uploads\/2025\/11\/silvia-tacla-768x768.jpeg 768w\" sizes=\"auto, (max-width: 1024px) 100vw, 1024px\" \/><\/figure>\n<\/div>\n\n\n<p><strong>Silvia Regina Tacla<\/strong><br>Agente de Concilia\u00e7\u00e3o<\/p>\n\n\n\n<div style=\"height:30px\" aria-hidden=\"true\" class=\"wp-block-spacer\"><\/div>\n\n\n\n<p><strong>Corregedoria<\/strong><\/p>\n\n\n<div class=\"wp-block-image\">\n<figure class=\"alignleft size-large is-resized\"><img loading=\"lazy\" decoding=\"async\" width=\"680\" height=\"1024\" src=\"https:\/\/sites.uel.br\/nucleo-de-integridade-e-compliance\/wp-content\/uploads\/2025\/06\/Aluizio-Antonio-Grosso-2-680x1024.jpg\" alt=\"\" class=\"wp-image-567\" style=\"aspect-ratio:1;object-fit:cover;width:150px\" srcset=\"https:\/\/sites.uel.br\/nucleo-de-integridade-e-compliance\/wp-content\/uploads\/2025\/06\/Aluizio-Antonio-Grosso-2-680x1024.jpg 680w, https:\/\/sites.uel.br\/nucleo-de-integridade-e-compliance\/wp-content\/uploads\/2025\/06\/Aluizio-Antonio-Grosso-2-199x300.jpg 199w, https:\/\/sites.uel.br\/nucleo-de-integridade-e-compliance\/wp-content\/uploads\/2025\/06\/Aluizio-Antonio-Grosso-2-768x1156.jpg 768w, https:\/\/sites.uel.br\/nucleo-de-integridade-e-compliance\/wp-content\/uploads\/2025\/06\/Aluizio-Antonio-Grosso-2-1020x1536.jpg 1020w, https:\/\/sites.uel.br\/nucleo-de-integridade-e-compliance\/wp-content\/uploads\/2025\/06\/Aluizio-Antonio-Grosso-2-1360x2048.jpg 1360w, https:\/\/sites.uel.br\/nucleo-de-integridade-e-compliance\/wp-content\/uploads\/2025\/06\/Aluizio-Antonio-Grosso-2.jpg 1488w\" sizes=\"auto, (max-width: 680px) 100vw, 680px\" \/><\/figure>\n<\/div>\n\n\n<p><strong>Alu\u00edzio Ant\u00f3nio Grosso<\/strong><br>Agente de Corregedoria\u00a0<br><a href=\"https:\/\/sistemas.uel.br\/files\/atonormativo\/PORTARIA\/2022\/3867.pdf\" target=\"_blank\" rel=\"noreferrer noopener\">Portaria de Nomea\u00e7\u00e3o n\u00b0 3867\/2022<\/a><\/p>\n\n\n\n<div style=\"height:30px\" aria-hidden=\"true\" class=\"wp-block-spacer\"><\/div>\n\n\n\n<p><strong>Transpar\u00eancia<\/strong><\/p>\n\n\n\n<div class=\"wp-block-group is-nowrap is-layout-flex wp-container-core-group-is-layout-64989fb1 wp-block-group-is-layout-flex\">\n<figure class=\"wp-block-image size-large is-resized\"><img loading=\"lazy\" decoding=\"async\" width=\"1024\" height=\"682\" src=\"https:\/\/sites.uel.br\/nucleo-de-integridade-e-compliance\/wp-content\/uploads\/2025\/06\/Decio-Sabbatini-27092021-9-1024x682.jpg\" alt=\"\" class=\"wp-image-571\" style=\"aspect-ratio:1;object-fit:cover;width:150px\" srcset=\"https:\/\/sites.uel.br\/nucleo-de-integridade-e-compliance\/wp-content\/uploads\/2025\/06\/Decio-Sabbatini-27092021-9-1024x682.jpg 1024w, https:\/\/sites.uel.br\/nucleo-de-integridade-e-compliance\/wp-content\/uploads\/2025\/06\/Decio-Sabbatini-27092021-9-300x200.jpg 300w, https:\/\/sites.uel.br\/nucleo-de-integridade-e-compliance\/wp-content\/uploads\/2025\/06\/Decio-Sabbatini-27092021-9-768x511.jpg 768w, https:\/\/sites.uel.br\/nucleo-de-integridade-e-compliance\/wp-content\/uploads\/2025\/06\/Decio-Sabbatini-27092021-9-1536x1023.jpg 1536w, https:\/\/sites.uel.br\/nucleo-de-integridade-e-compliance\/wp-content\/uploads\/2025\/06\/Decio-Sabbatini-27092021-9-2048x1364.jpg 2048w\" sizes=\"auto, (max-width: 1024px) 100vw, 1024px\" \/><\/figure>\n\n\n\n<p><strong>D\u00e9cio Sabbatini Barbosa<\/strong><br>Agente de Transpar\u00eancia\u00a0\u00a0<br><a href=\"https:\/\/sistemas.uel.br\/files\/atonormativo\/PORTARIA\/2022\/2353.pdf\" target=\"_blank\" rel=\"noreferrer noopener\">Portaria de Nomea\u00e7\u00e3o n\u00b0\u00a02353\/2022<\/a><\/p>\n<\/div>\n\n\n\n<div style=\"height:30px\" aria-hidden=\"true\" class=\"wp-block-spacer\"><\/div>\n<\/div>\n\n\n\n<div class=\"wp-block-column is-layout-flow wp-block-column-is-layout-flow\">\n<p><strong>Compliance<\/strong><\/p>\n\n\n<div class=\"wp-block-image\">\n<figure class=\"alignleft size-full is-resized\"><img loading=\"lazy\" decoding=\"async\" width=\"1080\" height=\"1269\" src=\"https:\/\/sites.uel.br\/nucleo-de-integridade-e-compliance\/wp-content\/uploads\/2025\/11\/mirelle-neme.jpeg\" alt=\"\" class=\"wp-image-617\" style=\"aspect-ratio:1;object-fit:cover;width:150px\" srcset=\"https:\/\/sites.uel.br\/nucleo-de-integridade-e-compliance\/wp-content\/uploads\/2025\/11\/mirelle-neme.jpeg 1080w, https:\/\/sites.uel.br\/nucleo-de-integridade-e-compliance\/wp-content\/uploads\/2025\/11\/mirelle-neme-255x300.jpeg 255w, https:\/\/sites.uel.br\/nucleo-de-integridade-e-compliance\/wp-content\/uploads\/2025\/11\/mirelle-neme-871x1024.jpeg 871w, https:\/\/sites.uel.br\/nucleo-de-integridade-e-compliance\/wp-content\/uploads\/2025\/11\/mirelle-neme-768x902.jpeg 768w\" sizes=\"auto, (max-width: 1080px) 100vw, 1080px\" \/><\/figure>\n<\/div>\n\n\n<p><strong>Mirelle Neme Buzalaf<\/strong><br>Coordenadora do N\u00facleo e Agente de Compliance\u00a0<br><a href=\"https:\/\/sistemas.uel.br\/files\/atonormativo\/PORTARIA\/2022\/1981.pdf\" target=\"_blank\" rel=\"noreferrer noopener\">Portaria de Nomea\u00e7\u00e3o n\u00b0 1981\/2022<\/a><\/p>\n\n\n\n<div style=\"height:30px\" aria-hidden=\"true\" class=\"wp-block-spacer\"><\/div>\n\n\n\n<p><strong>Controle Interno<\/strong><\/p>\n\n\n<div class=\"wp-block-image\">\n<figure class=\"alignleft size-large is-resized\"><img loading=\"lazy\" decoding=\"async\" width=\"1024\" height=\"768\" src=\"https:\/\/sites.uel.br\/nucleo-de-integridade-e-compliance\/wp-content\/uploads\/2025\/06\/Adao-Aparecido-Brasilino_Controle-Interno-1-1024x768.webp\" alt=\"\" class=\"wp-image-565\" style=\"aspect-ratio:1;object-fit:cover;width:150px\" srcset=\"https:\/\/sites.uel.br\/nucleo-de-integridade-e-compliance\/wp-content\/uploads\/2025\/06\/Adao-Aparecido-Brasilino_Controle-Interno-1-1024x768.webp 1024w, https:\/\/sites.uel.br\/nucleo-de-integridade-e-compliance\/wp-content\/uploads\/2025\/06\/Adao-Aparecido-Brasilino_Controle-Interno-1-300x225.webp 300w, https:\/\/sites.uel.br\/nucleo-de-integridade-e-compliance\/wp-content\/uploads\/2025\/06\/Adao-Aparecido-Brasilino_Controle-Interno-1-768x576.webp 768w, https:\/\/sites.uel.br\/nucleo-de-integridade-e-compliance\/wp-content\/uploads\/2025\/06\/Adao-Aparecido-Brasilino_Controle-Interno-1.webp 1536w\" sizes=\"auto, (max-width: 1024px) 100vw, 1024px\" \/><\/figure>\n<\/div>\n\n\n<p><strong>Ad\u00e3o Aparecido Brasilino<\/strong><br>Agente de Controle Interno\u00a0<br><a href=\"https:\/\/sistemas.uel.br\/files\/atonormativo\/PORTARIA\/2022\/2189.pdf\">Portaria de Nomea\u00e7\u00e3o n\u00b0 2189\/2022<\/a><\/p>\n\n\n\n<div style=\"height:30px\" aria-hidden=\"true\" class=\"wp-block-spacer\"><\/div>\n\n\n\n<p><strong>Ouvidoria<\/strong><\/p>\n\n\n\n<div class=\"wp-block-group is-nowrap is-layout-flex wp-container-core-group-is-layout-64989fb1 wp-block-group-is-layout-flex\">\n<figure class=\"wp-block-image size-full is-resized\"><img loading=\"lazy\" decoding=\"async\" width=\"288\" height=\"339\" src=\"https:\/\/sites.uel.br\/nucleo-de-integridade-e-compliance\/wp-content\/uploads\/2025\/06\/ANTONIO-EDSON-AMARAL_OUVIDORIA.png\" alt=\"\" class=\"wp-image-568\" style=\"aspect-ratio:1;object-fit:cover;width:150px\" srcset=\"https:\/\/sites.uel.br\/nucleo-de-integridade-e-compliance\/wp-content\/uploads\/2025\/06\/ANTONIO-EDSON-AMARAL_OUVIDORIA.png 288w, https:\/\/sites.uel.br\/nucleo-de-integridade-e-compliance\/wp-content\/uploads\/2025\/06\/ANTONIO-EDSON-AMARAL_OUVIDORIA-255x300.png 255w\" sizes=\"auto, (max-width: 288px) 100vw, 288px\" \/><\/figure>\n\n\n\n<p><strong>Antonio Edson Amaral<\/strong><br>Agente de Ouvidoria<br><a href=\"https:\/\/sistemas.uel.br\/files\/atonormativo\/PORTARIA\/2022\/1966.pdf\">Portaria de Nomea\u00e7\u00e3o n\u00b0 1966\/2022<\/a><\/p>\n<\/div>\n\n\n\n<div style=\"height:30px\" aria-hidden=\"true\" class=\"wp-block-spacer\"><\/div>\n\n\n\n<p><strong>Prote\u00e7\u00e3o de Dados<\/strong><\/p>\n\n\n<div class=\"wp-block-image\">\n<figure class=\"alignleft size-full is-resized\"><img loading=\"lazy\" decoding=\"async\" width=\"667\" height=\"667\" src=\"https:\/\/sites.uel.br\/nucleo-de-integridade-e-compliance\/wp-content\/uploads\/2025\/06\/lisiane-freitas-de-freitas_Protecao-de-Dados.png\" alt=\"\" class=\"wp-image-572\" style=\"aspect-ratio:1;object-fit:cover;width:150px\" srcset=\"https:\/\/sites.uel.br\/nucleo-de-integridade-e-compliance\/wp-content\/uploads\/2025\/06\/lisiane-freitas-de-freitas_Protecao-de-Dados.png 667w, https:\/\/sites.uel.br\/nucleo-de-integridade-e-compliance\/wp-content\/uploads\/2025\/06\/lisiane-freitas-de-freitas_Protecao-de-Dados-300x300.png 300w, https:\/\/sites.uel.br\/nucleo-de-integridade-e-compliance\/wp-content\/uploads\/2025\/06\/lisiane-freitas-de-freitas_Protecao-de-Dados-150x150.png 150w\" sizes=\"auto, (max-width: 667px) 100vw, 667px\" \/><\/figure>\n<\/div>\n\n\n<p><strong>Lisiane Freitas de Freitas<\/strong><br>Encarregada de Dados Pessoais<br><a href=\"https:\/\/sites.uel.br\/lgpd\/wp-content\/uploads\/2023\/05\/portaria_dpo.pdf\" target=\"_blank\" rel=\"noreferrer noopener\">Portaria de Nomea\u00e7\u00e3o n\u00ba 1223\/2022<\/a><\/p>\n<\/div>\n<\/div>\n\n\n\n<p><br><\/p>\n","protected":false},"excerpt":{"rendered":"<p>Auditoria S\u00e9rgio Hiroshi ManabeAgente de Auditoria InternaPortaria de Nomea\u00e7\u00e3o n\u00b0 3007\/2018 Concilia\u00e7\u00e3o Silvia Regina TaclaAgente de Concilia\u00e7\u00e3o Corregedoria Alu\u00edzio Ant\u00f3nio GrossoAgente de Corregedoria\u00a0Portaria de Nomea\u00e7\u00e3o n\u00b0 3867\/2022 Transpar\u00eancia D\u00e9cio Sabbatini BarbosaAgente de Transpar\u00eancia\u00a0\u00a0Portaria de Nomea\u00e7\u00e3o n\u00b0\u00a02353\/2022 Compliance Mirelle Neme BuzalafCoordenadora do N\u00facleo e Agente de Compliance\u00a0Portaria de Nomea\u00e7\u00e3o n\u00b0 1981\/2022 Controle Interno Ad\u00e3o Aparecido BrasilinoAgente [&hellip;]<\/p>\n","protected":false},"author":10,"featured_media":0,"parent":14,"menu_order":0,"comment_status":"closed","ping_status":"closed","template":"","meta":{"_acf_changed":false,"_themeisle_gutenberg_block_has_review":false,"footnotes":""},"class_list":["post-205","page","type-page","status-publish","hentry"],"acf":[],"_links":{"self":[{"href":"https:\/\/sites.uel.br\/nucleo-de-integridade-e-compliance\/wp-json\/wp\/v2\/pages\/205","targetHints":{"allow":["GET"]}}],"collection":[{"href":"https:\/\/sites.uel.br\/nucleo-de-integridade-e-compliance\/wp-json\/wp\/v2\/pages"}],"about":[{"href":"https:\/\/sites.uel.br\/nucleo-de-integridade-e-compliance\/wp-json\/wp\/v2\/types\/page"}],"author":[{"embeddable":true,"href":"https:\/\/sites.uel.br\/nucleo-de-integridade-e-compliance\/wp-json\/wp\/v2\/users\/10"}],"replies":[{"embeddable":true,"href":"https:\/\/sites.uel.br\/nucleo-de-integridade-e-compliance\/wp-json\/wp\/v2\/comments?post=205"}],"version-history":[{"count":34,"href":"https:\/\/sites.uel.br\/nucleo-de-integridade-e-compliance\/wp-json\/wp\/v2\/pages\/205\/revisions"}],"predecessor-version":[{"id":624,"href":"https:\/\/sites.uel.br\/nucleo-de-integridade-e-compliance\/wp-json\/wp\/v2\/pages\/205\/revisions\/624"}],"up":[{"embeddable":true,"href":"https:\/\/sites.uel.br\/nucleo-de-integridade-e-compliance\/wp-json\/wp\/v2\/pages\/14"}],"wp:attachment":[{"href":"https:\/\/sites.uel.br\/nucleo-de-integridade-e-compliance\/wp-json\/wp\/v2\/media?parent=205"}],"curies":[{"name":"wp","href":"https:\/\/api.w.org\/{rel}","templated":true}]}}