{"id":17,"date":"2025-05-16T13:42:39","date_gmt":"2025-05-16T16:42:39","guid":{"rendered":"https:\/\/sites.uel.br\/nucleo-de-integridade-e-compliance\/?page_id=17"},"modified":"2025-06-05T16:43:41","modified_gmt":"2025-06-05T19:43:41","slug":"canais-de-atendimento","status":"publish","type":"page","link":"https:\/\/sites.uel.br\/nucleo-de-integridade-e-compliance\/canais-de-atendimento\/","title":{"rendered":"Canais de Atendimento"},"content":{"rendered":"\n<div style=\"height:30px\" aria-hidden=\"true\" class=\"wp-block-spacer\"><\/div>\n\n\n\n<div class=\"wp-block-columns is-layout-flex wp-container-core-columns-is-layout-9d6595d7 wp-block-columns-is-layout-flex\">\n<div class=\"wp-block-column is-layout-flow wp-block-column-is-layout-flow\">\n<p><strong>Auditoria<\/strong><br>Campus<br>Telefone: (43) 3371-5719 \u2013 3371-5784\/ 3371-4893<br>E-mail: auditoria@uel.br<\/p>\n\n\n\n<p>Assessoria de Auditoria Interna \u2013 Hospital Universit\u00e1rio<br>Telefone: (43) 3371-2611\/ 3371-2701<br>E-mail: aai.hu@uel.br<\/p>\n\n\n\n<div style=\"height:30px\" aria-hidden=\"true\" class=\"wp-block-spacer\"><\/div>\n\n\n\n<p><strong>Concilia\u00e7\u00e3o<\/strong><\/p>\n\n\n\n<p>Telefone: (43) 3371-4607<\/p>\n\n\n\n<div style=\"height:30px\" aria-hidden=\"true\" class=\"wp-block-spacer\"><\/div>\n\n\n\n<p><strong>Ouvidoria<\/strong><\/p>\n\n\n\n<p>Fone: (43) 3371-4405<br>E-mail: ouvidoria@uel.br<\/p>\n\n\n\n<div style=\"height:30px\" aria-hidden=\"true\" class=\"wp-block-spacer\"><\/div>\n\n\n\n<p><strong>Prote\u00e7\u00e3o de Dados<\/strong><\/p>\n\n\n\n<p>Telefone: (43) 3371-4311<br>E-mail: encarregado.lgpd@uel.br&nbsp;<\/p>\n\n\n\n<p><\/p>\n<\/div>\n\n\n\n<div class=\"wp-block-column is-layout-flow wp-block-column-is-layout-flow\">\n<p><strong>Compliance<\/strong><\/p>\n\n\n\n<p>Telefone: (43) 3371-4607<br>E-mail: compliance@uel.br<\/p>\n\n\n\n<div style=\"height:30px\" aria-hidden=\"true\" class=\"wp-block-spacer\"><\/div>\n\n\n\n<p><strong>Corregedoria<\/strong><\/p>\n\n\n\n<p>Telefone: (43) 3371-4723<\/p>\n\n\n\n<div style=\"height:30px\" aria-hidden=\"true\" class=\"wp-block-spacer\"><\/div>\n\n\n\n<p><strong>Controle Interno<\/strong><\/p>\n\n\n\n<p>Telefone\/Fax: (43) 3371-4893<br>E-mail: controleinterno@uel.br<\/p>\n\n\n\n<div style=\"height:30px\" aria-hidden=\"true\" class=\"wp-block-spacer\"><\/div>\n\n\n\n<p><strong>Procuradoria Jur\u00eddica<\/strong><\/p>\n\n\n\n<p>Telefone: (43) 3371-4401\/ 3371-4411<br>E-mail: projur@uel.br<br>Fax: 3371-4969\/ 3371-5564<\/p>\n\n\n\n<div style=\"height:30px\" aria-hidden=\"true\" class=\"wp-block-spacer\"><\/div>\n\n\n\n<p><strong>Transpar\u00eancia<\/strong><\/p>\n\n\n\n<p>Telefone: (43) 3371-5615<br>E-mail: portaltransparencia@uel.br<\/p>\n<\/div>\n<\/div>\n\n\n\n<hr class=\"wp-block-separator has-alpha-channel-opacity\"\/>\n\n\n\n<p>N\u00e3o encontrou o que procurava?&nbsp;Acesse a&nbsp;<a href=\"https:\/\/sites.uel.br\/proplan\/lista-telefonica-da-uel\/\" target=\"_blank\" rel=\"noreferrer noopener\">Lista Telef\u00f4nica da UEL<\/a>.<\/p>\n","protected":false},"excerpt":{"rendered":"<p>AuditoriaCampusTelefone: (43) 3371-5719 \u2013 3371-5784\/ 3371-4893E-mail: auditoria@uel.br Assessoria de Auditoria Interna \u2013 Hospital Universit\u00e1rioTelefone: (43) 3371-2611\/ 3371-2701E-mail: aai.hu@uel.br Concilia\u00e7\u00e3o Telefone: (43) 3371-4607 Ouvidoria Fone: (43) 3371-4405E-mail: ouvidoria@uel.br Prote\u00e7\u00e3o de Dados Telefone: (43) 3371-4311E-mail: encarregado.lgpd@uel.br&nbsp; Compliance Telefone: (43) 3371-4607E-mail: compliance@uel.br Corregedoria Telefone: (43) 3371-4723 Controle Interno Telefone\/Fax: (43) 3371-4893E-mail: controleinterno@uel.br Procuradoria Jur\u00eddica Telefone: (43) 3371-4401\/ 3371-4411E-mail: [&hellip;]<\/p>\n","protected":false},"author":10,"featured_media":0,"parent":0,"menu_order":0,"comment_status":"closed","ping_status":"closed","template":"","meta":{"_acf_changed":false,"_themeisle_gutenberg_block_has_review":false,"footnotes":""},"class_list":["post-17","page","type-page","status-publish","hentry"],"acf":[],"_links":{"self":[{"href":"https:\/\/sites.uel.br\/nucleo-de-integridade-e-compliance\/wp-json\/wp\/v2\/pages\/17","targetHints":{"allow":["GET"]}}],"collection":[{"href":"https:\/\/sites.uel.br\/nucleo-de-integridade-e-compliance\/wp-json\/wp\/v2\/pages"}],"about":[{"href":"https:\/\/sites.uel.br\/nucleo-de-integridade-e-compliance\/wp-json\/wp\/v2\/types\/page"}],"author":[{"embeddable":true,"href":"https:\/\/sites.uel.br\/nucleo-de-integridade-e-compliance\/wp-json\/wp\/v2\/users\/10"}],"replies":[{"embeddable":true,"href":"https:\/\/sites.uel.br\/nucleo-de-integridade-e-compliance\/wp-json\/wp\/v2\/comments?post=17"}],"version-history":[{"count":51,"href":"https:\/\/sites.uel.br\/nucleo-de-integridade-e-compliance\/wp-json\/wp\/v2\/pages\/17\/revisions"}],"predecessor-version":[{"id":543,"href":"https:\/\/sites.uel.br\/nucleo-de-integridade-e-compliance\/wp-json\/wp\/v2\/pages\/17\/revisions\/543"}],"wp:attachment":[{"href":"https:\/\/sites.uel.br\/nucleo-de-integridade-e-compliance\/wp-json\/wp\/v2\/media?parent=17"}],"curies":[{"name":"wp","href":"https:\/\/api.w.org\/{rel}","templated":true}]}}