{"id":160,"date":"2025-05-20T12:06:02","date_gmt":"2025-05-20T15:06:02","guid":{"rendered":"https:\/\/sites.uel.br\/nucleo-de-integridade-e-compliance\/?page_id=160"},"modified":"2025-06-06T11:22:00","modified_gmt":"2025-06-06T14:22:00","slug":"portarias","status":"publish","type":"page","link":"https:\/\/sites.uel.br\/nucleo-de-integridade-e-compliance\/documentos\/portarias\/","title":{"rendered":"Portarias"},"content":{"rendered":"\n<div style=\"height:30px\" aria-hidden=\"true\" class=\"wp-block-spacer\"><\/div>\n\n\n\n<p><strong><a href=\"https:\/\/sistemas.uel.br\/files\/atonormativo\/PORTARIA\/2022\/2353.pdf\">Portaria n\u00ba 2353\/2022<\/a>: <\/strong>Composi\u00e7\u00e3o do N\u00facleo de Integridade e Compliance da UEL.<\/p>\n\n\n\n<p><strong><a href=\"https:\/\/sistemas.uel.br\/files\/atonormativo\/PORTARIA\/2022\/1981.pdf\">Portaria n\u00ba 1981\/2022<\/a>:<\/strong> Nomeia Chefe Geral de Compliance.<\/p>\n\n\n\n<p><strong><a href=\"https:\/\/sites.uel.br\/lgpd\/wp-content\/uploads\/2023\/05\/portaria_dpo.pdf\">Portaria n\u00ba 1223\/2022<\/a>:<\/strong> Nomeia Agente de Tratamento dos Dados Pessoais.<\/p>\n\n\n\n<p><strong><a href=\"https:\/\/sistemas.uel.br\/files\/atonormativo\/PORTARIA\/2022\/2189.pdf\">Portaria n\u00ba 2189\/2022<\/a>:<\/strong> Nomeia Agente de Controle Interno.<\/p>\n\n\n\n<p><strong><a href=\"https:\/\/sistemas.uel.br\/files\/atonormativo\/PORTARIA\/2022\/3867.pdf\">Portaria n\u00ba 3867\/2022<\/a>: <\/strong>Nomeia Agente de Corregedoria.<\/p>\n\n\n\n<p><strong><a href=\"https:\/\/sistemas.uel.br\/files\/atonormativo\/PORTARIA\/2022\/1966.pdf\">Portaria n\u00ba 1966\/2022<\/a>:<\/strong> Nomeia Agente de Ouvidoria.<\/p>\n\n\n\n<p><strong><a href=\"https:\/\/sistemas.uel.br\/files\/atonormativo\/PORTARIA\/2022\/2064.pdf\">Portaria n\u00ba 2064\/2022<\/a>:<\/strong> Nomeia Agente de Procuradoria Jur\u00eddica.<\/p>\n\n\n\n<p><strong><a href=\"https:\/\/sistemas.uel.br\/files\/atonormativo\/PORTARIA\/2022\/719.pdf\">Portaria n\u00ba 719\/2022<\/a>: <\/strong>Cria o N\u00facleo de Integridade e Compliance da UEL (NIC\/UEL).<\/p>\n\n\n\n<p><strong><a href=\"https:\/\/sistemas.uel.br\/files\/atonormativo\/PORTARIA\/2018\/3007.pdf\">Portaria n\u00ba 3007\/2018:<\/a> <\/strong>Designa Assessor de Auditoria Interna.<\/p>\n\n\n\n<p><\/p>\n\n\n\n<p><\/p>\n\n\n\n<p><\/p>\n\n\n\n<p><\/p>\n\n\n\n<p><\/p>\n\n\n\n<p><br><\/p>\n","protected":false},"excerpt":{"rendered":"<p>Portaria n\u00ba 2353\/2022: Composi\u00e7\u00e3o do N\u00facleo de Integridade e Compliance da UEL. Portaria n\u00ba 1981\/2022: Nomeia Chefe Geral de Compliance. Portaria n\u00ba 1223\/2022: Nomeia Agente de Tratamento dos Dados Pessoais. Portaria n\u00ba 2189\/2022: Nomeia Agente de Controle Interno. Portaria n\u00ba 3867\/2022: Nomeia Agente de Corregedoria. Portaria n\u00ba 1966\/2022: Nomeia Agente de Ouvidoria. Portaria n\u00ba 2064\/2022: [&hellip;]<\/p>\n","protected":false},"author":10,"featured_media":0,"parent":41,"menu_order":0,"comment_status":"closed","ping_status":"closed","template":"","meta":{"_acf_changed":false,"_themeisle_gutenberg_block_has_review":false,"footnotes":""},"class_list":["post-160","page","type-page","status-publish","hentry"],"acf":[],"_links":{"self":[{"href":"https:\/\/sites.uel.br\/nucleo-de-integridade-e-compliance\/wp-json\/wp\/v2\/pages\/160","targetHints":{"allow":["GET"]}}],"collection":[{"href":"https:\/\/sites.uel.br\/nucleo-de-integridade-e-compliance\/wp-json\/wp\/v2\/pages"}],"about":[{"href":"https:\/\/sites.uel.br\/nucleo-de-integridade-e-compliance\/wp-json\/wp\/v2\/types\/page"}],"author":[{"embeddable":true,"href":"https:\/\/sites.uel.br\/nucleo-de-integridade-e-compliance\/wp-json\/wp\/v2\/users\/10"}],"replies":[{"embeddable":true,"href":"https:\/\/sites.uel.br\/nucleo-de-integridade-e-compliance\/wp-json\/wp\/v2\/comments?post=160"}],"version-history":[{"count":22,"href":"https:\/\/sites.uel.br\/nucleo-de-integridade-e-compliance\/wp-json\/wp\/v2\/pages\/160\/revisions"}],"predecessor-version":[{"id":548,"href":"https:\/\/sites.uel.br\/nucleo-de-integridade-e-compliance\/wp-json\/wp\/v2\/pages\/160\/revisions\/548"}],"up":[{"embeddable":true,"href":"https:\/\/sites.uel.br\/nucleo-de-integridade-e-compliance\/wp-json\/wp\/v2\/pages\/41"}],"wp:attachment":[{"href":"https:\/\/sites.uel.br\/nucleo-de-integridade-e-compliance\/wp-json\/wp\/v2\/media?parent=160"}],"curies":[{"name":"wp","href":"https:\/\/api.w.org\/{rel}","templated":true}]}}