{"id":14,"date":"2025-05-16T13:40:26","date_gmt":"2025-05-16T16:40:26","guid":{"rendered":"https:\/\/sites.uel.br\/nucleo-de-integridade-e-compliance\/?page_id=14"},"modified":"2025-10-31T10:12:39","modified_gmt":"2025-10-31T13:12:39","slug":"apresentacao","status":"publish","type":"page","link":"https:\/\/sites.uel.br\/nucleo-de-integridade-e-compliance\/apresentacao\/","title":{"rendered":"Apresenta\u00e7\u00e3o"},"content":{"rendered":"\n<div style=\"height:30px\" aria-hidden=\"true\" class=\"wp-block-spacer\"><\/div>\n\n\n\n<figure class=\"wp-block-gallery has-nested-images columns-default is-cropped wp-block-gallery-1 is-layout-flex wp-block-gallery-is-layout-flex\">\n<figure class=\"wp-block-image size-large\"><img loading=\"lazy\" decoding=\"async\" width=\"1024\" height=\"384\" data-id=\"595\" src=\"https:\/\/sites.uel.br\/nucleo-de-integridade-e-compliance\/wp-content\/uploads\/2025\/06\/banner-site-3-1024x384.png\" alt=\"\" class=\"wp-image-595\" srcset=\"https:\/\/sites.uel.br\/nucleo-de-integridade-e-compliance\/wp-content\/uploads\/2025\/06\/banner-site-3-1024x384.png 1024w, https:\/\/sites.uel.br\/nucleo-de-integridade-e-compliance\/wp-content\/uploads\/2025\/06\/banner-site-3-300x113.png 300w, https:\/\/sites.uel.br\/nucleo-de-integridade-e-compliance\/wp-content\/uploads\/2025\/06\/banner-site-3-768x288.png 768w, https:\/\/sites.uel.br\/nucleo-de-integridade-e-compliance\/wp-content\/uploads\/2025\/06\/banner-site-3-1536x576.png 1536w, https:\/\/sites.uel.br\/nucleo-de-integridade-e-compliance\/wp-content\/uploads\/2025\/06\/banner-site-3.png 1920w\" sizes=\"auto, (max-width: 1024px) 100vw, 1024px\" \/><\/figure>\n<\/figure>\n\n\n\n<div class=\"wp-block-columns is-layout-flex wp-container-core-columns-is-layout-9d6595d7 wp-block-columns-is-layout-flex\">\n<div class=\"wp-block-column is-layout-flow wp-block-column-is-layout-flow\">\n<div class=\"wp-block-uel-card\">\n<p>O N\u00facleo de Integridade e Compliance da Universidade Estadual de Londrina (UEL) foi institu\u00eddo em 10 de mar\u00e7o de 2022, com base na Lei Estadual n\u00ba 19.857\/2019, no Decreto Estadual n\u00ba 2.902\/2019 e na Resolu\u00e7\u00e3o CGE n\u00ba 55\/2021. Sua cria\u00e7\u00e3o representa o compromisso da UEL com a \u00e9tica, a transpar\u00eancia e a excel\u00eancia na gest\u00e3o p\u00fablica.<\/p>\n\n\n\n<p>O N\u00facleo tem como miss\u00e3o promover uma cultura institucional pautada pela integridade, pelo di\u00e1logo e pelo respeito em todos os n\u00edveis da comunidade universit\u00e1ria. Entre seus principais objetivos est\u00e3o:<\/p>\n\n\n\n<ul class=\"wp-block-list\">\n<li>Disseminar a cultura de paz e o di\u00e1logo entre os diversos setores da comunidade interna;<\/li>\n\n\n\n<li>Estabelecer rela\u00e7\u00f5es com a comunidade externa baseadas na transpar\u00eancia, efici\u00eancia e \u00e9tica;<\/li>\n\n\n\n<li>Valorizar, em todos os espa\u00e7os da universidade, a integridade, a honestidade, o uso respons\u00e1vel dos recursos p\u00fablicos, a solidariedade e o respeito \u2014 princ\u00edpios fundamentais de uma universidade p\u00fablica comprometida com o bem comum.<\/li>\n<\/ul>\n\n\n\n<p>Sua composi\u00e7\u00e3o contempla representantes de \u00e1reas estrat\u00e9gicas, sendo eles: um agente de compliance (coordenador do N\u00facleo), um agente de transpar\u00eancia, um agente de controle interno, um agente de corregedoria, um agente de ouvidoria e um agente de auditoria.<\/p>\n\n\n\n<p>A atua\u00e7\u00e3o conjunta dos setores permite compreender a Universidade como um todo e poder atuar preventivamente mantendo a integridade, a transpar\u00eancia de suas a\u00e7\u00f5es, a boa gest\u00e3o e os valores que embasam uma institui\u00e7\u00e3o de ensino superior gratuita, inclusiva e de qualidade.<\/p>\n<\/div>\n<\/div>\n<\/div>\n\n\n\n<div style=\"height:30px\" aria-hidden=\"true\" class=\"wp-block-spacer\"><\/div>\n\n\n\n<div class=\"wp-block-columns are-vertically-aligned-top is-layout-flex wp-container-core-columns-is-layout-9d6595d7 wp-block-columns-is-layout-flex\">\n<div class=\"wp-block-column is-vertically-aligned-top is-layout-flow wp-block-column-is-layout-flow\">\n<div class=\"wp-block-columns is-layout-flex wp-container-core-columns-is-layout-9d6595d7 wp-block-columns-is-layout-flex\">\n<div class=\"wp-block-column is-layout-flow wp-block-column-is-layout-flow\">\n<figure class=\"wp-block-embed is-type-video is-provider-youtube wp-block-embed-youtube wp-embed-aspect-16-9 wp-has-aspect-ratio\"><div class=\"wp-block-embed__wrapper\">\n<iframe loading=\"lazy\" title=\"Transpar\u00eancia - Ouvidoria Ativa\" width=\"500\" height=\"281\" src=\"https:\/\/www.youtube.com\/embed\/SeGUOguLSL4?list=PLDZ6BN2nohiUxQyGeyTaWpjn9XBpSeBI1\" frameborder=\"0\" allow=\"accelerometer; autoplay; clipboard-write; encrypted-media; gyroscope; picture-in-picture; web-share\" referrerpolicy=\"strict-origin-when-cross-origin\" allowfullscreen><\/iframe>\n<\/div><\/figure>\n<\/div>\n\n\n\n<div class=\"wp-block-column is-layout-flow wp-block-column-is-layout-flow\">\n<figure class=\"wp-block-embed is-type-video is-provider-youtube wp-block-embed-youtube wp-embed-aspect-16-9 wp-has-aspect-ratio\"><div class=\"wp-block-embed__wrapper\">\n<iframe loading=\"lazy\" title=\"Lei Geral de Prote\u00e7\u00e3o de Dados (LGPD) - Ouvidoria Ativa\" width=\"500\" height=\"281\" src=\"https:\/\/www.youtube.com\/embed\/0W856t8HlB8?list=PLDZ6BN2nohiUxQyGeyTaWpjn9XBpSeBI1\" frameborder=\"0\" allow=\"accelerometer; autoplay; clipboard-write; encrypted-media; gyroscope; picture-in-picture; web-share\" referrerpolicy=\"strict-origin-when-cross-origin\" allowfullscreen><\/iframe>\n<\/div><\/figure>\n<\/div>\n<\/div>\n<\/div>\n<\/div>\n\n\n\n<p><\/p>\n","protected":false},"excerpt":{"rendered":"","protected":false},"author":10,"featured_media":0,"parent":0,"menu_order":0,"comment_status":"closed","ping_status":"closed","template":"","meta":{"_acf_changed":false,"_themeisle_gutenberg_block_has_review":false,"footnotes":""},"class_list":["post-14","page","type-page","status-publish","hentry"],"acf":[],"_links":{"self":[{"href":"https:\/\/sites.uel.br\/nucleo-de-integridade-e-compliance\/wp-json\/wp\/v2\/pages\/14","targetHints":{"allow":["GET"]}}],"collection":[{"href":"https:\/\/sites.uel.br\/nucleo-de-integridade-e-compliance\/wp-json\/wp\/v2\/pages"}],"about":[{"href":"https:\/\/sites.uel.br\/nucleo-de-integridade-e-compliance\/wp-json\/wp\/v2\/types\/page"}],"author":[{"embeddable":true,"href":"https:\/\/sites.uel.br\/nucleo-de-integridade-e-compliance\/wp-json\/wp\/v2\/users\/10"}],"replies":[{"embeddable":true,"href":"https:\/\/sites.uel.br\/nucleo-de-integridade-e-compliance\/wp-json\/wp\/v2\/comments?post=14"}],"version-history":[{"count":32,"href":"https:\/\/sites.uel.br\/nucleo-de-integridade-e-compliance\/wp-json\/wp\/v2\/pages\/14\/revisions"}],"predecessor-version":[{"id":601,"href":"https:\/\/sites.uel.br\/nucleo-de-integridade-e-compliance\/wp-json\/wp\/v2\/pages\/14\/revisions\/601"}],"wp:attachment":[{"href":"https:\/\/sites.uel.br\/nucleo-de-integridade-e-compliance\/wp-json\/wp\/v2\/media?parent=14"}],"curies":[{"name":"wp","href":"https:\/\/api.w.org\/{rel}","templated":true}]}}