{"id":95,"date":"2024-07-06T14:43:56","date_gmt":"2024-07-06T17:43:56","guid":{"rendered":"https:\/\/sites.uel.br\/novostalentos\/?page_id=95"},"modified":"2024-07-08T10:20:22","modified_gmt":"2024-07-08T13:20:22","slug":"nt2011","status":"publish","type":"page","link":"https:\/\/sites.uel.br\/novostalentos\/nt2011\/","title":{"rendered":"NT 2011"},"content":{"rendered":"\n<div style=\"height:40px\" aria-hidden=\"true\" class=\"wp-block-spacer\"><\/div>\n\n\n\n<div class=\"wp-block-buttons is-layout-flex wp-block-buttons-is-layout-flex\">\n<div class=\"wp-block-button is-style-outline is-style-outline--1\"><a class=\"wp-block-button__link wp-element-button\" href=\"https:\/\/photos.app.goo.gl\/WCw6dgF2GA3TeihP8\" target=\"_blank\" rel=\"noreferrer noopener\"><strong>\u00c1lbum de fotos do NT 2011<\/strong><\/a><\/div>\n<\/div>\n\n\n\n<div style=\"height:40px\" aria-hidden=\"true\" class=\"wp-block-spacer\"><\/div>\n\n\n\n<p><strong>Projeto Novos Talentos &#8211; O ensino das Ci\u00eancias Morfol\u00f3gicas para a Educa\u00e7\u00e3o B\u00e1sica (APOIO: CAPES)<br>Coordena\u00e7\u00e3o:<\/strong> Prof. Dr. Eduardo Jos\u00e9 de Almeida Ara\u00fajo<br><\/p>\n\n\n\n<h2 class=\"wp-block-heading has-medium-font-size\">Professores e t\u00e9cnicos ministrantes<\/h2>\n\n\n\n<p><strong>Departamento de Histologia<br><\/strong>Profa. Dra. Ana Cl\u00e1udia Swar\u00e7a<br>Profa. Dra. \u00c2ngela Maria Ferreira Falleiros<br>Prof. Dr. Eduardo Jos\u00e9 de Almeida Ara\u00fajo<br>Profa. Dra. Eliane Victoriano<br>Prof. Dr. F\u00e1bio Goulart de Andrade<br>Profa. Dra. Fernanda Pacheco Lassance<br>Prof. Dr. J\u00falio de Mello Neto<br>Prof. Me. Luiz Carlos Juliani<br>Profa. Ma. Neila Recanello Arrebola<br>Prof. Dr. Osny Ferrari<br>Profa. Dra. Sheila Michele Levy<br>Secret\u00e1ria: Aparecida Sturion<br>T\u00e9cnica Andreia Carla Eugenio Pupim<br>T\u00e9cnica Ms. Renata Baldo Rodrigues Carvalho<br><\/p>\n\n\n\n<p><strong>Departamento de Anatomia<br><\/strong>Prof. Esp. Eduardo Carlos Ferreira Tonani<br>Prof. Dr. Eduardo Rafael da Veiga Neto<br>Profa. Dra. Janete Weizel Amaral<br>Prof. Dr. Jos\u00e9 Carlos de Araujo<br>Profa. Dra. Maria Aparecida Vivan de Carvalho<br><\/p>\n\n\n\n<h2 class=\"wp-block-heading has-medium-font-size\">Alunos de cursos de Gradua\u00e7\u00e3o da UEL \u2013 Monitores<\/h2>\n\n\n\n<p>Aline Carla Buainain Feracine &#8211; Fisioterapia<br>Clara Ruiz de Souza &#8211; Farm\u00e1cia<br>Daniela Cristina Lopes Rejan &#8211; Ci\u00eancias Biol\u00f3gicas<br>Danilo Pala &#8211; Farm\u00e1cia<br>Fernanda Novi Cortegoso Lopes &#8211; Biomedicina<br>Gabriela Florentino Borges &#8211; Farm\u00e1cia<br>Gabriela Pasqual Melo &#8211; Biomedicina<br>Marcelly Chue Gon\u00e7alves &#8211; Biomedicina<br>M\u00f4nica de Oliveira Bel\u00e9m &#8211; Biomedicina<br>Nichele Antunes Vieira &#8211; Biomedicina<br>Renata Fernandes Sanches &#8211; Ci\u00eancias Biol\u00f3gicas<br>Yuri Alves Silva &#8211; Ci\u00eancias Biol\u00f3gicas<\/p>\n\n\n\n<div style=\"height:40px\" aria-hidden=\"true\" class=\"wp-block-spacer\"><\/div>\n\n\n\n<div class=\"wp-block-buttons is-vertical is-content-justification-left is-layout-flex wp-container-core-buttons-is-layout-aacc3761 wp-block-buttons-is-layout-flex\">\n<div class=\"wp-block-button is-style-outline is-style-outline--2\"><a class=\"wp-block-button__link wp-element-button\" href=\"https:\/\/www.uel.br\/com\/agenciaueldenoticias\/index.php?arq=ARQ_not&amp;FWS_Ano_Edicao=1&amp;FWS_N_Edicao=1&amp;FWS_Cod_Categoria=2&amp;FWS_N_Texto=12529\" target=\"_blank\" rel=\"noreferrer noopener\">Ag\u00eancia UEL de Not\u00edcias &#8211; Abertura NT 2011<\/a><\/div>\n<\/div>\n","protected":false},"excerpt":{"rendered":"<p>Projeto Novos Talentos &#8211; O ensino das Ci\u00eancias Morfol\u00f3gicas para a Educa\u00e7\u00e3o B\u00e1sica (APOIO: CAPES)Coordena\u00e7\u00e3o: Prof. Dr. Eduardo Jos\u00e9 de Almeida Ara\u00fajo Professores e t\u00e9cnicos ministrantes Departamento de HistologiaProfa. Dra. Ana Cl\u00e1udia Swar\u00e7aProfa. Dra. \u00c2ngela Maria Ferreira FalleirosProf. Dr. Eduardo Jos\u00e9 de Almeida Ara\u00fajoProfa. Dra. Eliane VictorianoProf. Dr. F\u00e1bio Goulart de AndradeProfa. Dra. Fernanda Pacheco [&hellip;]<\/p>\n","protected":false},"author":7,"featured_media":0,"parent":0,"menu_order":0,"comment_status":"closed","ping_status":"closed","template":"","meta":{"_acf_changed":false,"footnotes":""},"class_list":["post-95","page","type-page","status-publish","hentry"],"acf":[],"_links":{"self":[{"href":"https:\/\/sites.uel.br\/novostalentos\/wp-json\/wp\/v2\/pages\/95","targetHints":{"allow":["GET"]}}],"collection":[{"href":"https:\/\/sites.uel.br\/novostalentos\/wp-json\/wp\/v2\/pages"}],"about":[{"href":"https:\/\/sites.uel.br\/novostalentos\/wp-json\/wp\/v2\/types\/page"}],"author":[{"embeddable":true,"href":"https:\/\/sites.uel.br\/novostalentos\/wp-json\/wp\/v2\/users\/7"}],"replies":[{"embeddable":true,"href":"https:\/\/sites.uel.br\/novostalentos\/wp-json\/wp\/v2\/comments?post=95"}],"version-history":[{"count":20,"href":"https:\/\/sites.uel.br\/novostalentos\/wp-json\/wp\/v2\/pages\/95\/revisions"}],"predecessor-version":[{"id":282,"href":"https:\/\/sites.uel.br\/novostalentos\/wp-json\/wp\/v2\/pages\/95\/revisions\/282"}],"wp:attachment":[{"href":"https:\/\/sites.uel.br\/novostalentos\/wp-json\/wp\/v2\/media?parent=95"}],"curies":[{"name":"wp","href":"https:\/\/api.w.org\/{rel}","templated":true}]}}