{"id":52,"date":"2024-07-03T11:32:34","date_gmt":"2024-07-03T14:32:34","guid":{"rendered":"https:\/\/sites.uel.br\/novostalentos\/?page_id=52"},"modified":"2024-07-08T10:53:32","modified_gmt":"2024-07-08T13:53:32","slug":"sobre","status":"publish","type":"page","link":"https:\/\/sites.uel.br\/novostalentos\/sobre\/","title":{"rendered":"Sobre o projeto"},"content":{"rendered":"<div class=\"wp-block-image\">\n<figure class=\"aligncenter size-full is-resized\"><img loading=\"lazy\" decoding=\"async\" width=\"656\" height=\"292\" src=\"https:\/\/sites.uel.br\/novostalentos\/wp-content\/uploads\/2024\/07\/NovosTalentos-Capes.png\" alt=\"\" class=\"wp-image-65\" style=\"width:398px;height:auto\" srcset=\"https:\/\/sites.uel.br\/novostalentos\/wp-content\/uploads\/2024\/07\/NovosTalentos-Capes.png 656w, https:\/\/sites.uel.br\/novostalentos\/wp-content\/uploads\/2024\/07\/NovosTalentos-Capes-300x134.png 300w\" sizes=\"auto, (max-width: 656px) 100vw, 656px\" \/><\/figure>\n<\/div>\n\n\n<p><strong>Nascido de uma iniciativa inovadora do Governo Federal,<\/strong> o <a href=\"https:\/\/www.gov.br\/capes\/pt-br\/acesso-a-informacao\/acoes-e-programas\/educacao-basica\/programas-encerrados\/novos-talentos\" target=\"_blank\" rel=\"noreferrer noopener\">Programa Novos Talentos<\/a>, executado pela Coordena\u00e7\u00e3o de Aperfei\u00e7oamento de Pessoal de N\u00edvel Superior (CAPES), tinha como objetivo principal aprimorar a Educa\u00e7\u00e3o B\u00e1sica atrav\u00e9s da sua integra\u00e7\u00e3o com a Educa\u00e7\u00e3o Superior.<\/p>\n\n\n\n<p><strong>Com um foco inicial em oferecer atividades extracurriculares<\/strong> para docentes e discentes da Educa\u00e7\u00e3o B\u00e1sica (cursos e oficinas), em hor\u00e1rios que n\u00e3o comprometessem a frequ\u00eancia escolar, o programa deu origem ao inspirador Projeto Novos Talentos da Universidade Estadual de Londrina.<\/p>\n\n\n\n<p><strong>Desde 2011, o Projeto de Extens\u00e3o Novos Talentos,<\/strong> desenvolvido pelo Departamento de Histologia da Universidade Estadual de Londrina (UEL), vem transformando a vida de estudantes e professores. Sob a coordena\u00e7\u00e3o dos professores Dr. Eduardo Jos\u00e9 de Almeida Ara\u00fajo e Dr. F\u00e1bio Goulart de Andrade, ambos do Departamento de Histologia, e da professora Dra. Daniela Rejan,  Doutora em Ensino de Ci\u00eancias e Educa\u00e7\u00e3o Matem\u00e1tica, o projeto conta com uma equipe de monitores mediadores excepcionais.<\/p>\n\n\n\n<p><strong>Estudantes de gradua\u00e7\u00e3o em diversas \u00e1reas do conhecimento,<\/strong> como Biologia, Biomedicina, Enfermagem, Farm\u00e1cia, Fisioterapia, Medicina, Medicina Veterin\u00e1ria e Psicologia, formam a base dessa equipe. Al\u00e9m disso, estudantes de cursos de especializa\u00e7\u00e3o e p\u00f3s-gradua\u00e7\u00e3o da UEL tamb\u00e9m contribuem para o sucesso do projeto. <strong>Um fato marcante que demonstra o impacto do projeto \u00e9 o retorno de diversos ex-participantes como mediadores.<\/strong> Esses ex-alunos, inspirados pela experi\u00eancia que tiveram, decidem dedicar seu tempo e conhecimento para auxiliar novas gera\u00e7\u00f5es na jornada de aprendizado das ci\u00eancias naturais.<\/p>\n\n\n<div class=\"wp-block-image\">\n<figure class=\"aligncenter size-full is-resized\"><img loading=\"lazy\" decoding=\"async\" width=\"708\" height=\"577\" src=\"https:\/\/sites.uel.br\/novostalentos\/wp-content\/uploads\/2024\/07\/Logo-antigo.png\" alt=\"\" class=\"wp-image-244\" style=\"width:333px;height:auto\" srcset=\"https:\/\/sites.uel.br\/novostalentos\/wp-content\/uploads\/2024\/07\/Logo-antigo.png 708w, https:\/\/sites.uel.br\/novostalentos\/wp-content\/uploads\/2024\/07\/Logo-antigo-300x244.png 300w\" sizes=\"auto, (max-width: 708px) 100vw, 708px\" \/><\/figure>\n<\/div>\n\n\n<p><strong>O Projeto Novos Talentos se diferencia por meio da proposta inovadora de oficinas te\u00f3rico-pr\u00e1ticas,<\/strong> voltadas \u00e0 constru\u00e7\u00e3o de conhecimento cient\u00edfico atualizado da \u00e1rea de Ci\u00eancias Naturais para estudantes da Educa\u00e7\u00e3o B\u00e1sica. Atrav\u00e9s dessas oficinas, os alunos s\u00e3o conduzidos a uma jornada de descobertas, onde a experimenta\u00e7\u00e3o cient\u00edfica se torna a chave para desvendar os segredos da natureza. <strong>A cada ano, o Projeto Novos Talentos desenvolve atividades cuidadosamente planejadas<\/strong> para promover a constru\u00e7\u00e3o do conhecimento de forma empolgante e inovadora. Atrav\u00e9s de experimentos, din\u00e2micas, jogos, teatros e outras atividades l\u00fadicas, os participantes t\u00eam a oportunidade \u00fanica de desvendar os segredos das ci\u00eancias naturais, fugindo da abordagem tradicional presente em muitas escolas.<\/p>\n\n\n\n<p><strong>Mais de 1.000 estudantes da Educa\u00e7\u00e3o B\u00e1sica<\/strong> j\u00e1 tiveram a oportunidade de participar dessa jornada extraordin\u00e1ria. Al\u00e9m deles, in\u00fameros professores de Ci\u00eancias e Biologia das escolas p\u00fablicas de Londrina e regi\u00e3o tamb\u00e9m foram beneficiados, aprimorando seus conhecimentos e pr\u00e1ticas pedag\u00f3gicas.<\/p>\n\n\n\n<p><strong>Mais do que aproximar a Educa\u00e7\u00e3o B\u00e1sica do Ensino Superior na UEL,<\/strong> o Projeto Novos Talentos constr\u00f3i uma ponte entre esses dois n\u00edveis de ensino, promovendo a intera\u00e7\u00e3o entre estudantes e professores de ambas as \u00e1reas. Atrav\u00e9s da participa\u00e7\u00e3o nas oficinas, os estudantes da Educa\u00e7\u00e3o B\u00e1sica t\u00eam a oportunidade de conhecer o ambiente universit\u00e1rio, vivenciar metodologias de ensino inovadoras e entrar em contato com profissionais renomados da \u00e1rea de Ci\u00eancias Biol\u00f3gicas.<\/p>\n\n\n\n<p><strong>Essa experi\u00eancia \u00fanica contribui para:<\/strong><\/p>\n\n\n\n<ul class=\"wp-block-list\">\n<li>Despertar o interesse dos estudantes pela carreira cient\u00edfica;<\/li>\n\n\n\n<li>Estimular o ingresso dos estudantes na UEL;<\/li>\n\n\n\n<li>Fortalecer a forma\u00e7\u00e3o dos futuros profissionais da \u00e1rea de Ci\u00eancias Biol\u00f3gicas.<\/li>\n<\/ul>\n\n\n\n<p><strong>Junte-se a n\u00f3s nessa jornada e fa\u00e7a parte dessa hist\u00f3ria de sucesso!<\/strong><\/p>\n\n\n<div class=\"wp-block-image\">\n<figure class=\"aligncenter size-large is-resized\"><img loading=\"lazy\" decoding=\"async\" width=\"1024\" height=\"1024\" src=\"https:\/\/sites.uel.br\/novostalentos\/wp-content\/uploads\/2024\/07\/Novos-Talentos-logo-2024-transp-1024x1024.png\" alt=\"\" class=\"wp-image-59\" style=\"width:353px;height:auto\" srcset=\"https:\/\/sites.uel.br\/novostalentos\/wp-content\/uploads\/2024\/07\/Novos-Talentos-logo-2024-transp-1024x1024.png 1024w, https:\/\/sites.uel.br\/novostalentos\/wp-content\/uploads\/2024\/07\/Novos-Talentos-logo-2024-transp-300x300.png 300w, https:\/\/sites.uel.br\/novostalentos\/wp-content\/uploads\/2024\/07\/Novos-Talentos-logo-2024-transp-150x150.png 150w, https:\/\/sites.uel.br\/novostalentos\/wp-content\/uploads\/2024\/07\/Novos-Talentos-logo-2024-transp-768x768.png 768w, https:\/\/sites.uel.br\/novostalentos\/wp-content\/uploads\/2024\/07\/Novos-Talentos-logo-2024-transp.png 1080w\" sizes=\"auto, (max-width: 1024px) 100vw, 1024px\" \/><\/figure>\n<\/div>\n\n\n<p><\/p>\n\n\n\n<h2 class=\"wp-block-heading is-style-highlighted-heading has-text-color has-link-color has-medium-font-size wp-elements-ce9042009cae0c290f5760008772df62\" style=\"color:#ffffff\"><a href=\"https:\/\/sites.uel.br\/novostalentos\/nt-anteriores\/\" data-type=\"page\" data-id=\"26\">Conhe\u00e7a todas as edi\u00e7\u00f5es do Projeto Novos Talentos, clicando aqui!<\/a><\/h2>\n","protected":false},"excerpt":{"rendered":"<p>Nascido de uma iniciativa inovadora do Governo Federal, o Programa Novos Talentos, executado pela Coordena\u00e7\u00e3o de Aperfei\u00e7oamento de Pessoal de N\u00edvel Superior (CAPES), tinha como objetivo principal aprimorar a Educa\u00e7\u00e3o B\u00e1sica atrav\u00e9s da sua integra\u00e7\u00e3o com a Educa\u00e7\u00e3o Superior. Com um foco inicial em oferecer atividades extracurriculares para docentes e discentes da Educa\u00e7\u00e3o B\u00e1sica (cursos [&hellip;]<\/p>\n","protected":false},"author":7,"featured_media":0,"parent":0,"menu_order":0,"comment_status":"closed","ping_status":"closed","template":"","meta":{"_acf_changed":false,"footnotes":""},"class_list":["post-52","page","type-page","status-publish","hentry"],"acf":[],"_links":{"self":[{"href":"https:\/\/sites.uel.br\/novostalentos\/wp-json\/wp\/v2\/pages\/52","targetHints":{"allow":["GET"]}}],"collection":[{"href":"https:\/\/sites.uel.br\/novostalentos\/wp-json\/wp\/v2\/pages"}],"about":[{"href":"https:\/\/sites.uel.br\/novostalentos\/wp-json\/wp\/v2\/types\/page"}],"author":[{"embeddable":true,"href":"https:\/\/sites.uel.br\/novostalentos\/wp-json\/wp\/v2\/users\/7"}],"replies":[{"embeddable":true,"href":"https:\/\/sites.uel.br\/novostalentos\/wp-json\/wp\/v2\/comments?post=52"}],"version-history":[{"count":15,"href":"https:\/\/sites.uel.br\/novostalentos\/wp-json\/wp\/v2\/pages\/52\/revisions"}],"predecessor-version":[{"id":314,"href":"https:\/\/sites.uel.br\/novostalentos\/wp-json\/wp\/v2\/pages\/52\/revisions\/314"}],"wp:attachment":[{"href":"https:\/\/sites.uel.br\/novostalentos\/wp-json\/wp\/v2\/media?parent=52"}],"curies":[{"name":"wp","href":"https:\/\/api.w.org\/{rel}","templated":true}]}}