{"id":482,"date":"2026-04-29T12:04:50","date_gmt":"2026-04-29T15:04:50","guid":{"rendered":"https:\/\/sites.uel.br\/novostalentos\/?page_id=482"},"modified":"2026-04-29T12:09:09","modified_gmt":"2026-04-29T15:09:09","slug":"nt-2026","status":"publish","type":"page","link":"https:\/\/sites.uel.br\/novostalentos\/nt-2026\/","title":{"rendered":"NT 2026"},"content":{"rendered":"\n<p><strong>O projeto ser\u00e1 iniciado em breve.<\/strong><br>Para acompanhar atualiza\u00e7\u00f5es, siga nosso Instagram oficial.<\/p>\n","protected":false},"excerpt":{"rendered":"<p>O projeto ser\u00e1 iniciado em breve.Para acompanhar atualiza\u00e7\u00f5es, siga nosso Instagram oficial.<\/p>\n","protected":false},"author":7,"featured_media":0,"parent":0,"menu_order":0,"comment_status":"closed","ping_status":"closed","template":"","meta":{"_acf_changed":false,"footnotes":""},"class_list":["post-482","page","type-page","status-publish","hentry"],"acf":[],"_links":{"self":[{"href":"https:\/\/sites.uel.br\/novostalentos\/wp-json\/wp\/v2\/pages\/482","targetHints":{"allow":["GET"]}}],"collection":[{"href":"https:\/\/sites.uel.br\/novostalentos\/wp-json\/wp\/v2\/pages"}],"about":[{"href":"https:\/\/sites.uel.br\/novostalentos\/wp-json\/wp\/v2\/types\/page"}],"author":[{"embeddable":true,"href":"https:\/\/sites.uel.br\/novostalentos\/wp-json\/wp\/v2\/users\/7"}],"replies":[{"embeddable":true,"href":"https:\/\/sites.uel.br\/novostalentos\/wp-json\/wp\/v2\/comments?post=482"}],"version-history":[{"count":2,"href":"https:\/\/sites.uel.br\/novostalentos\/wp-json\/wp\/v2\/pages\/482\/revisions"}],"predecessor-version":[{"id":485,"href":"https:\/\/sites.uel.br\/novostalentos\/wp-json\/wp\/v2\/pages\/482\/revisions\/485"}],"wp:attachment":[{"href":"https:\/\/sites.uel.br\/novostalentos\/wp-json\/wp\/v2\/media?parent=482"}],"curies":[{"name":"wp","href":"https:\/\/api.w.org\/{rel}","templated":true}]}}