{"id":382,"date":"2025-06-14T13:01:35","date_gmt":"2025-06-14T16:01:35","guid":{"rendered":"https:\/\/sites.uel.br\/novostalentos\/?page_id=382"},"modified":"2025-10-06T09:41:54","modified_gmt":"2025-10-06T12:41:54","slug":"nt2025","status":"publish","type":"page","link":"https:\/\/sites.uel.br\/novostalentos\/nt2025\/","title":{"rendered":"NT 2025"},"content":{"rendered":"\n<p class=\"has-text-align-center\">Participou do NT2025, teve 75% de presen\u00e7a e enviou a documenta\u00e7\u00e3o? <\/p>\n\n\n\n<p class=\"has-text-align-center\">Ent\u00e3o seu <strong>CERTIFICADO <\/strong>est\u00e1 dispon\u00edvel \u2014 <a href=\"https:\/\/drive.google.com\/drive\/folders\/16WrHVLFjpcJ9O1Seebji4geZRunMMSjW?usp=sharing\" target=\"_blank\" rel=\"noreferrer noopener\"><strong>clique aqui para acessar<\/strong><\/a><\/p>\n\n\n\n<p><\/p>\n\n\n<div class=\"wp-block-image is-style-rounded\">\n<figure class=\"aligncenter size-full is-resized\"><img loading=\"lazy\" decoding=\"async\" width=\"1080\" height=\"1350\" src=\"https:\/\/sites.uel.br\/novostalentos\/wp-content\/uploads\/2025\/06\/Logo-NT-papel-amassado-4.png\" alt=\"\" class=\"wp-image-400\" style=\"aspect-ratio:1.7777777777777777;object-fit:cover;width:464px;height:auto\" srcset=\"https:\/\/sites.uel.br\/novostalentos\/wp-content\/uploads\/2025\/06\/Logo-NT-papel-amassado-4.png 1080w, https:\/\/sites.uel.br\/novostalentos\/wp-content\/uploads\/2025\/06\/Logo-NT-papel-amassado-4-240x300.png 240w, https:\/\/sites.uel.br\/novostalentos\/wp-content\/uploads\/2025\/06\/Logo-NT-papel-amassado-4-819x1024.png 819w, https:\/\/sites.uel.br\/novostalentos\/wp-content\/uploads\/2025\/06\/Logo-NT-papel-amassado-4-768x960.png 768w\" sizes=\"auto, (max-width: 1080px) 100vw, 1080px\" \/><\/figure>\n<\/div>\n\n\n<p class=\"has-text-align-center\"><strong>DESVENDANDO AS CI\u00caNCIAS MORFOFISIOL\u00d3GICAS<\/strong><\/p>\n\n\n\n<p><strong>Temas in\u00e9ditos: <\/strong><\/p>\n\n\n\n<ul class=\"wp-block-list\">\n<li>Nos trilhos da vida: digest\u00e3o, respira\u00e7\u00e3o e circula\u00e7\u00e3o<\/li>\n\n\n\n<li>C\u00e9rebro &amp; Horm\u00f4nios: o dueto invis\u00edvel<\/li>\n\n\n\n<li>Corpo &amp; Cuidado: ciclos de prote\u00e7\u00e3o<\/li>\n\n\n\n<li>Ecos da vida: conectando ecologia e sustentabilidade<\/li>\n<\/ul>\n\n\n\n<p><strong>Informa\u00e7\u00f5es:<\/strong><\/p>\n\n\n\n<ul class=\"wp-block-list\">\n<li><strong>Datas:<\/strong> aos s\u00e1bados, nos dias 16, 23, 30 de agosto e 06 de setembro de 2025.<\/li>\n\n\n\n<li><strong>Hor\u00e1rio: <\/strong>das 9h \u00e0s 13h<\/li>\n\n\n\n<li><strong>Local: <\/strong>Universidade Estadual de Londrina &#8211; Centro de Ci\u00eancias Biol\u00f3gicas &#8211; <a href=\"https:\/\/maps.app.goo.gl\/PeC12GvR3UuBzftr8\" target=\"_blank\" rel=\"noreferrer noopener\">Departamento de Histologia (pr\u00e9dio da Morfologia)<\/a><\/li>\n\n\n\n<li><strong>Quem poder\u00e1 participar?<\/strong> Estudantes do Ensino M\u00e9dio de escolas de Londrina e regi\u00e3o.<\/li>\n\n\n\n<li><strong>N\u00famero de vagas:<\/strong> 120<\/li>\n\n\n\n<li><strong>Per\u00edodo de inscri\u00e7\u00e3o: <\/strong>at\u00e9 dia 11 de agosto de 2025.<\/li>\n<\/ul>\n\n\n\n<div class=\"wp-block-buttons is-content-justification-center is-layout-flex wp-container-core-buttons-is-layout-16018d1d wp-block-buttons-is-layout-flex\">\n<div class=\"wp-block-button is-style-fill\"><a class=\"wp-block-button__link has-cinza-claro-color has-text-color has-background has-link-color has-text-align-left wp-element-button\" style=\"background-color:#ca2b30\"><strong>I<\/strong>nscri\u00e7\u00f5es encerradas<\/a><\/div>\n<\/div>\n\n\n\n<p><\/p>\n","protected":false},"excerpt":{"rendered":"<p>Participou do NT2025, teve 75% de presen\u00e7a e enviou a documenta\u00e7\u00e3o? Ent\u00e3o seu CERTIFICADO est\u00e1 dispon\u00edvel \u2014 clique aqui para acessar DESVENDANDO AS CI\u00caNCIAS MORFOFISIOL\u00d3GICAS Temas in\u00e9ditos: Informa\u00e7\u00f5es:<\/p>\n","protected":false},"author":7,"featured_media":0,"parent":0,"menu_order":0,"comment_status":"closed","ping_status":"closed","template":"","meta":{"_acf_changed":false,"footnotes":""},"class_list":["post-382","page","type-page","status-publish","hentry"],"acf":[],"_links":{"self":[{"href":"https:\/\/sites.uel.br\/novostalentos\/wp-json\/wp\/v2\/pages\/382","targetHints":{"allow":["GET"]}}],"collection":[{"href":"https:\/\/sites.uel.br\/novostalentos\/wp-json\/wp\/v2\/pages"}],"about":[{"href":"https:\/\/sites.uel.br\/novostalentos\/wp-json\/wp\/v2\/types\/page"}],"author":[{"embeddable":true,"href":"https:\/\/sites.uel.br\/novostalentos\/wp-json\/wp\/v2\/users\/7"}],"replies":[{"embeddable":true,"href":"https:\/\/sites.uel.br\/novostalentos\/wp-json\/wp\/v2\/comments?post=382"}],"version-history":[{"count":17,"href":"https:\/\/sites.uel.br\/novostalentos\/wp-json\/wp\/v2\/pages\/382\/revisions"}],"predecessor-version":[{"id":440,"href":"https:\/\/sites.uel.br\/novostalentos\/wp-json\/wp\/v2\/pages\/382\/revisions\/440"}],"wp:attachment":[{"href":"https:\/\/sites.uel.br\/novostalentos\/wp-json\/wp\/v2\/media?parent=382"}],"curies":[{"name":"wp","href":"https:\/\/api.w.org\/{rel}","templated":true}]}}