{"id":225,"date":"2024-07-06T18:40:37","date_gmt":"2024-07-06T21:40:37","guid":{"rendered":"https:\/\/sites.uel.br\/novostalentos\/?page_id=225"},"modified":"2024-07-08T10:41:45","modified_gmt":"2024-07-08T13:41:45","slug":"nt2015","status":"publish","type":"page","link":"https:\/\/sites.uel.br\/novostalentos\/nt2015\/","title":{"rendered":"NT 2015"},"content":{"rendered":"\n<div style=\"height:40px\" aria-hidden=\"true\" class=\"wp-block-spacer\"><\/div>\n\n\n\n<div class=\"wp-block-buttons is-content-justification-left is-layout-flex wp-container-core-buttons-is-layout-fdcfc74e wp-block-buttons-is-layout-flex\">\n<div class=\"wp-block-button is-style-outline is-style-outline--1\"><a class=\"wp-block-button__link wp-element-button\" href=\"https:\/\/photos.app.goo.gl\/1UbE1sK7unimMUzD8\" target=\"_blank\" rel=\"noreferrer noopener\"><strong>\u00c1lbum de fotos do NT 2015<\/strong><\/a><\/div>\n<\/div>\n\n\n\n<div style=\"height:40px\" aria-hidden=\"true\" class=\"wp-block-spacer\"><\/div>\n\n\n\n<p><strong>PROJETO NOVOS TALENTOS &#8211; 2015<\/strong><\/p>\n\n\n\n<p><strong>O en<\/strong><strong>sino das Ci\u00eancias Morfol\u00f3gicas para a Educa\u00e7\u00e3o B\u00e1sica<\/strong><\/p>\n\n\n\n<figure class=\"wp-block-image\"><img decoding=\"async\" src=\"http:\/\/www.uel.br\/ccb\/histologia\/portal\/pages\/arquivos\/Logo%20Novos%20Talentos%20-%20Colorida.jpg\" alt=\"\" \/><\/figure>\n\n\n\n<figure class=\"wp-block-image\"><img decoding=\"async\" src=\"http:\/\/www.uel.br\/ccb\/histologia\/portal\/pages\/arquivos\/Logo%20da%20CAPES%2060%20anos.jpg\" alt=\"\" \/><\/figure>\n\n\n\n<p><strong>Coordena\u00e7\u00e3o:&nbsp;<\/strong>Prof. Dr. Eduardo Jos\u00e9 de Almeida Ara\u00fajo<\/p>\n\n\n\n<p><strong>Apoio Financeiro:&nbsp;<\/strong>Programa Novos Talentos da Coordenadoria de Aperfei\u00e7oamento de Pessoal de N\u00edvel Superior (CAPES)<\/p>\n\n\n\n<p>Curta nossa p\u00e1gina no&nbsp;<a target=\"_blank\" href=\"http:\/\/www.facebook.com\/ProjetoNovosTalentosHistologiaAnatomia\" rel=\"noreferrer noopener\"><strong><u>Facebook<\/u>&nbsp;<\/strong><\/a><\/p>\n\n\n\n<hr class=\"wp-block-separator has-alpha-channel-opacity\" \/>\n\n\n\n<p><strong>OFICINA PARA PROFESSORES:&nbsp;Desvendando nosso Segundo C\u00e9rebro<\/strong><\/p>\n\n\n\n<p><strong>Datas:<\/strong><strong>&nbsp;<\/strong>\u00e0s quintas-feiras, nos dias: 29 de outubro, 05, 12, 19 e 26 de novembro de 2015<\/p>\n\n\n\n<p><strong>Hor\u00e1rio:<\/strong>&nbsp;das 08 \u00e0s 12h<\/p>\n\n\n\n<p><strong>Datas Importantes:<\/strong><\/p>\n\n\n\n<p>&nbsp; &#8211;&nbsp;<strong>Inscri\u00e7\u00f5es:&nbsp;<\/strong>de 10\/08\/15 at\u00e9 20\/09\/15<\/p>\n\n\n\n<p>&nbsp;&#8211;&nbsp;<strong>Sele\u00e7\u00e3o:&nbsp;<\/strong>de 14\/09\/15 at\u00e9 18\/09\/15.<\/p>\n\n\n\n<p>&nbsp; &#8211;&nbsp;<strong>Divulga\u00e7\u00e3o de resultados das sele\u00e7\u00f5es:&nbsp;<\/strong>at\u00e9 dia 06\/10\/15.<\/p>\n\n\n\n<p><strong>Carga hor\u00e1ria total do curso:<\/strong><strong>&nbsp;<\/strong>40 horas (incluindo atividades que ser\u00e3o feitas \u00e0 dist\u00e2ncia pela Plataforma Moodle).&nbsp;OS PROFESSORES SELECIONADOS DEVER\u00c3O FREQUENTAR AS CINCO QUINTAS-FEIRAS PARA TER DIREITO A RECEBER CERTIFICADO. N\u00c3O PODER\u00c1 OCORRER FALTA EM NENHUM DOS DIAS!<\/p>\n\n\n\n<p><strong>Programa\u00e7\u00e3o:&nbsp;<\/strong>Anatomia do trato digest\u00f3rio humano e animal, Histologia do trato digest\u00f3rio humano, Sistema imune intestinal, Pr\u00e1tica de anatomia do trato digest\u00f3rio, Pr\u00e1tica de histologia do trato digest\u00f3rio, Fisiologia do trato digest\u00f3rio, Sistema nervoso ent\u00e9rico, Como e quando ensinar sobre o sistema nervoso ent\u00e9rico.<\/p>\n\n\n\n<p><strong>Local:<\/strong>&nbsp;UEL \u2013 CCB \u2013 Pr\u00e9dio da Morfologia.<\/p>\n\n\n\n<p><strong>Resultado da Sele\u00e7\u00e3o de PROFESSORES:&nbsp;clique&nbsp;<a href=\"https:\/\/www.uel.br\/ccb\/novostalentos\/pages\/nt-anteriores\/[wblink84]\">AQUI<\/a><\/strong><\/p>\n\n\n\n<hr class=\"wp-block-separator has-alpha-channel-opacity\" \/>\n\n\n\n<p><strong>OFICINA PARA ALUNOS:&nbsp;Desvendando o corpo humano<\/strong><\/p>\n\n\n\n<figure class=\"wp-block-image\"><img decoding=\"async\" src=\"http:\/\/www.uel.br\/ccb\/histologia\/portal\/pages\/arquivos\/nt2015.jpg\" alt=\"\" \/><\/figure>\n\n\n\n<p><strong>Datas:&nbsp;<\/strong>aos s\u00e1bados, nos dias: 31 de outubro e 07, 14, 21 e 28 de novembro.<\/p>\n\n\n\n<p><strong>Hor\u00e1rios<\/strong>:&nbsp;das 8h \u00e0s 17h, com uma hora de almo\u00e7o.<\/p>\n\n\n\n<p><strong>Programa\u00e7\u00e3o:<\/strong>&nbsp;Conhecendo a anatomia dos animais e do homem; Microscopia: o que \u00e9 invis\u00edvel aos nossos olhos; Sistema Nervoso: o comando de tudo; Sistema Reprodutor: o come\u00e7o de tudo; Zoonoses: doen\u00e7as compartilhadas entre animais e humanos.<\/p>\n\n\n\n<p><strong>Datas Importantes:<\/strong><strong><\/strong><\/p>\n\n\n\n<p>&nbsp; &nbsp;&#8211;&nbsp;<strong>Inscri\u00e7\u00f5es:&nbsp;<\/strong>de 10\/08\/15 at\u00e9 20\/09\/15 &nbsp;<\/p>\n\n\n\n<p>&nbsp; &nbsp;&#8211;&nbsp;<strong>Sele\u00e7\u00e3o:&nbsp;<\/strong>de 14\/09\/15 at\u00e9 18\/09\/15.<strong><\/strong><\/p>\n\n\n\n<p>&nbsp; &nbsp;&#8211;&nbsp;<strong>Divulga\u00e7\u00e3o de resultados das sele\u00e7\u00f5es:&nbsp;<\/strong>at\u00e9 dia 06\/10\/15.<strong><\/strong><\/p>\n\n\n\n<p><strong>Avisos Importantes:<\/strong><strong><\/strong><\/p>\n\n\n\n<p>&nbsp; &#8211;&nbsp;todo o processo de Inscri\u00e7\u00e3o e Divulga\u00e7\u00e3o dos Resultados ocorrer\u00e1 atrav\u00e9s&nbsp;<strong>deste site.<\/strong><strong><\/strong><\/p>\n\n\n\n<p>&nbsp; &#8211; OS ALUNOS SELECIONADOS DEVER\u00c3O FREQUENTAR OS CINCO S\u00c1BADOS PARA TER DIREITO A RECEBER CERTIFICADO. N\u00c3O PODER\u00c1 OCORRER FALTA EM NENHUM DOS DIAS!<\/p>\n\n\n\n<p>&nbsp; &#8211; Os alunos selecionados ser\u00e3o contactados por email e dever\u00e3o apresentar a Declara\u00e7\u00e3o de Autoriza\u00e7\u00e3o (que ser\u00e1 enviado tamb\u00e9m por email), assinado pelo respons\u00e1vel, no primeiro dia das Oficinas (31\/10\/15)<\/p>\n\n\n\n<p>&nbsp; &#8211; A UEL n\u00e3o oferecer\u00e1 almo\u00e7o ou lanche. Portanto, os selecionados dever\u00e3o vir preparados financeiramente para custear o almo\u00e7o. H\u00e1 um restaurante bem pr\u00f3ximo onde todos n\u00f3s almo\u00e7aremos juntos. Este restaurante tem servi\u00e7o tipo &#8220;Self Service&#8221;. O valor do quilograma atualmente \u00e9 de aproximadamente R$ 28,00. Recomendamos trazer alguma fruta, biscoito ou algo semelhante na mochila para comer durante o dia.<\/p>\n\n\n\n<p><strong><a href=\"https:\/\/www.uel.br\/ccb\/novostalentos\/pages\/nt-anteriores\/[wblink83]\"><u>&nbsp;Resultado da Sele\u00e7\u00e3o para ALUNOS &#8211; 1\u00aa e 2\u00aa chamadas: CLIQUE AQUI.<\/u><\/a><\/strong><\/p>\n\n\n\n<p><strong>Monitores das oficinas para alunos:<\/strong><strong><\/strong><\/p>\n\n\n\n<p><strong>Conhecendo a anatomia dos animais e do homem:<\/strong><strong><\/strong><\/p>\n\n\n\n<p><strong>L\u00edder:<\/strong><strong>&nbsp;Amanda Moreira Januzzi (Ci\u00eancias Biol\u00f3gicas)<\/strong><strong><\/strong><\/p>\n\n\n\n<p><strong>Integrantes:&nbsp;<\/strong>Luana Souza (Medicina Veterin\u00e1ria), Bianca Dorana de Oliveira Souza (Biomedicina), Jo\u00e3o Marcos das Neves (Medicina Veterin\u00e1ria), Rafaela Lopes Fonseca (Medicina), Raniel Ferreira (Medicina).<\/p>\n\n\n\n<p><strong>Microscopia: o que \u00e9 invis\u00edvel aos nossos olhos<\/strong><strong><\/strong><\/p>\n\n\n\n<p><strong>L\u00edder: Thalita Massi Carlos (Farm\u00e1cia)<\/strong><strong><\/strong><\/p>\n\n\n\n<p><strong>Integrantes:&nbsp;<\/strong>Andr\u00e9 G\u00f3es (Medicina), Danilo Figueiredo (Farm\u00e1cia), Giovana Andrade (Farm\u00e1cia), Marcos Henrique (Biomedicina), Vin\u00edcius Henrique (Medicina).<\/p>\n\n\n\n<p><strong>Sistema Nervoso: o comando de tudo<\/strong><strong><\/strong><\/p>\n\n\n\n<p><strong>L\u00edder: Silvia Miyazaki Ortizoga (Biomedicina)<\/strong><strong><\/strong><\/p>\n\n\n\n<p><strong>Integrantes:&nbsp;<\/strong>Ana Fl\u00e1via Placidino (Enfermagem), Leandro Afonso (Ci\u00eancias Biol\u00f3gicas), Pedro Barone (Medicina), Nat\u00e1lia Mantova (Medicina), Tha\u00eds Melo (Medicina).<\/p>\n\n\n\n<p><strong>Sistema Reprodutor: o come\u00e7o de tudo<\/strong><strong><\/strong><\/p>\n\n\n\n<p><strong>L\u00edder: Daniela Rejan (Ci\u00eancias Biol\u00f3gicas)<\/strong><strong><\/strong><\/p>\n\n\n\n<p><strong>Integrantes:&nbsp;<\/strong>Anna Paula Silva Olak (Biomedicina), Gustavo Ferreira Della Rosa (Enfermagem), Heloiza Lara Parizotto (Enfermagem), &nbsp;Nathalia Hernandes Turke (Ci\u00eancias Biol\u00f3gicas), Renan Cantanti Marques (Ci\u00eancias Biol\u00f3gicas), Wilyane Quiles (Enfermagem).<strong><\/strong><\/p>\n\n\n\n<p><strong>Zoonoses: doen\u00e7as compartilhadas entre animais e humanos.<\/strong><strong><\/strong><\/p>\n\n\n\n<p><strong>L\u00edder:&nbsp;<\/strong><strong>Aleff Tadeu Belinatti Hatanaka (Medicina Veterin\u00e1ria)<\/strong><strong><\/strong><\/p>\n\n\n\n<p><strong>Integrantes:&nbsp;<\/strong>Drielly Caroline Souza (Geografia), Bianca Rezende Fernandes (Medicina Veterin\u00e1ria), Isabelli Sayuri Kono (Medicina Veterin\u00e1ria), Lorena Natalino Haber Garcia (Medicina Veterin\u00e1ria)<\/p>\n\n\n\n<p><strong>Monitores de Grupo:&nbsp;<\/strong>Amanda Dion\u00edsio (Biomedicina),&nbsp;Amanda Lima (Medicina),&nbsp;Beatriz Lima (Enfermagem),&nbsp;Bruna Milani (Enfermagem),&nbsp;Danielle Cortez (Enfermagem),&nbsp;Jo\u00e3o Victor Souza Lima (Ci\u00eancias Biol\u00f3gicas),&nbsp;Larissa Nath\u00e1lia Teixeira (Enfermagem),&nbsp;Luana Paschoalino (Medicina), Tayn\u00e1 Vieira (Enfermagem) e Renata Portero (Enfermagem).<\/p>\n\n\n\n<hr class=\"wp-block-separator has-alpha-channel-opacity\" \/>\n\n\n\n<p><strong>Mais informa\u00e7\u00f5es:<\/strong><\/p>\n\n\n\n<ul class=\"wp-block-list\">\n<li>Departamento de Histologia &#8211; Prof. Eduardo: (43) 3371 5498<\/li>\n\n\n\n<li>Atrav\u00e9s da nossa p\u00e1gina no&nbsp;<a href=\"http:\/\/www.facebook.com\/ProjetoNovosTalentosHistologiaAnatomia\" target=\"_blank\" rel=\"noreferrer noopener\"><u>Facebook<\/u><\/a>&nbsp;&nbsp;<a href=\"http:\/\/www.facebook.com\/ProjetoNovosTalentosHistologiaAnatomia\" target=\"_blank\" rel=\"noreferrer noopener\"><\/a><\/li>\n<\/ul>\n\n\n\n<hr class=\"wp-block-separator has-alpha-channel-opacity\" \/>\n\n\n\n<p><strong>RESULTADO DO PROCESSO SELETIVO PARA PARTICIPA\u00c7\u00c3O DA OFICINA<\/strong><\/p>\n\n\n\n<p><strong>Desvendando o Corpo Humano &#8211; ALUNOS<\/strong><\/p>\n\n\n\n<p>1) Veja se seu nome consta na lista de&nbsp;<strong>ALUNOS SELECIONADOS<\/strong>&nbsp;abaixo.<\/p>\n\n\n\n<p>2) Se sim, voc\u00ea foi selecionado mas ter\u00e1 que&nbsp;<strong><a href=\"https:\/\/docs.google.com\/forms\/d\/12TQMSB3eJiT2RGnuQ91OyyOlaBDqW16W2Xv7XMtWGug\/viewform?edit_requested=true\" target=\"_blank\" rel=\"noreferrer noopener\">CONFIRMAR<\/a>&nbsp;<\/strong>sua participa\u00e7\u00e3o at\u00e9 o dia<strong>&nbsp;<\/strong><strong>13\/10\/2015<\/strong>.&nbsp;Se voc\u00ea n\u00e3o&nbsp;<strong><a href=\"https:\/\/docs.google.com\/forms\/d\/12TQMSB3eJiT2RGnuQ91OyyOlaBDqW16W2Xv7XMtWGug\/viewform?edit_requested=true\" target=\"_blank\" rel=\"noreferrer noopener\">confirmar<\/a>&nbsp;<\/strong>sua participa\u00e7\u00e3o dentro deste prazo, voc\u00ea estar\u00e1 automaticamente desclassificado e outra pessoa ser\u00e1 chamada para sua vaga.<\/p>\n\n\n\n<p>3) Se seu nome n\u00e3o consta na linha abaixo, aguarde pois h\u00e1 possiblidade de fazermos uma segunda chamada, caso algum selecionado n\u00e3o confirme a participa\u00e7\u00e3o na oficina.<\/p>\n\n\n\n<p>4) Se voc\u00ea foi selecionado e confirmou sua participa\u00e7\u00e3o, no primeiro dia oficina (31\/10\/15 \u00e0s 8h) voc\u00ea dever\u00e1 entregar uma&nbsp;<strong><a href=\"http:\/\/www.uel.br\/ccb\/histologia\/portal\/pages\/arquivos\/Declaracao%20para%20os%20SELECIONADOS%202015.pdf\" target=\"_blank\" rel=\"noreferrer noopener\">declara\u00e7\u00e3o&nbsp;<\/a><\/strong>dos seus pais (ou respons\u00e1veis) te autorizando a participar desse curso. Para essa declara\u00e7\u00e3o voc\u00ea dever\u00e1 utilizar o seguinte&nbsp;<strong><u><a href=\"http:\/\/www.uel.br\/ccb\/histologia\/portal\/pages\/arquivos\/Declaracao%20para%20os%20SELECIONADOS%202015.pdf\" target=\"_blank\" rel=\"noreferrer noopener\">MODELO: CLIQUE AQUI!<\/a><\/u><\/strong><\/p>\n\n\n\n<p>5) O n\u00famero total de vagas desta oficina foi distribu\u00eddo por escola, considerando seu IDEB e o n\u00famero total de inscri\u00e7\u00f5es enviadas;<\/p>\n\n\n\n<p>6) &nbsp;Escolas com menor IDEB e que enviaram maior n\u00famero de inscri\u00e7\u00f5es tenderam a ter mais vagas;<\/p>\n\n\n\n<p><strong><a href=\"https:\/\/docs.google.com\/forms\/d\/12TQMSB3eJiT2RGnuQ91OyyOlaBDqW16W2Xv7XMtWGug\/viewform?edit_requested=true\" target=\"_blank\" rel=\"noreferrer noopener\">SE VOC\u00ca FOI SELECIONADO&nbsp;<\/a><\/strong><strong><a href=\"https:\/\/docs.google.com\/forms\/d\/12TQMSB3eJiT2RGnuQ91OyyOlaBDqW16W2Xv7XMtWGug\/viewform?edit_requested=true\" target=\"_blank\" rel=\"noreferrer noopener\">\u00c9 NECESS\u00c1RIO QUE VOC\u00ca CONFIRME SUA PARTICIPA\u00c7\u00c3O&nbsp;<\/a><\/strong><strong><a href=\"https:\/\/docs.google.com\/forms\/d\/12TQMSB3eJiT2RGnuQ91OyyOlaBDqW16W2Xv7XMtWGug\/viewform?edit_requested=true\" target=\"_blank\" rel=\"noreferrer noopener\">CLICANDO AQUI<\/a><\/strong><\/p>\n\n\n\n<p><strong>ALUNOS SELECIONADOS &#8211; 2\u00aa chamada<\/strong><\/p>\n\n\n\n<p><strong>ATEN\u00c7\u00c3O:&nbsp;<\/strong>CONFIRMAR PARTICIPA\u00c7\u00c3O AT\u00c9 DIA&nbsp;<strong>26\/10\/15<\/strong><\/p>\n\n\n\n<figure class=\"wp-block-table\"><table><tbody><tr><td>Jessica Larissa Pais dos Santos<\/td><td>11 de Outubro, CE<\/td><td>Camb\u00e9<\/td><\/tr><tr><td>Geovana Martelossi Cebinelli<\/td><td>Attilio Codato, CE<\/td><td>Camb\u00e9<\/td><\/tr><tr><td>Giovani Pinange de Oliveira<\/td><td>Nossa Senhora de Lourdes, CE<\/td><td>Londrina<\/td><\/tr><tr><td>Thais Helena Ito Louren\u00e7o<\/td><td>Euz\u00e9bio de Menezes, CE<\/td><td>Londrina<\/td><\/tr><tr><td>Julia Alves Boleti dos Santos<\/td><td>Marcelino Champagnat, CE<\/td><td>Londrina<\/td><\/tr><tr><td>Vitor Sato<\/td><td>Ubedulha Correia de Oliveira, CE<\/td><td>Londrina<\/td><\/tr><\/tbody><\/table><\/figure>\n\n\n\n<p><strong>ALUNOS SELECIONADOS &#8211; 1\u00aa chamada<\/strong><\/p>\n\n\n\n<figure class=\"wp-block-table\"><table><tbody><tr><td><strong>N.<\/strong><\/td><td><strong>NOME<\/strong><\/td><td><strong>ESCOLA<\/strong><\/td><td><strong>CIDADE<\/strong><\/td><\/tr><tr><td>1<\/td><td>Ad\u00e3o Mateus Costa<\/td><td>Marcelino Champagnat, CE<\/td><td>Londrina<\/td><\/tr><tr><td>2<\/td><td>Alexia Mayara dos Santos<\/td><td>Benjamin Constant, CE<\/td><td>Londrina<\/td><\/tr><tr><td>3<\/td><td>Alice Akemi Yamasaki<\/td><td>Jos\u00e9 de Anchieta, CE<\/td><td>Londrina<\/td><\/tr><tr><td>4<\/td><td>Aline Fernanda Placidino<\/td><td>Maria do Ros\u00e1rio Castaldi, CE<\/td><td>Londrina<\/td><\/tr><tr><td>5<\/td><td>Amanda Costa Angelo<\/td><td>Wistremundo Roberto Perez Garcia, CE<\/td><td>Londrina<\/td><\/tr><tr><td>6<\/td><td>Amanda de Vergines Guilherme<\/td><td>Marcelino Champagnat, CE<\/td><td>Londrina<\/td><\/tr><tr><td>7<\/td><td>Amanda Silva Xavier<\/td><td>Jos\u00e9 Alo\u00edsio Arag\u00e3o, CE (Aplica\u00e7\u00e3o)<\/td><td>Londrina<\/td><\/tr><tr><td>8<\/td><td>Ana Karolyna Fran\u00e7a Rosa<\/td><td>Maria Helena Davatz, CE<\/td><td>Londrina<\/td><\/tr><tr><td>9<\/td><td>Ana Paula da Silva<\/td><td>Eudice Ravagnani de Oliveira, CE<\/td><td>Florest\u00f3polis<\/td><\/tr><tr><td>10<\/td><td>Barbara Caroline Scupinari<\/td><td>Ubedulha Correia de Oliveira, CE<\/td><td>Londrina<\/td><\/tr><tr><td>11<\/td><td>Barbara Maistrovicz<\/td><td>IEEL<\/td><td>Londrina<\/td><\/tr><tr><td>12<\/td><td>Beatriz Milani Gomes<\/td><td>Tsuru Oguido, CE<\/td><td>Londrina<\/td><\/tr><tr><td>13<\/td><td>Beatriz Vilela Costa<\/td><td>Maria Cintra de Alc\u00e2ntara, CE<\/td><td>Tamarana<\/td><\/tr><tr><td>14<\/td><td>Bruna Andretta Vituri<\/td><td>Helena Kolody, CE Profa<\/td><td>Camb\u00e9<\/td><\/tr><tr><td>15<\/td><td>Bruna J\u00falia Lima de Oliveira<\/td><td>Dom Geraldo Fernandes, CE<\/td><td>Camb\u00e9<\/td><\/tr><tr><td>16<\/td><td>Carolina Andretta Vituri<\/td><td>Helena Kolody, CE Profa<\/td><td>Camb\u00e9<\/td><\/tr><tr><td>17<\/td><td>Clara Fanas Duarte<\/td><td>Maria Helena Davatz, CE<\/td><\/tr><\/tbody><\/table><\/figure>\n\n\n\n<hr class=\"wp-block-separator has-alpha-channel-opacity\" \/>\n\n\n\n<p><strong>RESULTADO DO PROCESSO SELETIVO PARA PARTICIPA\u00c7\u00c3O DA OFICINA&nbsp;DESVENDANDO O NOSSO SEGUNDO C\u00c9REBRO<\/strong><\/p>\n\n\n\n<p><strong>Professores<\/strong><\/p>\n\n\n\n<p><strong>SE VOC\u00ca FOI SELECIONADO \u00c9 NECESS\u00c1RIO QUE VOC\u00ca CONFIRME SUA PARTICIPA\u00c7\u00c3O CLICANDO&nbsp;<\/strong><strong><a href=\"https:\/\/docs.google.com\/forms\/d\/1GoZ__XARk5OVrk1cs52McrTKdpd2CwUKXpCZTia7PVU\/viewform\" target=\"_blank\" rel=\"noreferrer noopener\">AQUI<\/a><\/strong><\/p>\n\n\n\n<p>Observa\u00e7\u00f5es:<\/p>\n\n\n\n<p>1) Veja se seu nome consta na lista abaixo.<\/p>\n\n\n\n<p>2) Se sim, voc\u00ea foi selecionado mas ter\u00e1 que&nbsp;<strong><u><a href=\"https:\/\/docs.google.com\/forms\/d\/1GoZ__XARk5OVrk1cs52McrTKdpd2CwUKXpCZTia7PVU\/viewform\" target=\"_blank\" rel=\"noreferrer noopener\">CONFIRMAR<\/a><\/u><\/strong>&nbsp;sua participa\u00e7\u00e3o at\u00e9 o dia&nbsp;<strong>13\/10\/2015<\/strong>.&nbsp;Se voc\u00ea n\u00e3o confirmar sua participa\u00e7\u00e3o dentro deste prazo, voc\u00ea estar\u00e1 automaticamente desclassificado e outra pessoa ser\u00e1 chamada para sua vaga.<\/p>\n\n\n\n<figure class=\"wp-block-table\"><table><tbody><tr><td><strong>N.<\/strong><\/td><td><strong>Nome<\/strong><\/td><\/tr><tr><td>1<\/td><td>Alice Kazue Hassuike Dolibaina<\/td><\/tr><tr><td>2<\/td><td>Camila Cortez<\/td><\/tr><tr><td>3<\/td><td>Elizabeth Guivernau Gaudens Serafim<\/td><\/tr><tr><td>4<\/td><td>Helo\u00edsa Helena T\u00f3foli Vieira Machado<\/td><\/tr><tr><td>5<\/td><td>Katia Midori Wakassugui Gamba<\/td><\/tr><tr><td>6<\/td><td>Micaella Rubetoso Carneiro<\/td><\/tr><tr><td>7<\/td><td>Nayana Teixeira Lima Matias<\/td><\/tr><tr><td>8<\/td><td>Nilce Nazareth Truber<\/td><\/tr><tr><td>9<\/td><td>Raquel Barboza Reis de Oliveira<\/td><\/tr><tr><td>10<\/td><td>Regina Akiko Ogawa Feitosa<\/td><\/tr><tr><td>11<\/td><td>Renata Cristina de Souza Fabiano<\/td><\/tr><\/tbody><\/table><\/figure>\n","protected":false},"excerpt":{"rendered":"<p>PROJETO NOVOS TALENTOS &#8211; 2015 O ensino das Ci\u00eancias Morfol\u00f3gicas para a Educa\u00e7\u00e3o B\u00e1sica Coordena\u00e7\u00e3o:&nbsp;Prof. Dr. Eduardo Jos\u00e9 de Almeida Ara\u00fajo Apoio Financeiro:&nbsp;Programa Novos Talentos da Coordenadoria de Aperfei\u00e7oamento de Pessoal de N\u00edvel Superior (CAPES) Curta nossa p\u00e1gina no&nbsp;Facebook&nbsp; OFICINA PARA PROFESSORES:&nbsp;Desvendando nosso Segundo C\u00e9rebro Datas:&nbsp;\u00e0s quintas-feiras, nos dias: 29 de outubro, 05, 12, 19 [&hellip;]<\/p>\n","protected":false},"author":7,"featured_media":0,"parent":0,"menu_order":0,"comment_status":"closed","ping_status":"closed","template":"","meta":{"_acf_changed":false,"footnotes":""},"class_list":["post-225","page","type-page","status-publish","hentry"],"acf":[],"_links":{"self":[{"href":"https:\/\/sites.uel.br\/novostalentos\/wp-json\/wp\/v2\/pages\/225","targetHints":{"allow":["GET"]}}],"collection":[{"href":"https:\/\/sites.uel.br\/novostalentos\/wp-json\/wp\/v2\/pages"}],"about":[{"href":"https:\/\/sites.uel.br\/novostalentos\/wp-json\/wp\/v2\/types\/page"}],"author":[{"embeddable":true,"href":"https:\/\/sites.uel.br\/novostalentos\/wp-json\/wp\/v2\/users\/7"}],"replies":[{"embeddable":true,"href":"https:\/\/sites.uel.br\/novostalentos\/wp-json\/wp\/v2\/comments?post=225"}],"version-history":[{"count":6,"href":"https:\/\/sites.uel.br\/novostalentos\/wp-json\/wp\/v2\/pages\/225\/revisions"}],"predecessor-version":[{"id":303,"href":"https:\/\/sites.uel.br\/novostalentos\/wp-json\/wp\/v2\/pages\/225\/revisions\/303"}],"wp:attachment":[{"href":"https:\/\/sites.uel.br\/novostalentos\/wp-json\/wp\/v2\/media?parent=225"}],"curies":[{"name":"wp","href":"https:\/\/api.w.org\/{rel}","templated":true}]}}