{"id":215,"date":"2024-07-06T18:36:35","date_gmt":"2024-07-06T21:36:35","guid":{"rendered":"https:\/\/sites.uel.br\/novostalentos\/?page_id=215"},"modified":"2024-07-08T10:48:01","modified_gmt":"2024-07-08T13:48:01","slug":"nt20172","status":"publish","type":"page","link":"https:\/\/sites.uel.br\/novostalentos\/nt20172\/","title":{"rendered":"NT 2017\/2"},"content":{"rendered":"\n<div style=\"height:40px\" aria-hidden=\"true\" class=\"wp-block-spacer\"><\/div>\n\n\n\n<div class=\"wp-block-buttons is-content-justification-left is-layout-flex wp-container-core-buttons-is-layout-fdcfc74e wp-block-buttons-is-layout-flex\">\n<div class=\"wp-block-button is-style-outline is-style-outline--1\"><a class=\"wp-block-button__link wp-element-button\" href=\"https:\/\/photos.app.goo.gl\/WXvyDqMZDRSM1CyE9\" target=\"_blank\" rel=\"noreferrer noopener\"><strong>\u00c1lbum de fotos do NT 2017<\/strong><\/a><\/div>\n<\/div>\n\n\n\n<div style=\"height:40px\" aria-hidden=\"true\" class=\"wp-block-spacer\"><\/div>\n\n\n\n<p><strong>PROJETO NOVOS TALENTOS &#8211; 2017<\/strong><\/p>\n\n\n\n<p><strong>OFICINAS PARA\u00a0<u>ALUNOS<\/u><\/strong><\/p>\n\n\n\n<figure class=\"wp-block-image\"><img decoding=\"async\" src=\"http:\/\/www.uel.br\/ccb\/histologia\/portal\/pages\/arquivos\/NT17%20-%20DCH.jpg\" alt=\"\" \/><\/figure>\n\n\n\n<p><strong><em>8\u00aa Oficina Desvendando o Corpo Humano<\/em><\/strong><\/p>\n\n\n\n<p><em>Oferecida em cinco s\u00e1bados consecutivos (8 horas por dia), totalizando 40 horas de atividades.<\/em><\/p>\n\n\n\n<p><em>Esta oficina envolver\u00e1 5 tem\u00e1ticas: Anatomia Comparada, Biologia Celular e Histologia, Neuroci\u00eancia, Sistema Reprodutor e Sexualidade e Zoonoses.<\/em><\/p>\n\n\n\n<p><strong>Quem poder\u00e1 se inscrever? A<\/strong><strong>lunos&nbsp;<\/strong>matriculados entre o 8\u00b0 ano do Ensino Fundamental ao 3\u00b0 ano do Ensino M\u00e9dio de escolas p\u00fablicas de Londrina e regi\u00e3o.<\/p>\n\n\n\n<p><strong>N\u00famero de vagas:<\/strong>&nbsp;150<\/p>\n\n\n\n<p><strong>Datas das oficinas:<\/strong>&nbsp;16, 23 e 30\/09, 07 e 14\/10<\/p>\n\n\n\n<p><strong>Hor\u00e1rio:&nbsp;<\/strong>das 8h \u00e0s 17h<\/p>\n\n\n\n<p><strong>Inscri\u00e7\u00f5es:&nbsp;<\/strong>de 04 a 28 de agosto<\/p>\n\n\n\n<p><strong>Resultado:<\/strong>&nbsp;06 de setembro<\/p>\n\n\n\n<p><strong>Inscreva-se nesta Oficina&nbsp;<\/strong><strong><a href=\"https:\/\/docs.google.com\/forms\/d\/e\/1FAIpQLSe-U_wvMhI-9n79hIvYD3ypa9dj_fnC5GRvpJwM16wgGpN1AA\/viewform?usp=sf_link\" target=\"_blank\" rel=\"noreferrer noopener\">CLICANDO AQUI<\/a><\/strong><\/p>\n\n\n\n<hr class=\"wp-block-separator has-alpha-channel-opacity\" \/>\n\n\n\n<figure class=\"wp-block-image\"><img decoding=\"async\" src=\"http:\/\/www.uel.br\/ccb\/histologia\/portal\/pages\/arquivos\/NT17%20-%20GMA.jpg\" alt=\"\" \/><\/figure>\n\n\n\n<p><strong><em>3\u00aa Oficina Gen\u00e9tica e Meio Ambiente<br><\/em><\/strong><em>Oferecida em cinco s\u00e1bados consecutivos (8 horas por dia), totalizando 40 horas de atividades. Envolver\u00e1 2 tem\u00e1ticas: a) Gen\u00e9tica: como nossas caracter\u00edsticas e doen\u00e7as podem ser transmitidas de pais para filhos; b) Educa\u00e7\u00e3o Ambiental: como preservar a natureza e o mundo que nos cerca.<\/em><\/p>\n\n\n\n<p><strong>Quem poder\u00e1 se inscrever?<\/strong>&nbsp;A<strong>lunos<\/strong>&nbsp;matriculados entre o 1\u00b0 e o 3\u00b0 ano do Ensino M\u00e9dio de escolas p\u00fablicas de Londrina e regi\u00e3o.<\/p>\n\n\n\n<p><strong>N\u00famero de vagas:<\/strong>&nbsp;30<\/p>\n\n\n\n<p><strong>Datas das oficinas:<\/strong>&nbsp;16, 23 e 30\/09, 07 e 14\/10<\/p>\n\n\n\n<p><strong>Hor\u00e1rio:&nbsp;<\/strong>das 8h \u00e0s 17h<\/p>\n\n\n\n<p><strong>Inscri\u00e7\u00f5es:&nbsp;<\/strong>de 04 a 28 de agosto<\/p>\n\n\n\n<p><strong>Inscreva-se nesta Oficina&nbsp;<\/strong><strong><a href=\"https:\/\/docs.google.com\/forms\/d\/e\/1FAIpQLSez4Bc6cbN5V7YDOiN64HvtyKRGFAT6PBdZHdJ2CGRv1awDXg\/viewform?usp=sf_link\" target=\"_blank\" rel=\"noreferrer noopener\">CLICANDO AQUI<\/a><\/strong><\/p>\n\n\n\n<hr class=\"wp-block-separator has-alpha-channel-opacity\" \/>\n\n\n\n<p><strong>OFICINA PARA&nbsp;<u>PROFESSORES<\/u><\/strong><\/p>\n\n\n\n<figure class=\"wp-block-image\"><img decoding=\"async\" src=\"http:\/\/www.uel.br\/ccb\/histologia\/portal\/pages\/arquivos\/Oficina%20Atlas%202017.jpg\" alt=\"\" \/><\/figure>\n\n\n\n<p><strong><em>2\u00aa Oficina de Microscopia para Educa\u00e7\u00e3o B\u00e1sica<\/em><\/strong><\/p>\n\n\n\n<p><em>Totalizando 40 horas de atividades (24 horas presenciais e 16 horas n\u00e3o presenciais), esta oficina visa oferecer treinamento para professores da Educa\u00e7\u00e3o B\u00e1sica, com o intuito de oferecer subs\u00eddios para a utiliza\u00e7\u00e3o da cole\u00e7\u00e3o de l\u00e2minas e microsc\u00f3pios nas escolas. Os professores participantes receber\u00e3o gratuitamente um exemplar impresso do livro &#8220;Atlas de Microscopia para Educa\u00e7\u00e3o B\u00e1sica&#8221;.<\/em><\/p>\n\n\n\n<p><strong>P\u00fablico-alvo:<\/strong><strong>professores&nbsp;<\/strong>de Ci\u00eancias e Biologia (Ensino Fundamental e M\u00e9dio) de escolas p\u00fablicas de Londrina e regi\u00e3o.<\/p>\n\n\n\n<p><strong>N\u00famero de vagas:<\/strong>&nbsp;40<\/p>\n\n\n\n<p><strong>Pr\u00e9-requisito:<\/strong>&nbsp;<em>trazer o lamin\u00e1rio fornecido pela SEED e utilizado na escola.<\/em><\/p>\n\n\n\n<p><strong>Datas das oficinas presenciais:<\/strong>&nbsp;16\/09, 23\/09, 30\/09 (das 8h30min \u00e0s 17h30min) e dia 21\/10 (das 9h \u00e0s 12h).<\/p>\n\n\n\n<p><strong>Inscri\u00e7\u00f5es:&nbsp;<\/strong>de 04 a 28 de agosto<\/p>\n\n\n\n<p><strong>Inscreva-se nesta Oficina&nbsp;<\/strong><strong><a href=\"https:\/\/docs.google.com\/forms\/d\/e\/1FAIpQLSezjyflWk_AvdyTYkX_2u8JSiVloxcpuO25r-P9fIGfqnFgEQ\/viewform?usp=sf_link\" target=\"_blank\" rel=\"noreferrer noopener\">CLICANDO AQUI<\/a><\/strong><\/p>\n\n\n\n<hr class=\"wp-block-separator has-alpha-channel-opacity\" \/>\n\n\n\n<p><strong>Maiores informa\u00e7\u00f5es:<\/strong><\/p>\n\n\n\n<p><strong>Fone:&nbsp;<\/strong>(43) 3371 4583&nbsp;<\/p>\n\n\n\n<p><strong>E-mail:<\/strong>&nbsp;projetodesvendandocorpohumano@gmail.com<\/p>\n\n\n\n<p>Siga-nos no&nbsp;<strong>Instagram<\/strong>:&nbsp;<a href=\"http:\/\/www.instagram.com\/nthistoanato\" target=\"_blank\" rel=\"noreferrer noopener\"><strong><u>@nthistoanato<\/u><\/strong><\/a><\/p>\n\n\n\n<p>Curta nossa p\u00e1gina no Facebook:<\/p>\n\n\n\n<blockquote class=\"wp-block-quote is-layout-flow wp-block-quote-is-layout-flow\">\n<p><a href=\"https:\/\/www.facebook.com\/nthistoanato\/\">Projeto Novos Talentos UEL &#8211; Histologia e Anatomia<\/a><\/p>\n<\/blockquote>\n\n\n\n<hr class=\"wp-block-separator has-alpha-channel-opacity\" \/>\n\n\n\n<blockquote class=\"wp-block-quote is-layout-flow wp-block-quote-is-layout-flow\">\n<p><\/p>\n<\/blockquote>\n\n\n\n<blockquote class=\"wp-block-quote is-layout-flow wp-block-quote-is-layout-flow\">\n<p><\/p>\n<\/blockquote>\n\n\n\n<h3 class=\"wp-block-heading\">Equipe do Projeto<\/h3>\n\n\n\n<p><strong>Coordena\u00e7\u00e3o<\/strong><br>Prof. Dr. Eduardo Jos\u00e9 de Almeida Ara\u00fajo<br><em>Bi\u00f3logo, professor do Departamento de Histologia, UEL<\/em><br><em><br><\/em>Prof. Dr. F\u00e1bio Goulart de Andrade<br><em>Bi\u00f3logo, professor do Departamento de Histologia, UEL<\/em><\/p>\n\n\n\n<p>Daniela Cristina Lopes Rejan<br><em>Bi\u00f3loga, Mestranda em Ensino de Ci\u00eancias e Educa\u00e7\u00e3o Matem\u00e1tica, PECEM\/UEL<\/em><br><em><br><\/em>Jo\u00e3o Victor Souza Lima<br><em>Graduando em Ci\u00eancias Biol\u00f3gicas&nbsp;<\/em><\/p>\n\n\n\n<p><strong>Equipe de Monitores NT2017<\/strong><br><em>Biomedicina<\/em><br>Carolina Ferreira Sampaio<br>Sabrina Alecsandra Oliveira Santos<br>Matheus Deroco Veloso da Silva<br><em><br><\/em><em>Ci\u00eancias Biol\u00f3gicas<\/em><br>Amanda Moreira Januzzi<br>Ana Paula Costa Jovalente<br>D\u00eanis Figueiredo Fidelis<br>F\u00e1bio Augusto Joinhas<br>Felipe Tavares Gon\u00e7alves da Silva<br>Felipe Tsuzuki<br>Isadora Moraes<br>Jo\u00e3o Daniel Ferraz<br>Leandro Afonso da Silva<br>Leandro Rossini Dias<br>Let\u00edcia Rodrigues da Silva<br>Matheus Chueire Luiz<br>Mickely Liuti Dealis<br>Tafarel Ribeiro Amaro<br>Vanessa Chagas de Almeida<br><em><br><\/em><em>Enfermagem<\/em><br>Bruna Decco Marques da Silva<br>D\u00eamely Biason Ferreira<br>Isaque Augusto da Silva Rocha<br>Pamela Panas dos Santos Oliveira<br>Renata Lima da Silva<br>Tayn\u00e1 Vieira<br>Wellington Garcia Siqueira<br><em><br><\/em><em>Especializa\u00e7\u00e3o em Ensino de Ci\u00eancias Biol\u00f3gicas<\/em><br>Armando Silva Vieira<br><em><br><\/em><em>Farm\u00e1cia<\/em><br>Ana Laura Bernardi Pariz<br>Caio Henrique Bonaldo de Oliveira<br>Deborah Gomes da Silva<br>Isabela Rosa Zarpellon<br>Kawane Fabricio Moura<br>Larissa Ayumi Taira<br>Laura de Oliveira Seme\u00e3o<br>Weslei Alexander Monari da Silva<br><em><br><\/em><em>Fisioterapia<\/em><br>Jade Maria Bernardes Bellan\u00e7on<\/p>\n\n\n\n<p><em>Medicina Veterin\u00e1ria<\/em><br>Brenda Caroline dos Santos Jeanfelice<br>Edson Antonio de Lima Junior<br>Elena Castellani<br>Emanuel dos Santos Silva<br>Gabriela Anteveli<br>Isabelle Caroline Harumy Tamiya<br>J\u00e9ssica dos Santos Silva<br>Jo\u00e3o Marcos das Neves<br>Luciana Lopes Loureiro<br>Luiza Schumacher Francisquini<br><em><br><\/em><em>P\u00f3s-Gradua\u00e7\u00e3o em Ensino de Ci\u00eancias e Educa\u00e7\u00e3o Matem\u00e1tica<\/em><br>Ana Paula Zanin (Mestranda)<br>Juliana Benassi Marinho (Mestranda)<br>Pedro Henrique de Freiras (Doutorando)<br><em><br><\/em><em>P\u00f3s-Gradua\u00e7\u00e3o em Gen\u00e9tica e Biologia Molecular<\/em><br>Ana Beatriz Gois Fernandes Monteiro (Doutoranda)<br>Thayn\u00e1 Bisson Ferraz Lopes (Mestranda)<br><em><br><\/em><em>Psicologia<\/em><\/p>\n\n\n\n<p>Pedro Henrique Batini<\/p>\n","protected":false},"excerpt":{"rendered":"<p>PROJETO NOVOS TALENTOS &#8211; 2017 OFICINAS PARA\u00a0ALUNOS 8\u00aa Oficina Desvendando o Corpo Humano Oferecida em cinco s\u00e1bados consecutivos (8 horas por dia), totalizando 40 horas de atividades. Esta oficina envolver\u00e1 5 tem\u00e1ticas: Anatomia Comparada, Biologia Celular e Histologia, Neuroci\u00eancia, Sistema Reprodutor e Sexualidade e Zoonoses. Quem poder\u00e1 se inscrever? Alunos&nbsp;matriculados entre o 8\u00b0 ano do [&hellip;]<\/p>\n","protected":false},"author":7,"featured_media":0,"parent":0,"menu_order":0,"comment_status":"closed","ping_status":"closed","template":"","meta":{"_acf_changed":false,"footnotes":""},"class_list":["post-215","page","type-page","status-publish","hentry"],"acf":[],"_links":{"self":[{"href":"https:\/\/sites.uel.br\/novostalentos\/wp-json\/wp\/v2\/pages\/215","targetHints":{"allow":["GET"]}}],"collection":[{"href":"https:\/\/sites.uel.br\/novostalentos\/wp-json\/wp\/v2\/pages"}],"about":[{"href":"https:\/\/sites.uel.br\/novostalentos\/wp-json\/wp\/v2\/types\/page"}],"author":[{"embeddable":true,"href":"https:\/\/sites.uel.br\/novostalentos\/wp-json\/wp\/v2\/users\/7"}],"replies":[{"embeddable":true,"href":"https:\/\/sites.uel.br\/novostalentos\/wp-json\/wp\/v2\/comments?post=215"}],"version-history":[{"count":5,"href":"https:\/\/sites.uel.br\/novostalentos\/wp-json\/wp\/v2\/pages\/215\/revisions"}],"predecessor-version":[{"id":308,"href":"https:\/\/sites.uel.br\/novostalentos\/wp-json\/wp\/v2\/pages\/215\/revisions\/308"}],"wp:attachment":[{"href":"https:\/\/sites.uel.br\/novostalentos\/wp-json\/wp\/v2\/media?parent=215"}],"curies":[{"name":"wp","href":"https:\/\/api.w.org\/{rel}","templated":true}]}}