{"id":131,"date":"2024-07-06T15:48:26","date_gmt":"2024-07-06T18:48:26","guid":{"rendered":"https:\/\/sites.uel.br\/novostalentos\/?page_id=131"},"modified":"2024-08-06T23:07:29","modified_gmt":"2024-08-07T02:07:29","slug":"nt2024","status":"publish","type":"page","link":"https:\/\/sites.uel.br\/novostalentos\/nt2024\/","title":{"rendered":"NT 2024"},"content":{"rendered":"<div class=\"wp-block-image is-style-default\">\n<figure class=\"aligncenter size-full is-resized\"><img loading=\"lazy\" decoding=\"async\" width=\"1080\" height=\"1080\" src=\"https:\/\/sites.uel.br\/novostalentos\/wp-content\/uploads\/2024\/07\/Site-NT2024-1.png\" alt=\"\" class=\"wp-image-143\" style=\"object-fit:cover;width:660px;height:auto\" srcset=\"https:\/\/sites.uel.br\/novostalentos\/wp-content\/uploads\/2024\/07\/Site-NT2024-1.png 1080w, https:\/\/sites.uel.br\/novostalentos\/wp-content\/uploads\/2024\/07\/Site-NT2024-1-300x300.png 300w, https:\/\/sites.uel.br\/novostalentos\/wp-content\/uploads\/2024\/07\/Site-NT2024-1-1024x1024.png 1024w, https:\/\/sites.uel.br\/novostalentos\/wp-content\/uploads\/2024\/07\/Site-NT2024-1-150x150.png 150w, https:\/\/sites.uel.br\/novostalentos\/wp-content\/uploads\/2024\/07\/Site-NT2024-1-768x768.png 768w\" sizes=\"auto, (max-width: 1080px) 100vw, 1080px\" \/><\/figure>\n<\/div>\n\n\n<p><strong>Temas in\u00e9ditos: <\/strong><\/p>\n\n\n\n<ul class=\"wp-block-list\">\n<li>Desbravando a unidade da vida <em>(Biologia Celular, Gen\u00e9tica e Evolu\u00e7\u00e3o)<\/em><\/li>\n\n\n\n<li>(Re)Conex\u00e3o com a Natureza <em>(Ecologia, Zoologia e Bot\u00e2nica)<\/em><\/li>\n\n\n\n<li>Mundo desconhecido: por dentro do corpo humano <em>(Fisiologia, Histologia e Embriologia)<\/em><\/li>\n\n\n\n<li>Microcosmo em desequil\u00edbrio <em>(Microbiologia, Parasitologia e Patologia<\/em><\/li>\n<\/ul>\n\n\n\n<p><strong>Informa\u00e7\u00f5es:<\/strong><\/p>\n\n\n\n<ul class=\"wp-block-list\">\n<li><strong>Datas:<\/strong> aos s\u00e1bados, nos dias 10, 17, 24 e 31 de agosto de 2024<\/li>\n\n\n\n<li><strong>Hor\u00e1rio: <\/strong>das 9h \u00e0s 13h<\/li>\n\n\n\n<li><strong>Local: <\/strong>Universidade Estadual de Londrina &#8211; Centro de Ci\u00eancias Biol\u00f3gicas &#8211; <a href=\"https:\/\/maps.app.goo.gl\/PeC12GvR3UuBzftr8\" target=\"_blank\" rel=\"noreferrer noopener\">Departamento de Histologia (pr\u00e9dio da Morfologia)<\/a><\/li>\n\n\n\n<li><strong>Quem poder\u00e1 participar?<\/strong> Estudantes do 9\u00b0 ano do Ensino Fundamental ao 3\u00b0 ano do Ensino M\u00e9dio de escolas de Londrina e regi\u00e3o.<\/li>\n\n\n\n<li><strong>N\u00famero de vagas:<\/strong> 80 a 100.<\/li>\n\n\n\n<li><strong>Per\u00edodo de inscri\u00e7\u00e3o: <\/strong>at\u00e9 dia 06 de agosto de 2024<\/li>\n<\/ul>\n\n\n\n<h3 class=\"wp-block-heading has-large-font-size\" style=\"text-transform:uppercase\"><strong><mark style=\"background-color:#e8fde7\" class=\"has-inline-color\"><a href=\"https:\/\/forms.gle\/7WgTaTuGzrx3BWej9\" target=\"_blank\" rel=\"noreferrer noopener\"><s>Fa\u00e7a sua inscri\u00e7\u00e3o: <\/s><\/a><\/mark><\/strong><mark style=\"background-color:#e8fde7\" class=\"has-inline-color\"><strong><a href=\"https:\/\/forms.gle\/7WgTaTuGzrx3BWej9\" target=\"_blank\" rel=\"noreferrer noopener\"><s>clicando AQUI<\/s><\/a><\/strong><\/mark> <\/h3>\n\n\n\n<p><\/p>\n","protected":false},"excerpt":{"rendered":"<p>Temas in\u00e9ditos: Informa\u00e7\u00f5es: Fa\u00e7a sua inscri\u00e7\u00e3o: clicando AQUI<\/p>\n","protected":false},"author":7,"featured_media":0,"parent":0,"menu_order":0,"comment_status":"closed","ping_status":"closed","template":"","meta":{"_acf_changed":false,"footnotes":""},"class_list":["post-131","page","type-page","status-publish","hentry"],"acf":[],"_links":{"self":[{"href":"https:\/\/sites.uel.br\/novostalentos\/wp-json\/wp\/v2\/pages\/131","targetHints":{"allow":["GET"]}}],"collection":[{"href":"https:\/\/sites.uel.br\/novostalentos\/wp-json\/wp\/v2\/pages"}],"about":[{"href":"https:\/\/sites.uel.br\/novostalentos\/wp-json\/wp\/v2\/types\/page"}],"author":[{"embeddable":true,"href":"https:\/\/sites.uel.br\/novostalentos\/wp-json\/wp\/v2\/users\/7"}],"replies":[{"embeddable":true,"href":"https:\/\/sites.uel.br\/novostalentos\/wp-json\/wp\/v2\/comments?post=131"}],"version-history":[{"count":40,"href":"https:\/\/sites.uel.br\/novostalentos\/wp-json\/wp\/v2\/pages\/131\/revisions"}],"predecessor-version":[{"id":324,"href":"https:\/\/sites.uel.br\/novostalentos\/wp-json\/wp\/v2\/pages\/131\/revisions\/324"}],"wp:attachment":[{"href":"https:\/\/sites.uel.br\/novostalentos\/wp-json\/wp\/v2\/media?parent=131"}],"curies":[{"name":"wp","href":"https:\/\/api.w.org\/{rel}","templated":true}]}}