{"id":126,"date":"2024-07-06T15:35:25","date_gmt":"2024-07-06T18:35:25","guid":{"rendered":"https:\/\/sites.uel.br\/novostalentos\/?page_id=126"},"modified":"2024-07-08T10:51:19","modified_gmt":"2024-07-08T13:51:19","slug":"nt2018","status":"publish","type":"page","link":"https:\/\/sites.uel.br\/novostalentos\/nt2018\/","title":{"rendered":"NT 2018"},"content":{"rendered":"\n<div style=\"height:40px\" aria-hidden=\"true\" class=\"wp-block-spacer\"><\/div>\n\n\n\n<div class=\"wp-block-buttons is-content-justification-left is-layout-flex wp-container-core-buttons-is-layout-fdcfc74e wp-block-buttons-is-layout-flex\">\n<div class=\"wp-block-button is-style-outline is-style-outline--1\"><a class=\"wp-block-button__link wp-element-button\" href=\"https:\/\/photos.app.goo.gl\/EPGs3AcfRvFzzKX4A\" target=\"_blank\" rel=\"noreferrer noopener\"><strong>\u00c1lbum de fotos do NT 2018<\/strong><\/a><\/div>\n<\/div>\n\n\n\n<div style=\"height:40px\" aria-hidden=\"true\" class=\"wp-block-spacer\"><\/div>\n\n\n\n<p><strong>PROJETO NOVOS TALENTOS &#8211; 2018<\/strong><\/p>\n\n\n<div class=\"wp-block-image\">\n<figure class=\"alignleft is-resized\"><img decoding=\"async\" src=\"http:\/\/www.uel.br\/ccb\/novostalentos\/pages\/arquivos\/2018\/nt2018.jpg\" alt=\"\" style=\"width:479px;height:auto\" \/><\/figure>\n<\/div>\n\n<div class=\"wp-block-image\">\n<figure class=\"alignleft is-resized\"><img decoding=\"async\" src=\"http:\/\/www.uel.br\/ccb\/novostalentos\/pages\/arquivos\/2018\/Oficinas2018.jpg\" alt=\"\" style=\"width:480px;height:auto\" \/><\/figure>\n<\/div>\n\n\n<p><strong>Oferecida em cinco s\u00e1bados consecutivos (8 horas por dia), totalizando 40 horas de atividades.<br><\/strong><br><strong>Datas da oficina:&nbsp;<\/strong>aos&nbsp;s\u00e1bados, nos dias<strong>&nbsp;<\/strong>16, 23 e 30 de junho, 07 e 14 de julho<\/p>\n\n\n\n<p><strong>Hor\u00e1rio:<\/strong>&nbsp;das 8h30min \u00e0s 17h30min<\/p>\n\n\n\n<p><strong>Quem poder\u00e1 se inscrever?<\/strong><br>Alunos matriculados entre o 8\u00b0 ano do Ensino Fundamental ao 3\u00b0 ano do Ensino M\u00e9dio de escolas p\u00fablicas de Londrina e regi\u00e3o.<br><br><strong>N\u00famero de vagas:<\/strong>&nbsp;150<\/p>\n\n\n\n<p><strong>Inscri\u00e7\u00f5es gratuitas:&nbsp;<\/strong>at\u00e9 25 de maio de 2018<strong>&nbsp;<\/strong><\/p>\n\n\n\n<p><strong>Resultado da 1\u00aa chamada:&nbsp;<\/strong>30 de maio de 2018<\/p>\n\n\n\n<p><strong>Certificado:<\/strong>&nbsp;o&nbsp;valor de R$ 7,00 ser\u00e1 cobrado apenas para emiss\u00e3o do certificado para os participantes selecionados (que participarem da oficina).<\/p>\n\n\n\n<p><a href=\"https:\/\/docs.google.com\/document\/d\/e\/2PACX-1vTTXOLIjNcVjB95YFhGnksz7twWLnT_0jWEWavElu5PTG7YzHSL_vWIJMbSk1wtpAoxdoF_JIebp3ev\/pub\"><strong>&nbsp;<\/strong><u><strong>RESULTADO DA SELE\u00c7\u00c3O &#8211;&nbsp;2\u00aa CHAMADA! CLIQUE AQUI!<\/strong><\/u><\/a><\/p>\n","protected":false},"excerpt":{"rendered":"<p>PROJETO NOVOS TALENTOS &#8211; 2018 Oferecida em cinco s\u00e1bados consecutivos (8 horas por dia), totalizando 40 horas de atividades.Datas da oficina:&nbsp;aos&nbsp;s\u00e1bados, nos dias&nbsp;16, 23 e 30 de junho, 07 e 14 de julho Hor\u00e1rio:&nbsp;das 8h30min \u00e0s 17h30min Quem poder\u00e1 se inscrever?Alunos matriculados entre o 8\u00b0 ano do Ensino Fundamental ao 3\u00b0 ano do Ensino M\u00e9dio [&hellip;]<\/p>\n","protected":false},"author":7,"featured_media":0,"parent":0,"menu_order":0,"comment_status":"closed","ping_status":"closed","template":"","meta":{"_acf_changed":false,"footnotes":""},"class_list":["post-126","page","type-page","status-publish","hentry"],"acf":[],"_links":{"self":[{"href":"https:\/\/sites.uel.br\/novostalentos\/wp-json\/wp\/v2\/pages\/126","targetHints":{"allow":["GET"]}}],"collection":[{"href":"https:\/\/sites.uel.br\/novostalentos\/wp-json\/wp\/v2\/pages"}],"about":[{"href":"https:\/\/sites.uel.br\/novostalentos\/wp-json\/wp\/v2\/types\/page"}],"author":[{"embeddable":true,"href":"https:\/\/sites.uel.br\/novostalentos\/wp-json\/wp\/v2\/users\/7"}],"replies":[{"embeddable":true,"href":"https:\/\/sites.uel.br\/novostalentos\/wp-json\/wp\/v2\/comments?post=126"}],"version-history":[{"count":5,"href":"https:\/\/sites.uel.br\/novostalentos\/wp-json\/wp\/v2\/pages\/126\/revisions"}],"predecessor-version":[{"id":309,"href":"https:\/\/sites.uel.br\/novostalentos\/wp-json\/wp\/v2\/pages\/126\/revisions\/309"}],"wp:attachment":[{"href":"https:\/\/sites.uel.br\/novostalentos\/wp-json\/wp\/v2\/media?parent=126"}],"curies":[{"name":"wp","href":"https:\/\/api.w.org\/{rel}","templated":true}]}}