{"id":121,"date":"2024-07-06T15:31:35","date_gmt":"2024-07-06T18:31:35","guid":{"rendered":"https:\/\/sites.uel.br\/novostalentos\/?page_id=121"},"modified":"2024-07-08T10:56:28","modified_gmt":"2024-07-08T13:56:28","slug":"nt2019","status":"publish","type":"page","link":"https:\/\/sites.uel.br\/novostalentos\/nt2019\/","title":{"rendered":"NT 2019"},"content":{"rendered":"\n<div style=\"height:40px\" aria-hidden=\"true\" class=\"wp-block-spacer\"><\/div>\n\n\n\n<div class=\"wp-block-buttons is-content-justification-left is-layout-flex wp-container-core-buttons-is-layout-fdcfc74e wp-block-buttons-is-layout-flex\">\n<div class=\"wp-block-button is-style-outline is-style-outline--1\"><a class=\"wp-block-button__link wp-element-button\" href=\"https:\/\/photos.app.goo.gl\/sRKyw4EMoBL7TDr67\" target=\"_blank\" rel=\"noreferrer noopener\"><strong>\u00c1lbum de fotos do NT 2019<\/strong><\/a><\/div>\n<\/div>\n\n\n\n<div style=\"height:40px\" aria-hidden=\"true\" class=\"wp-block-spacer\"><\/div>\n\n\n\n<p><strong>PROJETO NOVOS TALENTOS &#8211; 2019<\/strong><\/p>\n\n\n\n<figure class=\"wp-block-image\"><img decoding=\"async\" src=\"http:\/\/www.uel.br\/ccb\/novostalentos\/pages\/arquivos\/2019\/Imagem%20para%20edital%20NT19.png\" alt=\"\" \/><\/figure>\n\n\n\n<p><strong>2\u00aa OFICINA DESVENDANDO AS CI\u00caNCIAS NATURAIS<\/strong><\/p>\n\n\n\n<p><strong>Temas in\u00e9ditos:<\/strong><\/p>\n\n\n\n<p>1) Ansiedade e estresse<br>2) Educa\u00e7\u00e3o ambiental<br>3) Exerc\u00edcio f\u00edsico e sa\u00fade<br>4) M\u00e9todo cient\u00edfico<br>5) Vacinas<\/p>\n\n\n\n<p><strong>Oficina:<\/strong><strong>&nbsp;<\/strong>oferecida em 4 (quatro) s\u00e1bados consecutivos (5 horas por dia), totalizando 20 horas de atividades.<\/p>\n\n\n\n<p><strong>Datas da oficina:<\/strong>&nbsp;aos s\u00e1bados, nos dias&nbsp;<strong>03, 10, 17 e 24 de agosto&nbsp;<\/strong><\/p>\n\n\n\n<p><strong>NOVAS DATAS:&nbsp;<\/strong><strong>14, 21, 28 de setembro e 05 de outubro<\/strong><\/p>\n\n\n\n<p><strong>Hor\u00e1rio:<\/strong><strong>&nbsp;<\/strong>das 8h30min \u00e0s 13h30min<\/p>\n\n\n\n<p><strong>Local da oficina:<\/strong><br>Universidade Estadual de Londrina<\/p>\n\n\n\n<p>Centro de Ci\u00eancias Biol\u00f3gicas<\/p>\n\n\n\n<p>Departamentos de Histologia e Anatomia (pr\u00e9dio da Morfologia)<\/p>\n\n\n\n<p><strong>Quem poder\u00e1 se inscrever?<\/strong><strong>&nbsp;<\/strong>Alunos matriculados entre o 8\u00b0 ano do Ensino Fundamental ao 3\u00b0 ano do Ensino M\u00e9dio de escolas p\u00fablicas de Londrina e regi\u00e3o.<\/p>\n\n\n\n<p><strong>Fa\u00e7a sua inscri\u00e7\u00e3o:<\/strong>&nbsp;<strong><u><a href=\"https:\/\/docs.google.com\/forms\/d\/e\/1FAIpQLSe-U_wvMhI-9n79hIvYD3ypa9dj_fnC5GRvpJwM16wgGpN1AA\/viewform\" target=\"_blank\" rel=\"noreferrer noopener\">clicando AQUI<\/a><\/u><\/strong><\/p>\n\n\n\n<p><strong>N\u00famero de vagas:<\/strong>&nbsp;144<\/p>\n\n\n\n<p><strong>Certificado:&nbsp;<\/strong>as incri\u00e7\u00f5es s\u00e3o gratuitas, por\u00e9m o valor de R$ 7,00 ser\u00e1 cobrado no primeiro dia de oficinas, necess\u00e1rio para a emiss\u00e3o do Certificado aos participantes selecionados (que participarem da oficina).<\/p>\n\n\n\n<p><strong>Datas importantes<\/strong><\/p>\n\n\n\n<p><strong>Per\u00edodo de&nbsp;inscri\u00e7\u00e3o:<\/strong>at\u00e9 26 de junho de 2019<\/p>\n\n\n\n<p>&nbsp;prorrogado at\u00e9 01 de julho<\/p>\n\n\n\n<p><strong>Resultado da&nbsp;sele\u00e7\u00e3o:<\/strong><\/p>\n\n\n\n<p>&#8211; Divulga\u00e7\u00e3o do resultado &#8211; 1\u00aa chamada:&nbsp;<strong>05\/07 &#8211; 16 horas<\/strong><\/p>\n\n\n\n<p>&#8211;&nbsp;<strong>Confirma\u00e7\u00e3o&nbsp;<\/strong>da 1\u00aa chamada:&nbsp;<strong>at\u00e9 11\/07&nbsp;<\/strong><\/p>\n\n\n\n<p>&#8211; Divulga\u00e7\u00e3o do resultado &#8211; 2\u00aa chamada: 12\/07&nbsp;(se houver vagas)<br>&#8211; Confirma\u00e7\u00e3o da 2\u00aa chamada: at\u00e9 21\/07<\/p>\n\n\n\n<p>&#8211;&nbsp;<strong><a href=\"https:\/\/drive.google.com\/file\/d\/1pbnvHuj65fW093fKuX7AGrUzmfhb4VSK\/view?usp=sharing\" target=\"_blank\" rel=\"noreferrer noopener\">Autoriza\u00e7\u00e3o de participa\u00e7\u00e3o atualizada: clique aqui.<\/a><\/strong><\/p>\n\n\n\n<p><a href=\"https:\/\/docs.google.com\/document\/d\/e\/2PACX-1vQEC6QnC82EN03H2kcJsrK1bjXfWk4epjnrH__-KsPMvyL8ODt9e8yFoFOxrI5KSmjvbGqkmYQAmD45\/pub\" target=\"_blank\" rel=\"noreferrer noopener\"><u><strong>RESULTADO DA SELE\u00c7\u00c3O &#8211; 2\u00aa CHAMADA E CONFIRMA\u00c7\u00c3O: CLIQUE AQUI<\/strong><\/u><\/a><\/p>\n\n\n\n<p><a href=\"https:\/\/docs.google.com\/document\/d\/e\/2PACX-1vShthv4FGTNe7kcLtEWnT4izBnaobqBQ_4B2UoevK6P8AZ_Avy2Z0eM0pqbN6nKpaW3ObroIWbTpQWE\/pub\" target=\"_blank\" rel=\"noreferrer noopener\">RESULTADO DA SELE\u00c7\u00c3O &#8211; 1\u00aa CHAMADA<\/a><\/p>\n","protected":false},"excerpt":{"rendered":"<p>PROJETO NOVOS TALENTOS &#8211; 2019 2\u00aa OFICINA DESVENDANDO AS CI\u00caNCIAS NATURAIS Temas in\u00e9ditos: 1) Ansiedade e estresse2) Educa\u00e7\u00e3o ambiental3) Exerc\u00edcio f\u00edsico e sa\u00fade4) M\u00e9todo cient\u00edfico5) Vacinas Oficina:&nbsp;oferecida em 4 (quatro) s\u00e1bados consecutivos (5 horas por dia), totalizando 20 horas de atividades. Datas da oficina:&nbsp;aos s\u00e1bados, nos dias&nbsp;03, 10, 17 e 24 de agosto&nbsp; NOVAS DATAS:&nbsp;14, [&hellip;]<\/p>\n","protected":false},"author":7,"featured_media":0,"parent":0,"menu_order":0,"comment_status":"closed","ping_status":"closed","template":"","meta":{"_acf_changed":false,"footnotes":""},"class_list":["post-121","page","type-page","status-publish","hentry"],"acf":[],"_links":{"self":[{"href":"https:\/\/sites.uel.br\/novostalentos\/wp-json\/wp\/v2\/pages\/121","targetHints":{"allow":["GET"]}}],"collection":[{"href":"https:\/\/sites.uel.br\/novostalentos\/wp-json\/wp\/v2\/pages"}],"about":[{"href":"https:\/\/sites.uel.br\/novostalentos\/wp-json\/wp\/v2\/types\/page"}],"author":[{"embeddable":true,"href":"https:\/\/sites.uel.br\/novostalentos\/wp-json\/wp\/v2\/users\/7"}],"replies":[{"embeddable":true,"href":"https:\/\/sites.uel.br\/novostalentos\/wp-json\/wp\/v2\/comments?post=121"}],"version-history":[{"count":4,"href":"https:\/\/sites.uel.br\/novostalentos\/wp-json\/wp\/v2\/pages\/121\/revisions"}],"predecessor-version":[{"id":318,"href":"https:\/\/sites.uel.br\/novostalentos\/wp-json\/wp\/v2\/pages\/121\/revisions\/318"}],"wp:attachment":[{"href":"https:\/\/sites.uel.br\/novostalentos\/wp-json\/wp\/v2\/media?parent=121"}],"curies":[{"name":"wp","href":"https:\/\/api.w.org\/{rel}","templated":true}]}}