{"id":95,"date":"2025-09-27T14:07:22","date_gmt":"2025-09-27T17:07:22","guid":{"rendered":"https:\/\/sites.uel.br\/ninter\/?page_id=95"},"modified":"2025-12-07T12:25:38","modified_gmt":"2025-12-07T15:25:38","slug":"conselho-diretivo","status":"publish","type":"page","link":"https:\/\/sites.uel.br\/ninter\/conselho-diretivo\/","title":{"rendered":"Conselho Diretivo"},"content":{"rendered":"\n<div style=\"height:23px\" aria-hidden=\"true\" class=\"wp-block-spacer\"><\/div>\n\n\n\n<p class=\"has-text-align-center\">Conhe\u00e7a os membros respons\u00e1veis pela gest\u00e3o e pelas diretrizes estrat\u00e9gicas do NINTER.<\/p>\n\n\n\n<div style=\"height:40px\" aria-hidden=\"true\" class=\"wp-block-spacer\"><\/div>\n\n\n\n<h2 class=\"wp-block-heading has-text-align-center\">GEST\u00c3O ATUAL (MANDATO 2025-2027)<\/h2>\n\n\n\n<div style=\"height:20px\" aria-hidden=\"true\" class=\"wp-block-spacer\"><\/div>\n\n\n\n<h3 class=\"wp-block-heading\">Lideran\u00e7a:<\/h3>\n\n\n\n<div class=\"wp-block-media-text is-stacked-on-mobile\" style=\"grid-template-columns:28% auto\"><figure class=\"wp-block-media-text__media\"><img loading=\"lazy\" decoding=\"async\" width=\"500\" height=\"500\" src=\"https:\/\/sites.uel.br\/ninter\/wp-content\/uploads\/2025\/09\/Perfil_Caio_01.png\" alt=\"\" class=\"wp-image-221 size-full\" srcset=\"https:\/\/sites.uel.br\/ninter\/wp-content\/uploads\/2025\/09\/Perfil_Caio_01.png 500w, https:\/\/sites.uel.br\/ninter\/wp-content\/uploads\/2025\/09\/Perfil_Caio_01-300x300.png 300w, https:\/\/sites.uel.br\/ninter\/wp-content\/uploads\/2025\/09\/Perfil_Caio_01-150x150.png 150w\" sizes=\"auto, (max-width: 500px) 100vw, 500px\" \/><\/figure><div class=\"wp-block-media-text__content\">\n<p><strong>Prof. Dr. Caio Victor Louren\u00e7o Rodrigues<\/strong> <br>Coordenador<br>Departamento de Constru\u00e7\u00e3o Civil &#8211; CTU<\/p>\n<\/div><\/div>\n\n\n\n<div style=\"height:23px\" aria-hidden=\"true\" class=\"wp-block-spacer\"><\/div>\n\n\n\n<div class=\"wp-block-media-text is-stacked-on-mobile\" style=\"grid-template-columns:28% auto\"><figure class=\"wp-block-media-text__media\"><img loading=\"lazy\" decoding=\"async\" width=\"500\" height=\"500\" src=\"https:\/\/sites.uel.br\/ninter\/wp-content\/uploads\/2025\/09\/Perfil_Lilian_01.png\" alt=\"\" class=\"wp-image-222 size-full\" srcset=\"https:\/\/sites.uel.br\/ninter\/wp-content\/uploads\/2025\/09\/Perfil_Lilian_01.png 500w, https:\/\/sites.uel.br\/ninter\/wp-content\/uploads\/2025\/09\/Perfil_Lilian_01-300x300.png 300w, https:\/\/sites.uel.br\/ninter\/wp-content\/uploads\/2025\/09\/Perfil_Lilian_01-150x150.png 150w\" sizes=\"auto, (max-width: 500px) 100vw, 500px\" \/><\/figure><div class=\"wp-block-media-text__content\">\n<p><strong>Profa. Dra. Lilian Aligleri<\/strong> <br>Vice-Coordenadora<br>Departamento de Administra\u00e7\u00e3o &#8211; CESA<\/p>\n<\/div><\/div>\n\n\n\n<div style=\"height:35px\" aria-hidden=\"true\" class=\"wp-block-spacer\"><\/div>\n\n\n\n<h3 class=\"wp-block-heading\">Membros do Conselho:<\/h3>\n\n\n\n<ul class=\"wp-block-list\">\n<li><strong>Profa. Dra. Ana Cl\u00e1udia Duarte Pinheiro<\/strong>, Departamento de Direito P\u00fablico &#8211; CESA<\/li>\n\n\n\n<li><strong>Profa. Dra. Camila Santos Doubek Lopes<\/strong>, Departamento de Design &#8211; CECA<\/li>\n\n\n\n<li><strong>Profa. Dra. Danielly Negr\u00e3o Guassu<\/strong>, Departamento de Enfermagem &#8211; CCS<\/li>\n\n\n\n<li><strong>Profa. Dra. Edineia Villanova Grizio Orita<\/strong>, Departamento de Geoci\u00eancias &#8211; CCE<\/li>\n\n\n\n<li><strong>Prof. Dr. Luciano Aparecido Panagio<\/strong>, Departamento de Microbiologia &#8211; CCB<\/li>\n<\/ul>\n\n\n\n<div style=\"height:40px\" aria-hidden=\"true\" class=\"wp-block-spacer\"><\/div>\n\n\n\n<h2 class=\"wp-block-heading has-text-align-center\">GEST\u00d5ES ANTERIORES<\/h2>\n\n\n\n<div style=\"height:20px\" aria-hidden=\"true\" class=\"wp-block-spacer\"><\/div>\n\n\n\n<details class=\"wp-block-details is-layout-flow wp-block-details-is-layout-flow\"><summary><strong>Mandato 2023-2025:<\/strong><\/summary>\n<p><strong>Coordenadora:<\/strong> Profa. Dra. Lilian Aligleri, Departamento de Administra\u00e7\u00e3o &#8211; CESA<strong>.<\/strong><\/p>\n\n\n\n<p><strong>Vice-Coordenador:<\/strong> Prof. Dr. Caio Victor Louren\u00e7o Rodrigues, Departamento de Constru\u00e7\u00e3o Civil &#8211; CTU<\/p>\n\n\n\n<p><strong>Membros do Conselho:<\/strong><\/p>\n\n\n\n<ul class=\"wp-block-list\">\n<li>Profa. Dra. Ana Cl\u00e1udia Duarte Pinheiro, Departamento de Direito P\u00fablico &#8211; CESA<\/li>\n\n\n\n<li>Profa. Dra. Camila Santos Doubek Lopes, Departamento de Design &#8211; CECA<\/li>\n\n\n\n<li>Profa. Dra. Danielly Negr\u00e3o Guassu, Departamento de Enfermagem &#8211; CCS<\/li>\n\n\n\n<li>Profa. Dra. Edineia Villanova Grizio Orita, Departamento de Geoci\u00eancias &#8211; CCE<\/li>\n\n\n\n<li>Prof. Dr. Luciano Aparecido Panagio, Departamento de Microbiologia &#8211; CCB<\/li>\n<\/ul>\n<\/details>\n\n\n\n<div style=\"height:20px\" aria-hidden=\"true\" class=\"wp-block-spacer\"><\/div>\n\n\n\n<details class=\"wp-block-details is-layout-flow wp-block-details-is-layout-flow\"><summary><strong>Mandato 2021-2023:<\/strong><\/summary>\n<p><strong>Coordenadora:<\/strong> Profa. Dra. Lilian Aligleri, Departamento de Administra\u00e7\u00e3o &#8211; CESA.<\/p>\n\n\n\n<p><strong>Vice-Coordenador:<\/strong> Prof. Dr. Cl\u00e1udio Pereira de Sampaio, Departamento de Design &#8211; CECA.<\/p>\n\n\n\n<p><strong>Membros do Conselho:<\/strong><\/p>\n\n\n\n<ul class=\"wp-block-list\">\n<li>Prof. Dr. Luciano Aparecido Panagio, Departamento de Microbiologia &#8211; CCB<\/li>\n\n\n\n<li>Prof. Dr. Jair Scarminio, Departamento de F\u00edsica &#8211; CCE<\/li>\n\n\n\n<li>Profa. Dra. Danielly Negr\u00e3o Guassu, Departamento de Enfermagem &#8211; CCS<\/li>\n\n\n\n<li>Profa. Dra. Suzana Barreto Martins, Departamento de Design &#8211; CECA<\/li>\n\n\n\n<li>Profa. Dra. Ana Cl\u00e1udia Duarte Pinheiro, Departamento de Direito P\u00fablico &#8211; CESA<\/li>\n\n\n\n<li>Prof. Dr. Caio Victor Louren\u00e7o Rodrigues, Departamento de Constru\u00e7\u00e3o Civil &#8211; CTU<\/li>\n<\/ul>\n<\/details>\n\n\n\n<p><\/p>\n","protected":false},"excerpt":{"rendered":"<p>Conhe\u00e7a os membros respons\u00e1veis pela gest\u00e3o e pelas diretrizes estrat\u00e9gicas do NINTER. GEST\u00c3O ATUAL (MANDATO 2025-2027) Lideran\u00e7a: Prof. Dr. Caio Victor Louren\u00e7o Rodrigues CoordenadorDepartamento de Constru\u00e7\u00e3o Civil &#8211; CTU Profa. Dra. Lilian Aligleri Vice-CoordenadoraDepartamento de Administra\u00e7\u00e3o &#8211; CESA Membros do Conselho: GEST\u00d5ES ANTERIORES<\/p>\n","protected":false},"author":9,"featured_media":0,"parent":0,"menu_order":0,"comment_status":"closed","ping_status":"closed","template":"","meta":{"_acf_changed":false,"footnotes":""},"class_list":["post-95","page","type-page","status-publish","hentry"],"acf":[],"_links":{"self":[{"href":"https:\/\/sites.uel.br\/ninter\/wp-json\/wp\/v2\/pages\/95","targetHints":{"allow":["GET"]}}],"collection":[{"href":"https:\/\/sites.uel.br\/ninter\/wp-json\/wp\/v2\/pages"}],"about":[{"href":"https:\/\/sites.uel.br\/ninter\/wp-json\/wp\/v2\/types\/page"}],"author":[{"embeddable":true,"href":"https:\/\/sites.uel.br\/ninter\/wp-json\/wp\/v2\/users\/9"}],"replies":[{"embeddable":true,"href":"https:\/\/sites.uel.br\/ninter\/wp-json\/wp\/v2\/comments?post=95"}],"version-history":[{"count":17,"href":"https:\/\/sites.uel.br\/ninter\/wp-json\/wp\/v2\/pages\/95\/revisions"}],"predecessor-version":[{"id":743,"href":"https:\/\/sites.uel.br\/ninter\/wp-json\/wp\/v2\/pages\/95\/revisions\/743"}],"wp:attachment":[{"href":"https:\/\/sites.uel.br\/ninter\/wp-json\/wp\/v2\/media?parent=95"}],"curies":[{"name":"wp","href":"https:\/\/api.w.org\/{rel}","templated":true}]}}