{"id":689,"date":"2025-11-15T09:53:14","date_gmt":"2025-11-15T12:53:14","guid":{"rendered":"https:\/\/sites.uel.br\/ninter\/?page_id=689"},"modified":"2025-11-17T17:10:24","modified_gmt":"2025-11-17T20:10:24","slug":"projetos-2","status":"publish","type":"page","link":"https:\/\/sites.uel.br\/ninter\/projetos-2\/","title":{"rendered":"Projetos"},"content":{"rendered":"\n<div style=\"height:20px\" aria-hidden=\"true\" class=\"wp-block-spacer\"><\/div>\n\n\n\n<p>A se\u00e7\u00e3o de Projetos detalha o portf\u00f3lio de atua\u00e7\u00e3o do NINTER. Nossas iniciativas s\u00e3o o principal vetor para a aplica\u00e7\u00e3o do conhecimento interdisciplinar do n\u00facleo, abrangendo as frentes de Pesquisa, Desenvolvimento &amp; Inova\u00e7\u00e3o (P,D&amp;I) e de Extens\u00e3o Universit\u00e1ria.<\/p>\n\n\n\n<p>Para facilitar a navega\u00e7\u00e3o, nosso portf\u00f3lio est\u00e1 organizado em duas \u00e1reas de atua\u00e7\u00e3o distintas, cada uma com sua p\u00e1gina dedicada.<\/p>\n\n\n\n<div style=\"height:15px\" aria-hidden=\"true\" class=\"wp-block-spacer\"><\/div>\n\n\n\n<div class=\"wp-block-columns is-layout-flex wp-container-core-columns-is-layout-9d6595d7 wp-block-columns-is-layout-flex\">\n<div class=\"wp-block-column is-layout-flow wp-block-column-is-layout-flow\">\n<h4 class=\"wp-block-heading\"><strong>1. Projetos Vinculados (P,D&amp;I)<\/strong><\/h4>\n\n\n\n<p>Esta se\u00e7\u00e3o documenta nossas frentes de pesquisa, desenvolvimento e inova\u00e7\u00e3o. Engloba os estudos t\u00e9cnicos, cient\u00edficos e acad\u00eamicos do n\u00facleo, incluindo temas como log\u00edstica reversa, economia circular, modelagem de novos materiais e aprimoramento de sistemas de gest\u00e3o de res\u00edduos.<\/p>\n\n\n\n<div class=\"wp-block-buttons is-content-justification-left is-layout-flex wp-container-core-buttons-is-layout-fdcfc74e wp-block-buttons-is-layout-flex\">\n<div class=\"wp-block-button is-style-outline is-style-outline--1\"><a class=\"wp-block-button__link wp-element-button\" href=\"https:\/\/sites.uel.br\/ninter\/projetos\"><strong><em>Acessar Projetos Vinculados<\/em><\/strong><\/a><\/div>\n<\/div>\n<\/div>\n\n\n\n<div class=\"wp-block-column is-layout-flow wp-block-column-is-layout-flow\">\n<h4 class=\"wp-block-heading\"><strong>2. Projeto 3S (Extens\u00e3o Universit\u00e1ria)<\/strong><\/h4>\n\n\n\n<p>Esta se\u00e7\u00e3o \u00e9 dedicada \u00e0 nossa principal iniciativa de extens\u00e3o e educa\u00e7\u00e3o ambiental comunit\u00e1ria. O Projeto 3S (Sensibiliza\u00e7\u00e3o e Separa\u00e7\u00e3o Seletiva) foca na aplica\u00e7\u00e3o pr\u00e1tica do conhecimento para a mobiliza\u00e7\u00e3o social e implementa\u00e7\u00e3o da separa\u00e7\u00e3o de res\u00edduos em condom\u00ednios residenciais.<\/p>\n\n\n\n<div class=\"wp-block-buttons is-content-justification-left is-layout-flex wp-container-core-buttons-is-layout-fdcfc74e wp-block-buttons-is-layout-flex\">\n<div class=\"wp-block-button is-style-outline is-style-outline--2\"><a class=\"wp-block-button__link wp-element-button\" href=\"https:\/\/sites.uel.br\/ninter\/projeto-3s\"><strong><em>Acessar Projeto 3S<\/em><\/strong><\/a><\/div>\n<\/div>\n<\/div>\n<\/div>\n\n\n\n<p><\/p>\n","protected":false},"excerpt":{"rendered":"<p>A se\u00e7\u00e3o de Projetos detalha o portf\u00f3lio de atua\u00e7\u00e3o do NINTER. Nossas iniciativas s\u00e3o o principal vetor para a aplica\u00e7\u00e3o do conhecimento interdisciplinar do n\u00facleo, abrangendo as frentes de Pesquisa, Desenvolvimento &amp; Inova\u00e7\u00e3o (P,D&amp;I) e de Extens\u00e3o Universit\u00e1ria. Para facilitar a navega\u00e7\u00e3o, nosso portf\u00f3lio est\u00e1 organizado em duas \u00e1reas de atua\u00e7\u00e3o distintas, cada uma com [&hellip;]<\/p>\n","protected":false},"author":9,"featured_media":0,"parent":0,"menu_order":0,"comment_status":"closed","ping_status":"closed","template":"","meta":{"_acf_changed":false,"footnotes":""},"class_list":["post-689","page","type-page","status-publish","hentry"],"acf":[],"_links":{"self":[{"href":"https:\/\/sites.uel.br\/ninter\/wp-json\/wp\/v2\/pages\/689","targetHints":{"allow":["GET"]}}],"collection":[{"href":"https:\/\/sites.uel.br\/ninter\/wp-json\/wp\/v2\/pages"}],"about":[{"href":"https:\/\/sites.uel.br\/ninter\/wp-json\/wp\/v2\/types\/page"}],"author":[{"embeddable":true,"href":"https:\/\/sites.uel.br\/ninter\/wp-json\/wp\/v2\/users\/9"}],"replies":[{"embeddable":true,"href":"https:\/\/sites.uel.br\/ninter\/wp-json\/wp\/v2\/comments?post=689"}],"version-history":[{"count":7,"href":"https:\/\/sites.uel.br\/ninter\/wp-json\/wp\/v2\/pages\/689\/revisions"}],"predecessor-version":[{"id":720,"href":"https:\/\/sites.uel.br\/ninter\/wp-json\/wp\/v2\/pages\/689\/revisions\/720"}],"wp:attachment":[{"href":"https:\/\/sites.uel.br\/ninter\/wp-json\/wp\/v2\/media?parent=689"}],"curies":[{"name":"wp","href":"https:\/\/api.w.org\/{rel}","templated":true}]}}