{"id":110,"date":"2025-09-27T14:13:46","date_gmt":"2025-09-27T17:13:46","guid":{"rendered":"https:\/\/sites.uel.br\/ninter\/?page_id=110"},"modified":"2025-12-07T12:36:45","modified_gmt":"2025-12-07T15:36:45","slug":"observatorio","status":"publish","type":"page","link":"https:\/\/sites.uel.br\/ninter\/observatorio\/","title":{"rendered":"Observat\u00f3rio"},"content":{"rendered":"\n<div style=\"height:20px\" aria-hidden=\"true\" class=\"wp-block-spacer\"><\/div>\n\n\n\n<div class=\"wp-block-media-text is-stacked-on-mobile\"><figure class=\"wp-block-media-text__media\"><img loading=\"lazy\" decoding=\"async\" width=\"509\" height=\"286\" src=\"https:\/\/sites.uel.br\/ninter\/wp-content\/uploads\/2025\/09\/Logo_Observatorio_01-1.jpeg\" alt=\"\" class=\"wp-image-262 size-full\" srcset=\"https:\/\/sites.uel.br\/ninter\/wp-content\/uploads\/2025\/09\/Logo_Observatorio_01-1.jpeg 509w, https:\/\/sites.uel.br\/ninter\/wp-content\/uploads\/2025\/09\/Logo_Observatorio_01-1-300x169.jpeg 300w\" sizes=\"auto, (max-width: 509px) 100vw, 509px\" \/><\/figure><div class=\"wp-block-media-text__content\">\n<p>O Observat\u00f3rio de Res\u00edduos S\u00f3lidos de Londrina, uma iniciativa do NINTER\/UEL, nasce da necessidade de monitorar sistematicamente a pol\u00edtica e a gest\u00e3o de res\u00edduos na cidade. Seu objetivo \u00e9 acompanhar a evolu\u00e7\u00e3o do setor e reunir informa\u00e7\u00f5es dispersas de diversas fontes para promover a transpar\u00eancia e o controle social.<\/p>\n<\/div><\/div>\n\n\n\n<div style=\"height:40px\" aria-hidden=\"true\" class=\"wp-block-spacer\"><\/div>\n\n\n\n<h2 class=\"wp-block-heading\">NOSSOS OBJETIVOS E FUNCIONAMENTO<\/h2>\n\n\n\n<div style=\"height:20px\" aria-hidden=\"true\" class=\"wp-block-spacer\"><\/div>\n\n\n\n<p>Motivado pela falta de dados sistematizados em Londrina e com o intuito de aprimorar o di\u00e1logo entre o poder p\u00fablico e a sociedade, o Observat\u00f3rio busca:<\/p>\n\n\n\n<ol start=\"1\" class=\"wp-block-list\">\n<li><strong>Informar a popula\u00e7\u00e3o<\/strong> sobre os avan\u00e7os e retrocessos da pol\u00edtica de res\u00edduos, contribuindo para o debate p\u00fablico e o controle social;<\/li>\n\n\n\n<li><strong>Acompanhar a implementa\u00e7\u00e3o<\/strong> do Plano Municipal de Gest\u00e3o Integrada de Res\u00edduos S\u00f3lidos (PMGIRS);<\/li>\n\n\n\n<li><strong>Realizar um comparativo<\/strong> da situa\u00e7\u00e3o do munic\u00edpio com outras cidades de porte semelhante no estado e no pa\u00eds.<\/li>\n<\/ol>\n\n\n\n<p>A cada dois anos, o Observat\u00f3rio publica um relat\u00f3rio completo sobre a situa\u00e7\u00e3o dos res\u00edduos em Londrina. A an\u00e1lise \u00e9 dividida em tr\u00eas dimens\u00f5es principais:<\/p>\n\n\n\n<ul class=\"wp-block-list\">\n<li><strong>Governan\u00e7a e Controle Social<\/strong>;<\/li>\n\n\n\n<li><strong>Econ\u00f4mica e Financeira<\/strong>;<\/li>\n\n\n\n<li><strong>Gera\u00e7\u00e3o e Manejo de Res\u00edduos Domiciliares<\/strong>.<\/li>\n<\/ul>\n\n\n\n<div style=\"height:30px\" aria-hidden=\"true\" class=\"wp-block-spacer\"><\/div>\n\n\n\n<p class=\"has-text-align-center\"><em>O lan\u00e7amento do primeiro relat\u00f3rio do Observat\u00f3rio de Res\u00edduos S\u00f3lidos de Londrina foi realizado no dia 26 de junho de 2024, durante o IV Semin\u00e1rio Interdisciplinar de Pesquisas em Res\u00edduos.<\/em> <br>Arquivo dispon\u00edvel abaixo!<\/p>\n\n\n\n<div data-wp-interactive=\"core\/file\" class=\"wp-block-file aligncenter\"><object data-wp-bind--hidden=\"!state.hasPdfPreview\" hidden class=\"wp-block-file__embed\" data=\"https:\/\/sites.uel.br\/ninter\/wp-content\/uploads\/2025\/12\/relatorio-Observatorio-2024_compressed-1.pdf\" type=\"application\/pdf\" style=\"width:100%;height:600px\" aria-label=\"Incorporado de Relat\u00f3rio Observat\u00f3rio 2024.\"><\/object><a id=\"wp-block-file--media-785dfa92-2adc-4fb5-a650-6cb7f3cbeded\" href=\"https:\/\/sites.uel.br\/ninter\/wp-content\/uploads\/2025\/12\/relatorio-Observatorio-2024_compressed-1.pdf\">Relat\u00f3rio Observat\u00f3rio 2024<\/a><a href=\"https:\/\/sites.uel.br\/ninter\/wp-content\/uploads\/2025\/12\/relatorio-Observatorio-2024_compressed-1.pdf\" class=\"wp-block-file__button wp-element-button\" download aria-describedby=\"wp-block-file--media-785dfa92-2adc-4fb5-a650-6cb7f3cbeded\">Baixar<\/a><\/div>\n\n\n\n<div style=\"height:40px\" aria-hidden=\"true\" class=\"wp-block-spacer\"><\/div>\n\n\n\n<div class=\"wp-block-cover is-light\"><img loading=\"lazy\" decoding=\"async\" width=\"1024\" height=\"367\" class=\"wp-block-cover__image-background wp-image-267 size-large\" alt=\"\" src=\"https:\/\/sites.uel.br\/ninter\/wp-content\/uploads\/2025\/09\/Logo_Observatorio_03-1024x367.png\" data-object-fit=\"cover\" srcset=\"https:\/\/sites.uel.br\/ninter\/wp-content\/uploads\/2025\/09\/Logo_Observatorio_03-1024x367.png 1024w, https:\/\/sites.uel.br\/ninter\/wp-content\/uploads\/2025\/09\/Logo_Observatorio_03-300x108.png 300w, https:\/\/sites.uel.br\/ninter\/wp-content\/uploads\/2025\/09\/Logo_Observatorio_03-768x276.png 768w, https:\/\/sites.uel.br\/ninter\/wp-content\/uploads\/2025\/09\/Logo_Observatorio_03.png 1190w\" sizes=\"auto, (max-width: 1024px) 100vw, 1024px\" \/><span aria-hidden=\"true\" class=\"wp-block-cover__background has-background-dim\" style=\"background-color:#e0dfde\"><\/span><div class=\"wp-block-cover__inner-container is-layout-constrained wp-block-cover-is-layout-constrained\">\n<p class=\"has-text-align-center has-large-font-size\"><mark style=\"background-color:#f0f0ef\" class=\"has-inline-color has-cinza-escuro-color\"><strong><a href=\"https:\/\/drive.google.com\/file\/d\/1FX6s5QbOihoE_GgMp4MUxBVI6V_pZXpl\/view\" target=\"_blank\" rel=\"noreferrer noopener\">ACESSE NOSSA CARTA DE COMPROMISSO!<\/a><\/strong><\/mark><\/p>\n<\/div><\/div>\n","protected":false},"excerpt":{"rendered":"<p>O Observat\u00f3rio de Res\u00edduos S\u00f3lidos de Londrina, uma iniciativa do NINTER\/UEL, nasce da necessidade de monitorar sistematicamente a pol\u00edtica e a gest\u00e3o de res\u00edduos na cidade. Seu objetivo \u00e9 acompanhar a evolu\u00e7\u00e3o do setor e reunir informa\u00e7\u00f5es dispersas de diversas fontes para promover a transpar\u00eancia e o controle social. NOSSOS OBJETIVOS E FUNCIONAMENTO Motivado pela [&hellip;]<\/p>\n","protected":false},"author":9,"featured_media":0,"parent":0,"menu_order":0,"comment_status":"closed","ping_status":"closed","template":"","meta":{"_acf_changed":false,"footnotes":""},"class_list":["post-110","page","type-page","status-publish","hentry"],"acf":[],"_links":{"self":[{"href":"https:\/\/sites.uel.br\/ninter\/wp-json\/wp\/v2\/pages\/110","targetHints":{"allow":["GET"]}}],"collection":[{"href":"https:\/\/sites.uel.br\/ninter\/wp-json\/wp\/v2\/pages"}],"about":[{"href":"https:\/\/sites.uel.br\/ninter\/wp-json\/wp\/v2\/types\/page"}],"author":[{"embeddable":true,"href":"https:\/\/sites.uel.br\/ninter\/wp-json\/wp\/v2\/users\/9"}],"replies":[{"embeddable":true,"href":"https:\/\/sites.uel.br\/ninter\/wp-json\/wp\/v2\/comments?post=110"}],"version-history":[{"count":11,"href":"https:\/\/sites.uel.br\/ninter\/wp-json\/wp\/v2\/pages\/110\/revisions"}],"predecessor-version":[{"id":755,"href":"https:\/\/sites.uel.br\/ninter\/wp-json\/wp\/v2\/pages\/110\/revisions\/755"}],"wp:attachment":[{"href":"https:\/\/sites.uel.br\/ninter\/wp-json\/wp\/v2\/media?parent=110"}],"curies":[{"name":"wp","href":"https:\/\/api.w.org\/{rel}","templated":true}]}}