{"id":102,"date":"2025-09-27T14:12:54","date_gmt":"2025-09-27T17:12:54","guid":{"rendered":"https:\/\/sites.uel.br\/ninter\/?page_id=102"},"modified":"2025-10-28T08:18:07","modified_gmt":"2025-10-28T11:18:07","slug":"atividades-e-participacoes","status":"publish","type":"page","link":"https:\/\/sites.uel.br\/ninter\/atividades-e-participacoes\/","title":{"rendered":"Atividades e Eventos"},"content":{"rendered":"\n<div style=\"height:20px\" aria-hidden=\"true\" class=\"wp-block-spacer\"><\/div>\n\n\n\n<p>O conhecimento s\u00f3 gera valor quando se transforma em a\u00e7\u00e3o. Nestas p\u00e1ginas (<a href=\"https:\/\/sites.uel.br\/ninter\/atividades\/\" data-type=\"page\" data-id=\"124\">Atividades<\/a> e <a href=\"https:\/\/sites.uel.br\/ninter\/eventos\/\" data-type=\"page\" data-id=\"104\">Eventos<\/a>), voc\u00ea encontra o registro din\u00e2mico do nosso trabalho: de projetos de grande impacto na comunidade a participa\u00e7\u00f5es em debates cruciais para o futuro da gest\u00e3o de res\u00edduos em nossa regi\u00e3o.<\/p>\n\n\n\n<p>Acompanhe nossas a\u00e7\u00f5es e veja como estamos, passo a passo, contribuindo para uma sociedade mais sustent\u00e1vel.<\/p>\n\n\n\n<figure class=\"wp-block-image size-large is-resized\"><img loading=\"lazy\" decoding=\"async\" width=\"1024\" height=\"576\" src=\"https:\/\/sites.uel.br\/ninter\/wp-content\/uploads\/2025\/10\/Valuation-1024x576.png\" alt=\"\" class=\"wp-image-532\" style=\"width:907px;height:auto\" srcset=\"https:\/\/sites.uel.br\/ninter\/wp-content\/uploads\/2025\/10\/Valuation-1024x576.png 1024w, https:\/\/sites.uel.br\/ninter\/wp-content\/uploads\/2025\/10\/Valuation-300x169.png 300w, https:\/\/sites.uel.br\/ninter\/wp-content\/uploads\/2025\/10\/Valuation-768x432.png 768w, https:\/\/sites.uel.br\/ninter\/wp-content\/uploads\/2025\/10\/Valuation-1536x864.png 1536w, https:\/\/sites.uel.br\/ninter\/wp-content\/uploads\/2025\/10\/Valuation.png 1920w\" sizes=\"auto, (max-width: 1024px) 100vw, 1024px\" \/><\/figure>\n","protected":false},"excerpt":{"rendered":"<p>O conhecimento s\u00f3 gera valor quando se transforma em a\u00e7\u00e3o. Nestas p\u00e1ginas (Atividades e Eventos), voc\u00ea encontra o registro din\u00e2mico do nosso trabalho: de projetos de grande impacto na comunidade a participa\u00e7\u00f5es em debates cruciais para o futuro da gest\u00e3o de res\u00edduos em nossa regi\u00e3o. Acompanhe nossas a\u00e7\u00f5es e veja como estamos, passo a passo, [&hellip;]<\/p>\n","protected":false},"author":9,"featured_media":0,"parent":0,"menu_order":0,"comment_status":"closed","ping_status":"closed","template":"","meta":{"_acf_changed":false,"footnotes":""},"class_list":["post-102","page","type-page","status-publish","hentry"],"acf":[],"_links":{"self":[{"href":"https:\/\/sites.uel.br\/ninter\/wp-json\/wp\/v2\/pages\/102","targetHints":{"allow":["GET"]}}],"collection":[{"href":"https:\/\/sites.uel.br\/ninter\/wp-json\/wp\/v2\/pages"}],"about":[{"href":"https:\/\/sites.uel.br\/ninter\/wp-json\/wp\/v2\/types\/page"}],"author":[{"embeddable":true,"href":"https:\/\/sites.uel.br\/ninter\/wp-json\/wp\/v2\/users\/9"}],"replies":[{"embeddable":true,"href":"https:\/\/sites.uel.br\/ninter\/wp-json\/wp\/v2\/comments?post=102"}],"version-history":[{"count":10,"href":"https:\/\/sites.uel.br\/ninter\/wp-json\/wp\/v2\/pages\/102\/revisions"}],"predecessor-version":[{"id":536,"href":"https:\/\/sites.uel.br\/ninter\/wp-json\/wp\/v2\/pages\/102\/revisions\/536"}],"wp:attachment":[{"href":"https:\/\/sites.uel.br\/ninter\/wp-json\/wp\/v2\/media?parent=102"}],"curies":[{"name":"wp","href":"https:\/\/api.w.org\/{rel}","templated":true}]}}