{"id":6106,"date":"2026-02-06T15:41:21","date_gmt":"2026-02-06T18:41:21","guid":{"rendered":"https:\/\/sites.uel.br\/nead\/?page_id=6106"},"modified":"2026-03-26T11:54:57","modified_gmt":"2026-03-26T14:54:57","slug":"gestao-documental-restec","status":"publish","type":"page","link":"https:\/\/sites.uel.br\/nead\/gestao-documental-restec\/","title":{"rendered":"Especializa\u00e7\u00e3o em Gest\u00e3o Documental, Educa\u00e7\u00e3o Patrimonial e Hist\u00f3ria P\u00fablica (Resid\u00eancia T\u00e9cnica &#8211; RESTEC)"},"content":{"rendered":"\n<figure class=\"wp-block-image size-full\"><img loading=\"lazy\" decoding=\"async\" width=\"4059\" height=\"768\" src=\"https:\/\/sites.uel.br\/nead\/wp-content\/uploads\/2026\/02\/capinha-site-Esp-em-gestao-documental-2.png\" alt=\"\" class=\"wp-image-6232\" srcset=\"https:\/\/sites.uel.br\/nead\/wp-content\/uploads\/2026\/02\/capinha-site-Esp-em-gestao-documental-2.png 4059w, https:\/\/sites.uel.br\/nead\/wp-content\/uploads\/2026\/02\/capinha-site-Esp-em-gestao-documental-2-300x57.png 300w, https:\/\/sites.uel.br\/nead\/wp-content\/uploads\/2026\/02\/capinha-site-Esp-em-gestao-documental-2-1024x194.png 1024w, https:\/\/sites.uel.br\/nead\/wp-content\/uploads\/2026\/02\/capinha-site-Esp-em-gestao-documental-2-768x145.png 768w, https:\/\/sites.uel.br\/nead\/wp-content\/uploads\/2026\/02\/capinha-site-Esp-em-gestao-documental-2-1536x291.png 1536w, https:\/\/sites.uel.br\/nead\/wp-content\/uploads\/2026\/02\/capinha-site-Esp-em-gestao-documental-2-2048x388.png 2048w\" sizes=\"(max-width: 4059px) 100vw, 4059px\" \/><\/figure>\n\n\n\n<div style=\"height:15px\" aria-hidden=\"true\" class=\"wp-block-spacer\"><\/div>\n\n\n<div class=\"wp-block-image\">\n<figure class=\"aligncenter size-full is-resized\"><img loading=\"lazy\" decoding=\"async\" width=\"1105\" height=\"112\" src=\"https:\/\/sites.uel.br\/nead\/wp-content\/uploads\/2026\/02\/Group-883.png\" alt=\"\" class=\"wp-image-6108\" style=\"width:800px\" srcset=\"https:\/\/sites.uel.br\/nead\/wp-content\/uploads\/2026\/02\/Group-883.png 1105w, https:\/\/sites.uel.br\/nead\/wp-content\/uploads\/2026\/02\/Group-883-300x30.png 300w, https:\/\/sites.uel.br\/nead\/wp-content\/uploads\/2026\/02\/Group-883-1024x104.png 1024w, https:\/\/sites.uel.br\/nead\/wp-content\/uploads\/2026\/02\/Group-883-768x78.png 768w\" sizes=\"(max-width: 1105px) 100vw, 1105px\" \/><\/figure><\/div>\n\n\n<div style=\"height:10px\" aria-hidden=\"true\" class=\"wp-block-spacer\"><\/div>\n\n\n<div class=\"wp-block-image\">\n<figure class=\"aligncenter size-full\"><img loading=\"lazy\" decoding=\"async\" width=\"1317\" height=\"499\" src=\"https:\/\/sites.uel.br\/nead\/wp-content\/uploads\/2026\/02\/Sobre-o-curso-GDRestec.png\" alt=\"\" class=\"wp-image-6110\" style=\"object-fit:cover\" srcset=\"https:\/\/sites.uel.br\/nead\/wp-content\/uploads\/2026\/02\/Sobre-o-curso-GDRestec.png 1317w, https:\/\/sites.uel.br\/nead\/wp-content\/uploads\/2026\/02\/Sobre-o-curso-GDRestec-300x114.png 300w, https:\/\/sites.uel.br\/nead\/wp-content\/uploads\/2026\/02\/Sobre-o-curso-GDRestec-1024x388.png 1024w, https:\/\/sites.uel.br\/nead\/wp-content\/uploads\/2026\/02\/Sobre-o-curso-GDRestec-768x291.png 768w\" sizes=\"(max-width: 1317px) 100vw, 1317px\" \/><\/figure><\/div>\n\n\n<figure class=\"wp-block-image size-full is-resized\"><img loading=\"lazy\" decoding=\"async\" width=\"1317\" height=\"102\" src=\"https:\/\/sites.uel.br\/nead\/wp-content\/uploads\/2026\/03\/Botao-embaixo-Sobre-1.png\" alt=\"\" class=\"wp-image-6325\" style=\"width:974px\" srcset=\"https:\/\/sites.uel.br\/nead\/wp-content\/uploads\/2026\/03\/Botao-embaixo-Sobre-1.png 1317w, https:\/\/sites.uel.br\/nead\/wp-content\/uploads\/2026\/03\/Botao-embaixo-Sobre-1-300x23.png 300w, https:\/\/sites.uel.br\/nead\/wp-content\/uploads\/2026\/03\/Botao-embaixo-Sobre-1-1024x79.png 1024w, https:\/\/sites.uel.br\/nead\/wp-content\/uploads\/2026\/03\/Botao-embaixo-Sobre-1-768x59.png 768w\" sizes=\"(max-width: 1317px) 100vw, 1317px\" \/><\/figure>\n\n\n\n<div style=\"height:30px\" aria-hidden=\"true\" class=\"wp-block-spacer\"><\/div>\n\n\n<div class=\"wp-block-image\">\n<figure class=\"aligncenter size-full is-resized\"><a href=\"https:\/\/sites.uel.br\/nead\/editais\/#:~:text=EDITAL%20RESTECGD%20N%C2%BA%20001\/2026\" target=\"_blank\" rel=\"noreferrer noopener\"><img loading=\"lazy\" decoding=\"async\" width=\"1049\" height=\"123\" src=\"https:\/\/sites.uel.br\/nead\/wp-content\/uploads\/2026\/02\/Group-1060.png\" alt=\"\" class=\"wp-image-6146\" style=\"width:800px\" srcset=\"https:\/\/sites.uel.br\/nead\/wp-content\/uploads\/2026\/02\/Group-1060.png 1049w, https:\/\/sites.uel.br\/nead\/wp-content\/uploads\/2026\/02\/Group-1060-300x35.png 300w, https:\/\/sites.uel.br\/nead\/wp-content\/uploads\/2026\/02\/Group-1060-1024x120.png 1024w, https:\/\/sites.uel.br\/nead\/wp-content\/uploads\/2026\/02\/Group-1060-768x90.png 768w\" sizes=\"(max-width: 1049px) 100vw, 1049px\" \/><\/a><\/figure><\/div>\n\n<div class=\"wp-block-image\">\n<figure class=\"aligncenter size-full is-resized\"><a href=\"https:\/\/sites.uel.br\/nead\/editais\/#:~:text=EDITAL%20RESTEC%20%E2%80%93%20GD%20N%C2%BA%2003\/2026\" target=\"_blank\" rel=\"noreferrer noopener\"><img loading=\"lazy\" decoding=\"async\" width=\"1049\" height=\"123\" src=\"https:\/\/sites.uel.br\/nead\/wp-content\/uploads\/2026\/03\/Resultado-Restec-GD.png\" alt=\"\" class=\"wp-image-6403\" style=\"width:798px\" srcset=\"https:\/\/sites.uel.br\/nead\/wp-content\/uploads\/2026\/03\/Resultado-Restec-GD.png 1049w, https:\/\/sites.uel.br\/nead\/wp-content\/uploads\/2026\/03\/Resultado-Restec-GD-300x35.png 300w, https:\/\/sites.uel.br\/nead\/wp-content\/uploads\/2026\/03\/Resultado-Restec-GD-1024x120.png 1024w, https:\/\/sites.uel.br\/nead\/wp-content\/uploads\/2026\/03\/Resultado-Restec-GD-768x90.png 768w\" sizes=\"(max-width: 1049px) 100vw, 1049px\" \/><\/a><\/figure><\/div>\n\n<div class=\"wp-block-image\">\n<figure class=\"aligncenter size-full is-resized\"><a href=\"https:\/\/sistemas.uel.br\/portaldepos\/index\" target=\"_blank\" rel=\"noreferrer noopener\"><img loading=\"lazy\" decoding=\"async\" width=\"690\" height=\"154\" src=\"https:\/\/sites.uel.br\/nead\/wp-content\/uploads\/2026\/03\/Matricula-GD.png\" alt=\"\" class=\"wp-image-6402\" style=\"width:400px\" srcset=\"https:\/\/sites.uel.br\/nead\/wp-content\/uploads\/2026\/03\/Matricula-GD.png 690w, https:\/\/sites.uel.br\/nead\/wp-content\/uploads\/2026\/03\/Matricula-GD-300x67.png 300w\" sizes=\"(max-width: 690px) 100vw, 690px\" \/><\/a><\/figure><\/div>\n\n\n<div style=\"height:45px\" aria-hidden=\"true\" class=\"wp-block-spacer\"><\/div>\n\n\n<div class=\"wp-block-image\">\n<figure class=\"aligncenter size-full is-resized\"><img loading=\"lazy\" decoding=\"async\" width=\"1105\" height=\"384\" src=\"https:\/\/sites.uel.br\/nead\/wp-content\/uploads\/2026\/02\/Group-1049-perfil.png\" alt=\"\" class=\"wp-image-6119\" style=\"width:850px\" srcset=\"https:\/\/sites.uel.br\/nead\/wp-content\/uploads\/2026\/02\/Group-1049-perfil.png 1105w, https:\/\/sites.uel.br\/nead\/wp-content\/uploads\/2026\/02\/Group-1049-perfil-300x104.png 300w, https:\/\/sites.uel.br\/nead\/wp-content\/uploads\/2026\/02\/Group-1049-perfil-1024x356.png 1024w, https:\/\/sites.uel.br\/nead\/wp-content\/uploads\/2026\/02\/Group-1049-perfil-768x267.png 768w\" sizes=\"(max-width: 1105px) 100vw, 1105px\" \/><\/figure><\/div>\n\n\n<div style=\"height:30px\" aria-hidden=\"true\" class=\"wp-block-spacer\"><\/div>\n\n\n<div class=\"wp-block-image\">\n<figure class=\"aligncenter size-full is-resized\"><img loading=\"lazy\" decoding=\"async\" width=\"1317\" height=\"293\" src=\"https:\/\/sites.uel.br\/nead\/wp-content\/uploads\/2026\/02\/Curso-GDRestec.png\" alt=\"\" class=\"wp-image-6120\" style=\"width:900px\" srcset=\"https:\/\/sites.uel.br\/nead\/wp-content\/uploads\/2026\/02\/Curso-GDRestec.png 1317w, https:\/\/sites.uel.br\/nead\/wp-content\/uploads\/2026\/02\/Curso-GDRestec-300x67.png 300w, https:\/\/sites.uel.br\/nead\/wp-content\/uploads\/2026\/02\/Curso-GDRestec-1024x228.png 1024w, https:\/\/sites.uel.br\/nead\/wp-content\/uploads\/2026\/02\/Curso-GDRestec-768x171.png 768w\" sizes=\"(max-width: 1317px) 100vw, 1317px\" \/><\/figure><\/div>\n\n\n<div style=\"height:30px\" aria-hidden=\"true\" class=\"wp-block-spacer\"><\/div>\n\n\n<div class=\"wp-block-image\">\n<figure class=\"aligncenter size-full is-resized\"><img loading=\"lazy\" decoding=\"async\" width=\"1133\" height=\"1296\" src=\"https:\/\/sites.uel.br\/nead\/wp-content\/uploads\/2026\/02\/Group-1038.png\" alt=\"\" class=\"wp-image-6121\" style=\"width:850px\" srcset=\"https:\/\/sites.uel.br\/nead\/wp-content\/uploads\/2026\/02\/Group-1038.png 1133w, https:\/\/sites.uel.br\/nead\/wp-content\/uploads\/2026\/02\/Group-1038-262x300.png 262w, https:\/\/sites.uel.br\/nead\/wp-content\/uploads\/2026\/02\/Group-1038-895x1024.png 895w, https:\/\/sites.uel.br\/nead\/wp-content\/uploads\/2026\/02\/Group-1038-768x878.png 768w\" sizes=\"(max-width: 1133px) 100vw, 1133px\" \/><\/figure><\/div>\n\n\n<div style=\"height:30px\" aria-hidden=\"true\" class=\"wp-block-spacer\"><\/div>\n\n\n<div class=\"wp-block-image\">\n<figure class=\"aligncenter size-full is-resized\"><img loading=\"lazy\" decoding=\"async\" width=\"1232\" height=\"1268\" src=\"https:\/\/sites.uel.br\/nead\/wp-content\/uploads\/2026\/02\/Group-1049-1-1.png\" alt=\"\" class=\"wp-image-6123\" style=\"width:900px\" srcset=\"https:\/\/sites.uel.br\/nead\/wp-content\/uploads\/2026\/02\/Group-1049-1-1.png 1232w, https:\/\/sites.uel.br\/nead\/wp-content\/uploads\/2026\/02\/Group-1049-1-1-291x300.png 291w, https:\/\/sites.uel.br\/nead\/wp-content\/uploads\/2026\/02\/Group-1049-1-1-995x1024.png 995w, https:\/\/sites.uel.br\/nead\/wp-content\/uploads\/2026\/02\/Group-1049-1-1-768x790.png 768w\" sizes=\"(max-width: 1232px) 100vw, 1232px\" \/><\/figure><\/div>\n\n\n<div style=\"height:50px\" aria-hidden=\"true\" class=\"wp-block-spacer\"><\/div>\n\n\n<div class=\"wp-block-image\">\n<figure class=\"aligncenter size-full is-resized\"><img loading=\"lazy\" decoding=\"async\" width=\"1317\" height=\"1280\" src=\"https:\/\/sites.uel.br\/nead\/wp-content\/uploads\/2026\/02\/Group-1053.png\" alt=\"\" class=\"wp-image-6124\" style=\"width:900px\" srcset=\"https:\/\/sites.uel.br\/nead\/wp-content\/uploads\/2026\/02\/Group-1053.png 1317w, https:\/\/sites.uel.br\/nead\/wp-content\/uploads\/2026\/02\/Group-1053-300x292.png 300w, https:\/\/sites.uel.br\/nead\/wp-content\/uploads\/2026\/02\/Group-1053-1024x995.png 1024w, https:\/\/sites.uel.br\/nead\/wp-content\/uploads\/2026\/02\/Group-1053-768x746.png 768w\" sizes=\"(max-width: 1317px) 100vw, 1317px\" \/><\/figure><\/div>\n\n\n<div style=\"height:50px\" aria-hidden=\"true\" class=\"wp-block-spacer\"><\/div>\n\n\n<div class=\"wp-block-image\">\n<figure class=\"aligncenter size-full is-resized\"><img loading=\"lazy\" decoding=\"async\" width=\"1317\" height=\"858\" src=\"https:\/\/sites.uel.br\/nead\/wp-content\/uploads\/2026\/02\/mapa_vagas-restec.png\" alt=\"\" class=\"wp-image-6215\" style=\"width:900px\" srcset=\"https:\/\/sites.uel.br\/nead\/wp-content\/uploads\/2026\/02\/mapa_vagas-restec.png 1317w, https:\/\/sites.uel.br\/nead\/wp-content\/uploads\/2026\/02\/mapa_vagas-restec-300x195.png 300w, https:\/\/sites.uel.br\/nead\/wp-content\/uploads\/2026\/02\/mapa_vagas-restec-1024x667.png 1024w, https:\/\/sites.uel.br\/nead\/wp-content\/uploads\/2026\/02\/mapa_vagas-restec-768x500.png 768w\" sizes=\"(max-width: 1317px) 100vw, 1317px\" \/><\/figure><\/div>\n\n<div class=\"wp-block-image\">\n<figure class=\"aligncenter size-full is-resized\"><a href=\"https:\/\/sites.uel.br\/nead\/wp-content\/uploads\/2026\/02\/Vagas_EditalRestecGDno0012026.pdf\" target=\"_blank\" rel=\"noreferrer noopener\"><img loading=\"lazy\" decoding=\"async\" width=\"677\" height=\"154\" src=\"https:\/\/sites.uel.br\/nead\/wp-content\/uploads\/2026\/02\/Group-1048-1-1.png\" alt=\"\" class=\"wp-image-6133\" style=\"width:400px\" srcset=\"https:\/\/sites.uel.br\/nead\/wp-content\/uploads\/2026\/02\/Group-1048-1-1.png 677w, https:\/\/sites.uel.br\/nead\/wp-content\/uploads\/2026\/02\/Group-1048-1-1-300x68.png 300w\" sizes=\"(max-width: 677px) 100vw, 677px\" \/><\/a><\/figure><\/div>\n\n\n<div style=\"height:30px\" aria-hidden=\"true\" class=\"wp-block-spacer\"><\/div>\n\n\n<div class=\"wp-block-image\">\n<figure class=\"aligncenter size-full is-resized\"><img loading=\"lazy\" decoding=\"async\" width=\"1317\" height=\"150\" src=\"https:\/\/sites.uel.br\/nead\/wp-content\/uploads\/2026\/02\/Group-1056-1.png\" alt=\"\" class=\"wp-image-6137\" style=\"width:900px\" srcset=\"https:\/\/sites.uel.br\/nead\/wp-content\/uploads\/2026\/02\/Group-1056-1.png 1317w, https:\/\/sites.uel.br\/nead\/wp-content\/uploads\/2026\/02\/Group-1056-1-300x34.png 300w, https:\/\/sites.uel.br\/nead\/wp-content\/uploads\/2026\/02\/Group-1056-1-1024x117.png 1024w, https:\/\/sites.uel.br\/nead\/wp-content\/uploads\/2026\/02\/Group-1056-1-768x87.png 768w\" sizes=\"(max-width: 1317px) 100vw, 1317px\" \/><\/figure><\/div>\n\n\n<div style=\"height:30px\" aria-hidden=\"true\" class=\"wp-block-spacer\"><\/div>\n\n\n<div class=\"wp-block-image\">\n<figure class=\"aligncenter size-full is-resized\"><img loading=\"lazy\" decoding=\"async\" width=\"1232\" height=\"1187\" src=\"https:\/\/sites.uel.br\/nead\/wp-content\/uploads\/2026\/02\/Group-1055.png\" alt=\"\" class=\"wp-image-6127\" style=\"width:850px\" srcset=\"https:\/\/sites.uel.br\/nead\/wp-content\/uploads\/2026\/02\/Group-1055.png 1232w, https:\/\/sites.uel.br\/nead\/wp-content\/uploads\/2026\/02\/Group-1055-300x289.png 300w, https:\/\/sites.uel.br\/nead\/wp-content\/uploads\/2026\/02\/Group-1055-1024x987.png 1024w, https:\/\/sites.uel.br\/nead\/wp-content\/uploads\/2026\/02\/Group-1055-768x740.png 768w\" sizes=\"(max-width: 1232px) 100vw, 1232px\" \/><\/figure><\/div>\n\n\n<figure class=\"wp-block-image size-full\"><img loading=\"lazy\" decoding=\"async\" width=\"1500\" height=\"311\" src=\"https:\/\/sites.uel.br\/nead\/wp-content\/uploads\/2026\/02\/Fundo-para-exportar-Tec-de-Inf.png\" alt=\"\" class=\"wp-image-6126\" srcset=\"https:\/\/sites.uel.br\/nead\/wp-content\/uploads\/2026\/02\/Fundo-para-exportar-Tec-de-Inf.png 1500w, https:\/\/sites.uel.br\/nead\/wp-content\/uploads\/2026\/02\/Fundo-para-exportar-Tec-de-Inf-300x62.png 300w, https:\/\/sites.uel.br\/nead\/wp-content\/uploads\/2026\/02\/Fundo-para-exportar-Tec-de-Inf-1024x212.png 1024w, https:\/\/sites.uel.br\/nead\/wp-content\/uploads\/2026\/02\/Fundo-para-exportar-Tec-de-Inf-768x159.png 768w\" sizes=\"(max-width: 1500px) 100vw, 1500px\" \/><\/figure>\n","protected":false},"excerpt":{"rendered":"","protected":false},"author":11,"featured_media":0,"parent":0,"menu_order":0,"comment_status":"closed","ping_status":"closed","template":"","meta":{"_themeisle_gutenberg_block_has_review":false,"footnotes":""},"acf":[],"_links":{"self":[{"href":"https:\/\/sites.uel.br\/nead\/wp-json\/wp\/v2\/pages\/6106"}],"collection":[{"href":"https:\/\/sites.uel.br\/nead\/wp-json\/wp\/v2\/pages"}],"about":[{"href":"https:\/\/sites.uel.br\/nead\/wp-json\/wp\/v2\/types\/page"}],"author":[{"embeddable":true,"href":"https:\/\/sites.uel.br\/nead\/wp-json\/wp\/v2\/users\/11"}],"replies":[{"embeddable":true,"href":"https:\/\/sites.uel.br\/nead\/wp-json\/wp\/v2\/comments?post=6106"}],"version-history":[{"count":18,"href":"https:\/\/sites.uel.br\/nead\/wp-json\/wp\/v2\/pages\/6106\/revisions"}],"predecessor-version":[{"id":6405,"href":"https:\/\/sites.uel.br\/nead\/wp-json\/wp\/v2\/pages\/6106\/revisions\/6405"}],"wp:attachment":[{"href":"https:\/\/sites.uel.br\/nead\/wp-json\/wp\/v2\/media?parent=6106"}],"curies":[{"name":"wp","href":"https:\/\/api.w.org\/{rel}","templated":true}]}}